{"id":23415,"date":"2024-01-02T15:56:30","date_gmt":"2024-01-02T07:56:30","guid":{"rendered":"http:\/\/stone-phoenix.com\/slabs-copy"},"modified":"2024-06-11T21:36:44","modified_gmt":"2024-06-11T13:36:44","slug":"tiles","status":"publish","type":"page","link":"https:\/\/stone-phoenix.com\/fr\/tiles","title":{"rendered":"Carreaux"},"content":{"rendered":"<div data-elementor-type=\"wp-page\" data-elementor-id=\"23415\" class=\"elementor elementor-23415\" data-elementor-post-type=\"page\">\n\t\t\t\t\t\t\t\t\t<section class=\"wd-negative-gap elementor-section elementor-top-section elementor-element elementor-element-8464f4a wd-section-stretch elementor-section-boxed elementor-section-height-default elementor-section-height-default\" data-id=\"8464f4a\" data-element_type=\"section\">\n\t\t\t\t\t\t<div class=\"elementor-container elementor-column-gap-default\">\n\t\t\t\t\t<div class=\"elementor-column elementor-col-100 elementor-top-column elementor-element elementor-element-1dd63df\" data-id=\"1dd63df\" data-element_type=\"column\">\n\t\t\t<div class=\"elementor-widget-wrap elementor-element-populated\">\n\t\t\t\t\t\t\t\t<div class=\"elementor-element elementor-element-c0d436a elementor-widget elementor-widget-wd_title\" data-id=\"c0d436a\" data-element_type=\"widget\" data-widget_type=\"wd_title.default\">\n\t\t\t\t<div class=\"elementor-widget-container\">\n\t\t\t\t\t<div class=\"title-wrapper set-mb-s reset-last-child wd-title-color-default wd-title-style-underlined-2 wd-title-size-default text-center\">\n\n\t\t\t\n\t\t\t<div class=\"liner-continer\">\n\t\t\t\t<h2 class=\"woodmart-title-container title wd-fontsize-l\">Carreaux<\/h2> \n\t\t\t\t\t\t\t<\/div>\n\n\t\t\t\t\t\t\t<div class=\"title-after_title set-cont-mb-s reset-last-child wd-fontsize-xs\">\n\t\t\t\t\t<p>S\u00e9lectionnez vos carreaux ! Nous vous invitons \u00e0 visiter notre salle d'exposition et notre entrep\u00f4t<\/p>\t\t\t\t<\/div>\n\t\t\t\t\t<\/div>\n\t\t\t\t<\/div>\n\t\t\t\t<\/div>\n\t\t\t\t\t<\/div>\n\t\t<\/div>\n\t\t\t\t\t\t\t<\/div>\n\t\t<\/section>\n\t\t\t\t<section class=\"wd-negative-gap elementor-section elementor-top-section elementor-element elementor-element-bc663d7 elementor-section-boxed elementor-section-height-default elementor-section-height-default wd-section-disabled\" data-id=\"bc663d7\" data-element_type=\"section\">\n\t\t\t\t\t\t<div class=\"elementor-container elementor-column-gap-default\">\n\t\t\t\t\t<div class=\"elementor-column elementor-col-33 elementor-top-column elementor-element elementor-element-3aa9923\" data-id=\"3aa9923\" data-element_type=\"column\">\n\t\t\t<div class=\"elementor-widget-wrap elementor-element-populated\">\n\t\t\t\t\t\t\t\t<div class=\"elementor-element elementor-element-39691cb elementor-position-top elementor-widget elementor-widget-image-box\" data-id=\"39691cb\" data-element_type=\"widget\" data-widget_type=\"image-box.default\">\n\t\t\t\t<div class=\"elementor-widget-container\">\n\t\t\t<style>\/*! elementor - v3.16.0 - 20-09-2023 *\/\n.elementor-widget-image-box .elementor-image-box-content{width:100%}@media (min-width:768px){.elementor-widget-image-box.elementor-position-left .elementor-image-box-wrapper,.elementor-widget-image-box.elementor-position-right .elementor-image-box-wrapper{display:flex}.elementor-widget-image-box.elementor-position-right .elementor-image-box-wrapper{text-align:right;flex-direction:row-reverse}.elementor-widget-image-box.elementor-position-left .elementor-image-box-wrapper{text-align:left;flex-direction:row}.elementor-widget-image-box.elementor-position-top .elementor-image-box-img{margin:auto}.elementor-widget-image-box.elementor-vertical-align-top .elementor-image-box-wrapper{align-items:flex-start}.elementor-widget-image-box.elementor-vertical-align-middle .elementor-image-box-wrapper{align-items:center}.elementor-widget-image-box.elementor-vertical-align-bottom .elementor-image-box-wrapper{align-items:flex-end}}@media (max-width:767px){.elementor-widget-image-box .elementor-image-box-img{margin-left:auto!important;margin-right:auto!important;margin-bottom:15px}}.elementor-widget-image-box .elementor-image-box-img{display:inline-block}.elementor-widget-image-box .elementor-image-box-title a{color:inherit}.elementor-widget-image-box .elementor-image-box-wrapper{text-align:center}.elementor-widget-image-box .elementor-image-box-description{margin:0}<\/style><div class=\"elementor-image-box-wrapper\"><figure class=\"elementor-image-box-img\"><a href=\"https:\/\/stone-phoenix.com\/fr\/produit\/serpegiante-white-wooden-marble-slab-white-dolomite-tile\/\" tabindex=\"-1\"><img loading=\"lazy\" decoding=\"async\" width=\"600\" height=\"400\" src=\"https:\/\/stone-phoenix.com\/wp-content\/uploads\/2024\/01\/Viscount-White-Granite-Tile-1.webp\" class=\"attachment-full size-full wp-image-23417\" alt=\"\" srcset=\"https:\/\/stone-phoenix.com\/wp-content\/uploads\/2024\/01\/Viscount-White-Granite-Tile-1.webp 600w, https:\/\/stone-phoenix.com\/wp-content\/uploads\/2024\/01\/Viscount-White-Granite-Tile-1-300x200.webp 300w, https:\/\/stone-phoenix.com\/wp-content\/uploads\/2024\/01\/Viscount-White-Granite-Tile-1-18x12.webp 18w, https:\/\/stone-phoenix.com\/wp-content\/uploads\/2024\/01\/Viscount-White-Granite-Tile-1-150x100.webp 150w\" sizes=\"(max-width: 600px) 100vw, 600px\" \/><\/a><\/figure><div class=\"elementor-image-box-content\"><h3 class=\"elementor-image-box-title\"><a href=\"https:\/\/stone-phoenix.com\/fr\/produit\/serpegiante-white-wooden-marble-slab-white-dolomite-tile\/\">Carreau de granit blanc Viscount<\/a><\/h3><\/div><\/div>\t\t<\/div>\n\t\t\t\t<\/div>\n\t\t\t\t\t<\/div>\n\t\t<\/div>\n\t\t\t\t<div class=\"elementor-column elementor-col-33 elementor-top-column elementor-element elementor-element-2ef90b1\" data-id=\"2ef90b1\" data-element_type=\"column\">\n\t\t\t<div class=\"elementor-widget-wrap elementor-element-populated\">\n\t\t\t\t\t\t\t\t<div class=\"elementor-element elementor-element-3b37d3c elementor-position-top elementor-widget elementor-widget-image-box\" data-id=\"3b37d3c\" data-element_type=\"widget\" data-widget_type=\"image-box.default\">\n\t\t\t\t<div class=\"elementor-widget-container\">\n\t\t\t<div class=\"elementor-image-box-wrapper\"><figure class=\"elementor-image-box-img\"><a href=\"https:\/\/stone-phoenix.com\/fr\/produit\/wholesale-granite-slab-natural-stone\/\" tabindex=\"-1\"><img loading=\"lazy\" decoding=\"async\" width=\"600\" height=\"400\" src=\"https:\/\/stone-phoenix.com\/wp-content\/uploads\/2024\/01\/Staruario-White-Marble-Tile-1.jpg\" class=\"attachment-full size-full wp-image-23422\" alt=\"\" srcset=\"https:\/\/stone-phoenix.com\/wp-content\/uploads\/2024\/01\/Staruario-White-Marble-Tile-1.jpg 600w, https:\/\/stone-phoenix.com\/wp-content\/uploads\/2024\/01\/Staruario-White-Marble-Tile-1-300x200.jpg 300w, https:\/\/stone-phoenix.com\/wp-content\/uploads\/2024\/01\/Staruario-White-Marble-Tile-1-18x12.jpg 18w, https:\/\/stone-phoenix.com\/wp-content\/uploads\/2024\/01\/Staruario-White-Marble-Tile-1-150x100.jpg 150w\" sizes=\"(max-width: 600px) 100vw, 600px\" \/><\/a><\/figure><div class=\"elementor-image-box-content\"><h3 class=\"elementor-image-box-title\"><a href=\"https:\/\/stone-phoenix.com\/fr\/produit\/wholesale-granite-slab-natural-stone\/\">Carreau de marbre blanc Staruario<\/a><\/h3><\/div><\/div>\t\t<\/div>\n\t\t\t\t<\/div>\n\t\t\t\t\t<\/div>\n\t\t<\/div>\n\t\t\t\t<div class=\"elementor-column elementor-col-33 elementor-top-column elementor-element elementor-element-74c61be\" data-id=\"74c61be\" data-element_type=\"column\">\n\t\t\t<div class=\"elementor-widget-wrap elementor-element-populated\">\n\t\t\t\t\t\t\t\t<div class=\"elementor-element elementor-element-9fcc6a4 elementor-position-top elementor-widget elementor-widget-image-box\" data-id=\"9fcc6a4\" data-element_type=\"widget\" data-widget_type=\"image-box.default\">\n\t\t\t\t<div class=\"elementor-widget-container\">\n\t\t\t<div class=\"elementor-image-box-wrapper\"><figure class=\"elementor-image-box-img\"><a href=\"https:\/\/stone-phoenix.com\/fr\/produit\/g654-granite-flamed-cobble-stone-granite-pavers-stone\/\" tabindex=\"-1\"><img loading=\"lazy\" decoding=\"async\" width=\"600\" height=\"400\" src=\"https:\/\/stone-phoenix.com\/wp-content\/uploads\/2024\/01\/Sanit-Laurance-Marble-Tile-1.jpg\" class=\"attachment-full size-full wp-image-23421\" alt=\"\" srcset=\"https:\/\/stone-phoenix.com\/wp-content\/uploads\/2024\/01\/Sanit-Laurance-Marble-Tile-1.jpg 600w, https:\/\/stone-phoenix.com\/wp-content\/uploads\/2024\/01\/Sanit-Laurance-Marble-Tile-1-300x200.jpg 300w, https:\/\/stone-phoenix.com\/wp-content\/uploads\/2024\/01\/Sanit-Laurance-Marble-Tile-1-18x12.jpg 18w, https:\/\/stone-phoenix.com\/wp-content\/uploads\/2024\/01\/Sanit-Laurance-Marble-Tile-1-150x100.jpg 150w\" sizes=\"(max-width: 600px) 100vw, 600px\" \/><\/a><\/figure><div class=\"elementor-image-box-content\"><h3 class=\"elementor-image-box-title\"><a href=\"https:\/\/stone-phoenix.com\/fr\/produit\/g654-granite-flamed-cobble-stone-granite-pavers-stone\/\">Sanit Laurance Marble Tile<\/a><\/h3><\/div><\/div>\t\t<\/div>\n\t\t\t\t<\/div>\n\t\t\t\t\t<\/div>\n\t\t<\/div>\n\t\t\t\t\t\t\t<\/div>\n\t\t<\/section>\n\t\t\t\t<section class=\"wd-negative-gap elementor-section elementor-top-section elementor-element elementor-element-fd0615f elementor-section-boxed elementor-section-height-default elementor-section-height-default wd-section-disabled\" data-id=\"fd0615f\" data-element_type=\"section\">\n\t\t\t\t\t\t<div class=\"elementor-container elementor-column-gap-default\">\n\t\t\t\t\t<div class=\"elementor-column elementor-col-33 elementor-top-column elementor-element elementor-element-b6fe5f1\" data-id=\"b6fe5f1\" data-element_type=\"column\">\n\t\t\t<div class=\"elementor-widget-wrap elementor-element-populated\">\n\t\t\t\t\t\t\t\t<div class=\"elementor-element elementor-element-95b11fb elementor-position-top elementor-widget elementor-widget-image-box\" data-id=\"95b11fb\" data-element_type=\"widget\" data-widget_type=\"image-box.default\">\n\t\t\t\t<div class=\"elementor-widget-container\">\n\t\t\t<div class=\"elementor-image-box-wrapper\"><figure class=\"elementor-image-box-img\"><a href=\"https:\/\/stone-phoenix.com\/fr\/produit\/serpegiante-white-wooden-marble-slab-white-dolomite-tile\/\" tabindex=\"-1\"><img loading=\"lazy\" decoding=\"async\" width=\"600\" height=\"400\" src=\"https:\/\/stone-phoenix.com\/wp-content\/uploads\/2024\/01\/G654-Granite-Mushroom-Tile-1.jpg\" class=\"attachment-full size-full wp-image-23420\" alt=\"\" srcset=\"https:\/\/stone-phoenix.com\/wp-content\/uploads\/2024\/01\/G654-Granite-Mushroom-Tile-1.jpg 600w, https:\/\/stone-phoenix.com\/wp-content\/uploads\/2024\/01\/G654-Granite-Mushroom-Tile-1-300x200.jpg 300w, https:\/\/stone-phoenix.com\/wp-content\/uploads\/2024\/01\/G654-Granite-Mushroom-Tile-1-18x12.jpg 18w, https:\/\/stone-phoenix.com\/wp-content\/uploads\/2024\/01\/G654-Granite-Mushroom-Tile-1-150x100.jpg 150w\" sizes=\"(max-width: 600px) 100vw, 600px\" \/><\/a><\/figure><div class=\"elementor-image-box-content\"><h3 class=\"elementor-image-box-title\"><a href=\"https:\/\/stone-phoenix.com\/fr\/produit\/serpegiante-white-wooden-marble-slab-white-dolomite-tile\/\">Carreaux de granit en forme de champignon<\/a><\/h3><\/div><\/div>\t\t<\/div>\n\t\t\t\t<\/div>\n\t\t\t\t\t<\/div>\n\t\t<\/div>\n\t\t\t\t<div class=\"elementor-column elementor-col-33 elementor-top-column elementor-element elementor-element-3255422\" data-id=\"3255422\" data-element_type=\"column\">\n\t\t\t<div class=\"elementor-widget-wrap elementor-element-populated\">\n\t\t\t\t\t\t\t\t<div class=\"elementor-element elementor-element-72dc1da elementor-position-top elementor-widget elementor-widget-image-box\" data-id=\"72dc1da\" data-element_type=\"widget\" data-widget_type=\"image-box.default\">\n\t\t\t\t<div class=\"elementor-widget-container\">\n\t\t\t<div class=\"elementor-image-box-wrapper\"><figure class=\"elementor-image-box-img\"><a href=\"https:\/\/stone-phoenix.com\/fr\/produit\/wholesale-granite-slab-natural-stone\/\" tabindex=\"-1\"><img loading=\"lazy\" decoding=\"async\" width=\"600\" height=\"400\" src=\"https:\/\/stone-phoenix.com\/wp-content\/uploads\/2024\/01\/G562-Maple-Red-Granite-Tile-1.jpg\" class=\"attachment-full size-full wp-image-23419\" alt=\"\" srcset=\"https:\/\/stone-phoenix.com\/wp-content\/uploads\/2024\/01\/G562-Maple-Red-Granite-Tile-1.jpg 600w, https:\/\/stone-phoenix.com\/wp-content\/uploads\/2024\/01\/G562-Maple-Red-Granite-Tile-1-300x200.jpg 300w, https:\/\/stone-phoenix.com\/wp-content\/uploads\/2024\/01\/G562-Maple-Red-Granite-Tile-1-18x12.jpg 18w, https:\/\/stone-phoenix.com\/wp-content\/uploads\/2024\/01\/G562-Maple-Red-Granite-Tile-1-150x100.jpg 150w\" sizes=\"(max-width: 600px) 100vw, 600px\" \/><\/a><\/figure><div class=\"elementor-image-box-content\"><h3 class=\"elementor-image-box-title\"><a href=\"https:\/\/stone-phoenix.com\/fr\/produit\/wholesale-granite-slab-natural-stone\/\">G562 Carreau de granit rouge \u00e9rable<\/a><\/h3><\/div><\/div>\t\t<\/div>\n\t\t\t\t<\/div>\n\t\t\t\t\t<\/div>\n\t\t<\/div>\n\t\t\t\t<div class=\"elementor-column elementor-col-33 elementor-top-column elementor-element elementor-element-1a6888b\" data-id=\"1a6888b\" data-element_type=\"column\">\n\t\t\t<div class=\"elementor-widget-wrap elementor-element-populated\">\n\t\t\t\t\t\t\t\t<div class=\"elementor-element elementor-element-7a98842 elementor-position-top elementor-widget elementor-widget-image-box\" data-id=\"7a98842\" data-element_type=\"widget\" data-widget_type=\"image-box.default\">\n\t\t\t\t<div class=\"elementor-widget-container\">\n\t\t\t<div class=\"elementor-image-box-wrapper\"><figure class=\"elementor-image-box-img\"><a href=\"https:\/\/stone-phoenix.com\/fr\/produit\/g654-granite-flamed-cobble-stone-granite-pavers-stone\/\" tabindex=\"-1\"><img loading=\"lazy\" decoding=\"async\" width=\"600\" height=\"400\" src=\"https:\/\/stone-phoenix.com\/wp-content\/uploads\/2024\/01\/Clear-River-Marble-Tile-1.jpg\" class=\"attachment-full size-full wp-image-23418\" alt=\"\" srcset=\"https:\/\/stone-phoenix.com\/wp-content\/uploads\/2024\/01\/Clear-River-Marble-Tile-1.jpg 600w, https:\/\/stone-phoenix.com\/wp-content\/uploads\/2024\/01\/Clear-River-Marble-Tile-1-300x200.jpg 300w, https:\/\/stone-phoenix.com\/wp-content\/uploads\/2024\/01\/Clear-River-Marble-Tile-1-18x12.jpg 18w, https:\/\/stone-phoenix.com\/wp-content\/uploads\/2024\/01\/Clear-River-Marble-Tile-1-150x100.jpg 150w\" sizes=\"(max-width: 600px) 100vw, 600px\" \/><\/a><\/figure><div class=\"elementor-image-box-content\"><h3 class=\"elementor-image-box-title\"><a href=\"https:\/\/stone-phoenix.com\/fr\/produit\/g654-granite-flamed-cobble-stone-granite-pavers-stone\/\">Clear River Marble Tile<\/a><\/h3><\/div><\/div>\t\t<\/div>\n\t\t\t\t<\/div>\n\t\t\t\t\t<\/div>\n\t\t<\/div>\n\t\t\t\t\t\t\t<\/div>\n\t\t<\/section>\n\t\t\t\t<section class=\"wd-negative-gap elementor-section elementor-top-section elementor-element elementor-element-bc0c83b elementor-section-boxed elementor-section-height-default elementor-section-height-default wd-section-disabled\" data-id=\"bc0c83b\" data-element_type=\"section\">\n\t\t\t\t\t\t<div class=\"elementor-container elementor-column-gap-default\">\n\t\t\t\t\t<div class=\"elementor-column elementor-col-100 elementor-top-column elementor-element elementor-element-87b3108\" data-id=\"87b3108\" data-element_type=\"column\">\n\t\t\t<div class=\"elementor-widget-wrap elementor-element-populated\">\n\t\t\t\t\t\t\t\t<div class=\"elementor-element elementor-element-de25009 color-scheme-inherit text-left elementor-widget elementor-widget-text-editor\" data-id=\"de25009\" data-element_type=\"widget\" data-widget_type=\"text-editor.default\">\n\t\t\t\t<div class=\"elementor-widget-container\">\n\t\t\t<style>\/*! elementor - v3.16.0 - 20-09-2023 *\/\n.elementor-widget-text-editor.elementor-drop-cap-view-stacked .elementor-drop-cap{background-color:#69727d;color:#fff}.elementor-widget-text-editor.elementor-drop-cap-view-framed .elementor-drop-cap{color:#69727d;border:3px solid;background-color:transparent}.elementor-widget-text-editor:not(.elementor-drop-cap-view-default) .elementor-drop-cap{margin-top:8px}.elementor-widget-text-editor:not(.elementor-drop-cap-view-default) .elementor-drop-cap-letter{width:1em;height:1em}.elementor-widget-text-editor .elementor-drop-cap{float:left;text-align:center;line-height:1;font-size:50px}.elementor-widget-text-editor .elementor-drop-cap-letter{display:inline-block}<\/style>\t\t\t\t<p>Les tailles standard disponibles sont les suivantes :<\/p><p>305 x 305 x 10 mm (12\u2033 x 12\u2033 x 3\/8\u2033)<br \/>610 x 305 x 10 mm (24\u2033 x 12\u2033 x 3\/8\u2033)<br \/>400 x 400 x 10 mm (15 3\/4\u2033 x 15 3\/4\u2033 x 3\/8\u2033)<br \/>457 x 457 x 10\/12 mm (18\u2033 x 18\u2033 x 3\/8~1\/2\u2033)<br \/>305\/400\/457 mm x Longueur libre \u00e0 couper sur place, g\u00e9n\u00e9ralement pas plus longue que 2000 mm (78\u2033)<br \/>600 x 600 est disponible, mais l'\u00e9paisseur minimale est de 15\/18\/20 mm pour assurer la stabilit\u00e9 du mat\u00e9riau.<br \/>600\u00d7600\/800\u00d7800\/1000x1000x18\/20\/30\/50mm etc. selon la demande du client<\/p><p>Les finitions de carreaux disponibles sont :<br \/>1. Poli 2. adouci 3. bouchard\u00e9 4. flamm\u00e9 5. flamm\u00e9 et bross\u00e9 6. sabl\u00e9 7. finition antiquaire 8. Fente naturelle, etc.<\/p><p>Les carreaux minces sont disponibles \u00e0 la fois dans des dimensions standard et coup\u00e9s sur mesure, calibr\u00e9s et biseaut\u00e9s.<br \/>Les dalles minces sont emball\u00e9es dans des bo\u00eetes en carton blanc qui sont plac\u00e9es dans des caisses en bois. Toutes les caisses sont ferm\u00e9es par des bandes et envelopp\u00e9es de housses r\u00e9tractables en nylon.<br \/>Les tuiles \u00e9paisses sont emball\u00e9es dans des caisses ou des palettes en bois.<\/p>\t\t\t\t\t\t<\/div>\n\t\t\t\t<\/div>\n\t\t\t\t\t<\/div>\n\t\t<\/div>\n\t\t\t\t\t\t\t<\/div>\n\t\t<\/section>\n\t\t\t\t<section class=\"wd-negative-gap elementor-section elementor-top-section elementor-element elementor-element-a1a22d6 elementor-section-boxed elementor-section-height-default elementor-section-height-default wd-section-disabled\" data-id=\"a1a22d6\" data-element_type=\"section\">\n\t\t\t\t\t\t<div class=\"elementor-container elementor-column-gap-default\">\n\t\t\t\t\t<div class=\"elementor-column elementor-col-100 elementor-top-column elementor-element elementor-element-e0d3269\" data-id=\"e0d3269\" data-element_type=\"column\">\n\t\t\t<div class=\"elementor-widget-wrap elementor-element-populated\">\n\t\t\t\t\t\t\t\t<div class=\"elementor-element elementor-element-d02b7e3 elementor-widget elementor-widget-wd_title\" data-id=\"d02b7e3\" data-element_type=\"widget\" data-widget_type=\"wd_title.default\">\n\t\t\t\t<div class=\"elementor-widget-container\">\n\t\t\t\t\t<div class=\"title-wrapper set-mb-s reset-last-child wd-title-color-default wd-title-style-default wd-title-size-large text-center\">\n\n\t\t\t\n\t\t\t<div class=\"liner-continer\">\n\t\t\t\t<h4 class=\"woodmart-title-container title wd-fontsize-xxl\">Demande de devis gratuit<\/h4> \n\t\t\t\t\t\t\t<\/div>\n\n\t\t\t\t\t\t\t<div class=\"title-after_title set-cont-mb-s reset-last-child wd-fontsize-s\">\n\t\t\t\t\t<p>Merci de l'int\u00e9r\u00eat que vous portez \u00e0 nos produits. Si vous souhaitez obtenir de plus amples informations sur un produit, veuillez nous envoyer un courriel ou nous appeler \u00e0 tout moment, nous vous r\u00e9pondrons dans les 24 heures. Nous nous r\u00e9jouissons de collaborer avec vous.<\/p>\t\t\t\t<\/div>\n\t\t\t\t\t<\/div>\n\t\t\t\t<\/div>\n\t\t\t\t<\/div>\n\t\t\t\t<div class=\"elementor-element elementor-element-fbd4a65 elementor-align-center elementor-widget elementor-widget-button\" data-id=\"fbd4a65\" data-element_type=\"widget\" data-widget_type=\"button.default\">\n\t\t\t\t<div class=\"elementor-widget-container\">\n\t\t\t\t\t<div class=\"elementor-button-wrapper\">\n\t\t\t<a class=\"elementor-button elementor-button-link elementor-size-sm\" href=\"https:\/\/stone-phoenix.com\/fr\/contact-us\/\">\n\t\t\t\t\t\t<span class=\"elementor-button-content-wrapper\">\n\t\t\t\t\t\t<span class=\"elementor-button-text\">Obtenir un devis imm\u00e9diat<\/span>\n\t\t<\/span>\n\t\t\t\t\t<\/a>\n\t\t<\/div>\n\t\t\t\t<\/div>\n\t\t\t\t<\/div>\n\t\t\t\t\t<\/div>\n\t\t<\/div>\n\t\t\t\t\t\t\t<\/div>\n\t\t<\/section>\n\t\t\t\t\t\t\t<\/div>","protected":false},"excerpt":{"rendered":"<p>&nbsp; Tiles Select your tiles ! Welcome to visit our showroom and warehouse \/*! elementor &#8211; v3.16.0 &#8211; 20-09-2023 *\/<\/p>","protected":false},"author":1,"featured_media":0,"parent":0,"menu_order":0,"comment_status":"closed","ping_status":"closed","template":"","meta":{"footnotes":""},"_links":{"self":[{"href":"https:\/\/stone-phoenix.com\/fr\/wp-json\/wp\/v2\/pages\/23415"}],"collection":[{"href":"https:\/\/stone-phoenix.com\/fr\/wp-json\/wp\/v2\/pages"}],"about":[{"href":"https:\/\/stone-phoenix.com\/fr\/wp-json\/wp\/v2\/types\/page"}],"author":[{"embeddable":true,"href":"https:\/\/stone-phoenix.com\/fr\/wp-json\/wp\/v2\/users\/1"}],"replies":[{"embeddable":true,"href":"https:\/\/stone-phoenix.com\/fr\/wp-json\/wp\/v2\/comments?post=23415"}],"version-history":[{"count":24,"href":"https:\/\/stone-phoenix.com\/fr\/wp-json\/wp\/v2\/pages\/23415\/revisions"}],"predecessor-version":[{"id":24500,"href":"https:\/\/stone-phoenix.com\/fr\/wp-json\/wp\/v2\/pages\/23415\/revisions\/24500"}],"wp:attachment":[{"href":"https:\/\/stone-phoenix.com\/fr\/wp-json\/wp\/v2\/media?parent=23415"}],"curies":[{"name":"wp","href":"https:\/\/api.w.org\/{rel}","templated":true}]}}