{"id":23554,"date":"2024-01-09T20:14:02","date_gmt":"2024-01-09T12:14:02","guid":{"rendered":"http:\/\/stone-phoenix.com\/featured-stone-designs-copy"},"modified":"2024-06-11T21:35:41","modified_gmt":"2024-06-11T13:35:41","slug":"stone-blocks","status":"publish","type":"page","link":"https:\/\/stone-phoenix.com\/fr\/stone-blocks","title":{"rendered":"Blocs de pierre"},"content":{"rendered":"<div data-elementor-type=\"wp-page\" data-elementor-id=\"23554\" class=\"elementor elementor-23554\" data-elementor-post-type=\"page\">\n\t\t\t\t\t\t\t\t\t<section class=\"wd-negative-gap elementor-section elementor-top-section elementor-element elementor-element-8464f4a wd-section-stretch elementor-section-boxed elementor-section-height-default elementor-section-height-default\" data-id=\"8464f4a\" data-element_type=\"section\">\n\t\t\t\t\t\t<div class=\"elementor-container elementor-column-gap-default\">\n\t\t\t\t\t<div class=\"elementor-column elementor-col-100 elementor-top-column elementor-element elementor-element-1dd63df\" data-id=\"1dd63df\" data-element_type=\"column\">\n\t\t\t<div class=\"elementor-widget-wrap elementor-element-populated\">\n\t\t\t\t\t\t\t\t<div class=\"elementor-element elementor-element-c0d436a elementor-widget elementor-widget-wd_title\" data-id=\"c0d436a\" data-element_type=\"widget\" data-widget_type=\"wd_title.default\">\n\t\t\t\t<div class=\"elementor-widget-container\">\n\t\t\t\t\t<div class=\"title-wrapper set-mb-s reset-last-child wd-title-color-default wd-title-style-underlined-2 wd-title-size-default text-center\">\n\n\t\t\t\n\t\t\t<div class=\"liner-continer\">\n\t\t\t\t<h2 class=\"woodmart-title-container title wd-fontsize-l\">Blocs de pierre<\/h2> \n\t\t\t\t\t\t\t<\/div>\n\n\t\t\t\t\t\t\t<div class=\"title-after_title set-cont-mb-s reset-last-child wd-fontsize-xs\">\n\t\t\t\t\t<p>Des blocs de pierre provenant de diff\u00e9rentes carri\u00e8res sont pr\u00eats \u00e0 \u00eatre choisis.<\/p>\t\t\t\t<\/div>\n\t\t\t\t\t<\/div>\n\t\t\t\t<\/div>\n\t\t\t\t<\/div>\n\t\t\t\t\t<\/div>\n\t\t<\/div>\n\t\t\t\t\t\t\t<\/div>\n\t\t<\/section>\n\t\t\t\t<section class=\"wd-negative-gap elementor-section elementor-top-section elementor-element elementor-element-f588548 elementor-section-boxed elementor-section-height-default elementor-section-height-default wd-section-disabled\" data-id=\"f588548\" data-element_type=\"section\">\n\t\t\t\t\t\t<div class=\"elementor-container elementor-column-gap-default\">\n\t\t\t\t\t<div class=\"elementor-column elementor-col-100 elementor-top-column elementor-element elementor-element-7ae520e\" data-id=\"7ae520e\" data-element_type=\"column\">\n\t\t\t<div class=\"elementor-widget-wrap elementor-element-populated\">\n\t\t\t\t\t\t\t\t<div class=\"elementor-element elementor-element-e2169ca elementor-widget elementor-widget-image-gallery\" data-id=\"e2169ca\" data-element_type=\"widget\" data-widget_type=\"image-gallery.default\">\n\t\t\t\t<div class=\"elementor-widget-container\">\n\t\t\t<style>\/*! elementor - v3.16.0 - 20-09-2023 *\/\n.elementor-image-gallery .gallery-item{display:inline-block;text-align:center;vertical-align:top;width:100%;max-width:100%;margin:0 auto}.elementor-image-gallery .gallery-item img{margin:0 auto}.elementor-image-gallery .gallery-item .gallery-caption{margin:0}.elementor-image-gallery figure img{display:block}.elementor-image-gallery figure figcaption{width:100%}.gallery-spacing-custom .elementor-image-gallery .gallery-icon{padding:0}@media (min-width:768px){.elementor-image-gallery .gallery-columns-2 .gallery-item{max-width:50%}.elementor-image-gallery .gallery-columns-3 .gallery-item{max-width:33.33%}.elementor-image-gallery .gallery-columns-4 .gallery-item{max-width:25%}.elementor-image-gallery .gallery-columns-5 .gallery-item{max-width:20%}.elementor-image-gallery .gallery-columns-6 .gallery-item{max-width:16.666%}.elementor-image-gallery .gallery-columns-7 .gallery-item{max-width:14.28%}.elementor-image-gallery .gallery-columns-8 .gallery-item{max-width:12.5%}.elementor-image-gallery .gallery-columns-9 .gallery-item{max-width:11.11%}.elementor-image-gallery .gallery-columns-10 .gallery-item{max-width:10%}}@media (min-width:480px) and (max-width:767px){.elementor-image-gallery .gallery.gallery-columns-2 .gallery-item,.elementor-image-gallery .gallery.gallery-columns-3 .gallery-item,.elementor-image-gallery .gallery.gallery-columns-4 .gallery-item,.elementor-image-gallery .gallery.gallery-columns-5 .gallery-item,.elementor-image-gallery .gallery.gallery-columns-6 .gallery-item,.elementor-image-gallery .gallery.gallery-columns-7 .gallery-item,.elementor-image-gallery .gallery.gallery-columns-8 .gallery-item,.elementor-image-gallery .gallery.gallery-columns-9 .gallery-item,.elementor-image-gallery .gallery.gallery-columns-10 .gallery-item{max-width:50%}}@media (max-width:479px){.elementor-image-gallery .gallery.gallery-columns-2 .gallery-item,.elementor-image-gallery .gallery.gallery-columns-3 .gallery-item,.elementor-image-gallery .gallery.gallery-columns-4 .gallery-item,.elementor-image-gallery .gallery.gallery-columns-5 .gallery-item,.elementor-image-gallery .gallery.gallery-columns-6 .gallery-item,.elementor-image-gallery .gallery.gallery-columns-7 .gallery-item,.elementor-image-gallery .gallery.gallery-columns-8 .gallery-item,.elementor-image-gallery .gallery.gallery-columns-9 .gallery-item,.elementor-image-gallery .gallery.gallery-columns-10 .gallery-item{max-width:100%}}<\/style>\t\t<div class=\"elementor-image-gallery\">\n\t\t\t\n\t\t<style type=\"text\/css\">\n\t\t\t#gallery-1 {\n\t\t\t\tmargin: auto;\n\t\t\t}\n\t\t\t#gallery-1 .gallery-item {\n\t\t\t\tfloat: left;\n\t\t\t\tmargin-top: 10px;\n\t\t\t\ttext-align: center;\n\t\t\t\twidth: 20%;\n\t\t\t}\n\t\t\t#gallery-1 img {\n\t\t\t\tborder: 2px solid #cfcfcf;\n\t\t\t}\n\t\t\t#gallery-1 .gallery-caption {\n\t\t\t\tmargin-left: 0;\n\t\t\t}\n\t\t\t\/* see gallery_shortcode() in wp-includes\/media.php *\/\n\t\t<\/style>\n\t\t<div id='gallery-1' class='gallery galleryid-23554 gallery-columns-5 gallery-size-full'><dl class='gallery-item'>\n\t\t\t<dt class='gallery-icon landscape'>\n\t\t\t\t<a data-elementor-open-lightbox=\"yes\" data-elementor-lightbox-slideshow=\"e2169ca\" data-elementor-lightbox-title=\"10007\" data-e-action-hash=\"#elementor-action%3Aaction%3Dlightbox%26settings%3DeyJpZCI6MjQwMDgsInVybCI6Imh0dHBzOlwvXC9zdG9uZS1waG9lbml4LmNvbVwvd3AtY29udGVudFwvdXBsb2Fkc1wvMjAyNFwvMDFcLzEwMDA3LTEwLmpwZyIsInNsaWRlc2hvdyI6ImUyMTY5Y2EifQ%3D%3D\" href='https:\/\/stone-phoenix.com\/wp-content\/uploads\/2024\/01\/10007-10.jpg'><img loading=\"lazy\" decoding=\"async\" width=\"600\" height=\"400\" src=\"https:\/\/stone-phoenix.com\/wp-content\/uploads\/2024\/01\/10007-10.jpg\" class=\"attachment-full size-full\" alt=\"\" aria-describedby=\"gallery-1-24008\" srcset=\"https:\/\/stone-phoenix.com\/wp-content\/uploads\/2024\/01\/10007-10.jpg 600w, https:\/\/stone-phoenix.com\/wp-content\/uploads\/2024\/01\/10007-10-300x200.jpg 300w, https:\/\/stone-phoenix.com\/wp-content\/uploads\/2024\/01\/10007-10-18x12.jpg 18w, https:\/\/stone-phoenix.com\/wp-content\/uploads\/2024\/01\/10007-10-150x100.jpg 150w\" sizes=\"(max-width: 600px) 100vw, 600px\" \/><\/a>\n\t\t\t<\/dt>\n\t\t\t\t<dd class='wp-caption-text gallery-caption' id='gallery-1-24008'>\n\t\t\t\tBloc de pierre 1\n\t\t\t\t<\/dd><\/dl><dl class='gallery-item'>\n\t\t\t<dt class='gallery-icon landscape'>\n\t\t\t\t<a data-elementor-open-lightbox=\"yes\" data-elementor-lightbox-slideshow=\"e2169ca\" data-elementor-lightbox-title=\"10008\" data-e-action-hash=\"#elementor-action%3Aaction%3Dlightbox%26settings%3DeyJpZCI6MjQwMDksInVybCI6Imh0dHBzOlwvXC9zdG9uZS1waG9lbml4LmNvbVwvd3AtY29udGVudFwvdXBsb2Fkc1wvMjAyNFwvMDFcLzEwMDA4LTEwLmpwZyIsInNsaWRlc2hvdyI6ImUyMTY5Y2EifQ%3D%3D\" href='https:\/\/stone-phoenix.com\/wp-content\/uploads\/2024\/01\/10008-10.jpg'><img loading=\"lazy\" decoding=\"async\" width=\"600\" height=\"400\" src=\"https:\/\/stone-phoenix.com\/wp-content\/uploads\/2024\/01\/10008-10.jpg\" class=\"attachment-full size-full\" alt=\"\" aria-describedby=\"gallery-1-24009\" srcset=\"https:\/\/stone-phoenix.com\/wp-content\/uploads\/2024\/01\/10008-10.jpg 600w, https:\/\/stone-phoenix.com\/wp-content\/uploads\/2024\/01\/10008-10-300x200.jpg 300w, https:\/\/stone-phoenix.com\/wp-content\/uploads\/2024\/01\/10008-10-18x12.jpg 18w, https:\/\/stone-phoenix.com\/wp-content\/uploads\/2024\/01\/10008-10-150x100.jpg 150w\" sizes=\"(max-width: 600px) 100vw, 600px\" \/><\/a>\n\t\t\t<\/dt>\n\t\t\t\t<dd class='wp-caption-text gallery-caption' id='gallery-1-24009'>\n\t\t\t\tBloc de pierre 2\n\t\t\t\t<\/dd><\/dl><dl class='gallery-item'>\n\t\t\t<dt class='gallery-icon landscape'>\n\t\t\t\t<a data-elementor-open-lightbox=\"yes\" data-elementor-lightbox-slideshow=\"e2169ca\" data-elementor-lightbox-title=\"10009\" data-e-action-hash=\"#elementor-action%3Aaction%3Dlightbox%26settings%3DeyJpZCI6MjQwMTAsInVybCI6Imh0dHBzOlwvXC9zdG9uZS1waG9lbml4LmNvbVwvd3AtY29udGVudFwvdXBsb2Fkc1wvMjAyNFwvMDFcLzEwMDA5LTEwLmpwZyIsInNsaWRlc2hvdyI6ImUyMTY5Y2EifQ%3D%3D\" href='https:\/\/stone-phoenix.com\/wp-content\/uploads\/2024\/01\/10009-10.jpg'><img loading=\"lazy\" decoding=\"async\" width=\"600\" height=\"400\" src=\"https:\/\/stone-phoenix.com\/wp-content\/uploads\/2024\/01\/10009-10.jpg\" class=\"attachment-full size-full\" alt=\"\" aria-describedby=\"gallery-1-24010\" srcset=\"https:\/\/stone-phoenix.com\/wp-content\/uploads\/2024\/01\/10009-10.jpg 600w, https:\/\/stone-phoenix.com\/wp-content\/uploads\/2024\/01\/10009-10-300x200.jpg 300w, https:\/\/stone-phoenix.com\/wp-content\/uploads\/2024\/01\/10009-10-18x12.jpg 18w, https:\/\/stone-phoenix.com\/wp-content\/uploads\/2024\/01\/10009-10-150x100.jpg 150w\" sizes=\"(max-width: 600px) 100vw, 600px\" \/><\/a>\n\t\t\t<\/dt>\n\t\t\t\t<dd class='wp-caption-text gallery-caption' id='gallery-1-24010'>\n\t\t\t\tBloc de pierre 3\n\t\t\t\t<\/dd><\/dl><dl class='gallery-item'>\n\t\t\t<dt class='gallery-icon landscape'>\n\t\t\t\t<a data-elementor-open-lightbox=\"yes\" data-elementor-lightbox-slideshow=\"e2169ca\" data-elementor-lightbox-title=\"10010\" data-e-action-hash=\"#elementor-action%3Aaction%3Dlightbox%26settings%3DeyJpZCI6MjQwMTEsInVybCI6Imh0dHBzOlwvXC9zdG9uZS1waG9lbml4LmNvbVwvd3AtY29udGVudFwvdXBsb2Fkc1wvMjAyNFwvMDFcLzEwMDEwLTEwLmpwZyIsInNsaWRlc2hvdyI6ImUyMTY5Y2EifQ%3D%3D\" href='https:\/\/stone-phoenix.com\/wp-content\/uploads\/2024\/01\/10010-10.jpg'><img loading=\"lazy\" decoding=\"async\" width=\"600\" height=\"400\" src=\"https:\/\/stone-phoenix.com\/wp-content\/uploads\/2024\/01\/10010-10.jpg\" class=\"attachment-full size-full\" alt=\"\" aria-describedby=\"gallery-1-24011\" srcset=\"https:\/\/stone-phoenix.com\/wp-content\/uploads\/2024\/01\/10010-10.jpg 600w, https:\/\/stone-phoenix.com\/wp-content\/uploads\/2024\/01\/10010-10-300x200.jpg 300w, https:\/\/stone-phoenix.com\/wp-content\/uploads\/2024\/01\/10010-10-18x12.jpg 18w, https:\/\/stone-phoenix.com\/wp-content\/uploads\/2024\/01\/10010-10-150x100.jpg 150w\" sizes=\"(max-width: 600px) 100vw, 600px\" \/><\/a>\n\t\t\t<\/dt>\n\t\t\t\t<dd class='wp-caption-text gallery-caption' id='gallery-1-24011'>\n\t\t\t\tBloc de pierre 4\n\t\t\t\t<\/dd><\/dl><dl class='gallery-item'>\n\t\t\t<dt class='gallery-icon landscape'>\n\t\t\t\t<a data-elementor-open-lightbox=\"yes\" data-elementor-lightbox-slideshow=\"e2169ca\" data-elementor-lightbox-title=\"10011\" data-e-action-hash=\"#elementor-action%3Aaction%3Dlightbox%26settings%3DeyJpZCI6MjQwMTIsInVybCI6Imh0dHBzOlwvXC9zdG9uZS1waG9lbml4LmNvbVwvd3AtY29udGVudFwvdXBsb2Fkc1wvMjAyNFwvMDFcLzEwMDExLTEwLmpwZyIsInNsaWRlc2hvdyI6ImUyMTY5Y2EifQ%3D%3D\" href='https:\/\/stone-phoenix.com\/wp-content\/uploads\/2024\/01\/10011-10.jpg'><img loading=\"lazy\" decoding=\"async\" width=\"600\" height=\"400\" src=\"https:\/\/stone-phoenix.com\/wp-content\/uploads\/2024\/01\/10011-10.jpg\" class=\"attachment-full size-full\" alt=\"\" aria-describedby=\"gallery-1-24012\" srcset=\"https:\/\/stone-phoenix.com\/wp-content\/uploads\/2024\/01\/10011-10.jpg 600w, https:\/\/stone-phoenix.com\/wp-content\/uploads\/2024\/01\/10011-10-300x200.jpg 300w, https:\/\/stone-phoenix.com\/wp-content\/uploads\/2024\/01\/10011-10-18x12.jpg 18w, https:\/\/stone-phoenix.com\/wp-content\/uploads\/2024\/01\/10011-10-150x100.jpg 150w\" sizes=\"(max-width: 600px) 100vw, 600px\" \/><\/a>\n\t\t\t<\/dt>\n\t\t\t\t<dd class='wp-caption-text gallery-caption' id='gallery-1-24012'>\n\t\t\t\tBloc de pierre 5\n\t\t\t\t<\/dd><\/dl><br style=\"clear: both\" \/><dl class='gallery-item'>\n\t\t\t<dt class='gallery-icon landscape'>\n\t\t\t\t<a data-elementor-open-lightbox=\"yes\" data-elementor-lightbox-slideshow=\"e2169ca\" data-elementor-lightbox-title=\"10012\" data-e-action-hash=\"#elementor-action%3Aaction%3Dlightbox%26settings%3DeyJpZCI6MjQwMTMsInVybCI6Imh0dHBzOlwvXC9zdG9uZS1waG9lbml4LmNvbVwvd3AtY29udGVudFwvdXBsb2Fkc1wvMjAyNFwvMDFcLzEwMDEyLTkuanBnIiwic2xpZGVzaG93IjoiZTIxNjljYSJ9\" href='https:\/\/stone-phoenix.com\/wp-content\/uploads\/2024\/01\/10012-9.jpg'><img loading=\"lazy\" decoding=\"async\" width=\"600\" height=\"400\" src=\"https:\/\/stone-phoenix.com\/wp-content\/uploads\/2024\/01\/10012-9.jpg\" class=\"attachment-full size-full\" alt=\"\" aria-describedby=\"gallery-1-24013\" srcset=\"https:\/\/stone-phoenix.com\/wp-content\/uploads\/2024\/01\/10012-9.jpg 600w, https:\/\/stone-phoenix.com\/wp-content\/uploads\/2024\/01\/10012-9-300x200.jpg 300w, https:\/\/stone-phoenix.com\/wp-content\/uploads\/2024\/01\/10012-9-18x12.jpg 18w, https:\/\/stone-phoenix.com\/wp-content\/uploads\/2024\/01\/10012-9-150x100.jpg 150w\" sizes=\"(max-width: 600px) 100vw, 600px\" \/><\/a>\n\t\t\t<\/dt>\n\t\t\t\t<dd class='wp-caption-text gallery-caption' id='gallery-1-24013'>\n\t\t\t\tBloc de pierre 6\n\t\t\t\t<\/dd><\/dl>\n\t\t\t<br style='clear: both' \/>\n\t\t<\/div>\n\t\t<\/div>\n\t\t\t\t<\/div>\n\t\t\t\t<\/div>\n\t\t\t\t\t<\/div>\n\t\t<\/div>\n\t\t\t\t\t\t\t<\/div>\n\t\t<\/section>\n\t\t\t\t<section class=\"wd-negative-gap elementor-section elementor-top-section elementor-element elementor-element-bc0c83b elementor-section-boxed elementor-section-height-default elementor-section-height-default wd-section-disabled\" data-id=\"bc0c83b\" data-element_type=\"section\">\n\t\t\t\t\t\t<div class=\"elementor-container elementor-column-gap-default\">\n\t\t\t\t\t<div class=\"elementor-column elementor-col-100 elementor-top-column elementor-element elementor-element-87b3108\" data-id=\"87b3108\" data-element_type=\"column\">\n\t\t\t<div class=\"elementor-widget-wrap elementor-element-populated\">\n\t\t\t\t\t\t\t\t<div class=\"elementor-element elementor-element-de25009 color-scheme-inherit text-left elementor-widget elementor-widget-text-editor\" data-id=\"de25009\" data-element_type=\"widget\" data-widget_type=\"text-editor.default\">\n\t\t\t\t<div class=\"elementor-widget-container\">\n\t\t\t<style>\/*! elementor - v3.16.0 - 20-09-2023 *\/\n.elementor-widget-text-editor.elementor-drop-cap-view-stacked .elementor-drop-cap{background-color:#69727d;color:#fff}.elementor-widget-text-editor.elementor-drop-cap-view-framed .elementor-drop-cap{color:#69727d;border:3px solid;background-color:transparent}.elementor-widget-text-editor:not(.elementor-drop-cap-view-default) .elementor-drop-cap{margin-top:8px}.elementor-widget-text-editor:not(.elementor-drop-cap-view-default) .elementor-drop-cap-letter{width:1em;height:1em}.elementor-widget-text-editor .elementor-drop-cap{float:left;text-align:center;line-height:1;font-size:50px}.elementor-widget-text-editor .elementor-drop-cap-letter{display:inline-block}<\/style>\t\t\t\t<p>Une grande vari\u00e9t\u00e9 de blocs de pierre brute est disponible. Vous pouvez s\u00e9lectionner et choisir la qualit\u00e9 et la taille des blocs pour r\u00e9pondre aux exigences de vos diff\u00e9rents projets.<\/p>\t\t\t\t\t\t<\/div>\n\t\t\t\t<\/div>\n\t\t\t\t\t<\/div>\n\t\t<\/div>\n\t\t\t\t\t\t\t<\/div>\n\t\t<\/section>\n\t\t\t\t<section class=\"wd-negative-gap elementor-section elementor-top-section elementor-element elementor-element-a1a22d6 elementor-section-boxed elementor-section-height-default elementor-section-height-default wd-section-disabled\" data-id=\"a1a22d6\" data-element_type=\"section\">\n\t\t\t\t\t\t<div class=\"elementor-container elementor-column-gap-default\">\n\t\t\t\t\t<div class=\"elementor-column elementor-col-100 elementor-top-column elementor-element elementor-element-e0d3269\" data-id=\"e0d3269\" data-element_type=\"column\">\n\t\t\t<div class=\"elementor-widget-wrap elementor-element-populated\">\n\t\t\t\t\t\t\t\t<div class=\"elementor-element elementor-element-d02b7e3 elementor-widget elementor-widget-wd_title\" data-id=\"d02b7e3\" data-element_type=\"widget\" data-widget_type=\"wd_title.default\">\n\t\t\t\t<div class=\"elementor-widget-container\">\n\t\t\t\t\t<div class=\"title-wrapper set-mb-s reset-last-child wd-title-color-default wd-title-style-default wd-title-size-large text-center\">\n\n\t\t\t\n\t\t\t<div class=\"liner-continer\">\n\t\t\t\t<h4 class=\"woodmart-title-container title wd-fontsize-xxl\">Demande de devis gratuit<\/h4> \n\t\t\t\t\t\t\t<\/div>\n\n\t\t\t\t\t\t\t<div class=\"title-after_title set-cont-mb-s reset-last-child wd-fontsize-s\">\n\t\t\t\t\t<p>Merci de l'int\u00e9r\u00eat que vous portez \u00e0 nos produits. Si vous souhaitez obtenir de plus amples informations sur un produit, veuillez nous envoyer un courriel ou nous appeler \u00e0 tout moment, nous vous r\u00e9pondrons dans les 24 heures. Nous nous r\u00e9jouissons de collaborer avec vous.<\/p>\t\t\t\t<\/div>\n\t\t\t\t\t<\/div>\n\t\t\t\t<\/div>\n\t\t\t\t<\/div>\n\t\t\t\t<div class=\"elementor-element elementor-element-fbd4a65 elementor-align-center elementor-widget elementor-widget-button\" data-id=\"fbd4a65\" data-element_type=\"widget\" data-widget_type=\"button.default\">\n\t\t\t\t<div class=\"elementor-widget-container\">\n\t\t\t\t\t<div class=\"elementor-button-wrapper\">\n\t\t\t<a class=\"elementor-button elementor-button-link elementor-size-sm\" href=\"https:\/\/stone-phoenix.com\/fr\/contact-us\/\">\n\t\t\t\t\t\t<span class=\"elementor-button-content-wrapper\">\n\t\t\t\t\t\t<span class=\"elementor-button-text\">Obtenir un devis imm\u00e9diat<\/span>\n\t\t<\/span>\n\t\t\t\t\t<\/a>\n\t\t<\/div>\n\t\t\t\t<\/div>\n\t\t\t\t<\/div>\n\t\t\t\t\t<\/div>\n\t\t<\/div>\n\t\t\t\t\t\t\t<\/div>\n\t\t<\/section>\n\t\t\t\t\t\t\t<\/div>","protected":false},"excerpt":{"rendered":"<p>&nbsp; Stone Blocks Stone blocks from different quarries are ready for your choices &nbsp; Stone Block 1 Stone Block 2<\/p>","protected":false},"author":1,"featured_media":0,"parent":0,"menu_order":0,"comment_status":"closed","ping_status":"closed","template":"","meta":{"footnotes":""},"_links":{"self":[{"href":"https:\/\/stone-phoenix.com\/fr\/wp-json\/wp\/v2\/pages\/23554"}],"collection":[{"href":"https:\/\/stone-phoenix.com\/fr\/wp-json\/wp\/v2\/pages"}],"about":[{"href":"https:\/\/stone-phoenix.com\/fr\/wp-json\/wp\/v2\/types\/page"}],"author":[{"embeddable":true,"href":"https:\/\/stone-phoenix.com\/fr\/wp-json\/wp\/v2\/users\/1"}],"replies":[{"embeddable":true,"href":"https:\/\/stone-phoenix.com\/fr\/wp-json\/wp\/v2\/comments?post=23554"}],"version-history":[{"count":10,"href":"https:\/\/stone-phoenix.com\/fr\/wp-json\/wp\/v2\/pages\/23554\/revisions"}],"predecessor-version":[{"id":28427,"href":"https:\/\/stone-phoenix.com\/fr\/wp-json\/wp\/v2\/pages\/23554\/revisions\/28427"}],"wp:attachment":[{"href":"https:\/\/stone-phoenix.com\/fr\/wp-json\/wp\/v2\/media?parent=23554"}],"curies":[{"name":"wp","href":"https:\/\/api.w.org\/{rel}","templated":true}]}}