{"id":19708,"date":"2023-12-15T11:43:55","date_gmt":"2023-12-15T03:43:55","guid":{"rendered":"http:\/\/stone-phoenix.com\/product\/amazon-green-marble-slab"},"modified":"2024-03-23T09:43:06","modified_gmt":"2024-03-23T01:43:06","slug":"amazon-green-marble-slab","status":"publish","type":"product","link":"https:\/\/stone-phoenix.com\/fr\/produit\/amazon-green-marble-slab","title":{"rendered":"Dalle de marbre vert d'Amazonie"},"content":{"rendered":"<div id=\"tab-description\" class=\"woocommerce-Tabs-panel woocommerce-Tabs-panel--description panel entry-content wc-tab\" role=\"tabpanel\" aria-labelledby=\"tab-title-description\">\n<div class=\"rll-youtube-player\" data-src=\"https:\/\/www.youtube.com\/embed\/vWUdvywPyYg\" data-id=\"vWUdvywPyYg\" data-query=\"si=jcNGXh40RVur-JXF\"><\/div>\n<h3>D\u00e9couvrez l'\u00e9l\u00e9gance de la dalle de marbre vert d'Amazonie<\/h3>\n<p>Mettez en valeur la beaut\u00e9 et la sophistication de vos espaces de vie avec notre exquise dalle de marbre vert d'Amazonie. Chez phonenix power stone, nous sommes votre source de confiance pour les produits de marbre et de granit de premi\u00e8re qualit\u00e9, et nos dalles de marbre vert amazonien sont un t\u00e9moignage de l'allure intemporelle et de la polyvalence de la pierre naturelle.<\/p>\n<ul>\n<li><strong>D\u00e9voiler le marbre vert d'Amazonie :<\/strong> Le marbre vert d'Amazonie est une pierre naturelle captivante connue pour ses teintes vertes profondes enchanteresses avec des veines blanches et vertes claires complexes. Cette combinaison frappante de couleurs cr\u00e9e un sentiment de luxe et d'opulence, ce qui en fait un choix populaire pour les propri\u00e9taires, les designers et les architectes qui cherchent \u00e0 rehausser leurs espaces int\u00e9rieurs et ext\u00e9rieurs.<\/li>\n<li><strong>L'alliance parfaite de la forme et de la fonction :<\/strong> Nos dalles de marbre vert d'Amazonie ne sont pas seulement tr\u00e8s esth\u00e9tiques, elles sont aussi tr\u00e8s durables, ce qui leur permet de r\u00e9sister \u00e0 l'\u00e9preuve du temps. Que vous envisagiez d'orner vos comptoirs de cuisine, vos vanit\u00e9s de salle de bains ou vos sols, ces dalles sont \u00e0 la hauteur de la t\u00e2che. Les motifs de veinage uniques de chaque dalle font de chaque pi\u00e8ce une \u0153uvre d'art \u00e0 part enti\u00e8re, ajoutant une touche d'exclusivit\u00e9 \u00e0 votre espace.<\/li>\n<li><strong>Des possibilit\u00e9s de conception infinies :<\/strong> L'une des caract\u00e9ristiques remarquables du marbre vert d'Amazonie est sa capacit\u00e9 \u00e0 s'adapter \u00e0 diff\u00e9rentes esth\u00e9tiques. Qu'elle soit contemporaine et minimaliste ou traditionnelle et classique, cette plaque de marbre s'adapte sans effort \u00e0 tous les styles. Vous pouvez l'utiliser pour cr\u00e9er des accents \u00e9l\u00e9gants, des pi\u00e8ces d'apparat ou m\u00eame des surfaces enti\u00e8res, laissant libre cours \u00e0 votre cr\u00e9ativit\u00e9.<\/li>\n<li><strong>Applications polyvalentes :<\/strong> La dalle de marbre vert d'Amazonie est un choix id\u00e9al pour les applications int\u00e9rieures et ext\u00e9rieures. Cr\u00e9ez des plans de travail, des dosserets et des \u00eelots de cuisine \u00e9poustouflants qui deviendront le point central de votre havre de paix culinaire. Dans la salle de bains, transformez vos plans de travail et vos douches en lieux de d\u00e9tente luxueux. Pour les espaces ext\u00e9rieurs, envisagez d'utiliser ces dalles pour les terrasses, les all\u00e9es de jardin ou m\u00eame comme rev\u00eatement de votre fa\u00e7ade.<\/li>\n<li><strong>Une qualit\u00e9 \u00e0 laquelle vous pouvez faire confiance :<\/strong> phonenix power stone est fier de fournir \u00e0 ses clients des produits en pierre naturelle de la plus haute qualit\u00e9. Nos dalles de marbre vert d'Amazonie sont soigneusement s\u00e9lectionn\u00e9es et m\u00e9ticuleusement fabriqu\u00e9es pour r\u00e9pondre aux normes les plus exigeantes. Nous comprenons que chaque projet est unique, et notre engagement envers la qualit\u00e9 garantit que votre investissement dans nos dalles de marbre sera rentable en termes de long\u00e9vit\u00e9 et d'attrait visuel.<\/li>\n<li><strong>Le d\u00e9veloppement durable, c'est important :<\/strong> Nous sommes conscients de notre impact sur l'environnement et adh\u00e9rons \u00e0 des pratiques durables dans notre processus de production. Nos dalles de marbre vert d'Amazonie proviennent de sources responsables, ce qui garantit que votre achat est conforme aux principes \u00e9cologiques. Choisir la pierre naturelle, c'est aussi choisir un mat\u00e9riau qui peut \u00eatre recycl\u00e9 et r\u00e9utilis\u00e9, contribuant ainsi \u00e0 une plan\u00e8te plus verte.<\/li>\n<li><strong>L'entretien simplifi\u00e9 :<\/strong> Si le marbre est connu pour son \u00e9l\u00e9gance, il l'est aussi pour sa facilit\u00e9 d'entretien. Les dalles de marbre vert Amazon sont r\u00e9sistantes \u00e0 la chaleur, aux rayures et aux taches, ce qui en fait un excellent choix pour les m\u00e9nages tr\u00e8s occup\u00e9s. Un nettoyage et un scellement r\u00e9guliers suffisent pour que les dalles conservent leur \u00e9clat pendant des ann\u00e9es.<\/li>\n<li><strong>La pierre de puissance phonenix Diff\u00e9rence :<\/strong> Chez phonenix power stone, nous donnons la priorit\u00e9 \u00e0 la satisfaction du client et offrons un large \u00e9ventail d'options de personnalisation. Nous pouvons adapter les dalles de marbre vert d'Amazonie aux exigences sp\u00e9cifiques de votre projet, en garantissant une int\u00e9gration transparente dans votre vision du design.<\/li>\n<\/ul>\n<p>\u00c9levez votre espace avec la beaut\u00e9 in\u00e9gal\u00e9e des dalles de marbre vert amazonien de phonenix power stone. Contactez-nous d\u00e8s aujourd'hui pour explorer vos options et laissez-nous vous aider \u00e0 transformer votre vision en r\u00e9alit\u00e9. Choisissez phonenix power stone pour une \u00e9l\u00e9gance intemporelle, une qualit\u00e9 irr\u00e9prochable et un service in\u00e9gal\u00e9. Nos dalles de marbre vert amazonien sont un t\u00e9moignage des merveilles de la pierre naturelle, et elles sont s\u00fbres de laisser une impression durable dans votre maison ou votre projet commercial.<\/p>\n<p><img loading=\"lazy\" decoding=\"async\" class=\"alignnone  wp-image-25621\" src=\"http:\/\/stone-phoenix.com\/wp-content\/uploads\/2023\/12\/Amazon-Green-Marble-Slab-5-1.jpg\" alt=\"\" width=\"952\" height=\"1082\" srcset=\"https:\/\/stone-phoenix.com\/wp-content\/uploads\/2023\/12\/Amazon-Green-Marble-Slab-5-1.jpg 694w, https:\/\/stone-phoenix.com\/wp-content\/uploads\/2023\/12\/Amazon-Green-Marble-Slab-5-1-264x300.jpg 264w, https:\/\/stone-phoenix.com\/wp-content\/uploads\/2023\/12\/Amazon-Green-Marble-Slab-5-1-11x12.jpg 11w, https:\/\/stone-phoenix.com\/wp-content\/uploads\/2023\/12\/Amazon-Green-Marble-Slab-5-1-600x682.jpg 600w, https:\/\/stone-phoenix.com\/wp-content\/uploads\/2023\/12\/Amazon-Green-Marble-Slab-5-1-150x171.jpg 150w\" sizes=\"(max-width: 952px) 100vw, 952px\" \/><\/p>\n<p><img loading=\"lazy\" decoding=\"async\" class=\"alignnone  wp-image-25618\" src=\"http:\/\/stone-phoenix.com\/wp-content\/uploads\/2023\/12\/Amazon-Green-Marble-Slab-8.jpg\" alt=\"\" width=\"964\" height=\"636\" srcset=\"https:\/\/stone-phoenix.com\/wp-content\/uploads\/2023\/12\/Amazon-Green-Marble-Slab-8.jpg 682w, https:\/\/stone-phoenix.com\/wp-content\/uploads\/2023\/12\/Amazon-Green-Marble-Slab-8-300x198.jpg 300w, https:\/\/stone-phoenix.com\/wp-content\/uploads\/2023\/12\/Amazon-Green-Marble-Slab-8-18x12.jpg 18w, https:\/\/stone-phoenix.com\/wp-content\/uploads\/2023\/12\/Amazon-Green-Marble-Slab-8-600x396.jpg 600w, https:\/\/stone-phoenix.com\/wp-content\/uploads\/2023\/12\/Amazon-Green-Marble-Slab-8-150x99.jpg 150w\" sizes=\"(max-width: 964px) 100vw, 964px\" \/><img loading=\"lazy\" decoding=\"async\" class=\"alignnone size-full wp-image-25619\" src=\"http:\/\/stone-phoenix.com\/wp-content\/uploads\/2023\/12\/Amazon-Green-Marble-Slab-10.jpg\" alt=\"\" width=\"1002\" height=\"715\" srcset=\"https:\/\/stone-phoenix.com\/wp-content\/uploads\/2023\/12\/Amazon-Green-Marble-Slab-10.jpg 1002w, https:\/\/stone-phoenix.com\/wp-content\/uploads\/2023\/12\/Amazon-Green-Marble-Slab-10-300x214.jpg 300w, https:\/\/stone-phoenix.com\/wp-content\/uploads\/2023\/12\/Amazon-Green-Marble-Slab-10-768x548.jpg 768w, https:\/\/stone-phoenix.com\/wp-content\/uploads\/2023\/12\/Amazon-Green-Marble-Slab-10-18x12.jpg 18w, https:\/\/stone-phoenix.com\/wp-content\/uploads\/2023\/12\/Amazon-Green-Marble-Slab-10-600x428.jpg 600w, https:\/\/stone-phoenix.com\/wp-content\/uploads\/2023\/12\/Amazon-Green-Marble-Slab-10-150x107.jpg 150w\" sizes=\"(max-width: 1002px) 100vw, 1002px\" \/><img loading=\"lazy\" decoding=\"async\" class=\"alignnone size-full wp-image-25620\" src=\"http:\/\/stone-phoenix.com\/wp-content\/uploads\/2023\/12\/Amazon-Green-Marble-Slab-9.jpg\" alt=\"\" width=\"1045\" height=\"702\" srcset=\"https:\/\/stone-phoenix.com\/wp-content\/uploads\/2023\/12\/Amazon-Green-Marble-Slab-9.jpg 1045w, https:\/\/stone-phoenix.com\/wp-content\/uploads\/2023\/12\/Amazon-Green-Marble-Slab-9-300x202.jpg 300w, https:\/\/stone-phoenix.com\/wp-content\/uploads\/2023\/12\/Amazon-Green-Marble-Slab-9-1024x688.jpg 1024w, https:\/\/stone-phoenix.com\/wp-content\/uploads\/2023\/12\/Amazon-Green-Marble-Slab-9-768x516.jpg 768w, https:\/\/stone-phoenix.com\/wp-content\/uploads\/2023\/12\/Amazon-Green-Marble-Slab-9-18x12.jpg 18w, https:\/\/stone-phoenix.com\/wp-content\/uploads\/2023\/12\/Amazon-Green-Marble-Slab-9-600x403.jpg 600w, https:\/\/stone-phoenix.com\/wp-content\/uploads\/2023\/12\/Amazon-Green-Marble-Slab-9-150x101.jpg 150w\" sizes=\"(max-width: 1045px) 100vw, 1045px\" \/><\/p>\n<\/div>","protected":false},"excerpt":{"rendered":"<p>Discover the Elegance of Amazon Green Marble Slab Enhance the beauty and sophistication of your living spaces with our exquisite<\/p>","protected":false},"featured_media":25610,"template":"","meta":[],"product_cat":[113],"product_tag":[],"_links":{"self":[{"href":"https:\/\/stone-phoenix.com\/fr\/wp-json\/wp\/v2\/product\/19708"}],"collection":[{"href":"https:\/\/stone-phoenix.com\/fr\/wp-json\/wp\/v2\/product"}],"about":[{"href":"https:\/\/stone-phoenix.com\/fr\/wp-json\/wp\/v2\/types\/product"}],"wp:featuredmedia":[{"embeddable":true,"href":"https:\/\/stone-phoenix.com\/fr\/wp-json\/wp\/v2\/media\/25610"}],"wp:attachment":[{"href":"https:\/\/stone-phoenix.com\/fr\/wp-json\/wp\/v2\/media?parent=19708"}],"wp:term":[{"taxonomy":"product_cat","embeddable":true,"href":"https:\/\/stone-phoenix.com\/fr\/wp-json\/wp\/v2\/product_cat?post=19708"},{"taxonomy":"product_tag","embeddable":true,"href":"https:\/\/stone-phoenix.com\/fr\/wp-json\/wp\/v2\/product_tag?post=19708"}],"curies":[{"name":"wp","href":"https:\/\/api.w.org\/{rel}","templated":true}]}}