{"id":19710,"date":"2023-12-15T11:43:59","date_gmt":"2023-12-15T03:43:59","guid":{"rendered":"http:\/\/stone-phoenix.com\/product\/bianco-carrara-white-marble-slab"},"modified":"2024-04-15T11:08:29","modified_gmt":"2024-04-15T03:08:29","slug":"bianco-carrara-white-marble-slab","status":"publish","type":"product","link":"https:\/\/stone-phoenix.com\/fr\/produit\/bianco-carrara-white-marble-slab","title":{"rendered":"Dalle de marbre blanc Bianco Carrara"},"content":{"rendered":"<div id=\"tab-description\" class=\"woocommerce-Tabs-panel woocommerce-Tabs-panel--description panel entry-content wc-tab\" role=\"tabpanel\" aria-labelledby=\"tab-title-description\">\n<div class=\"rll-youtube-player\" data-src=\"https:\/\/www.youtube.com\/embed\/Kpm2RZEmL68\" data-id=\"Kpm2RZEmL68\" data-query=\"si=KqqkeNb3AIem2flb\"><img loading=\"lazy\" decoding=\"async\" class=\"alignnone wp-image-28123\" src=\"http:\/\/stone-phoenix.com\/wp-content\/uploads\/2023\/12\/Bianco-Carrara-White-Marble-Slab-4-1.jpg\" alt=\"\" width=\"950\" height=\"705\" srcset=\"https:\/\/stone-phoenix.com\/wp-content\/uploads\/2023\/12\/Bianco-Carrara-White-Marble-Slab-4-1.jpg 697w, https:\/\/stone-phoenix.com\/wp-content\/uploads\/2023\/12\/Bianco-Carrara-White-Marble-Slab-4-1-300x223.jpg 300w, https:\/\/stone-phoenix.com\/wp-content\/uploads\/2023\/12\/Bianco-Carrara-White-Marble-Slab-4-1-16x12.jpg 16w, https:\/\/stone-phoenix.com\/wp-content\/uploads\/2023\/12\/Bianco-Carrara-White-Marble-Slab-4-1-600x445.jpg 600w, https:\/\/stone-phoenix.com\/wp-content\/uploads\/2023\/12\/Bianco-Carrara-White-Marble-Slab-4-1-150x111.jpg 150w\" sizes=\"(max-width: 950px) 100vw, 950px\" \/><\/div>\n<div class=\"group w-full text-token-text-primary border-b border-black\/10 gizmo:border-0 dark:border-gray-900\/50 gizmo:dark:border-0 bg-gray-50 gizmo:bg-transparent dark:bg-[#444654] gizmo:dark:bg-transparent\" data-testid=\"conversation-turn-5\">\n<div class=\"p-4 gizmo:py-2 justify-center text-base md:gap-6 md:py-6 m-auto\">\n<div class=\"flex flex-1 gap-4 text-base mx-auto md:gap-6 gizmo:gap-3 gizmo:md:px-5 gizmo:lg:px-1 gizmo:xl:px-5 md:max-w-2xl lg:max-w-[38rem] gizmo:md:max-w-3xl gizmo:lg:max-w-[40rem] gizmo:xl:max-w-[48rem] xl:max-w-3xl }\">\n<div class=\"relative flex w-[calc(100%-50px)] flex-col gizmo:w-full lg:w-[calc(100%-115px)] agent-turn\">\n<div class=\"flex-col gap-1 md:gap-3\">\n<div class=\"flex flex-grow flex-col gap-3 max-w-full\">\n<div class=\"min-h-[20px] flex flex-col items-start gap-3 whitespace-pre-wrap break-words overflow-x-auto\" data-message-author-role=\"assistant\" data-message-id=\"b7454e76-41cd-4177-bfb3-9483b6d06fe3\">\n<div class=\"markdown prose w-full break-words dark:prose-invert light\">\n<h3>Dalle de marbre blanc Bianco Carrara - El\u00e9gance intemporelle de phonenix power stone<\/h3>\n<p>Dalle de marbre blanc Bianco Carrara Description : phonenix power stone, l'un des principaux fournisseurs de granit et de marbre en Chine, est fier de pr\u00e9senter l'exquise dalle de marbre blanc Bianco Carrara. Notre mission est de transformer vos visions de conception en r\u00e9alit\u00e9, en offrant un traitement personnalis\u00e9 du marbre et du granit pour r\u00e9pondre \u00e0 vos exigences uniques. Lorsqu'il s'agit de beaut\u00e9 classique et de sophistication, la plaque de marbre blanc Bianco Carrara est un choix in\u00e9gal\u00e9 pour ceux qui recherchent une \u00e9l\u00e9gance intemporelle.<\/p>\n<h3>Caract\u00e9ristiques principales de la dalle de marbre blanc Bianco Carrara :<\/h3>\n<ol>\n<li><strong>Esth\u00e9tique classique :<\/strong> Le marbre blanc Bianco Carrara est d'une beaut\u00e9 classique et intemporelle. Son fond blanc laiteux avec des veines grises subtiles cr\u00e9e une apparence raffin\u00e9e et luxueuse, ce qui en fait le choix parfait pour les concepts de design modernes et traditionnels.<\/li>\n<li><strong>Applications polyvalentes :<\/strong> L'adaptabilit\u00e9 de nos dalles de marbre blanc Bianco Carrara est in\u00e9gal\u00e9e. Elles peuvent \u00eatre appliqu\u00e9es \u00e0 un large \u00e9ventail de projets, y compris les plans de travail de cuisine, les vanit\u00e9s de salle de bains, les rev\u00eatements de sol et les rev\u00eatements muraux, rehaussant ainsi la beaut\u00e9 de tout espace.<\/li>\n<li><strong>Naturel Durabilit\u00e9 :<\/strong> Le marbre est une pierre naturellement durable qui r\u00e9siste \u00e0 l'\u00e9preuve du temps. Le marbre blanc Bianco Carrara offre non seulement une esth\u00e9tique \u00e9l\u00e9gante, mais il garantit \u00e9galement une r\u00e9sistance \u00e0 long terme, assurant ainsi la p\u00e9rennit\u00e9 de votre investissement sur plusieurs g\u00e9n\u00e9rations.<\/li>\n<li><strong>Facilit\u00e9 d'entretien :<\/strong> Tout en offrant une beaut\u00e9 durable, nos dalles de marbre blanc Bianco Carrara n\u00e9cessitent relativement peu d'entretien. Un nettoyage et un scellement r\u00e9guliers permettent \u00e0 votre marbre de conserver son \u00e9tat impeccable.<\/li>\n<li><strong>Motifs distinctifs :<\/strong> Chaque plaque de marbre blanc Bianco Carrara est unique, avec ses propres veines et son caract\u00e8re exclusif. Cette singularit\u00e9 ajoute une touche d'individualit\u00e9 \u00e0 votre projet de design, le rendant unique en son genre.<\/li>\n<li><strong>Approvisionnement respectueux de l'environnement :<\/strong> Chez phonenix power stone, nous nous engageons \u00e0 respecter l'environnement. Notre marbre provient de sources \u00e9thiques et est trait\u00e9 avec un impact minimal sur l'environnement.<\/li>\n<\/ol>\n<h3>Pourquoi choisir phonenix power stone ?<\/h3>\n<p>phonenix power stone est votre source de confiance pour les dalles de marbre blanc Bianco Carrara de haute qualit\u00e9 qui r\u00e9pondent et d\u00e9passent les normes de l'industrie. Notre engagement en faveur de la qualit\u00e9, de la satisfaction du client et de l'attention port\u00e9e aux d\u00e9tails nous distingue des autres.<\/p>\n<ol>\n<li><strong>Assurance qualit\u00e9 :<\/strong> Nous nous approvisionnons en marbre blanc Bianco Carrara aupr\u00e8s des meilleures carri\u00e8res, ce qui nous permet de garantir qu'il r\u00e9pond aux crit\u00e8res de qualit\u00e9 les plus rigoureux avant d'\u00eatre utilis\u00e9 dans le cadre de votre projet.<\/li>\n<li><strong>Personnalisation :<\/strong> phonenix power stone est sp\u00e9cialis\u00e9 dans le traitement du marbre selon vos sp\u00e9cifications pr\u00e9cises. Nous pouvons couper et finir les dalles de marbre blanc Bianco Carrara pour qu'elles correspondent \u00e0 votre vision du design.<\/li>\n<li><strong>Une port\u00e9e mondiale :<\/strong> Gr\u00e2ce \u00e0 notre r\u00e9seau mondial, nous pouvons fournir des dalles de marbre blanc Bianco Carrara \u00e0 des clients du monde entier. O\u00f9 que vous soyez, phonenix power stone est votre partenaire fiable en mati\u00e8re d'approvisionnement en marbre de qualit\u00e9 sup\u00e9rieure.<\/li>\n<li><strong>Prix comp\u00e9titifs :<\/strong> Nous proposons des prix comp\u00e9titifs sans faire de compromis sur la qualit\u00e9. phonenix power stone est convaincu de la valeur ajout\u00e9e qu'elle apporte \u00e0 ses clients.<\/li>\n<li><strong>Soutien d'un expert :<\/strong> Notre \u00e9quipe exp\u00e9riment\u00e9e est l\u00e0 pour vous aider tout au long du processus de s\u00e9lection et d'installation. Nous nous engageons \u00e0 faire de votre projet une r\u00e9ussite.<\/li>\n<\/ol>\n<p>Que vous soyez un architecte, un designer d'int\u00e9rieur ou un propri\u00e9taire se lan\u00e7ant dans un projet de r\u00e9novation ou de nouvelle construction, la dalle de marbre blanc Bianco Carrara de phonenix power stone est l'incarnation du luxe et de la sophistication. Rehaussez votre espace avec la beaut\u00e9 durable de la pierre naturelle, le choix des connaisseurs et des faiseurs de go\u00fbt. Commandez votre dalle de marbre blanc Bianco Carrara d\u00e8s aujourd'hui et d\u00e9couvrez l'\u00e9l\u00e9gance intemporelle de la pierre naturelle. Contactez phonenix power stone, votre fournisseur de marbre de confiance en Chine, pour toute demande de renseignements, commandes personnalis\u00e9es et conseils d'experts sur votre prochain projet de design. Votre vision, notre expertise.<\/p>\n<div class=\"flex justify-between empty:hidden gizmo:justify-start gizmo:gap-3 lg:block gizmo:lg:flex\">\n<div class=\"text-gray-400 flex self-end lg:self-center justify-center gizmo:lg:justify-start mt-2 gizmo:mt-0 visible lg:gap-1 lg:absolute lg:top-0 lg:translate-x-full lg:right-0 lg:mt-0 lg:pl-2 gap-2 md:gap-3\">\n<div class=\"flex gap-1\"><\/div>\n<\/div>\n<\/div>\n<\/div>\n<\/div>\n<\/div>\n<\/div>\n<\/div>\n<\/div>\n<\/div>\n<\/div>\n<\/div>","protected":false},"excerpt":{"rendered":"<p>Dalle de Marbre Blanc Bianco Carrara - El\u00e9gance intemporelle de phonenix power stone Dalle de Marbre Blanc Bianco Carrara Description : phonenix power stone<\/p>","protected":false},"featured_media":28119,"template":"","meta":[],"product_cat":[113],"product_tag":[],"_links":{"self":[{"href":"https:\/\/stone-phoenix.com\/fr\/wp-json\/wp\/v2\/product\/19710"}],"collection":[{"href":"https:\/\/stone-phoenix.com\/fr\/wp-json\/wp\/v2\/product"}],"about":[{"href":"https:\/\/stone-phoenix.com\/fr\/wp-json\/wp\/v2\/types\/product"}],"wp:featuredmedia":[{"embeddable":true,"href":"https:\/\/stone-phoenix.com\/fr\/wp-json\/wp\/v2\/media\/28119"}],"wp:attachment":[{"href":"https:\/\/stone-phoenix.com\/fr\/wp-json\/wp\/v2\/media?parent=19710"}],"wp:term":[{"taxonomy":"product_cat","embeddable":true,"href":"https:\/\/stone-phoenix.com\/fr\/wp-json\/wp\/v2\/product_cat?post=19710"},{"taxonomy":"product_tag","embeddable":true,"href":"https:\/\/stone-phoenix.com\/fr\/wp-json\/wp\/v2\/product_tag?post=19710"}],"curies":[{"name":"wp","href":"https:\/\/api.w.org\/{rel}","templated":true}]}}