{"id":19712,"date":"2023-12-15T11:44:04","date_gmt":"2023-12-15T03:44:04","guid":{"rendered":"http:\/\/stone-phoenix.com\/product\/black-ice-flower-marble-slab"},"modified":"2024-04-15T11:52:24","modified_gmt":"2024-04-15T03:52:24","slug":"black-ice-flower-marble-slab","status":"publish","type":"product","link":"https:\/\/stone-phoenix.com\/fr\/produit\/black-ice-flower-marble-slab","title":{"rendered":"Plaque de marbre Black Ice Flower"},"content":{"rendered":"<div id=\"tab-description\" class=\"woocommerce-Tabs-panel woocommerce-Tabs-panel--description panel entry-content wc-tab\" role=\"tabpanel\" aria-labelledby=\"tab-title-description\">\n<div class=\"rll-youtube-player\" data-src=\"https:\/\/www.youtube.com\/embed\/qh4rrC4bv1E\" data-id=\"qh4rrC4bv1E\" data-query=\"si=Qstr9Kf7Kd1ZE4Uu\"><img loading=\"lazy\" decoding=\"async\" class=\"alignnone wp-image-28129\" src=\"http:\/\/stone-phoenix.com\/wp-content\/uploads\/2023\/12\/Black-Ice-Flower-Marble-Slab-1-1.jpg\" alt=\"\" width=\"956\" height=\"631\" srcset=\"https:\/\/stone-phoenix.com\/wp-content\/uploads\/2023\/12\/Black-Ice-Flower-Marble-Slab-1-1.jpg 697w, https:\/\/stone-phoenix.com\/wp-content\/uploads\/2023\/12\/Black-Ice-Flower-Marble-Slab-1-1-300x198.jpg 300w, https:\/\/stone-phoenix.com\/wp-content\/uploads\/2023\/12\/Black-Ice-Flower-Marble-Slab-1-1-18x12.jpg 18w, https:\/\/stone-phoenix.com\/wp-content\/uploads\/2023\/12\/Black-Ice-Flower-Marble-Slab-1-1-600x396.jpg 600w, https:\/\/stone-phoenix.com\/wp-content\/uploads\/2023\/12\/Black-Ice-Flower-Marble-Slab-1-1-150x99.jpg 150w\" sizes=\"(max-width: 956px) 100vw, 956px\" \/><img loading=\"lazy\" decoding=\"async\" class=\"alignnone wp-image-28130\" src=\"http:\/\/stone-phoenix.com\/wp-content\/uploads\/2023\/12\/Black-Ice-Flower-Marble-Slab-7.jpg\" alt=\"\" width=\"957\" height=\"632\" srcset=\"https:\/\/stone-phoenix.com\/wp-content\/uploads\/2023\/12\/Black-Ice-Flower-Marble-Slab-7.jpg 699w, https:\/\/stone-phoenix.com\/wp-content\/uploads\/2023\/12\/Black-Ice-Flower-Marble-Slab-7-300x198.jpg 300w, https:\/\/stone-phoenix.com\/wp-content\/uploads\/2023\/12\/Black-Ice-Flower-Marble-Slab-7-18x12.jpg 18w, https:\/\/stone-phoenix.com\/wp-content\/uploads\/2023\/12\/Black-Ice-Flower-Marble-Slab-7-600x397.jpg 600w, https:\/\/stone-phoenix.com\/wp-content\/uploads\/2023\/12\/Black-Ice-Flower-Marble-Slab-7-150x99.jpg 150w\" sizes=\"(max-width: 957px) 100vw, 957px\" \/><\/div>\n<h3><span style=\"font-size: 1.5em; font-weight: bold;\">Voici la dalle de marbre Black Ice Flower : L'\u00e9l\u00e9gance intemporelle red\u00e9finie<\/span><\/h3>\n<p><span style=\"font-size: 16px;\">Chez phonenix power stone, nous sommes fiers de proposer des pierres naturelles de la plus haute qualit\u00e9 qui r\u00e9pondent aux divers besoins de nos clients. Notre dalle de marbre Black Ice Flower t\u00e9moigne de notre engagement en faveur de l'excellence, en d\u00e9gageant une \u00e9l\u00e9gance intemporelle et une sophistication in\u00e9gal\u00e9e. Cette dalle de marbre exquise est un produit de l'art de la nature, o\u00f9 les motifs complexes et les nuances de noir, de blanc et de gris s'unissent pour cr\u00e9er un chef-d'\u0153uvre qui \u00e9l\u00e8vera tous les espaces qu'il ornera.<\/span><\/p>\n<div class=\"group w-full text-token-text-primary border-b border-black\/10 gizmo:border-0 dark:border-gray-900\/50 gizmo:dark:border-0 bg-gray-50 gizmo:bg-transparent dark:bg-[#444654] gizmo:dark:bg-transparent\" data-testid=\"conversation-turn-3\">\n<div class=\"p-4 gizmo:py-2 justify-center text-base md:gap-6 md:py-6 m-auto\">\n<div class=\"flex flex-1 gap-4 text-base mx-auto md:gap-6 gizmo:gap-3 gizmo:md:px-5 gizmo:lg:px-1 gizmo:xl:px-5 md:max-w-2xl lg:max-w-[38rem] gizmo:md:max-w-3xl gizmo:lg:max-w-[40rem] gizmo:xl:max-w-[48rem] xl:max-w-3xl }\">\n<div class=\"relative flex w-[calc(100%-50px)] flex-col gizmo:w-full lg:w-[calc(100%-115px)] agent-turn\">\n<div class=\"flex-col gap-1 md:gap-3\">\n<div class=\"flex flex-grow flex-col gap-3 max-w-full\">\n<div class=\"min-h-[20px] flex flex-col items-start gap-3 whitespace-pre-wrap break-words overflow-x-auto\" data-message-author-role=\"assistant\" data-message-id=\"9021fa1a-629a-4090-8d06-a01765513507\">\n<div class=\"markdown prose w-full break-words dark:prose-invert light\">\n<h3><strong>La beaut\u00e9 de la fleur de marbre noir<\/strong><\/h3>\n<p>Le marbre Black Ice Flower est un type de pierre naturelle tr\u00e8s recherch\u00e9 pour son aspect unique et captivant. Les veines distinctives et les motifs complexes de la surface ressemblent \u00e0 de d\u00e9licates fleurs gel\u00e9es, d'o\u00f9 son nom. Le fond noir profond, combin\u00e9 aux veines blanches et grises, cr\u00e9e un contraste saisissant qui ajoute une touche de drame et de sophistication \u00e0 n'importe quel int\u00e9rieur.<\/p>\n<h3><strong>La polyvalence dans la conception<\/strong><\/h3>\n<p>Cette magnifique plaque de marbre est un choix polyvalent pour un large \u00e9ventail de projets de conception. Qu'il s'agisse d'une cuisine luxueuse, d'une salle de bains opulente, d'un \u00e9l\u00e9gant contour de chemin\u00e9e ou m\u00eame d'un mur d'agr\u00e9ment \u00e0 couper le souffle, la dalle de marbre Black Ice Flower est le choix id\u00e9al. Son attrait intemporel se marie parfaitement avec les styles de conception contemporains et traditionnels, ce qui en fait un mat\u00e9riau polyvalent pour les architectes, les d\u00e9corateurs d'int\u00e9rieur et les propri\u00e9taires.<\/p>\n<h3><strong>Durabilit\u00e9 in\u00e9gal\u00e9e<\/strong><\/h3>\n<p>Outre son attrait esth\u00e9tique, le marbre Black Ice Flower est connu pour sa durabilit\u00e9 exceptionnelle. Il peut r\u00e9sister \u00e0 l'\u00e9preuve du temps, ce qui en fait un choix durable pour vos projets d'int\u00e9rieur. Qu'il soit utilis\u00e9 pour des comptoirs, des sols ou des rev\u00eatements muraux, vous pouvez \u00eatre s\u00fbr que ce marbre conservera sa beaut\u00e9 pendant des ann\u00e9es.<\/p>\n<h3><strong>Durable et naturel<\/strong><\/h3>\n<p>Chez phonenix power stone, nous nous engageons en faveur de la durabilit\u00e9 et de la responsabilit\u00e9 environnementale. Les dalles de marbre Black Ice Flower proviennent de sources responsables et sont extraites dans le plus grand respect de l'environnement. Nous sommes fiers de proposer un produit qui n'est pas seulement beau, mais aussi durable.<\/p>\n<h3><strong>Des possibilit\u00e9s de personnalisation infinies<\/strong><\/h3>\n<p>Notre capacit\u00e9 \u00e0 traiter le granit et le marbre en fonction de vos besoins signifie que vous avez des possibilit\u00e9s de personnalisation infinies en ce qui concerne les dalles de marbre Black Ice Flower. Nous pouvons d\u00e9couper les dalles aux dimensions souhait\u00e9es et les finir selon vos sp\u00e9cifications. Que vous souhaitiez une finition polie, adoucie ou bross\u00e9e, nous pouvons vous fournir un produit adapt\u00e9 \u00e0 votre vision unique.<\/p>\n<h3><strong>Pourquoi choisir phonenix power stone ?<\/strong><\/h3>\n<p>Lorsque vous choisissez phonenix power stone comme fournisseur de dalles de marbre Black Ice Flower, vous choisissez un partenaire qui valorise avant tout la qualit\u00e9, l'excellence et la satisfaction du client. Nous nous engageons \u00e0 vous fournir les meilleurs produits en pierre naturelle, accompagn\u00e9s d'un service et d'une assistance exceptionnels. Voici pourquoi vous devriez nous choisir :<\/p>\n<ul>\n<li><strong>Qualit\u00e9 sup\u00e9rieure<\/strong>: Notre engagement \u00e0 fournir des produits en pierre naturelle de premi\u00e8re qualit\u00e9 est in\u00e9branlable. Chaque plaque de marbre Black Ice Flower est inspect\u00e9e pour en v\u00e9rifier la qualit\u00e9, ce qui vous assure de recevoir ce qu'il y a de mieux.<\/li>\n<li><strong>Un savoir-faire d'expert<\/strong>: Avec des ann\u00e9es d'expertise dans le traitement de la pierre, nous disposons d'une \u00e9quipe d'artisans qualifi\u00e9s qui sont tr\u00e8s fiers de leur travail. Vos plaques de marbre seront travaill\u00e9es avec pr\u00e9cision et soin.<\/li>\n<li><strong>Livraison en temps voulu<\/strong>: Nous comprenons l'importance des d\u00e9lais de r\u00e9alisation des projets. Nous veillons \u00e0 ce que vos commandes soient livr\u00e9es en temps voulu afin que votre projet reste sur la bonne voie.<\/li>\n<li><strong>Prix comp\u00e9titifs<\/strong>: Nos prix comp\u00e9titifs vous garantissent le meilleur rapport qualit\u00e9-prix pour votre investissement dans les dalles de marbre Black Ice Flower.<\/li>\n<li><strong>Port\u00e9e mondiale<\/strong>phonenix power stone a une port\u00e9e mondiale, ce qui fait de nous votre partenaire de confiance, quel que soit l'endroit o\u00f9 se situe votre projet.<\/li>\n<\/ul>\n<h3><strong>Commandez d\u00e8s aujourd'hui votre plaque de marbre Black Ice Flower<\/strong><\/h3>\n<p>\u00c9levez vos projets de conception avec la beaut\u00e9 et l'\u00e9l\u00e9gance in\u00e9gal\u00e9es du marbre Black Ice Flower. Contactez phonenix power stone d\u00e8s aujourd'hui pour discuter de vos besoins, demander un devis ou passer une commande. Nous sommes l\u00e0 pour faire de vos projets une r\u00e9alit\u00e9 avec les meilleurs produits en pierre naturelle disponibles. D\u00e9couvrez la beaut\u00e9 intemporelle de la dalle de marbre Black Ice Flower de phonenix power stone, votre partenaire de confiance en mati\u00e8re de solutions en pierre naturelle.<\/p>\n<\/div>\n<\/div>\n<\/div>\n<\/div>\n<\/div>\n<\/div>\n<\/div>\n<\/div>\n<\/div>","protected":false},"excerpt":{"rendered":"<p>Introducing Black Ice Flower Marble Slab: Timeless Elegance Redefined At phonenix power stone, we take pride in offering the finest<\/p>","protected":false},"featured_media":28125,"template":"","meta":[],"product_cat":[113],"product_tag":[],"_links":{"self":[{"href":"https:\/\/stone-phoenix.com\/fr\/wp-json\/wp\/v2\/product\/19712"}],"collection":[{"href":"https:\/\/stone-phoenix.com\/fr\/wp-json\/wp\/v2\/product"}],"about":[{"href":"https:\/\/stone-phoenix.com\/fr\/wp-json\/wp\/v2\/types\/product"}],"wp:featuredmedia":[{"embeddable":true,"href":"https:\/\/stone-phoenix.com\/fr\/wp-json\/wp\/v2\/media\/28125"}],"wp:attachment":[{"href":"https:\/\/stone-phoenix.com\/fr\/wp-json\/wp\/v2\/media?parent=19712"}],"wp:term":[{"taxonomy":"product_cat","embeddable":true,"href":"https:\/\/stone-phoenix.com\/fr\/wp-json\/wp\/v2\/product_cat?post=19712"},{"taxonomy":"product_tag","embeddable":true,"href":"https:\/\/stone-phoenix.com\/fr\/wp-json\/wp\/v2\/product_tag?post=19712"}],"curies":[{"name":"wp","href":"https:\/\/api.w.org\/{rel}","templated":true}]}}