{"id":19714,"date":"2023-12-15T11:44:08","date_gmt":"2023-12-15T03:44:08","guid":{"rendered":"http:\/\/stone-phoenix.com\/product\/black-marquina-marble-slab"},"modified":"2024-04-15T12:04:23","modified_gmt":"2024-04-15T04:04:23","slug":"black-marquina-marble-slab","status":"publish","type":"product","link":"https:\/\/stone-phoenix.com\/fr\/produit\/black-marquina-marble-slab","title":{"rendered":"Plaque de marbre Marquina noir"},"content":{"rendered":"<div id=\"tab-description\" class=\"woocommerce-Tabs-panel woocommerce-Tabs-panel--description panel entry-content wc-tab\" role=\"tabpanel\" aria-labelledby=\"tab-title-description\">\n<h3><img loading=\"lazy\" decoding=\"async\" class=\"alignnone  wp-image-28138\" src=\"http:\/\/stone-phoenix.com\/wp-content\/uploads\/2023\/12\/Black-Marquina-Marble-Slab-2-1.jpg\" alt=\"\" width=\"956\" height=\"606\" srcset=\"https:\/\/stone-phoenix.com\/wp-content\/uploads\/2023\/12\/Black-Marquina-Marble-Slab-2-1.jpg 696w, https:\/\/stone-phoenix.com\/wp-content\/uploads\/2023\/12\/Black-Marquina-Marble-Slab-2-1-300x190.jpg 300w, https:\/\/stone-phoenix.com\/wp-content\/uploads\/2023\/12\/Black-Marquina-Marble-Slab-2-1-18x12.jpg 18w, https:\/\/stone-phoenix.com\/wp-content\/uploads\/2023\/12\/Black-Marquina-Marble-Slab-2-1-600x380.jpg 600w, https:\/\/stone-phoenix.com\/wp-content\/uploads\/2023\/12\/Black-Marquina-Marble-Slab-2-1-150x95.jpg 150w\" sizes=\"(max-width: 956px) 100vw, 956px\" \/><img loading=\"lazy\" decoding=\"async\" class=\"alignnone  wp-image-28140\" src=\"http:\/\/stone-phoenix.com\/wp-content\/uploads\/2023\/12\/Black-Marquina-Marble-Slab-7-1.jpg\" alt=\"\" width=\"954\" height=\"626\" srcset=\"https:\/\/stone-phoenix.com\/wp-content\/uploads\/2023\/12\/Black-Marquina-Marble-Slab-7-1.jpg 681w, https:\/\/stone-phoenix.com\/wp-content\/uploads\/2023\/12\/Black-Marquina-Marble-Slab-7-1-300x197.jpg 300w, https:\/\/stone-phoenix.com\/wp-content\/uploads\/2023\/12\/Black-Marquina-Marble-Slab-7-1-18x12.jpg 18w, https:\/\/stone-phoenix.com\/wp-content\/uploads\/2023\/12\/Black-Marquina-Marble-Slab-7-1-600x394.jpg 600w, https:\/\/stone-phoenix.com\/wp-content\/uploads\/2023\/12\/Black-Marquina-Marble-Slab-7-1-150x98.jpg 150w\" sizes=\"(max-width: 954px) 100vw, 954px\" \/><\/h3>\n<h3><strong>D\u00e9couvrez l'\u00e9l\u00e9gance avec la dalle de marbre Black Marquina<\/strong><\/h3>\n<p>Chez phonenix power stone, nous sommes fiers de pr\u00e9senter l'exquise dalle de marbre Black Marquina, v\u00e9ritable incarnation du luxe et de la sophistication. Nos dalles de marbre Black Marquina sont le choix parfait pour ceux qui cherchent \u00e0 ajouter une touche de beaut\u00e9 intemporelle \u00e0 leurs espaces int\u00e9rieurs. Avec son fond noir profond et ses veines blanches frappantes, le marbre Black Marquina est un classique du design qui transcende les tendances et reste un symbole d'opulence.<\/p>\n<h3><strong>D\u00e9voilement du marbre noir Marquina<\/strong><\/h3>\n<p>Le marbre noir Marquina est extrait au Pays basque, dans le nord de l'Espagne. Il est r\u00e9put\u00e9 dans le monde entier pour sa couleur noire profonde et velout\u00e9e, orn\u00e9e de veines d'un blanc \u00e9clatant, qui lui conf\u00e8re un aspect distinctif et spectaculaire. Ce marbre est utilis\u00e9 depuis des si\u00e8cles pour cr\u00e9er des d\u00e9cors architecturaux et int\u00e9rieurs \u00e0 couper le souffle. Son \u00e9l\u00e9gance et son charme sont in\u00e9gal\u00e9s, ce qui en fait un choix privil\u00e9gi\u00e9 pour les d\u00e9corateurs d'int\u00e9rieur, les architectes et les propri\u00e9taires.<\/p>\n<h3><strong>Caract\u00e9ristiques<\/strong><\/h3>\n<ul>\n<li><strong>Couleur et veinage :<\/strong> La caract\u00e9ristique la plus frappante du marbre Black Marquina est sa couleur noire profonde, qui est encore renforc\u00e9e par les veines blanches audacieuses et contrast\u00e9es. Cette combinaison unique conf\u00e8re un air de sophistication et de luxe \u00e0 tout espace.<\/li>\n<li><strong>Durabilit\u00e9 :<\/strong> Le marbre noir Marquina est r\u00e9put\u00e9 pour sa durabilit\u00e9 et sa r\u00e9sistance. Il peut r\u00e9sister \u00e0 l'\u00e9preuve du temps, ce qui en fait un choix id\u00e9al pour les zones tr\u00e8s fr\u00e9quent\u00e9es comme les cuisines, les salles de bains et les salons.<\/li>\n<li><strong>Polyvalence :<\/strong> La beaut\u00e9 spectaculaire du marbre Black Marquina lui permet d'\u00eatre utilis\u00e9 dans un large \u00e9ventail d'applications, depuis les plans de travail et les rev\u00eatements de sol jusqu'aux rev\u00eatements muraux et aux \u00e9l\u00e9ments d\u00e9coratifs. Il se distingue par sa capacit\u00e9 \u00e0 s'adapter aux concepts de design classiques et modernes.<\/li>\n<li><strong>Finition polie :<\/strong> Nous proposons des dalles de marbre noir Marquina dans une finition polie brillante, qui non seulement am\u00e9liore l'esth\u00e9tique, mais facilite \u00e9galement l'entretien.<\/li>\n<li><strong>Options de taille :<\/strong> phonenix power stone propose des dalles de marbre Black Marquina de diff\u00e9rentes tailles pour r\u00e9pondre aux besoins sp\u00e9cifiques de vos projets, en garantissant un gaspillage minimal et une personnalisation maximale.<\/li>\n<\/ul>\n<h3><strong>Des possibilit\u00e9s de conception infinies<\/strong><\/h3>\n<p>Les dalles de marbre noir Marquina ouvrent la porte \u00e0 un monde de possibilit\u00e9s de conception. Qu'il s'agisse d'un projet r\u00e9sidentiel ou commercial, ce marbre conf\u00e8re une impression de luxe et de grandeur. Voici quelques id\u00e9es d'am\u00e9nagement o\u00f9 le marbre noir Marquina excelle :<\/p>\n<ul>\n<li><strong>Comptoirs de cuisine :<\/strong> Transformez votre cuisine en un v\u00e9ritable paradis culinaire gr\u00e2ce aux plans de travail en marbre Black Marquina. L'\u00e9l\u00e9gant fond noir cr\u00e9e un contraste saisissant avec les appareils en acier inoxydable et les armoires blanches.<\/li>\n<li><strong>El\u00e9gance de la salle de bains :<\/strong> Rehaussez l'esth\u00e9tique de votre salle de bains avec le marbre Black Marquina. Utilisez-le pour les plans de toilette, les entourages de douche ou m\u00eame comme mur d'accent pour cr\u00e9er une atmosph\u00e8re de spa.<\/li>\n<li><strong>Des rev\u00eatements de sol avec du flair :<\/strong> Recouvrez vos sols de marbre Black Marquina pour leur insuffler une beaut\u00e9 intemporelle. Sa finition polie ajoute une qualit\u00e9 de r\u00e9flexion qui illumine n'importe quel espace.<\/li>\n<li><strong>Entourage de la chemin\u00e9e :<\/strong> Faites de votre chemin\u00e9e le point central de votre salon avec un entourage en marbre Black Marquina. Les veines sombres et spectaculaires ajoutent une touche de drame et de sophistication \u00e0 la pi\u00e8ce.<\/li>\n<li><strong>Des murs s\u00e9duisants :<\/strong> Cr\u00e9ez un mur d'accent qui capte l'attention de tous avec l'\u00e9l\u00e9gance du marbre Black Marquina. Le veinage audacieux est une \u0153uvre d'art en soi.<\/li>\n<\/ul>\n<h3><strong>Une qualit\u00e9 \u00e0 laquelle vous pouvez faire confiance<\/strong><\/h3>\n<p>Chez phonenix power stone, nous nous engageons \u00e0 fournir des produits en pierre naturelle de la plus haute qualit\u00e9. Nos dalles de marbre Black Marquina sont soigneusement s\u00e9lectionn\u00e9es, trait\u00e9es et inspect\u00e9es pour r\u00e9pondre aux normes de qualit\u00e9 les plus strictes. Nous sommes fiers de fournir un marbre qui non seulement met en valeur votre espace, mais qui r\u00e9siste \u00e9galement \u00e0 l'\u00e9preuve du temps.<\/p>\n<h3><strong>Commandez d\u00e8s aujourd'hui votre plaque de marbre Black Marquina<\/strong><\/h3>\n<p>Am\u00e9liorez votre espace avec l'\u00e9l\u00e9gance intemporelle de la dalle de marbre Black Marquina de phonenix power stone. Cr\u00e9ez une atmosph\u00e8re de sophistication et de luxe qui sera appr\u00e9ci\u00e9e pendant des g\u00e9n\u00e9rations. Contactez-nous d\u00e8s aujourd'hui pour discuter des besoins de votre projet et passer votre commande. \u00c9levez votre design int\u00e9rieur avec la beaut\u00e9 durable du Marbre Noir Marquina.<\/p>\n<\/div>","protected":false},"excerpt":{"rendered":"<p>Discover Elegance with Black Marquina Marble Slab At phonenix power stone, we take pride in presenting the exquisite Black Marquina<\/p>","protected":false},"featured_media":28132,"template":"","meta":[],"product_cat":[113],"product_tag":[],"_links":{"self":[{"href":"https:\/\/stone-phoenix.com\/fr\/wp-json\/wp\/v2\/product\/19714"}],"collection":[{"href":"https:\/\/stone-phoenix.com\/fr\/wp-json\/wp\/v2\/product"}],"about":[{"href":"https:\/\/stone-phoenix.com\/fr\/wp-json\/wp\/v2\/types\/product"}],"wp:featuredmedia":[{"embeddable":true,"href":"https:\/\/stone-phoenix.com\/fr\/wp-json\/wp\/v2\/media\/28132"}],"wp:attachment":[{"href":"https:\/\/stone-phoenix.com\/fr\/wp-json\/wp\/v2\/media?parent=19714"}],"wp:term":[{"taxonomy":"product_cat","embeddable":true,"href":"https:\/\/stone-phoenix.com\/fr\/wp-json\/wp\/v2\/product_cat?post=19714"},{"taxonomy":"product_tag","embeddable":true,"href":"https:\/\/stone-phoenix.com\/fr\/wp-json\/wp\/v2\/product_tag?post=19714"}],"curies":[{"name":"wp","href":"https:\/\/api.w.org\/{rel}","templated":true}]}}