{"id":19716,"date":"2023-12-15T11:44:14","date_gmt":"2023-12-15T03:44:14","guid":{"rendered":"http:\/\/stone-phoenix.com\/product\/black-rosa-marble-slab"},"modified":"2024-04-15T12:18:21","modified_gmt":"2024-04-15T04:18:21","slug":"black-rosa-marble-slab","status":"publish","type":"product","link":"https:\/\/stone-phoenix.com\/fr\/produit\/black-rosa-marble-slab","title":{"rendered":"Dalle de marbre Rosa noir"},"content":{"rendered":"<div id=\"tab-description\" class=\"woocommerce-Tabs-panel woocommerce-Tabs-panel--description panel entry-content wc-tab\" role=\"tabpanel\" aria-labelledby=\"tab-title-description\">\n<div class=\"rll-youtube-player\" data-src=\"https:\/\/www.youtube.com\/embed\/k-1uBJbRhko\" data-id=\"k-1uBJbRhko\" data-query=\"si=BCAsv-XLTpDbzhqd\"><img loading=\"lazy\" decoding=\"async\" class=\"alignnone  wp-image-28146\" src=\"http:\/\/stone-phoenix.com\/wp-content\/uploads\/2023\/12\/Black-Rosa-Marble-Slab-5.jpg\" alt=\"\" width=\"954\" height=\"1339\" srcset=\"https:\/\/stone-phoenix.com\/wp-content\/uploads\/2023\/12\/Black-Rosa-Marble-Slab-5.jpg 667w, https:\/\/stone-phoenix.com\/wp-content\/uploads\/2023\/12\/Black-Rosa-Marble-Slab-5-214x300.jpg 214w, https:\/\/stone-phoenix.com\/wp-content\/uploads\/2023\/12\/Black-Rosa-Marble-Slab-5-9x12.jpg 9w, https:\/\/stone-phoenix.com\/wp-content\/uploads\/2023\/12\/Black-Rosa-Marble-Slab-5-600x842.jpg 600w, https:\/\/stone-phoenix.com\/wp-content\/uploads\/2023\/12\/Black-Rosa-Marble-Slab-5-150x210.jpg 150w\" sizes=\"(max-width: 954px) 100vw, 954px\" \/><\/div>\n<h3><strong>\u00c9levez votre espace avec la dalle de marbre Black Rosa<\/strong><\/h3>\n<p>Chez phonenix power stone, nous sommes tr\u00e8s fiers de vous offrir la beaut\u00e9 exquise et l'\u00e9l\u00e9gance intemporelle de la dalle de marbre Black Rosa. Cette pierre naturelle \u00e9tonnante est la pr\u00e9f\u00e9r\u00e9e des architectes, des designers et des propri\u00e9taires depuis des g\u00e9n\u00e9rations, et il est facile de comprendre pourquoi. Avec son aspect luxueux et ses caract\u00e9ristiques uniques, le marbre Black Rosa est l'incarnation de la sophistication et de la classe.<\/p>\n<h3><strong>R\u00e9v\u00e9ler la beaut\u00e9 du marbre noir de Rosa :<\/strong><\/h3>\n<p>Le marbre Black Rosa, \u00e9galement connu sous le nom de Nero Marquina, provient des carri\u00e8res immacul\u00e9es de Chine, o\u00f9 la nature lui a conf\u00e9r\u00e9 son \u00e9l\u00e9gance au fil des si\u00e8cles. Ce marbre distinctif est c\u00e9l\u00e8bre pour son fond noir profond orn\u00e9 de veines blanches saisissantes. Chaque plaque est un chef-d'\u0153uvre, une \u0153uvre d'art que M\u00e8re Nature a cr\u00e9\u00e9e au cours de millions d'ann\u00e9es. Les tons contrast\u00e9s du noir et du blanc font du marbre Black Rosa un choix polyvalent et captivant pour tout projet de design.<\/p>\n<h3><strong>Des possibilit\u00e9s de conception infinies :<\/strong><\/h3>\n<p>L'attrait de la dalle de marbre Black Rosa r\u00e9side dans sa polyvalence. Qu'il s'agisse d'un luxueux comptoir de cuisine, d'un majestueux entourage de chemin\u00e9e ou d'un somptueux meuble de salle de bains, le marbre Black Rosa ajoute une touche d'opulence et de sophistication \u00e0 n'importe quel espace. C'est \u00e9galement un choix parfait pour les sols, les rev\u00eatements muraux et les murs d'accent. D'une beaut\u00e9 intemporelle, il s'int\u00e8gre aussi bien dans l'esth\u00e9tique traditionnelle que dans l'esth\u00e9tique contemporaine.<\/p>\n<h3><strong>Qualit\u00e9 exceptionnelle :<\/strong><\/h3>\n<p>Chez phonenix power stone, nous nous engageons \u00e0 fournir des produits en pierre naturelle de la plus haute qualit\u00e9. Nos dalles de marbre Black Rosa sont m\u00e9ticuleusement s\u00e9lectionn\u00e9es et trait\u00e9es pour garantir l'uniformit\u00e9 de la couleur et des veines. Chaque dalle est une \u0153uvre d'art unique, et nous prenons grand soin de pr\u00e9server sa beaut\u00e9 naturelle. Vous pouvez faire confiance \u00e0 la durabilit\u00e9 et \u00e0 la long\u00e9vit\u00e9 de nos dalles de marbre, ce qui en fait un investissement judicieux pour vos projets d'int\u00e9rieur ou d'ext\u00e9rieur.<\/p>\n<h3><strong>Marbre noir Rosa Caract\u00e9ristiques :<\/strong><\/h3>\n<ol>\n<li><em>Une esth\u00e9tique \u00e9tonnante<\/em>: Le fond noir profond et les veines blanches frappantes de la dalle de marbre Black Rosa cr\u00e9ent un impact visuel hypnotique, ce qui en fait le point de mire de n'importe quel espace.<\/li>\n<li><em>Conception polyvalente<\/em>: La beaut\u00e9 classique du marbre Black Rosa s'accorde avec un large \u00e9ventail de styles d'am\u00e9nagement, du moderne au traditionnel, ce qui lui permet de rester intemporel dans n'importe quel environnement.<\/li>\n<li><em>Durabilit\u00e9<\/em>: Le marbre noir Rosa n'est pas seulement beau, il est aussi durable, ce qui garantit que votre investissement r\u00e9sistera \u00e0 l'\u00e9preuve du temps.<\/li>\n<li><em>Entretien facile<\/em>: Avec un entretien appropri\u00e9, la beaut\u00e9 du marbre Black Rosa est un jeu d'enfant, ce qui en fait un choix id\u00e9al pour les zones tr\u00e8s fr\u00e9quent\u00e9es.<\/li>\n<li><em>Variations uniques<\/em>: Il n'y a pas deux dalles de marbre Black Rosa identiques, ce qui fait de chaque installation un chef-d'\u0153uvre unique.<\/li>\n<\/ol>\n<h3><strong>Applications :<\/strong><\/h3>\n<ul>\n<li>Comptoirs de cuisine<\/li>\n<li>Vanit\u00e9s de salle de bains<\/li>\n<li>Entourages de chemin\u00e9e<\/li>\n<li>Rev\u00eatements de sol<\/li>\n<li>Rev\u00eatement mural<\/li>\n<li>Murs d'accent<\/li>\n<li>Espaces commerciaux<\/li>\n<li>Espaces ext\u00e9rieurs<\/li>\n<\/ul>\n<h3><strong>Am\u00e9liorez votre espace d\u00e8s aujourd'hui :<\/strong><\/h3>\n<p>La dalle de marbre Black Rosa vous permet de cr\u00e9er une ambiance inoubliable dans votre maison ou votre espace commercial. Que vous r\u00e9noviez, conceviez un nouvel espace ou cherchiez simplement \u00e0 ajouter une touche de luxe \u00e0 votre environnement, le marbre Black Rosa de phonenix power stone est la r\u00e9ponse.<\/p>\n<h3><strong>Commandez en toute confiance :<\/strong><\/h3>\n<p>Lorsque vous choisissez le marbre Black Rosa de phonenix power stone, vous optez pour la qualit\u00e9, l'artisanat et la beaut\u00e9 intemporelle. Notre engagement en faveur de l'excellence vous garantit un produit qui non seulement r\u00e9pond \u00e0 vos attentes, mais les d\u00e9passe. Nous sommes votre partenaire de confiance pour transformer votre vision en r\u00e9alit\u00e9. D\u00e9couvrez la beaut\u00e9 intemporelle du marbre Black Rosa. Contactez-nous d\u00e8s aujourd'hui pour demander un devis ou vous renseigner sur notre stock actuel.<\/p>\n<\/div>","protected":false},"excerpt":{"rendered":"<p>Elevate Your Space with Black Rosa Marble Slab At phonenix power stone, we take immense pride in offering you the<\/p>","protected":false},"featured_media":28141,"template":"","meta":[],"product_cat":[113],"product_tag":[],"_links":{"self":[{"href":"https:\/\/stone-phoenix.com\/fr\/wp-json\/wp\/v2\/product\/19716"}],"collection":[{"href":"https:\/\/stone-phoenix.com\/fr\/wp-json\/wp\/v2\/product"}],"about":[{"href":"https:\/\/stone-phoenix.com\/fr\/wp-json\/wp\/v2\/types\/product"}],"wp:featuredmedia":[{"embeddable":true,"href":"https:\/\/stone-phoenix.com\/fr\/wp-json\/wp\/v2\/media\/28141"}],"wp:attachment":[{"href":"https:\/\/stone-phoenix.com\/fr\/wp-json\/wp\/v2\/media?parent=19716"}],"wp:term":[{"taxonomy":"product_cat","embeddable":true,"href":"https:\/\/stone-phoenix.com\/fr\/wp-json\/wp\/v2\/product_cat?post=19716"},{"taxonomy":"product_tag","embeddable":true,"href":"https:\/\/stone-phoenix.com\/fr\/wp-json\/wp\/v2\/product_tag?post=19716"}],"curies":[{"name":"wp","href":"https:\/\/api.w.org\/{rel}","templated":true}]}}