{"id":19718,"date":"2023-12-15T11:44:18","date_gmt":"2023-12-15T03:44:18","guid":{"rendered":"http:\/\/stone-phoenix.com\/product\/blue-grey-river-marble-slab"},"modified":"2024-04-15T12:32:06","modified_gmt":"2024-04-15T04:32:06","slug":"blue-grey-river-marble-slab","status":"publish","type":"product","link":"https:\/\/stone-phoenix.com\/fr\/produit\/blue-grey-river-marble-slab","title":{"rendered":"Dalle de marbre bleu gris de rivi\u00e8re"},"content":{"rendered":"<div id=\"tab-description\" class=\"woocommerce-Tabs-panel woocommerce-Tabs-panel--description panel entry-content wc-tab\" role=\"tabpanel\" aria-labelledby=\"tab-title-description\">\n<div class=\"rll-youtube-player\" data-src=\"https:\/\/www.youtube.com\/embed\/9SJUvC5fzN8\" data-id=\"9SJUvC5fzN8\" data-query=\"si=AjcpTqUEi_Ydx1qn\"><img loading=\"lazy\" decoding=\"async\" class=\"alignnone  wp-image-28151\" src=\"http:\/\/stone-phoenix.com\/wp-content\/uploads\/2023\/12\/Blue-Grey-River-Marble-Slab-6.jpg\" alt=\"\" width=\"947\" height=\"641\" srcset=\"https:\/\/stone-phoenix.com\/wp-content\/uploads\/2023\/12\/Blue-Grey-River-Marble-Slab-6.jpg 700w, https:\/\/stone-phoenix.com\/wp-content\/uploads\/2023\/12\/Blue-Grey-River-Marble-Slab-6-300x203.jpg 300w, https:\/\/stone-phoenix.com\/wp-content\/uploads\/2023\/12\/Blue-Grey-River-Marble-Slab-6-18x12.jpg 18w, https:\/\/stone-phoenix.com\/wp-content\/uploads\/2023\/12\/Blue-Grey-River-Marble-Slab-6-600x406.jpg 600w, https:\/\/stone-phoenix.com\/wp-content\/uploads\/2023\/12\/Blue-Grey-River-Marble-Slab-6-150x102.jpg 150w\" sizes=\"(max-width: 947px) 100vw, 947px\" \/><img loading=\"lazy\" decoding=\"async\" class=\"alignnone  wp-image-28154\" src=\"http:\/\/stone-phoenix.com\/wp-content\/uploads\/2023\/12\/Blue-Grey-River-Marble-Slab-4-1.jpg\" alt=\"\" width=\"950\" height=\"654\" srcset=\"https:\/\/stone-phoenix.com\/wp-content\/uploads\/2023\/12\/Blue-Grey-River-Marble-Slab-4-1.jpg 693w, https:\/\/stone-phoenix.com\/wp-content\/uploads\/2023\/12\/Blue-Grey-River-Marble-Slab-4-1-300x206.jpg 300w, https:\/\/stone-phoenix.com\/wp-content\/uploads\/2023\/12\/Blue-Grey-River-Marble-Slab-4-1-18x12.jpg 18w, https:\/\/stone-phoenix.com\/wp-content\/uploads\/2023\/12\/Blue-Grey-River-Marble-Slab-4-1-600x413.jpg 600w, https:\/\/stone-phoenix.com\/wp-content\/uploads\/2023\/12\/Blue-Grey-River-Marble-Slab-4-1-150x103.jpg 150w\" sizes=\"(max-width: 950px) 100vw, 950px\" \/><img loading=\"lazy\" decoding=\"async\" class=\"alignnone  wp-image-28155\" src=\"http:\/\/stone-phoenix.com\/wp-content\/uploads\/2023\/12\/Blue-Grey-River-Marble-Slab-5.jpg\" alt=\"\" width=\"954\" height=\"548\" srcset=\"https:\/\/stone-phoenix.com\/wp-content\/uploads\/2023\/12\/Blue-Grey-River-Marble-Slab-5.jpg 691w, https:\/\/stone-phoenix.com\/wp-content\/uploads\/2023\/12\/Blue-Grey-River-Marble-Slab-5-300x172.jpg 300w, https:\/\/stone-phoenix.com\/wp-content\/uploads\/2023\/12\/Blue-Grey-River-Marble-Slab-5-18x10.jpg 18w, https:\/\/stone-phoenix.com\/wp-content\/uploads\/2023\/12\/Blue-Grey-River-Marble-Slab-5-600x345.jpg 600w, https:\/\/stone-phoenix.com\/wp-content\/uploads\/2023\/12\/Blue-Grey-River-Marble-Slab-5-150x86.jpg 150w\" sizes=\"(max-width: 954px) 100vw, 954px\" \/><\/div>\n<h3>Pr\u00e9sentation de la dalle de marbre Blue Grey River - El\u00e9gance et beaut\u00e9 intemporelle<\/h3>\n<p>Lorsqu'il s'agit d'ajouter de la sophistication et une beaut\u00e9 intemporelle \u00e0 vos espaces int\u00e9rieurs et ext\u00e9rieurs, il n'y a pas de substitut \u00e0 la pierre naturelle. Chez phonenix power stone, nous sommes fiers de pr\u00e9senter notre exquise dalle de marbre Blue Grey River - un chef-d'\u0153uvre naturel \u00e9poustouflant qui convient parfaitement \u00e0 un large \u00e9ventail d'applications.<\/p>\n<h3>Caract\u00e9ristiques principales de la dalle de marbre Blue Grey River :<\/h3>\n<ul>\n<li><strong>\u00c9l\u00e9gance naturelle :<\/strong> Le marbre Blue Grey River est r\u00e9put\u00e9 pour ses motifs naturels exquis et ses nuances de bleu et de gris. Chaque plaque est unique et ses veines distinctives ajoutent une touche de luxe \u00e0 n'importe quel espace.<\/li>\n<li><strong>Polyvalence :<\/strong> Que vous cherchiez \u00e0 cr\u00e9er un comptoir de cuisine captivant, un meuble de salle de bain luxueux ou un contour de chemin\u00e9e accrocheur, notre dalle de marbre Blue Grey River est un choix polyvalent qui s'int\u00e8gre parfaitement dans une vari\u00e9t\u00e9 de sch\u00e9mas de conception.<\/li>\n<li><strong>Durabilit\u00e9 :<\/strong> Ce marbre n'est pas seulement esth\u00e9tique. C'est une pierre durable qui peut r\u00e9sister \u00e0 l'\u00e9preuve du temps. Sa duret\u00e9 et son \u00e9lasticit\u00e9 en font une pierre adapt\u00e9e aux zones \u00e0 fort trafic et aux applications ext\u00e9rieures.<\/li>\n<li><strong>Palette fra\u00eeche et apaisante :<\/strong> Le marbre Blue Grey River donne un sentiment de tranquillit\u00e9 gr\u00e2ce \u00e0 sa palette de couleurs froides et apaisantes. Il est parfait pour cr\u00e9er des espaces sereins et accueillants.<\/li>\n<li><strong>Entretien facile :<\/strong> Le marbre est connu pour sa facilit\u00e9 d'entretien. Un simple passage d'un chiffon doux et d'un produit nettoyant doux suffit \u00e0 conserver sa beaut\u00e9 intacte.<\/li>\n<\/ul>\n<h3>Applications :<\/h3>\n<p>Notre dalle de marbre Blue Grey River peut \u00eatre utilis\u00e9e pour une large gamme d'applications, y compris mais sans s'y limiter :<\/p>\n<ul>\n<li>Comptoirs de cuisine : \u00c9levez votre espace culinaire gr\u00e2ce \u00e0 l'\u00e9l\u00e9gance intemporelle du marbre.<\/li>\n<li>Vanit\u00e9s de salle de bains : Faites de vos rituels quotidiens une exp\u00e9rience luxueuse.<\/li>\n<li>Rev\u00eatements de sol : Ajoutez une touche de grandeur \u00e0 votre maison avec un sol en marbre.<\/li>\n<li>Rev\u00eatement mural : Cr\u00e9ez de superbes murs d'accent ou des entourages de chemin\u00e9e.<\/li>\n<li>Espaces ext\u00e9rieurs : Le marbre peut rehausser la beaut\u00e9 de vos espaces ext\u00e9rieurs, y compris les patios et les all\u00e9es.<\/li>\n<\/ul>\n<h3>Pourquoi choisir phonenix power stone :<\/h3>\n<ol>\n<li><strong>Qualit\u00e9 in\u00e9gal\u00e9e :<\/strong> Chez phonenix power stone, nous nous approvisionnons en marbre dans les meilleures carri\u00e8res, ce qui garantit \u00e0 nos clients une qualit\u00e9 irr\u00e9prochable.<\/li>\n<li><strong>Personnalisation :<\/strong> Nous savons que chaque projet est unique. Nous proposons des services de personnalisation pour adapter la plaque de marbre \u00e0 vos besoins sp\u00e9cifiques.<\/li>\n<li><strong>Prix comp\u00e9titifs :<\/strong> Nous proposons des prix comp\u00e9titifs sans compromis sur la qualit\u00e9, ce qui rend le luxe abordable.<\/li>\n<li><strong>Une port\u00e9e mondiale :<\/strong> Gr\u00e2ce \u00e0 notre r\u00e9seau \u00e9tendu et \u00e0 notre exp\u00e9rience, nous servons des clients dans le monde entier et fournissons des produits en marbre de qualit\u00e9 sup\u00e9rieure \u00e0 divers march\u00e9s.<\/li>\n<li><strong>Conseils d'experts :<\/strong> Notre \u00e9quipe d'experts est toujours pr\u00eate \u00e0 vous aider \u00e0 choisir le marbre qui convient \u00e0 votre projet et \u00e0 vous donner des conseils de pose.<\/li>\n<\/ol>\n<p>La dalle de marbre Blue Grey River est une pi\u00e8ce d'apparat qui ajoute un air de luxe et de sophistication \u00e0 n'importe quel espace. Que vous soyez un designer d'int\u00e9rieur, un architecte ou un propri\u00e9taire soucieux de la qualit\u00e9 et du style, nos dalles de marbre sont le choix id\u00e9al pour am\u00e9liorer votre projet. Alors, que vous r\u00e9noviez votre cuisine, am\u00e9lioriez votre salle de bain ou conceviez un superbe espace de vie ext\u00e9rieur, choisissez la dalle de marbre Blue Grey River de phonenix power stone pour faire de votre vision une r\u00e9alit\u00e9. Contactez-nous d\u00e8s aujourd'hui pour d\u00e9couvrir les possibilit\u00e9s infinies qu'offre cette pierre naturelle magnifique et intemporelle.<\/p>\n<\/div>","protected":false},"excerpt":{"rendered":"<p>Pr\u00e9sentation de la dalle de marbre Blue Grey River - \u00c9l\u00e9gance et beaut\u00e9 intemporelle Lorsqu'il s'agit d'ajouter de la sophistication et de la beaut\u00e9 intemporelle, la dalle de marbre Blue Grey River - \u00c9l\u00e9gance et beaut\u00e9 intemporelle - est la solution id\u00e9ale.<\/p>","protected":false},"featured_media":28148,"template":"","meta":[],"product_cat":[113],"product_tag":[],"_links":{"self":[{"href":"https:\/\/stone-phoenix.com\/fr\/wp-json\/wp\/v2\/product\/19718"}],"collection":[{"href":"https:\/\/stone-phoenix.com\/fr\/wp-json\/wp\/v2\/product"}],"about":[{"href":"https:\/\/stone-phoenix.com\/fr\/wp-json\/wp\/v2\/types\/product"}],"wp:featuredmedia":[{"embeddable":true,"href":"https:\/\/stone-phoenix.com\/fr\/wp-json\/wp\/v2\/media\/28148"}],"wp:attachment":[{"href":"https:\/\/stone-phoenix.com\/fr\/wp-json\/wp\/v2\/media?parent=19718"}],"wp:term":[{"taxonomy":"product_cat","embeddable":true,"href":"https:\/\/stone-phoenix.com\/fr\/wp-json\/wp\/v2\/product_cat?post=19718"},{"taxonomy":"product_tag","embeddable":true,"href":"https:\/\/stone-phoenix.com\/fr\/wp-json\/wp\/v2\/product_tag?post=19718"}],"curies":[{"name":"wp","href":"https:\/\/api.w.org\/{rel}","templated":true}]}}