{"id":19720,"date":"2023-12-15T11:44:22","date_gmt":"2023-12-15T03:44:22","guid":{"rendered":"http:\/\/stone-phoenix.com\/product\/brown-onyx-marble-slab"},"modified":"2024-04-15T12:39:47","modified_gmt":"2024-04-15T04:39:47","slug":"brown-onyx-marble-slab","status":"publish","type":"product","link":"https:\/\/stone-phoenix.com\/fr\/produit\/brown-onyx-marble-slab","title":{"rendered":"Plaque de marbre Onyx brun"},"content":{"rendered":"<div id=\"tab-description\" class=\"woocommerce-Tabs-panel woocommerce-Tabs-panel--description panel entry-content wc-tab\" role=\"tabpanel\" aria-labelledby=\"tab-title-description\">\n<div class=\"rll-youtube-player\" data-src=\"https:\/\/www.youtube.com\/embed\/qWd4CTyBLqU\" data-id=\"qWd4CTyBLqU\" data-query=\"si=2YKYBgLbNfdl_jrp\"><img loading=\"lazy\" decoding=\"async\" class=\"alignnone  wp-image-28160\" src=\"http:\/\/stone-phoenix.com\/wp-content\/uploads\/2023\/12\/Brown-Onyx-Marble-Slab-4-1.jpg\" alt=\"\" width=\"943\" height=\"641\" srcset=\"https:\/\/stone-phoenix.com\/wp-content\/uploads\/2023\/12\/Brown-Onyx-Marble-Slab-4-1.jpg 681w, https:\/\/stone-phoenix.com\/wp-content\/uploads\/2023\/12\/Brown-Onyx-Marble-Slab-4-1-300x204.jpg 300w, https:\/\/stone-phoenix.com\/wp-content\/uploads\/2023\/12\/Brown-Onyx-Marble-Slab-4-1-18x12.jpg 18w, https:\/\/stone-phoenix.com\/wp-content\/uploads\/2023\/12\/Brown-Onyx-Marble-Slab-4-1-600x408.jpg 600w, https:\/\/stone-phoenix.com\/wp-content\/uploads\/2023\/12\/Brown-Onyx-Marble-Slab-4-1-150x102.jpg 150w\" sizes=\"(max-width: 943px) 100vw, 943px\" \/><\/div>\n<h3>Pr\u00e9sentation de la dalle de marbre Brown Onyx par phonenix power stone - El\u00e9gance et \u00e9l\u00e9gance pour votre espace<\/h3>\n<p>Chez phonenix power stone, nous sommes fiers d'offrir des produits en pierre naturelle exquis qui sont l'incarnation de la beaut\u00e9 et de la sophistication. Notre plaque de marbre Brown Onyx ne fait pas exception \u00e0 la r\u00e8gle. Cette pierre luxueuse transformera n'importe quel espace en un havre d'\u00e9l\u00e9gance et de style.<\/p>\n<h3>D\u00e9couvrez la beaut\u00e9 du marbre brun onyx<\/h3>\n<p>Le marbre Brown Onyx est une pierre naturelle remarquable connue pour ses qualit\u00e9s translucides envo\u00fbtantes. Il pr\u00e9sente un m\u00e9lange complexe de tons bruns et de veines subtiles, faisant de chaque dalle une \u0153uvre d'art unique cr\u00e9\u00e9e par M\u00e8re Nature elle-m\u00eame. Cette pierre t\u00e9moigne de la fusion harmonieuse de la beaut\u00e9 organique et du design moderne.<\/p>\n<h3>D\u00e9couvrir les caract\u00e9ristiques de la dalle de marbre Onyx brun<\/h3>\n<ul>\n<li><strong>1. L'attrait esth\u00e9tique<\/strong>: La dalle de marbre Brown Onyx est r\u00e9put\u00e9e pour son attrait esth\u00e9tique in\u00e9gal\u00e9. Les teintes brunes chaudes et les veines complexes cr\u00e9ent un impact visuel \u00e9tonnant qui en fait un choix id\u00e9al pour diverses applications.<\/li>\n<li><strong>2. Translucidit\u00e9<\/strong>: L'une des caract\u00e9ristiques les plus s\u00e9duisantes du marbre Brown Onyx est sa translucidit\u00e9 partielle. Lorsqu'il est r\u00e9tro\u00e9clair\u00e9, il prend vie et rayonne d'une lumi\u00e8re douce et chaude qui ajoute une touche de luxe \u00e0 tout espace.<\/li>\n<li><strong>3. La polyvalence<\/strong>: Cette plaque de marbre est un choix polyvalent pour les projets r\u00e9sidentiels et commerciaux. Qu'il s'agisse d'un comptoir de cuisine luxueux, d'un meuble de salle de bain opulent ou d'un mur d'accent saisissant, la dalle de marbre Brown Onyx est le choix id\u00e9al pour se d\u00e9marquer.<\/li>\n<li><strong>4. Durabilit\u00e9<\/strong>: Au-del\u00e0 de son apparence \u00e9tonnante, le marbre brun onyx est un mat\u00e9riau durable. Correctement entretenu, il peut r\u00e9sister \u00e0 l'\u00e9preuve du temps et continuer \u00e0 exsuder sa beaut\u00e9 naturelle.<\/li>\n<li><strong>5. Facilit\u00e9 d'entretien<\/strong>: Notre dalle de marbre Brown Onyx n\u00e9cessite relativement peu d'entretien, ce qui en fait un choix pratique pour les propri\u00e9taires et les entreprises tr\u00e8s occup\u00e9s. Un nettoyage et un scellement r\u00e9guliers pr\u00e9serveront son apparence exquise.<\/li>\n<li><strong>6. Personnalisation<\/strong>: Chez phonenix power stone, nous comprenons que chaque projet est unique. C'est pourquoi nous proposons des options de personnalisation afin que la dalle de marbre Brown Onyx corresponde parfaitement \u00e0 votre vision du design.<\/li>\n<\/ul>\n<h3>Des applications infinies<\/h3>\n<p>L'\u00e9l\u00e9gance de la dalle de marbre Brown Onyx ne conna\u00eet pas de limites. Qu'il s'agisse de r\u00e9nover votre maison ou d'am\u00e9liorer un espace commercial, les possibilit\u00e9s sont infinies :<\/p>\n<ul>\n<li><strong>1. Comptoirs de cuisine<\/strong>: Transformez votre cuisine en un havre de paix culinaire gr\u00e2ce \u00e0 la beaut\u00e9 saisissante des comptoirs en marbre Brown Onyx.<\/li>\n<li><strong>2. Vanit\u00e9s de salle de bains<\/strong>: Faites de votre routine quotidienne une exp\u00e9rience luxueuse avec un meuble-lavabo en marbre Brown Onyx.<\/li>\n<li><strong>3. Caract\u00e9ristiques du r\u00e9tro\u00e9clairage<\/strong>: Utilisez la translucidit\u00e9 du marbre Brown Onyx pour cr\u00e9er des \u00e9l\u00e9ments r\u00e9tro\u00e9clair\u00e9s hypnotiques qui laisseront une impression durable.<\/li>\n<li><strong>4. Murs d'accent<\/strong>: \u00c9levez n'importe quelle pi\u00e8ce en utilisant les dalles de marbre Brown Onyx pour cr\u00e9er des murs d'accent captivants.<\/li>\n<li><strong>5. Comptoirs de bar<\/strong>: Pr\u00e9parez le terrain pour des soir\u00e9es m\u00e9morables avec vos amis et votre famille en installant un comptoir de bar en marbre Brown Onyx.<\/li>\n<li><strong>6. Plancher<\/strong>: D\u00e9couvrez la beaut\u00e9 intemporelle du marbre sous vos pieds avec le rev\u00eatement de sol en marbre Brown Onyx.<\/li>\n<\/ul>\n<h3>Pourquoi choisir phonenix power stone ?<\/h3>\n<p>phonenix power stone est votre partenaire de confiance pour les meilleurs produits en pierre naturelle. Voici pourquoi vous devriez nous choisir :<\/p>\n<ul>\n<li><strong>1. Assurance de la qualit\u00e9<\/strong>: Nous nous approvisionnons en marbre dans les meilleures carri\u00e8res, ce qui garantit une qualit\u00e9 optimale.<\/li>\n<li><strong>2. La personnalisation<\/strong>: Nous comprenons que votre projet est unique et nous vous proposons des solutions sur mesure pour r\u00e9pondre \u00e0 vos besoins sp\u00e9cifiques.<\/li>\n<li><strong>3. L'expertise<\/strong>: Avec des ann\u00e9es d'exp\u00e9rience dans le secteur, nous disposons de l'expertise n\u00e9cessaire pour vous guider \u00e0 chaque \u00e9tape du processus.<\/li>\n<li><strong>4. Satisfaction des clients<\/strong>: Notre engagement \u00e0 satisfaire nos clients nous pousse \u00e0 fournir des produits qui d\u00e9passent les attentes.<\/li>\n<\/ul>\n<p>\u00c9levez votre espace avec la beaut\u00e9 intemporelle de la dalle de marbre Brown Onyx de phonenix power stone. Contactez-nous d\u00e8s aujourd'hui pour discuter de votre projet, demander des \u00e9chantillons ou obtenir un devis. Laissez-nous vous aider \u00e0 transformer vos r\u00eaves de design en r\u00e9alit\u00e9.<\/p>\n<\/div>","protected":false},"excerpt":{"rendered":"<p>Introducing Brown Onyx Marble Slab by phonenix power stone \u2013 Elevate Your Space with Elegance At phonenix power stone, we<\/p>","protected":false},"featured_media":28156,"template":"","meta":[],"product_cat":[113],"product_tag":[],"_links":{"self":[{"href":"https:\/\/stone-phoenix.com\/fr\/wp-json\/wp\/v2\/product\/19720"}],"collection":[{"href":"https:\/\/stone-phoenix.com\/fr\/wp-json\/wp\/v2\/product"}],"about":[{"href":"https:\/\/stone-phoenix.com\/fr\/wp-json\/wp\/v2\/types\/product"}],"wp:featuredmedia":[{"embeddable":true,"href":"https:\/\/stone-phoenix.com\/fr\/wp-json\/wp\/v2\/media\/28156"}],"wp:attachment":[{"href":"https:\/\/stone-phoenix.com\/fr\/wp-json\/wp\/v2\/media?parent=19720"}],"wp:term":[{"taxonomy":"product_cat","embeddable":true,"href":"https:\/\/stone-phoenix.com\/fr\/wp-json\/wp\/v2\/product_cat?post=19720"},{"taxonomy":"product_tag","embeddable":true,"href":"https:\/\/stone-phoenix.com\/fr\/wp-json\/wp\/v2\/product_tag?post=19720"}],"curies":[{"name":"wp","href":"https:\/\/api.w.org\/{rel}","templated":true}]}}