{"id":19722,"date":"2023-12-15T11:44:27","date_gmt":"2023-12-15T03:44:27","guid":{"rendered":"http:\/\/stone-phoenix.com\/product\/china-dreaming-green-marble-slab"},"modified":"2024-04-15T12:50:27","modified_gmt":"2024-04-15T04:50:27","slug":"china-dreaming-green-marble-slab","status":"publish","type":"product","link":"https:\/\/stone-phoenix.com\/fr\/produit\/china-dreaming-green-marble-slab","title":{"rendered":"Dalle de marbre vert Dreaming de Chine"},"content":{"rendered":"<div id=\"tab-description\" class=\"woocommerce-Tabs-panel woocommerce-Tabs-panel--description panel entry-content wc-tab\" role=\"tabpanel\" aria-labelledby=\"tab-title-description\">\n<div class=\"rll-youtube-player\" data-src=\"https:\/\/www.youtube.com\/embed\/DR0qKaRTHJ0\" data-id=\"DR0qKaRTHJ0\" data-query=\"si=WUh95g-CYtCk6mP9\"><img loading=\"lazy\" decoding=\"async\" class=\"alignnone  wp-image-28162\" src=\"http:\/\/stone-phoenix.com\/wp-content\/uploads\/2023\/12\/China-Dreaming-Green-Marble-Slab-4.jpg\" alt=\"\" width=\"942\" height=\"700\" srcset=\"https:\/\/stone-phoenix.com\/wp-content\/uploads\/2023\/12\/China-Dreaming-Green-Marble-Slab-4.jpg 696w, https:\/\/stone-phoenix.com\/wp-content\/uploads\/2023\/12\/China-Dreaming-Green-Marble-Slab-4-300x223.jpg 300w, https:\/\/stone-phoenix.com\/wp-content\/uploads\/2023\/12\/China-Dreaming-Green-Marble-Slab-4-16x12.jpg 16w, https:\/\/stone-phoenix.com\/wp-content\/uploads\/2023\/12\/China-Dreaming-Green-Marble-Slab-4-600x446.jpg 600w, https:\/\/stone-phoenix.com\/wp-content\/uploads\/2023\/12\/China-Dreaming-Green-Marble-Slab-4-150x111.jpg 150w\" sizes=\"(max-width: 942px) 100vw, 942px\" \/><\/div>\n<div class=\"group w-full text-token-text-primary border-b border-black\/10 gizmo:border-0 dark:border-gray-900\/50 gizmo:dark:border-0 bg-gray-50 gizmo:bg-transparent dark:bg-[#444654] gizmo:dark:bg-transparent\" data-testid=\"conversation-turn-3\">\n<div class=\"p-4 gizmo:py-2 justify-center text-base md:gap-6 md:py-6 m-auto\">\n<div class=\"flex flex-1 gap-4 text-base mx-auto md:gap-6 gizmo:gap-3 gizmo:md:px-5 gizmo:lg:px-1 gizmo:xl:px-5 md:max-w-2xl lg:max-w-[38rem] gizmo:md:max-w-3xl gizmo:lg:max-w-[40rem] gizmo:xl:max-w-[48rem] xl:max-w-3xl }\">\n<div class=\"relative flex w-[calc(100%-50px)] flex-col gizmo:w-full lg:w-[calc(100%-115px)] agent-turn\">\n<div class=\"flex-col gap-1 md:gap-3\">\n<div class=\"flex flex-grow flex-col gap-3 max-w-full\">\n<div class=\"min-h-[20px] flex flex-col items-start gap-3 whitespace-pre-wrap break-words overflow-x-auto\" data-message-author-role=\"assistant\" data-message-id=\"bd969c90-90a9-4bb7-aae3-489a83b6b8f6\">\n<div class=\"markdown prose w-full break-words dark:prose-invert light\">\n<h3><strong>\u00c9levez vos espaces avec les dalles de marbre vert China Dreaming<\/strong><\/h3>\n<p>Chez phonenix power stone, nous sommes fiers de proposer des produits en pierre naturelle exquis qui peuvent transformer n'importe quel espace en chef-d'\u0153uvre. Notre plaque de marbre vert \"China Dreaming\" ne fait pas exception \u00e0 la r\u00e8gle. Cette vari\u00e9t\u00e9 de marbre captivante pr\u00e9sente une combinaison unique d'\u00e9l\u00e9gance et de sophistication, ce qui en fait un choix id\u00e9al pour un large \u00e9ventail d'applications.<\/p>\n<h3><strong>D\u00e9voiler le marbre vert Dreaming China<\/strong><\/h3>\n<p>Le marbre vert China Dreaming est une pierre naturelle caract\u00e9ristique extraite au c\u0153ur de la Chine. Il est r\u00e9put\u00e9 pour son attrait visuel frappant, avec un m\u00e9lange captivant de teintes vertes et blanches qui \u00e9voquent des sentiments de s\u00e9r\u00e9nit\u00e9 et d'opulence. Les veines vertes douces sur fond blanc cr\u00e9ent un sentiment d'harmonie, ce qui en fait un choix parfait pour les designs classiques et contemporains.<\/p>\n<h3><strong>Principales caract\u00e9ristiques des dalles de marbre vertes China Dreaming<\/strong><\/h3>\n<ul>\n<li><strong>\u00c9l\u00e9gance esth\u00e9tique :<\/strong> Le marbre vert China Dreaming est r\u00e9put\u00e9 pour son attrait esth\u00e9tique. Ses veines complexes et sa coloration captivante conf\u00e8rent un air de luxe \u00e0 tous les espaces qu'il habille.<\/li>\n<li><strong>Applications polyvalentes :<\/strong> Ces dalles de marbre conviennent \u00e0 un large \u00e9ventail d'applications, notamment les plans de travail de cuisine, les vanit\u00e9s de salle de bains, les rev\u00eatements de sol et de mur, ainsi que d'\u00e9l\u00e9gantes pi\u00e8ces d'accentuation.<\/li>\n<li><strong>Durable et de longue dur\u00e9e :<\/strong> En tant que pierre naturelle, le marbre vert China Dreaming est non seulement beau mais aussi durable. Avec un entretien appropri\u00e9, il peut conserver sa beaut\u00e9 pendant des ann\u00e9es.<\/li>\n<li><strong>Mod\u00e8les uniques :<\/strong> Chaque plaque de marbre vert China Dreaming est une \u0153uvre unique de la nature, avec des motifs distinctifs qui ajoutent du caract\u00e8re et du charme \u00e0 votre espace.<\/li>\n<li><strong>Entretien facile :<\/strong> Entretenir la beaut\u00e9 de ce marbre est un jeu d'enfant. Un nettoyage r\u00e9gulier \u00e0 l'aide d'un d\u00e9tergent doux et l'application d'un produit d'\u00e9tanch\u00e9it\u00e9 si n\u00e9cessaire permettront \u00e0 vos surfaces de conserver leur aspect impeccable.<\/li>\n<\/ul>\n<h3><strong>Applications-<\/strong>Le marbre vert China Dreaming est une pierre polyvalente qui peut mettre en valeur diff\u00e9rents espaces :<\/h3>\n<ol>\n<li><strong>Comptoirs de cuisine :<\/strong> Rehaussez l'esth\u00e9tique de votre cuisine avec un luxueux comptoir en marbre vert China Dreaming. Sa beaut\u00e9 naturelle et sa durabilit\u00e9 en font un mat\u00e9riau id\u00e9al pour les cr\u00e9ations culinaires.<\/li>\n<li><strong>Vanit\u00e9s de salle de bains :<\/strong> Cr\u00e9ez une oasis de s\u00e9r\u00e9nit\u00e9 et d'\u00e9l\u00e9gance dans votre salle de bains en incorporant ce marbre dans votre meuble.<\/li>\n<li><strong>Rev\u00eatement de sol :<\/strong> Faites preuve d'audace en installant un rev\u00eatement de sol en marbre vert China Dreaming dans vos espaces de vie. Le veinage unique captivera tous ceux qui y entreront.<\/li>\n<li><strong>Rev\u00eatement mural :<\/strong> Transformez vos murs en \u0153uvres d'art gr\u00e2ce \u00e0 l'\u00e9l\u00e9gance et \u00e0 l'attrait intemporel de ces plaques de marbre.<\/li>\n<li><strong>Pi\u00e8ces d'appoint :<\/strong> Rehaussez votre d\u00e9coration int\u00e9rieure avec des accents de marbre vert China Dreaming, tels que des contours de chemin\u00e9e ou des dessus de table.<\/li>\n<\/ol>\n<h3><strong>Pourquoi choisir phonenix power stone ?<\/strong><\/h3>\n<p>En tant que principal fournisseur de granit et de marbre en Chine, phonenix power stone se consacre \u00e0 la fourniture de produits en pierre naturelle de la plus haute qualit\u00e9. Notre engagement en faveur de l'excellence et de la satisfaction du client nous distingue :<\/p>\n<ul>\n<li><strong>Qualit\u00e9 sup\u00e9rieure :<\/strong> Nous nous approvisionnons en marbre dans les meilleures carri\u00e8res, ce qui garantit une qualit\u00e9 irr\u00e9prochable pour chaque plaque.<\/li>\n<li><strong>Personnalisation :<\/strong> Nous pouvons traiter le marbre vert China Dreaming en fonction de vos besoins sp\u00e9cifiques, afin de garantir une solution sur mesure pour votre projet.<\/li>\n<li><strong>Expertise :<\/strong> Avec des ann\u00e9es d'exp\u00e9rience dans l'industrie, notre \u00e9quipe d'experts peut vous guider \u00e0 travers le processus de s\u00e9lection et d'installation.<\/li>\n<li><strong>Prix comp\u00e9titifs :<\/strong> Nous proposons des prix comp\u00e9titifs pour que votre r\u00eave de marbre vert China Dreaming devienne r\u00e9alit\u00e9.<\/li>\n<\/ul>\n<h3><strong>Donner vie \u00e0 votre vision du design<\/strong><\/h3>\n<p>Les dalles de marbre vert Dreaming de phonenix power stone sont l'incarnation du luxe et du style. En choisissant cette pierre naturelle exquise, vous pouvez transformer votre espace r\u00e9sidentiel ou commercial en une \u0153uvre d'art. La beaut\u00e9 captivante, la durabilit\u00e9 et la polyvalence du marbre vert China Dreaming en font le choix id\u00e9al pour les particuliers et les designers exigeants qui cherchent \u00e0 cr\u00e9er des espaces refl\u00e9tant leur vision.<\/p>\n<h3><strong>Contactez-nous d\u00e8s aujourd'hui<\/strong><\/h3>\n<p>Pr\u00eat \u00e0 explorer les possibilit\u00e9s du marbre vert China Dreaming dans votre projet ? Contactez phonenix power stone, votre fournisseur de granit et de marbre de confiance en Chine, pour commencer. Nous sommes l\u00e0 pour vous aider \u00e0 transformer vos r\u00eaves de design en une r\u00e9alit\u00e9 \u00e9tonnante gr\u00e2ce \u00e0 l'\u00e9l\u00e9gance intemporelle du marbre vert China Dreaming.<\/p>\n<\/div>\n<\/div>\n<\/div>\n<div class=\"flex justify-between empty:hidden gizmo:justify-start gizmo:gap-3 lg:block gizmo:lg:flex\">\n<div class=\"text-gray-400 flex self-end lg:self-center justify-center gizmo:lg:justify-start mt-2 gizmo:mt-0 visible lg:gap-1 lg:absolute lg:top-0 lg:translate-x-full lg:right-0 lg:mt-0 lg:pl-2 gap-2 md:gap-3\">\n<div class=\"flex gap-1\"><\/div>\n<\/div>\n<\/div>\n<\/div>\n<\/div>\n<\/div>\n<\/div>\n<\/div>\n<\/div>","protected":false},"excerpt":{"rendered":"<p>Elevate Your Spaces with China Dreaming Green Marble Slabs At phonenix power stone, we take pride in offering exquisite natural<\/p>","protected":false},"featured_media":28163,"template":"","meta":[],"product_cat":[113],"product_tag":[],"_links":{"self":[{"href":"https:\/\/stone-phoenix.com\/fr\/wp-json\/wp\/v2\/product\/19722"}],"collection":[{"href":"https:\/\/stone-phoenix.com\/fr\/wp-json\/wp\/v2\/product"}],"about":[{"href":"https:\/\/stone-phoenix.com\/fr\/wp-json\/wp\/v2\/types\/product"}],"wp:featuredmedia":[{"embeddable":true,"href":"https:\/\/stone-phoenix.com\/fr\/wp-json\/wp\/v2\/media\/28163"}],"wp:attachment":[{"href":"https:\/\/stone-phoenix.com\/fr\/wp-json\/wp\/v2\/media?parent=19722"}],"wp:term":[{"taxonomy":"product_cat","embeddable":true,"href":"https:\/\/stone-phoenix.com\/fr\/wp-json\/wp\/v2\/product_cat?post=19722"},{"taxonomy":"product_tag","embeddable":true,"href":"https:\/\/stone-phoenix.com\/fr\/wp-json\/wp\/v2\/product_tag?post=19722"}],"curies":[{"name":"wp","href":"https:\/\/api.w.org\/{rel}","templated":true}]}}