{"id":19724,"date":"2023-12-15T11:44:31","date_gmt":"2023-12-15T03:44:31","guid":{"rendered":"http:\/\/stone-phoenix.com\/product\/china-portoro-marble-slab"},"modified":"2024-04-15T12:59:32","modified_gmt":"2024-04-15T04:59:32","slug":"china-portoro-marble-slab","status":"publish","type":"product","link":"https:\/\/stone-phoenix.com\/fr\/produit\/china-portoro-marble-slab","title":{"rendered":"Dalle de marbre Portoro de Chine"},"content":{"rendered":"<div id=\"tab-description\" class=\"woocommerce-Tabs-panel woocommerce-Tabs-panel--description panel entry-content wc-tab\" role=\"tabpanel\" aria-labelledby=\"tab-title-description\">\n<div class=\"rll-youtube-player\" data-src=\"https:\/\/www.youtube.com\/embed\/3ol5olp51Z4\" data-id=\"3ol5olp51Z4\" data-query=\"si=g0hYaKetVOTfLUHI\"><img loading=\"lazy\" decoding=\"async\" class=\"alignnone wp-image-28177\" src=\"http:\/\/stone-phoenix.com\/wp-content\/uploads\/2023\/12\/China-Portoro-Marble-Slab-5.jpg\" alt=\"\" width=\"956\" height=\"1195\" srcset=\"https:\/\/stone-phoenix.com\/wp-content\/uploads\/2023\/12\/China-Portoro-Marble-Slab-5.jpg 696w, https:\/\/stone-phoenix.com\/wp-content\/uploads\/2023\/12\/China-Portoro-Marble-Slab-5-240x300.jpg 240w, https:\/\/stone-phoenix.com\/wp-content\/uploads\/2023\/12\/China-Portoro-Marble-Slab-5-10x12.jpg 10w, https:\/\/stone-phoenix.com\/wp-content\/uploads\/2023\/12\/China-Portoro-Marble-Slab-5-600x750.jpg 600w, https:\/\/stone-phoenix.com\/wp-content\/uploads\/2023\/12\/China-Portoro-Marble-Slab-5-150x188.jpg 150w\" sizes=\"(max-width: 956px) 100vw, 956px\" \/><img loading=\"lazy\" decoding=\"async\" class=\"alignnone wp-image-28178\" src=\"http:\/\/stone-phoenix.com\/wp-content\/uploads\/2023\/12\/China-Portoro-Marble-Slab-9-1.jpg\" alt=\"\" width=\"955\" height=\"1287\" srcset=\"https:\/\/stone-phoenix.com\/wp-content\/uploads\/2023\/12\/China-Portoro-Marble-Slab-9-1.jpg 690w, https:\/\/stone-phoenix.com\/wp-content\/uploads\/2023\/12\/China-Portoro-Marble-Slab-9-1-223x300.jpg 223w, https:\/\/stone-phoenix.com\/wp-content\/uploads\/2023\/12\/China-Portoro-Marble-Slab-9-1-9x12.jpg 9w, https:\/\/stone-phoenix.com\/wp-content\/uploads\/2023\/12\/China-Portoro-Marble-Slab-9-1-600x809.jpg 600w, https:\/\/stone-phoenix.com\/wp-content\/uploads\/2023\/12\/China-Portoro-Marble-Slab-9-1-150x202.jpg 150w\" sizes=\"(max-width: 955px) 100vw, 955px\" \/><img loading=\"lazy\" decoding=\"async\" class=\"alignnone wp-image-28179\" src=\"http:\/\/stone-phoenix.com\/wp-content\/uploads\/2023\/12\/China-Portoro-Marble-Slab-6.jpg\" alt=\"\" width=\"954\" height=\"1200\" srcset=\"https:\/\/stone-phoenix.com\/wp-content\/uploads\/2023\/12\/China-Portoro-Marble-Slab-6.jpg 690w, https:\/\/stone-phoenix.com\/wp-content\/uploads\/2023\/12\/China-Portoro-Marble-Slab-6-238x300.jpg 238w, https:\/\/stone-phoenix.com\/wp-content\/uploads\/2023\/12\/China-Portoro-Marble-Slab-6-10x12.jpg 10w, https:\/\/stone-phoenix.com\/wp-content\/uploads\/2023\/12\/China-Portoro-Marble-Slab-6-600x755.jpg 600w, https:\/\/stone-phoenix.com\/wp-content\/uploads\/2023\/12\/China-Portoro-Marble-Slab-6-150x189.jpg 150w\" sizes=\"(max-width: 954px) 100vw, 954px\" \/><\/div>\n<div class=\"group w-full text-token-text-primary border-b border-black\/10 gizmo:border-0 dark:border-gray-900\/50 gizmo:dark:border-0 bg-gray-50 gizmo:bg-transparent dark:bg-[#444654] gizmo:dark:bg-transparent\" data-testid=\"conversation-turn-3\">\n<div class=\"p-4 gizmo:py-2 justify-center text-base md:gap-6 md:py-6 m-auto\">\n<div class=\"flex flex-1 gap-4 text-base mx-auto md:gap-6 gizmo:gap-3 gizmo:md:px-5 gizmo:lg:px-1 gizmo:xl:px-5 md:max-w-2xl lg:max-w-[38rem] gizmo:md:max-w-3xl gizmo:lg:max-w-[40rem] gizmo:xl:max-w-[48rem] xl:max-w-3xl }\">\n<div class=\"relative flex w-[calc(100%-50px)] flex-col gizmo:w-full lg:w-[calc(100%-115px)] agent-turn\">\n<div class=\"flex-col gap-1 md:gap-3\">\n<div class=\"flex flex-grow flex-col gap-3 max-w-full\">\n<div class=\"min-h-[20px] flex flex-col items-start gap-3 whitespace-pre-wrap break-words overflow-x-auto\" data-message-author-role=\"assistant\" data-message-id=\"b0ebd21c-20ca-4a64-9dcb-256cc1d0d360\">\n<div class=\"markdown prose w-full break-words dark:prose-invert light\">\n<h3><strong>Pr\u00e9sentation de la dalle de marbre Portoro de Chine : L'\u00e9l\u00e9gance intemporelle rencontre la beaut\u00e9 naturelle<\/strong><\/h3>\n<p>Chez phonenix power stone, nous sommes fiers de vous offrir la meilleure s\u00e9lection de pierres naturelles exquises, et notre dalle de marbre Portoro de Chine ne fait pas exception. R\u00e9put\u00e9 pour son \u00e9l\u00e9gance intemporelle et son esth\u00e9tique saisissante, le marbre Portoro de Chine est un v\u00e9ritable chef-d'\u0153uvre de la nature, fa\u00e7onn\u00e9 au cours de millions d'ann\u00e9es. Dans cette description de produit, nous allons explorer la beaut\u00e9 in\u00e9gal\u00e9e et la polyvalence du marbre Portoro de Chine, en vous fournissant des informations qui inspireront votre prochain projet.<\/p>\n<h3><strong>R\u00e9v\u00e9ler la beaut\u00e9 de la dalle de marbre Portoro de Chine :<\/strong><\/h3>\n<ul>\n<li><strong>\u00c9l\u00e9gant veinage noir et or<\/strong>: Le marbre Portoro de Chine est c\u00e9l\u00e8bre pour sa combinaison frappante de noir profond et de veines dor\u00e9es luxueuses, qui rappelle l'opulence de l'Orient. Ce contraste dramatique ajoute une touche de grandeur \u00e0 n'importe quel espace, ce qui en fait un choix parfait pour ceux qui recherchent la sophistication et le luxe dans leurs int\u00e9rieurs.<\/li>\n<li><strong>Origine naturelle<\/strong>: Extrait du c\u0153ur de la Chine, le marbre Portoro est un produit de l'art de la nature. Ses veines uniques et complexes t\u00e9moignent des processus g\u00e9ologiques qui ont cr\u00e9\u00e9 cette pierre remarquable, garantissant que chaque dalle est unique.<\/li>\n<li><strong>Applications polyvalentes<\/strong>: La polyvalence du marbre Portoro de Chine ne conna\u00eet pas de limites. Qu'il s'agisse de luxueux plans de travail de cuisine, d'opulentes vanit\u00e9s de salle de bains, de caract\u00e9ristiques murales remarquables ou de sols impressionnants, ce marbre peut rehausser la beaut\u00e9 et l'\u00e9l\u00e9gance de n'importe quel espace. C'est \u00e9galement un choix id\u00e9al pour cr\u00e9er des accents captivants dans les conceptions architecturales.<\/li>\n<li><strong>Durabilit\u00e9 et long\u00e9vit\u00e9<\/strong>: Au-del\u00e0 de son attrait esth\u00e9tique, la dalle de marbre Portoro de Chine b\u00e9n\u00e9ficie d'une durabilit\u00e9 exceptionnelle, ce qui lui permet de r\u00e9sister \u00e0 l'\u00e9preuve du temps. Correctement entretenue, elle peut conserver son aspect exquis pendant des g\u00e9n\u00e9rations, ce qui en fait un investissement judicieux pour vos projets.<\/li>\n<\/ul>\n<h3><strong>Pourquoi choisir phonenix power stone pour vos besoins en marbre Portoro de Chine :<\/strong><\/h3>\n<ul>\n<li><strong>Assurance qualit\u00e9<\/strong>: Chez phonenix power stone, nous nous engageons \u00e0 ne fournir \u00e0 nos clients que des produits en pierre naturelle de la plus haute qualit\u00e9. Nos dalles de marbre Portoro de Chine sont soigneusement s\u00e9lectionn\u00e9es et inspect\u00e9es pour s'assurer qu'elles r\u00e9pondent \u00e0 nos normes de qualit\u00e9 rigoureuses.<\/li>\n<li><strong>Personnalisation<\/strong>: Nous savons que chaque projet est unique. C'est pourquoi nous proposons des services de personnalisation qui vous permettent de sp\u00e9cifier les dimensions et les finitions qui r\u00e9pondent le mieux \u00e0 vos besoins. Que vous ayez besoin d'une finition polie, adoucie ou en cuir, nous pouvons r\u00e9pondre \u00e0 vos pr\u00e9f\u00e9rences.<\/li>\n<li><strong>Prix comp\u00e9titifs<\/strong>: Nous pensons que le luxe doit \u00eatre accessible \u00e0 tous. phonenix power stone propose des prix comp\u00e9titifs sans compromettre la qualit\u00e9 de nos dalles de marbre Portoro. Nous travaillons directement avec les carri\u00e8res et utilisons une gestion efficace de la cha\u00eene d'approvisionnement pour r\u00e9percuter les \u00e9conomies sur nos clients.<\/li>\n<li><strong>Pratiques respectueuses de l'environnement<\/strong>: Nous nous engageons en faveur du d\u00e9veloppement durable et d'un approvisionnement responsable. Notre marbre Portoro de Chine est obtenu gr\u00e2ce \u00e0 des pratiques \u00e9thiques et respectueuses de l'environnement, ce qui vous permet de profiter de la beaut\u00e9 de cette pierre naturelle en toute bonne conscience.<\/li>\n<\/ul>\n<h3><strong>Votre imagination, notre expertise :<\/strong><\/h3>\n<p>Avec les dalles de marbre Portoro de phonenix power stone, les possibilit\u00e9s sont illimit\u00e9es. Transformez votre vision en r\u00e9alit\u00e9 en int\u00e9grant la beaut\u00e9 intemporelle du marbre Portoro dans votre prochain projet. Que vous soyez un architecte, un d\u00e9corateur d'int\u00e9rieur ou un propri\u00e9taire soucieux de l'esth\u00e9tique, nos dalles de marbre sont la toile de votre cr\u00e9ativit\u00e9.<\/p>\n<h3><strong>Conclusion :<\/strong><\/h3>\n<p>La dalle de marbre Portoro de Chine est plus qu'un simple mat\u00e9riau de construction ; c'est une \u0153uvre d'art qui peut \u00e9lever n'importe quel espace \u00e0 un nouveau niveau de sophistication. Chez phonenix power stone, nous nous engageons \u00e0 fournir \u00e0 nos clients la meilleure qualit\u00e9, la meilleure personnalisation et le meilleur rapport qualit\u00e9-prix. Choisissez le marbre Portoro de Chine pour votre prochain projet et laissez la beaut\u00e9 naturelle de cette pierre exquise transformer votre espace en un chef-d'\u0153uvre.<\/p>\n<h3><strong>Contactez-nous d\u00e8s aujourd'hui :<\/strong><\/h3>\n<p>Pr\u00eat \u00e0 int\u00e9grer l'\u00e9l\u00e9gance du marbre Portoro de Chine dans votre projet ? Contactez phonenix power stone d\u00e8s aujourd'hui, et notre \u00e9quipe d'experts vous aidera \u00e0 s\u00e9lectionner la dalle parfaite pour r\u00e9pondre \u00e0 vos besoins. \u00c9levez votre design avec le marbre Portoro de Chine - un chef-d'\u0153uvre intemporel issu de la nature elle-m\u00eame.<\/p>\n<\/div>\n<\/div>\n<\/div>\n<div class=\"flex justify-between empty:hidden gizmo:justify-start gizmo:gap-3 lg:block gizmo:lg:flex\">\n<div class=\"text-gray-400 flex self-end lg:self-center justify-center gizmo:lg:justify-start mt-2 gizmo:mt-0 visible lg:gap-1 lg:absolute lg:top-0 lg:translate-x-full lg:right-0 lg:mt-0 lg:pl-2 gap-2 md:gap-3\">\n<div class=\"flex gap-1\"><\/div>\n<\/div>\n<\/div>\n<\/div>\n<\/div>\n<\/div>\n<\/div>\n<\/div>\n<\/div>","protected":false},"excerpt":{"rendered":"<p>Introducing China Portoro Marble Slab: Timeless Elegance Meets Natural Beauty At phonenix power stone, we take pride in offering you<\/p>","protected":false},"featured_media":28169,"template":"","meta":[],"product_cat":[113],"product_tag":[],"_links":{"self":[{"href":"https:\/\/stone-phoenix.com\/fr\/wp-json\/wp\/v2\/product\/19724"}],"collection":[{"href":"https:\/\/stone-phoenix.com\/fr\/wp-json\/wp\/v2\/product"}],"about":[{"href":"https:\/\/stone-phoenix.com\/fr\/wp-json\/wp\/v2\/types\/product"}],"wp:featuredmedia":[{"embeddable":true,"href":"https:\/\/stone-phoenix.com\/fr\/wp-json\/wp\/v2\/media\/28169"}],"wp:attachment":[{"href":"https:\/\/stone-phoenix.com\/fr\/wp-json\/wp\/v2\/media?parent=19724"}],"wp:term":[{"taxonomy":"product_cat","embeddable":true,"href":"https:\/\/stone-phoenix.com\/fr\/wp-json\/wp\/v2\/product_cat?post=19724"},{"taxonomy":"product_tag","embeddable":true,"href":"https:\/\/stone-phoenix.com\/fr\/wp-json\/wp\/v2\/product_tag?post=19724"}],"curies":[{"name":"wp","href":"https:\/\/api.w.org\/{rel}","templated":true}]}}