{"id":19726,"date":"2023-12-15T11:44:35","date_gmt":"2023-12-15T03:44:35","guid":{"rendered":"http:\/\/stone-phoenix.com\/product\/china-white-marble-slab"},"modified":"2024-04-15T13:17:41","modified_gmt":"2024-04-15T05:17:41","slug":"china-white-marble-slab","status":"publish","type":"product","link":"https:\/\/stone-phoenix.com\/fr\/produit\/china-white-marble-slab","title":{"rendered":"Dalle de marbre blanc de Chine"},"content":{"rendered":"<div id=\"tab-description\" class=\"woocommerce-Tabs-panel woocommerce-Tabs-panel--description panel entry-content wc-tab\" role=\"tabpanel\" aria-labelledby=\"tab-title-description\">\n<div class=\"rll-youtube-player\" data-src=\"https:\/\/www.youtube.com\/embed\/BDg6J8nGEJg\" data-id=\"BDg6J8nGEJg\" data-query=\"si=Sp_DutKYDksa2TS3\"><img loading=\"lazy\" decoding=\"async\" class=\"alignnone  wp-image-28183\" src=\"http:\/\/stone-phoenix.com\/wp-content\/uploads\/2023\/12\/China-White-Marble-Slab-3.jpg\" alt=\"\" width=\"964\" height=\"1081\" srcset=\"https:\/\/stone-phoenix.com\/wp-content\/uploads\/2023\/12\/China-White-Marble-Slab-3.jpg 624w, https:\/\/stone-phoenix.com\/wp-content\/uploads\/2023\/12\/China-White-Marble-Slab-3-267x300.jpg 267w, https:\/\/stone-phoenix.com\/wp-content\/uploads\/2023\/12\/China-White-Marble-Slab-3-11x12.jpg 11w, https:\/\/stone-phoenix.com\/wp-content\/uploads\/2023\/12\/China-White-Marble-Slab-3-600x673.jpg 600w, https:\/\/stone-phoenix.com\/wp-content\/uploads\/2023\/12\/China-White-Marble-Slab-3-150x168.jpg 150w\" sizes=\"(max-width: 964px) 100vw, 964px\" \/><\/div>\n<h3>Pr\u00e9sentation de la dalle de marbre blanc de Chine exquise de phonenix power stone<\/h3>\n<p>Rehaussez vos espaces int\u00e9rieurs avec la beaut\u00e9 intemporelle et l'\u00e9l\u00e9gance in\u00e9gal\u00e9e de la dalle de marbre blanc de Chine de phonenix power stone. M\u00e9ticuleusement fabriqu\u00e9es \u00e0 partir de marbre de premi\u00e8re qualit\u00e9 provenant directement du c\u0153ur de la Chine, nos dalles de marbre t\u00e9moignent de l'art de la nature et de l'engagement de phonenix power stone \u00e0 l'\u00e9gard de l'excellence.<\/p>\n<h3><strong>Caract\u00e9ristiques principales :<\/strong><\/h3>\n<ul>\n<li><em>1. Puret\u00e9 immacul\u00e9e :<\/em> Notre dalle de marbre blanc de Chine est d'un blanc immacul\u00e9 et d\u00e9gage une impression de puret\u00e9 et de sophistication. Le veinage subtil ajoute de la profondeur et du caract\u00e8re, faisant de chaque dalle un chef-d'\u0153uvre unique. Ce marbre est un choix parfait pour ceux qui recherchent une esth\u00e9tique luxueuse et immacul\u00e9e dans leurs espaces.<\/li>\n<li><em>2. Une qualit\u00e9 d'ex\u00e9cution sup\u00e9rieure :<\/em> phonenix power stone est fier de son savoir-faire in\u00e9gal\u00e9. Nos artisans qualifi\u00e9s traitent m\u00e9ticuleusement chaque dalle, en veillant \u00e0 la pr\u00e9cision de la coupe, du polissage et de la finition. Le r\u00e9sultat est une surface impeccable qui met en valeur la beaut\u00e9 inh\u00e9rente du marbre blanc de Chine, ce qui en fait un choix id\u00e9al pour diverses applications.<\/li>\n<li><em>3. Polyvalence de l'application :<\/em> Que vous souhaitiez redessiner vos plans de travail de cuisine, vos vanit\u00e9s de salle de bain ou cr\u00e9er un superbe mur d'accent, notre dalle de marbre blanc de Chine constitue une solution polyvalente. Son attrait intemporel s'int\u00e8gre parfaitement aux sch\u00e9mas de conception contemporains et classiques, ajoutant une touche de sophistication \u00e0 n'importe quel espace.<\/li>\n<li><em>4. Durabilit\u00e9 et long\u00e9vit\u00e9 :<\/em> Le marbre est r\u00e9put\u00e9 pour sa durabilit\u00e9, et nos dalles de marbre blanc de Chine ne font pas exception \u00e0 la r\u00e8gle. R\u00e9sistantes \u00e0 la chaleur, aux rayures et \u00e0 l'humidit\u00e9, ces dalles sont con\u00e7ues pour r\u00e9sister \u00e0 l'\u00e9preuve du temps, garantissant que votre investissement reste une source de beaut\u00e9 et de fonctionnalit\u00e9 pour les ann\u00e9es \u00e0 venir.<\/li>\n<li><em>5. Approvisionnement durable :<\/em> Chez phonenix power stone, nous nous engageons \u00e0 adopter des pratiques d'approvisionnement responsables et durables. Notre marbre blanc de Chine est extrait de mani\u00e8re \u00e9thique, dans le respect des normes environnementales les plus strictes. En choisissant nos dalles de marbre, vous contribuez \u00e0 une approche durable et \u00e9cologique de l'approvisionnement en pierre.<\/li>\n<li><em>6. Int\u00e9gration transparente :<\/em> Les tons neutres de notre plaque de marbre blanc de Chine s'int\u00e8grent parfaitement \u00e0 une vari\u00e9t\u00e9 de palettes de couleurs, permettant une coordination facile avec votre d\u00e9cor existant. Que vous pr\u00e9f\u00e9riez une esth\u00e9tique minimaliste ou un design plus \u00e9labor\u00e9, ce marbre constitue une toile de fond parfaite pour votre vision cr\u00e9ative.<\/li>\n<\/ul>\n<h3><strong>Conclusion :<\/strong><\/h3>\n<p>La dalle de marbre China White de phonenix power stone est plus qu'un simple mat\u00e9riau de construction, c'est une d\u00e9claration de sophistication et de style durable. \u00c9levez vos espaces gr\u00e2ce \u00e0 la beaut\u00e9 immacul\u00e9e de ce marbre et laissez son \u00e9l\u00e9gance intemporelle devenir le point central de votre d\u00e9coration d'int\u00e9rieur. Choisissez phonenix power stone pour une qualit\u00e9 sans compromis, un savoir-faire sup\u00e9rieur et un engagement en faveur du d\u00e9veloppement durable. Transformez vos espaces gr\u00e2ce \u00e0 la beaut\u00e9 durable de notre dalle de marbre blanc de Chine - o\u00f9 le chef-d'\u0153uvre de la nature rencontre le savoir-faire de phonenix power stone. Am\u00e9liorez votre environnement d\u00e8s aujourd'hui !<\/p>\n<\/div>","protected":false},"excerpt":{"rendered":"<p>Introducing phonenix power stone\u2019s Exquisite China White Marble Slab Elevate your interior spaces with the timeless beauty and unparalleled elegance<\/p>","protected":false},"featured_media":28180,"template":"","meta":[],"product_cat":[113],"product_tag":[],"_links":{"self":[{"href":"https:\/\/stone-phoenix.com\/fr\/wp-json\/wp\/v2\/product\/19726"}],"collection":[{"href":"https:\/\/stone-phoenix.com\/fr\/wp-json\/wp\/v2\/product"}],"about":[{"href":"https:\/\/stone-phoenix.com\/fr\/wp-json\/wp\/v2\/types\/product"}],"wp:featuredmedia":[{"embeddable":true,"href":"https:\/\/stone-phoenix.com\/fr\/wp-json\/wp\/v2\/media\/28180"}],"wp:attachment":[{"href":"https:\/\/stone-phoenix.com\/fr\/wp-json\/wp\/v2\/media?parent=19726"}],"wp:term":[{"taxonomy":"product_cat","embeddable":true,"href":"https:\/\/stone-phoenix.com\/fr\/wp-json\/wp\/v2\/product_cat?post=19726"},{"taxonomy":"product_tag","embeddable":true,"href":"https:\/\/stone-phoenix.com\/fr\/wp-json\/wp\/v2\/product_tag?post=19726"}],"curies":[{"name":"wp","href":"https:\/\/api.w.org\/{rel}","templated":true}]}}