{"id":19728,"date":"2023-12-15T11:44:40","date_gmt":"2023-12-15T03:44:40","guid":{"rendered":"http:\/\/stone-phoenix.com\/product\/chinese-ariston-white-marble-slab"},"modified":"2024-04-15T13:27:20","modified_gmt":"2024-04-15T05:27:20","slug":"chinese-ariston-white-marble-slab","status":"publish","type":"product","link":"https:\/\/stone-phoenix.com\/fr\/produit\/chinese-ariston-white-marble-slab","title":{"rendered":"Dalle de marbre blanc Ariston de Chine"},"content":{"rendered":"<div id=\"tab-description\" class=\"woocommerce-Tabs-panel woocommerce-Tabs-panel--description panel entry-content wc-tab\" role=\"tabpanel\" aria-labelledby=\"tab-title-description\">\n<div class=\"rll-youtube-player\" data-src=\"https:\/\/www.youtube.com\/embed\/yAuPHuKhkUE\" data-id=\"yAuPHuKhkUE\" data-query=\"si=1E7Ew_Jj84w_couU\"><img loading=\"lazy\" decoding=\"async\" class=\"alignnone  wp-image-28184\" src=\"http:\/\/stone-phoenix.com\/wp-content\/uploads\/2023\/12\/Chinese-Ariston-White-Marble-Slab-6.jpg\" alt=\"\" width=\"954\" height=\"707\" srcset=\"https:\/\/stone-phoenix.com\/wp-content\/uploads\/2023\/12\/Chinese-Ariston-White-Marble-Slab-6.jpg 696w, https:\/\/stone-phoenix.com\/wp-content\/uploads\/2023\/12\/Chinese-Ariston-White-Marble-Slab-6-300x222.jpg 300w, https:\/\/stone-phoenix.com\/wp-content\/uploads\/2023\/12\/Chinese-Ariston-White-Marble-Slab-6-16x12.jpg 16w, https:\/\/stone-phoenix.com\/wp-content\/uploads\/2023\/12\/Chinese-Ariston-White-Marble-Slab-6-600x445.jpg 600w, https:\/\/stone-phoenix.com\/wp-content\/uploads\/2023\/12\/Chinese-Ariston-White-Marble-Slab-6-150x111.jpg 150w\" sizes=\"(max-width: 954px) 100vw, 954px\" \/><\/div>\n<h3><strong>Dalle de marbre blanc chinois Ariston : L'\u00e9l\u00e9gance au service de l'espace<\/strong><\/h3>\n<p>Chez phonenix power stone, nous sommes tr\u00e8s fiers de vous pr\u00e9senter notre exquise dalle de marbre blanc Ariston de Chine. Fabriqu\u00e9e dans les meilleures carri\u00e8res de marbre de Chine, cette pierre naturelle immacul\u00e9e exsude une beaut\u00e9 et une sophistication intemporelles. Que vous soyez architecte, designer d'int\u00e9rieur ou propri\u00e9taire d'une maison avec un go\u00fbt prononc\u00e9 pour le luxe, notre dalle de marbre blanc Ariston de Chine est le choix parfait pour \u00e9lever votre espace \u00e0 un niveau d'\u00e9l\u00e9gance sup\u00e9rieur.<\/p>\n<h3><strong>Pourquoi choisir la dalle de marbre blanc Ariston de Chine ?<\/strong><\/h3>\n<p>Le marbre blanc chinois Ariston, \u00e9galement connu sous le nom de marbre blanc chinois de Carrare, est r\u00e9put\u00e9 pour sa qualit\u00e9 exceptionnelle et son esth\u00e9tique \u00e9poustouflante. Voici pourquoi vous devriez l'envisager pour votre prochain projet :<\/p>\n<ul>\n<li><strong>1. L'\u00e9l\u00e9gance intemporelle :<\/strong> Le fond blanc doux et cr\u00e9meux avec des veines grises d\u00e9licates cr\u00e9e un look classique et \u00e9l\u00e9gant qui transcende les tendances du design. Il s'int\u00e8gre aussi bien dans les int\u00e9rieurs traditionnels que modernes, ajoutant une touche de beaut\u00e9 intemporelle \u00e0 tout espace.<\/li>\n<li><strong>2. Durabilit\u00e9 :<\/strong> Le marbre blanc chinois Ariston est tr\u00e8s durable et peut r\u00e9sister \u00e0 l'\u00e9preuve du temps. Il r\u00e9siste \u00e0 l'usure, ce qui en fait un choix id\u00e9al pour les zones tr\u00e8s fr\u00e9quent\u00e9es.<\/li>\n<li><strong>3. Polyvalence :<\/strong> Qu'il s'agisse d'un luxueux comptoir de cuisine, d'un superbe meuble de salle de bains ou d'un rev\u00eatement de sol captivant, notre dalle de marbre blanc chinois Ariston est un choix polyvalent qui convient \u00e0 de nombreuses applications.<\/li>\n<li><strong>4. Beaut\u00e9 naturelle :<\/strong> Chaque dalle est une \u0153uvre d'art unique cr\u00e9\u00e9e par M\u00e8re Nature elle-m\u00eame. Il n'y a pas deux dalles identiques, ce qui garantit que votre projet aura une beaut\u00e9 organique unique.<\/li>\n<li><strong>5. Entretien facile :<\/strong> Avec le marbre blanc chinois Ariston, il est facile de conserver un espace impeccable. Un nettoyage et un scellement r\u00e9guliers permettront de conserver son \u00e9clat pendant des ann\u00e9es.<\/li>\n<li><strong>Applications de la dalle de marbre blanc Ariston de Chine<\/strong><\/li>\n<li>Notre dalle de marbre blanc Ariston de Chine est parfaite pour une large gamme d'applications :<\/li>\n<li><strong>1. Comptoirs de cuisine :<\/strong> Rehaussez l'esth\u00e9tique de votre cuisine avec un superbe comptoir en marbre blanc qui sera le point central de votre havre de paix culinaire.<\/li>\n<li><strong>2. Vanit\u00e9s de salle de bains :<\/strong> Cr\u00e9ez une ambiance de spa dans votre salle de bains gr\u00e2ce \u00e0 l'\u00e9l\u00e9gance pure du marbre blanc chinois Ariston.<\/li>\n<li><strong>3. Rev\u00eatements de sol :<\/strong> Transformez vos sols en \u0153uvre d'art avec de magnifiques carreaux de marbre qui respirent le luxe.<\/li>\n<li><strong>4. Rev\u00eatement mural :<\/strong> Recouvrez vos murs de la beaut\u00e9 intemporelle du marbre blanc chinois Ariston pour cr\u00e9er un design audacieux.<\/li>\n<li><strong>5. Entourages de chemin\u00e9es :<\/strong> Donnez \u00e0 votre espace de vie une atmosph\u00e8re chaleureuse et sophistiqu\u00e9e avec une chemin\u00e9e en marbre.<\/li>\n<li><strong>6. Escaliers :<\/strong> Ajoutez une touche d'opulence \u00e0 votre maison ou \u00e0 votre espace commercial avec des escaliers rev\u00eatus de marbre.<\/li>\n<li><strong>7. Mod\u00e8les personnalis\u00e9s :<\/strong> Si vous avez un projet unique en t\u00eate, nos artisans qualifi\u00e9s peuvent couper et fa\u00e7onner le marbre selon vos sp\u00e9cifications pr\u00e9cises.<\/li>\n<\/ul>\n<h3><strong>Pourquoi choisir phonenix power stone pour vos besoins en marbre ?<\/strong><\/h3>\n<p>phonenix power stone s'est impos\u00e9 comme l'un des principaux fournisseurs de produits en pierre naturelle, notamment de dalles de marbre blanc Ariston de Chine. Voici pourquoi nous sommes le meilleur choix pour vos besoins en marbre :<\/p>\n<ul>\n<li><strong>1. S\u00e9lection de haute qualit\u00e9 :<\/strong> Nous nous approvisionnons en marbre directement aupr\u00e8s de carri\u00e8res en Chine, ce qui vous garantit une pierre de la plus haute qualit\u00e9.<\/li>\n<li><strong>2. Prix comp\u00e9titifs :<\/strong> Nous proposons des prix comp\u00e9titifs sans faire de compromis sur la qualit\u00e9, rendant le luxe accessible \u00e0 tous.<\/li>\n<li><strong>3. Expertise et exp\u00e9rience :<\/strong> Forte de plusieurs dizaines d'ann\u00e9es d'exp\u00e9rience, notre \u00e9quipe est bien \u00e9quip\u00e9e pour vous fournir des conseils d'experts et vous guider dans le processus de s\u00e9lection.<\/li>\n<li><strong>4. Coupe de pr\u00e9cision :<\/strong> Notre technologie de pointe en mati\u00e8re de d\u00e9coupe et de fa\u00e7onnage garantit que vos plaques de marbre sont adapt\u00e9es \u00e0 vos sp\u00e9cifications exactes.<\/li>\n<li><strong>5. Exp\u00e9dition dans le monde entier :<\/strong> O\u00f9 que vous soyez, nous pouvons exp\u00e9dier nos dalles de marbre blanc Ariston de Chine, vous garantissant ainsi l'acc\u00e8s aux mat\u00e9riaux les plus nobles.<\/li>\n<\/ul>\n<h3><strong>Transformez votre espace avec le marbre blanc chinois Ariston<\/strong><\/h3>\n<p>\u00c9levez votre espace avec l'\u00e9l\u00e9gance et la beaut\u00e9 intemporelles de la dalle de marbre blanc Ariston de phonenix power stone. Que vous conceviez un projet r\u00e9sidentiel ou un espace commercial, nos dalles de marbre ajouteront une touche de luxe et de sophistication in\u00e9gal\u00e9e. Contactez-nous d\u00e8s aujourd'hui pour discuter de votre projet, demander un devis et faire le premier pas vers la transformation de votre espace avec le meilleur marbre blanc Ariston de Chine disponible.<\/p>\n<\/div>","protected":false},"excerpt":{"rendered":"<p>Chinese Ariston White Marble Slab: Elevate Your Space with Elegance At phonenix power stone, we take immense pride in introducing<\/p>","protected":false},"featured_media":28186,"template":"","meta":[],"product_cat":[113],"product_tag":[],"_links":{"self":[{"href":"https:\/\/stone-phoenix.com\/fr\/wp-json\/wp\/v2\/product\/19728"}],"collection":[{"href":"https:\/\/stone-phoenix.com\/fr\/wp-json\/wp\/v2\/product"}],"about":[{"href":"https:\/\/stone-phoenix.com\/fr\/wp-json\/wp\/v2\/types\/product"}],"wp:featuredmedia":[{"embeddable":true,"href":"https:\/\/stone-phoenix.com\/fr\/wp-json\/wp\/v2\/media\/28186"}],"wp:attachment":[{"href":"https:\/\/stone-phoenix.com\/fr\/wp-json\/wp\/v2\/media?parent=19728"}],"wp:term":[{"taxonomy":"product_cat","embeddable":true,"href":"https:\/\/stone-phoenix.com\/fr\/wp-json\/wp\/v2\/product_cat?post=19728"},{"taxonomy":"product_tag","embeddable":true,"href":"https:\/\/stone-phoenix.com\/fr\/wp-json\/wp\/v2\/product_tag?post=19728"}],"curies":[{"name":"wp","href":"https:\/\/api.w.org\/{rel}","templated":true}]}}