{"id":19730,"date":"2023-12-15T11:44:44","date_gmt":"2023-12-15T03:44:44","guid":{"rendered":"http:\/\/stone-phoenix.com\/product\/chinese-crystal-wooden-marble-slab"},"modified":"2024-04-15T13:50:42","modified_gmt":"2024-04-15T05:50:42","slug":"chinese-crystal-wooden-marble-slab","status":"publish","type":"product","link":"https:\/\/stone-phoenix.com\/fr\/produit\/chinese-crystal-wooden-marble-slab","title":{"rendered":"Plaque de marbre chinois en bois et cristal"},"content":{"rendered":"<div id=\"tab-description\" class=\"woocommerce-Tabs-panel woocommerce-Tabs-panel--description panel entry-content wc-tab\" role=\"tabpanel\" aria-labelledby=\"tab-title-description\">\n<div class=\"rll-youtube-player\" data-src=\"https:\/\/www.youtube.com\/embed\/nsUNvT6Ekp0\" data-id=\"nsUNvT6Ekp0\" data-query=\"si=t2GD-IWji9pLmzJg\"><img loading=\"lazy\" decoding=\"async\" class=\"alignnone  wp-image-28196\" src=\"http:\/\/stone-phoenix.com\/wp-content\/uploads\/2023\/12\/Chinese-Crystal-Wooden-Marble-Slab-4.jpg\" alt=\"\" width=\"948\" height=\"1282\" srcset=\"https:\/\/stone-phoenix.com\/wp-content\/uploads\/2023\/12\/Chinese-Crystal-Wooden-Marble-Slab-4.jpg 672w, https:\/\/stone-phoenix.com\/wp-content\/uploads\/2023\/12\/Chinese-Crystal-Wooden-Marble-Slab-4-222x300.jpg 222w, https:\/\/stone-phoenix.com\/wp-content\/uploads\/2023\/12\/Chinese-Crystal-Wooden-Marble-Slab-4-9x12.jpg 9w, https:\/\/stone-phoenix.com\/wp-content\/uploads\/2023\/12\/Chinese-Crystal-Wooden-Marble-Slab-4-600x812.jpg 600w, https:\/\/stone-phoenix.com\/wp-content\/uploads\/2023\/12\/Chinese-Crystal-Wooden-Marble-Slab-4-150x203.jpg 150w\" sizes=\"(max-width: 948px) 100vw, 948px\" \/><img loading=\"lazy\" decoding=\"async\" class=\"alignnone  wp-image-28190\" src=\"http:\/\/stone-phoenix.com\/wp-content\/uploads\/2023\/12\/Chinese-Crystal-Wooden-Marble-Slab-1.jpg\" alt=\"\" width=\"986\" height=\"644\" srcset=\"https:\/\/stone-phoenix.com\/wp-content\/uploads\/2023\/12\/Chinese-Crystal-Wooden-Marble-Slab-1.jpg 700w, https:\/\/stone-phoenix.com\/wp-content\/uploads\/2023\/12\/Chinese-Crystal-Wooden-Marble-Slab-1-300x196.jpg 300w, https:\/\/stone-phoenix.com\/wp-content\/uploads\/2023\/12\/Chinese-Crystal-Wooden-Marble-Slab-1-18x12.jpg 18w, https:\/\/stone-phoenix.com\/wp-content\/uploads\/2023\/12\/Chinese-Crystal-Wooden-Marble-Slab-1-600x392.jpg 600w, https:\/\/stone-phoenix.com\/wp-content\/uploads\/2023\/12\/Chinese-Crystal-Wooden-Marble-Slab-1-150x98.jpg 150w\" sizes=\"(max-width: 986px) 100vw, 986px\" \/><\/div>\n<h3>Plaque de marbre chinois en bois et cristal<\/h3>\n<p>Chez phonenix power stone, nous sommes fiers d'offrir une s\u00e9lection \u00e9tonnante de produits en pierre naturelle qui peuvent transformer vos espaces de vie en \u0153uvres d'art. L'un des joyaux de notre collection est l'exquise dalle de marbre chinois en bois et cristal. Cette vari\u00e9t\u00e9 de marbre exquis est v\u00e9n\u00e9r\u00e9e pour ses motifs uniques, sa durabilit\u00e9 et son \u00e9l\u00e9gance intemporelle, ce qui en fait un choix recherch\u00e9 pour les applications int\u00e9rieures et ext\u00e9rieures.<\/p>\n<h3><strong>R\u00e9v\u00e9ler la beaut\u00e9 du cristal chinois et du marbre en bois :<\/strong><\/h3>\n<p>Le marbre chinois Crystal Wooden, \u00e9galement connu sous le nom de \"\u6728\u7eb9\u6c34\u6676\" en chinois, est une pierre naturelle captivante qui allie sans effort beaut\u00e9 et solidit\u00e9. Elle doit son nom aux veinures bois\u00e9es qui s'\u00e9tendent gracieusement sur sa surface, cr\u00e9ant une atmosph\u00e8re chaleureuse et accueillante partout o\u00f9 elle est utilis\u00e9e.<\/p>\n<h3><strong>Caract\u00e9ristiques principales de la plaque de marbre chinois en bois et en cristal :<\/strong><\/h3>\n<ul>\n<li><em>1. Veinage captivant :<\/em> La caract\u00e9ristique principale du marbre chinois Crystal Wooden est son motif de veinage complexe qui ressemble aux grains d\u00e9licats du bois. Ces motifs varient d'une dalle \u00e0 l'autre, ce qui fait que votre installation est unique en son genre.<\/li>\n<li><em>2. L'\u00e9l\u00e9gance intemporelle :<\/em> Le marbre chinois en bois et cristal est d'une \u00e9l\u00e9gance intemporelle. Son aspect classique ajoute une touche de sophistication \u00e0 tout espace, ce qui en fait un choix id\u00e9al pour les designs traditionnels et contemporains.<\/li>\n<li><em>3. Durabilit\u00e9 :<\/em>* Cette vari\u00e9t\u00e9 de marbre n'est pas seulement esth\u00e9tique, elle est aussi incroyablement durable. Il peut r\u00e9sister \u00e0 l'\u00e9preuve du temps, ce qui le rend adapt\u00e9 aux zones tr\u00e8s fr\u00e9quent\u00e9es telles que les cuisines, les salles de bains et les salons.<\/li>\n<li><em>4. Polyvalence :<\/em> Le marbre chinois Crystal Wooden Marble convient \u00e0 un large \u00e9ventail d'applications, notamment les sols, les rev\u00eatements muraux, les plans de travail et m\u00eame le pavage ext\u00e9rieur. Sa polyvalence vous permet d'apporter sa beaut\u00e9 unique \u00e0 n'importe quelle partie de votre maison ou de votre espace commercial.<\/li>\n<li><em>5. Authenticit\u00e9 naturelle :<\/em> En tant que pierre naturelle, chaque dalle de marbre chinois en bois cristallin raconte une histoire vieille de plusieurs millions d'ann\u00e9es. L'authenticit\u00e9 naturelle de ce marbre ajoute de la profondeur et du caract\u00e8re \u00e0 vos int\u00e9rieurs.<\/li>\n<\/ul>\n<h3><strong>Des possibilit\u00e9s de conception infinies :<\/strong><\/h3>\n<p>La polyvalence du marbre chinois en bois et en cristal ouvre la voie \u00e0 d'innombrables possibilit\u00e9s de conception. Voici quelques id\u00e9es pour stimuler votre imagination :<\/p>\n<ul>\n<li><strong>Comptoirs de cuisine :<\/strong> Am\u00e9liorez votre cuisine avec de superbes plans de travail en marbre chinois de cristal et de bois, qui ne sont pas seulement magnifiques, mais qui r\u00e9sistent aussi aux rigueurs de la cuisine quotidienne.<\/li>\n<li><strong>El\u00e9gance de la salle de bains :<\/strong> Cr\u00e9ez une atmosph\u00e8re de spa dans votre salle de bains en utilisant le marbre chinois Crystal Wooden pour les plans de travail et les entourages de douche.<\/li>\n<li><strong>Salon de luxe :<\/strong> Transformez votre salon en un lieu de retraite sophistiqu\u00e9 gr\u00e2ce \u00e0 un mur d'agr\u00e9ment en marbre ou \u00e0 un entourage de chemin\u00e9e en marbre chinois Crystal Wooden.<\/li>\n<li><strong>Beaut\u00e9 en plein air :<\/strong> La beaut\u00e9 de ce marbre ne se limite pas \u00e0 vos int\u00e9rieurs. Utilisez-le pour les patios ext\u00e9rieurs, les all\u00e9es et les zones de piscine afin de laisser une impression durable.<\/li>\n<\/ul>\n<h3><strong>Pourquoi choisir phonenix power stone :<\/strong><\/h3>\n<p>phonenix power stone est votre partenaire de confiance pour les dalles de marbre chinois en bois et en cristal de premi\u00e8re qualit\u00e9. En nous choisissant, vous b\u00e9n\u00e9ficiez de :<\/p>\n<ul>\n<li><strong>Assurance qualit\u00e9 :<\/strong> Nous nous approvisionnons en marbre aupr\u00e8s de carri\u00e8res r\u00e9put\u00e9es, ce qui vous garantit une qualit\u00e9 irr\u00e9prochable \u00e0 chaque achat.<\/li>\n<li><strong>Personnalisation :<\/strong> Nous savons que chaque projet est unique. Notre \u00e9quipe est pr\u00eate \u00e0 traiter les dalles de marbre chinois en bois et en cristal en fonction de vos exigences sp\u00e9cifiques, afin de garantir une adaptation parfaite \u00e0 votre projet.<\/li>\n<li><strong>Conseils d'experts :<\/strong> Notre \u00e9quipe comp\u00e9tente est l\u00e0 pour vous aider \u00e0 chaque \u00e9tape, du choix de la bonne dalle aux conseils d'installation.<\/li>\n<li><strong>Prix comp\u00e9titifs :<\/strong> Nous proposons des prix comp\u00e9titifs, ce qui vous permet d'ajouter une touche de luxe \u00e0 votre espace sans vous ruiner.<\/li>\n<\/ul>\n<h3><strong>Prenez contact avec nous :<\/strong><\/h3>\n<p>Si vous \u00eates pr\u00eat \u00e0 rehausser votre design avec la beaut\u00e9 du Chinese Crystal Wooden Marble, n'h\u00e9sitez pas \u00e0 prendre contact avec phonenix power stone. Nous sommes l\u00e0 pour vous aider \u00e0 transformer vos r\u00eaves de design en r\u00e9alit\u00e9. Contactez-nous d\u00e8s aujourd'hui pour explorer les possibilit\u00e9s infinies de cette remarquable pierre naturelle.<\/p>\n<\/div>","protected":false},"excerpt":{"rendered":"<p>Introducing Chinese Crystal Wooden Marble Slab At phonenix power stone, we take pride in offering a stunning selection of natural<\/p>","protected":false},"featured_media":28190,"template":"","meta":[],"product_cat":[113],"product_tag":[],"_links":{"self":[{"href":"https:\/\/stone-phoenix.com\/fr\/wp-json\/wp\/v2\/product\/19730"}],"collection":[{"href":"https:\/\/stone-phoenix.com\/fr\/wp-json\/wp\/v2\/product"}],"about":[{"href":"https:\/\/stone-phoenix.com\/fr\/wp-json\/wp\/v2\/types\/product"}],"wp:featuredmedia":[{"embeddable":true,"href":"https:\/\/stone-phoenix.com\/fr\/wp-json\/wp\/v2\/media\/28190"}],"wp:attachment":[{"href":"https:\/\/stone-phoenix.com\/fr\/wp-json\/wp\/v2\/media?parent=19730"}],"wp:term":[{"taxonomy":"product_cat","embeddable":true,"href":"https:\/\/stone-phoenix.com\/fr\/wp-json\/wp\/v2\/product_cat?post=19730"},{"taxonomy":"product_tag","embeddable":true,"href":"https:\/\/stone-phoenix.com\/fr\/wp-json\/wp\/v2\/product_tag?post=19730"}],"curies":[{"name":"wp","href":"https:\/\/api.w.org\/{rel}","templated":true}]}}