{"id":19732,"date":"2023-12-15T11:44:48","date_gmt":"2023-12-15T03:44:48","guid":{"rendered":"http:\/\/stone-phoenix.com\/product\/chinese-green-white-marble"},"modified":"2024-04-15T14:02:41","modified_gmt":"2024-04-15T06:02:41","slug":"chinese-green-white-marble","status":"publish","type":"product","link":"https:\/\/stone-phoenix.com\/fr\/produit\/chinese-green-white-marble","title":{"rendered":"Marbre chinois vert et blanc"},"content":{"rendered":"<div id=\"tab-description\" class=\"woocommerce-Tabs-panel woocommerce-Tabs-panel--description panel entry-content wc-tab\" role=\"tabpanel\" aria-labelledby=\"tab-title-description\">\n<div class=\"rll-youtube-player\" data-src=\"https:\/\/www.youtube.com\/embed\/NsGvm7ETn1M\" data-id=\"NsGvm7ETn1M\" data-query=\"si=b0LOKgYaVWJ9hv1t\"><\/div>\n<h3><img loading=\"lazy\" decoding=\"async\" class=\"alignnone wp-image-28202\" src=\"http:\/\/stone-phoenix.com\/wp-content\/uploads\/2023\/12\/Chinese-green-white-Marble-4.jpg\" alt=\"\" width=\"958\" height=\"1029\" srcset=\"https:\/\/stone-phoenix.com\/wp-content\/uploads\/2023\/12\/Chinese-green-white-Marble-4.jpg 676w, https:\/\/stone-phoenix.com\/wp-content\/uploads\/2023\/12\/Chinese-green-white-Marble-4-279x300.jpg 279w, https:\/\/stone-phoenix.com\/wp-content\/uploads\/2023\/12\/Chinese-green-white-Marble-4-11x12.jpg 11w, https:\/\/stone-phoenix.com\/wp-content\/uploads\/2023\/12\/Chinese-green-white-Marble-4-600x644.jpg 600w, https:\/\/stone-phoenix.com\/wp-content\/uploads\/2023\/12\/Chinese-green-white-Marble-4-150x161.jpg 150w\" sizes=\"(max-width: 958px) 100vw, 958px\" \/><img loading=\"lazy\" decoding=\"async\" class=\"alignnone wp-image-28204\" src=\"http:\/\/stone-phoenix.com\/wp-content\/uploads\/2023\/12\/Chinese-green-white-Marble-1-1.jpg\" alt=\"\" width=\"973\" height=\"672\" srcset=\"https:\/\/stone-phoenix.com\/wp-content\/uploads\/2023\/12\/Chinese-green-white-Marble-1-1.jpg 675w, https:\/\/stone-phoenix.com\/wp-content\/uploads\/2023\/12\/Chinese-green-white-Marble-1-1-300x207.jpg 300w, https:\/\/stone-phoenix.com\/wp-content\/uploads\/2023\/12\/Chinese-green-white-Marble-1-1-18x12.jpg 18w, https:\/\/stone-phoenix.com\/wp-content\/uploads\/2023\/12\/Chinese-green-white-Marble-1-1-600x414.jpg 600w, https:\/\/stone-phoenix.com\/wp-content\/uploads\/2023\/12\/Chinese-green-white-Marble-1-1-150x104.jpg 150w\" sizes=\"(max-width: 973px) 100vw, 973px\" \/>Pr\u00e9sentation du marbre blanc vert chinois exquis de phonenix power stone<\/h3>\n<p>Chez phonenix power stone, nous sommes tr\u00e8s fiers de pr\u00e9senter notre marbre blanc vert de Chine de premi\u00e8re qualit\u00e9, un choix intemporel et exquis pour ceux qui recherchent l'\u00e9quilibre parfait entre la beaut\u00e9 naturelle et une durabilit\u00e9 in\u00e9gal\u00e9e. Notre marbre blanc vert de Chine provient directement des riches carri\u00e8res de Chine, o\u00f9 des si\u00e8cles de transformations g\u00e9ologiques ont transform\u00e9 ces pierres uniques en \u0153uvres d'art.<\/p>\n<h3><strong>Caract\u00e9ristiques principales :<\/strong><\/h3>\n<ol>\n<li><strong>\u00c9l\u00e9gance naturelle<\/strong>: Le marbre vert blanc de Chine est d'une \u00e9l\u00e9gance naturelle et d'une sophistication difficile \u00e0 \u00e9galer. Son fond blanc doux avec des veines vertes complexes ajoute une touche de luxe \u00e0 n'importe quel espace, ce qui en fait un choix id\u00e9al pour les conceptions modernes et traditionnelles.<\/li>\n<li><strong>Durabilit\u00e9<\/strong>: Notre marbre blanc vert de Chine est r\u00e9put\u00e9 pour sa durabilit\u00e9. Il peut r\u00e9sister \u00e0 l'\u00e9preuve du temps, ce qui en fait un excellent choix pour les zones tr\u00e8s fr\u00e9quent\u00e9es, telles que les comptoirs de cuisine et les sols.<\/li>\n<li><strong>Polyvalence<\/strong>: Que vous souhaitiez embellir l'int\u00e9rieur ou l'ext\u00e9rieur de votre maison, ce marbre est incroyablement polyvalent. Il peut \u00eatre utilis\u00e9 pour les comptoirs, les plans de toilette, les sols, les rev\u00eatements muraux et m\u00eame les accents d\u00e9coratifs tels que les entourages de chemin\u00e9e.<\/li>\n<li><strong>Personnalisation<\/strong>: Chez phonenix power stone, nous savons que chaque projet est unique. C'est pourquoi nous proposons des solutions sur mesure, vous permettant de choisir l'\u00e9paisseur, la finition et la taille qui conviennent le mieux \u00e0 vos besoins sp\u00e9cifiques.<\/li>\n<li><strong>Un attrait intemporel<\/strong>: Le marbre vert blanc de Chine transcende les tendances en mati\u00e8re de design, offrant un attrait intemporel qui ajoute une valeur durable \u00e0 votre propri\u00e9t\u00e9. Ce marbre t\u00e9moigne de l'art de la nature, ce qui en fait un choix durable et ind\u00e9modable.<\/li>\n<\/ol>\n<h3><strong>L'origine :<\/strong><\/h3>\n<p>Notre marbre vert et blanc de Chine est extrait au c\u0153ur des abondantes r\u00e9serves de pierres naturelles de la Chine. Ces carri\u00e8res sont connues pour produire certains des marbres les plus exquis au monde, et les conditions g\u00e9ologiques uniques de la r\u00e9gion sont \u00e0 l'origine de la coloration verte et blanche distinctive de cette pierre.<\/p>\n<h3><strong>Applications :<\/strong><\/h3>\n<p>Les applications du marbre vert blanc de Chine ne sont limit\u00e9es que par votre imagination. Voici quelques id\u00e9es :<\/p>\n<ul>\n<li><strong>Comptoirs de cuisine<\/strong>: L'\u00e9l\u00e9gance naturelle et la durabilit\u00e9 de ce marbre en font un choix populaire pour les comptoirs de cuisine. Il r\u00e9siste \u00e0 la chaleur et aux taches, ce qui le rend id\u00e9al pour les amateurs de cuisine.<\/li>\n<li><strong>Vanit\u00e9s de salle de bains<\/strong>: Am\u00e9liorez l'esth\u00e9tique de votre salle de bains avec le marbre vert blanc de Chine. Sa beaut\u00e9 et sa r\u00e9sistance en font un choix id\u00e9al pour les meubles-lavabos et les lavabos.<\/li>\n<li><strong>Rev\u00eatements de sol<\/strong>: Cr\u00e9ez une atmosph\u00e8re luxueuse et accueillante dans votre maison avec un rev\u00eatement de sol en marbre. Les tons verts et blancs de ce marbre s'int\u00e8grent parfaitement \u00e0 diff\u00e9rents th\u00e8mes de d\u00e9coration.<\/li>\n<li><strong>Rev\u00eatement mural<\/strong>: Mettez en valeur les murs de vos espaces de vie avec ce marbre exquis. Ses veines complexes ajoutent de la profondeur et du caract\u00e8re \u00e0 n'importe quelle pi\u00e8ce.<\/li>\n<li><strong>Entourages de chemin\u00e9e<\/strong>: L'habillage de chemin\u00e9e en marbre vert et blanc de Chine fait sensation. Il devient le point central de la pi\u00e8ce, d\u00e9gageant \u00e9l\u00e9gance et charme.<\/li>\n<\/ul>\n<h3><strong>Options de personnalisation :<\/strong><\/h3>\n<p>Nous comprenons que chaque projet est unique et nous offrons une gamme d'options de personnalisation pour garantir la r\u00e9alisation de votre vision. Vous pouvez choisir l'\u00e9paisseur des dalles, la finition (adoucie, polie ou en cuir) et la taille qui correspond le mieux \u00e0 vos besoins.<\/p>\n<h3><strong>Durabilit\u00e9 :<\/strong><\/h3>\n<p>phonenix power stone s'engage \u00e0 respecter des pratiques responsables en mati\u00e8re d'exploitation de carri\u00e8res et d'approvisionnement. Nous donnons la priorit\u00e9 \u00e0 la durabilit\u00e9 en minimisant l'impact sur l'environnement et en soutenant les communaut\u00e9s locales. Notre marbre blanc vert de Chine provient de sources \u00e9thiques et nous sommes fiers de contribuer \u00e0 un avenir plus vert.<\/p>\n<h3><strong>Pourquoi choisir phonenix power stone :<\/strong><\/h3>\n<p>En choisissant phonenix power stone comme fournisseur de marbre vert blanc chinois, vous b\u00e9n\u00e9ficiez des avantages suivants :<\/p>\n<ul>\n<li><strong>Assurance qualit\u00e9<\/strong>: Notre engagement en faveur de la qualit\u00e9 est in\u00e9branlable. Nous veillons \u00e0 ce que chaque dalle que nous fournissons soit de la plus haute qualit\u00e9.<\/li>\n<li><strong>Conseils d'experts<\/strong>: Notre \u00e9quipe d'experts est pr\u00eate \u00e0 vous assister \u00e0 chaque \u00e9tape de votre projet, de la s\u00e9lection \u00e0 l'installation.<\/li>\n<li><strong>Prix comp\u00e9titifs<\/strong>: Nous proposons des prix comp\u00e9titifs, ce qui vous permet d'obtenir une valeur exceptionnelle pour votre investissement.<\/li>\n<li><strong>Livraison dans les d\u00e9lais<\/strong>: Nous comprenons l'importance du respect des d\u00e9lais des projets et nous nous effor\u00e7ons de livrer votre commande \u00e0 temps.<\/li>\n<\/ul>\n<h3>En r\u00e9sum\u00e9<\/h3>\n<p>Le marbre blanc vert chinois de phonenix power stone est l'incarnation parfaite de l'art de la nature. Sa beaut\u00e9 intemporelle, sa durabilit\u00e9 et sa polyvalence en font un choix judicieux pour tout projet int\u00e9rieur ou ext\u00e9rieur. Gr\u00e2ce \u00e0 nos options de personnalisation et \u00e0 notre engagement en faveur du d\u00e9veloppement durable, nous sommes votre partenaire de confiance pour transformer vos r\u00eaves de design en r\u00e9alit\u00e9. Contactez-nous d\u00e8s aujourd'hui pour explorer les possibilit\u00e9s infinies du marbre vert blanc chinois et d\u00e9couvrir la diff\u00e9rence phonenix power stone.<\/p>\n<\/div>","protected":false},"excerpt":{"rendered":"<p>Introducing phonenix power stone\u2019s Exquisite Chinese Green White Marble At phonenix power stone, we take immense pride in presenting our<\/p>","protected":false},"featured_media":28198,"template":"","meta":[],"product_cat":[113],"product_tag":[],"_links":{"self":[{"href":"https:\/\/stone-phoenix.com\/fr\/wp-json\/wp\/v2\/product\/19732"}],"collection":[{"href":"https:\/\/stone-phoenix.com\/fr\/wp-json\/wp\/v2\/product"}],"about":[{"href":"https:\/\/stone-phoenix.com\/fr\/wp-json\/wp\/v2\/types\/product"}],"wp:featuredmedia":[{"embeddable":true,"href":"https:\/\/stone-phoenix.com\/fr\/wp-json\/wp\/v2\/media\/28198"}],"wp:attachment":[{"href":"https:\/\/stone-phoenix.com\/fr\/wp-json\/wp\/v2\/media?parent=19732"}],"wp:term":[{"taxonomy":"product_cat","embeddable":true,"href":"https:\/\/stone-phoenix.com\/fr\/wp-json\/wp\/v2\/product_cat?post=19732"},{"taxonomy":"product_tag","embeddable":true,"href":"https:\/\/stone-phoenix.com\/fr\/wp-json\/wp\/v2\/product_tag?post=19732"}],"curies":[{"name":"wp","href":"https:\/\/api.w.org\/{rel}","templated":true}]}}