{"id":19736,"date":"2023-12-15T11:44:57","date_gmt":"2023-12-15T03:44:57","guid":{"rendered":"http:\/\/stone-phoenix.com\/product\/coffee-wood-marble-slab"},"modified":"2024-04-15T14:32:53","modified_gmt":"2024-04-15T06:32:53","slug":"coffee-wood-marble-slab","status":"publish","type":"product","link":"https:\/\/stone-phoenix.com\/fr\/produit\/coffee-wood-marble-slab","title":{"rendered":"Caf\u00e9 Bois Dalle de Marbre"},"content":{"rendered":"<div id=\"tab-description\" class=\"woocommerce-Tabs-panel woocommerce-Tabs-panel--description panel entry-content wc-tab\" role=\"tabpanel\" aria-labelledby=\"tab-title-description\">\n<div class=\"rll-youtube-player\" data-src=\"https:\/\/www.youtube.com\/embed\/IcouxdwxXNc\" data-id=\"IcouxdwxXNc\" data-query=\"si=BGdMHSx1egoQr33R\"><img loading=\"lazy\" decoding=\"async\" class=\"alignnone  wp-image-28219\" src=\"http:\/\/stone-phoenix.com\/wp-content\/uploads\/2023\/12\/Coffee-Wood-Marble-Slab-5.jpg\" alt=\"\" width=\"956\" height=\"1186\" srcset=\"https:\/\/stone-phoenix.com\/wp-content\/uploads\/2023\/12\/Coffee-Wood-Marble-Slab-5.jpg 694w, https:\/\/stone-phoenix.com\/wp-content\/uploads\/2023\/12\/Coffee-Wood-Marble-Slab-5-242x300.jpg 242w, https:\/\/stone-phoenix.com\/wp-content\/uploads\/2023\/12\/Coffee-Wood-Marble-Slab-5-10x12.jpg 10w, https:\/\/stone-phoenix.com\/wp-content\/uploads\/2023\/12\/Coffee-Wood-Marble-Slab-5-600x744.jpg 600w, https:\/\/stone-phoenix.com\/wp-content\/uploads\/2023\/12\/Coffee-Wood-Marble-Slab-5-150x186.jpg 150w\" sizes=\"(max-width: 956px) 100vw, 956px\" \/><\/div>\n<h3><strong>Faites l'exp\u00e9rience de l'\u00e9l\u00e9gance avec les dalles de marbre Coffee Wood<\/strong><\/h3>\n<p>Si vous recherchez le m\u00e9lange parfait de beaut\u00e9 naturelle et de sophistication intemporelle pour votre projet de d\u00e9coration int\u00e9rieure, phonenix power stone a la solution id\u00e9ale : Les dalles de marbre Coffee Wood. En tant que fournisseur de granit et de marbre de confiance en Chine, nous sommes fiers de fournir des mat\u00e9riaux de qualit\u00e9 sup\u00e9rieure qui peuvent \u00eatre personnalis\u00e9s pour r\u00e9pondre \u00e0 vos besoins sp\u00e9cifiques.<\/p>\n<h3><strong>D\u00e9voiler le marbre en bois de caf\u00e9 : Le summum de l'\u00e9l\u00e9gance<\/strong><\/h3>\n<p>Le marbre Coffee Wood est une pierre naturelle luxueuse r\u00e9put\u00e9e pour son aspect chaleureux et accueillant. Il s'agit d'un riche m\u00e9lange de teintes marron fonc\u00e9 et cr\u00e8me, avec des veines complexes qui rappellent les cercles des caf\u00e9iers. Ce marbre exquis ajoute une touche d'opulence \u00e0 n'importe quel espace, ce qui en fait un choix id\u00e9al pour ceux qui appr\u00e9cient les belles choses de la vie.<\/p>\n<h3><strong>Pourquoi choisir les dalles de marbre Coffee Wood ?<\/strong><\/h3>\n<ol>\n<li><strong>\u00c9l\u00e9gance et esth\u00e9tique<\/strong>: Le marbre Coffee Wood Marble respire la sophistication et l'\u00e9l\u00e9gance. Son veinage distinctif et sa palette de couleurs chaudes en font une pi\u00e8ce de choix dans n'importe quel environnement, qu'il s'agisse d'un comptoir de cuisine, d'un meuble de salle de bains ou d'un rev\u00eatement de sol.<\/li>\n<li><strong>Durabilit\u00e9<\/strong>: Le marbre est connu pour sa durabilit\u00e9 et sa long\u00e9vit\u00e9. Le marbre Coffee Wood ne fait pas exception \u00e0 la r\u00e8gle. S'il est correctement entretenu, il peut r\u00e9sister \u00e0 l'\u00e9preuve du temps et continuer \u00e0 \u00eatre \u00e9blouissant.<\/li>\n<li><strong>Polyvalence<\/strong>: Ces plaques de marbre sont incroyablement polyvalentes. Vous pouvez les utiliser dans diverses applications, des surfaces de cuisine et de salle de bains aux entourages de chemin\u00e9e et aux murs d'accentuation.<\/li>\n<li><strong>Personnalisation<\/strong>: Chez phonenix power stone, nous comprenons que chaque projet est unique. Nous proposons des solutions personnalis\u00e9es pour que vos dalles de marbre Coffee Wood r\u00e9pondent \u00e0 vos exigences sp\u00e9cifiques.<\/li>\n<\/ol>\n<h3><strong>Possibilit\u00e9s infinies avec le caf\u00e9, le bois et le marbre<\/strong><\/h3>\n<ul>\n<li><strong>Comptoirs de cuisine<\/strong>: \u00c9levez votre cuisine gr\u00e2ce \u00e0 la beaut\u00e9 in\u00e9gal\u00e9e du marbre Coffee Wood. Sa chaleur naturelle et son \u00e9l\u00e9gance transformeront votre espace de cuisine en un v\u00e9ritable paradis culinaire.<\/li>\n<li><strong>Vanit\u00e9s de salle de bains<\/strong>: Les meubles-lavabos en marbre Coffee Wood font sensation dans votre salle de bains. La surface lisse et luxueuse ajoute une touche d'opulence et de sophistication \u00e0 votre quotidien.<\/li>\n<li><strong>Rev\u00eatements de sol<\/strong>: Cr\u00e9ez une impression durable en utilisant le marbre Coffee Wood pour votre rev\u00eatement de sol. Son aspect unique permettra \u00e0 votre espace de se d\u00e9marquer et de rester dans les m\u00e9moires.<\/li>\n<li><strong>Entourages de chemin\u00e9e<\/strong>: Transformez votre salon ou votre salle de s\u00e9jour avec un habillage de chemin\u00e9e en marbre Coffee Wood. La richesse des couleurs et des veines fera de votre chemin\u00e9e une v\u00e9ritable \u0153uvre d'art.<\/li>\n<li><strong>Murs d'accent<\/strong>: Donnez \u00e0 votre espace un point focal avec le marbre Coffee Wood comme mur d'accent. Sa beaut\u00e9 naturelle attirera le regard et cr\u00e9era un impact visuel \u00e9poustouflant.<\/li>\n<\/ul>\n<h3><strong>Options de personnalisation<\/strong><\/h3>\n<p>Chez phonenix power stone, nous sommes fiers de notre capacit\u00e9 \u00e0 personnaliser les dalles de marbre Coffee Wood pour qu'elles correspondent \u00e0 votre vision unique. Que vous ayez des exigences sp\u00e9cifiques en mati\u00e8re de dimensions, de profils de bord ou de finitions de surface, notre \u00e9quipe d'artisans qualifi\u00e9s donnera vie \u00e0 votre projet. Nous comprenons que chaque projet est diff\u00e9rent, et nous sommes l\u00e0 pour assurer votre enti\u00e8re satisfaction.<\/p>\n<h3><strong>Entretenir la beaut\u00e9 du marbre en bois de caf\u00e9<\/strong><\/h3>\n<p>Pour pr\u00e9server l'attrait du marbre Coffee Wood, il est essentiel de l'entretenir r\u00e9guli\u00e8rement. En scellant votre surface de marbre et en la nettoyant avec des produits doux au pH neutre, vous lui conserverez son \u00e9clat pendant des ann\u00e9es.<\/p>\n<h3><strong>Pourquoi choisir phonenix power stone comme fournisseur de marbre ?<\/strong><\/h3>\n<ol>\n<li><strong>Assurance qualit\u00e9<\/strong>: Nous nous approvisionnons en marbre Coffee Wood dans les meilleures carri\u00e8res, ce qui garantit une qualit\u00e9 optimale.<\/li>\n<li><strong>Un savoir-faire d'expert<\/strong>: Nos artisans qualifi\u00e9s ont des ann\u00e9es d'exp\u00e9rience dans le traitement et la personnalisation du marbre \u00e0 la perfection.<\/li>\n<li><strong>Approche centr\u00e9e sur le client<\/strong>: Votre satisfaction est notre priorit\u00e9. Nous travaillons en \u00e9troite collaboration avec vous pour comprendre vos besoins et fournir des r\u00e9sultats qui d\u00e9passent vos attentes.<\/li>\n<li><strong>Livraison en temps voulu<\/strong>: Nous comprenons l'importance de respecter les d\u00e9lais des projets. Vous pouvez compter sur nous pour une livraison rapide de vos dalles de marbre Coffee Wood.<\/li>\n<\/ol>\n<p>Lorsque vous choisissez phonenix power stone comme fournisseur de granit et de marbre, vous optez pour l'\u00e9l\u00e9gance, la qualit\u00e9 et une beaut\u00e9 in\u00e9gal\u00e9e. Laissez les dalles de marbre Coffee Wood de phonenix power stone \u00eatre l'\u00e9l\u00e9ment d\u00e9terminant de votre prochain projet de design. Contactez-nous d\u00e8s aujourd'hui pour explorer les possibilit\u00e9s et faire de votre vision une r\u00e9alit\u00e9.<\/p>\n<\/div>","protected":false},"excerpt":{"rendered":"<p>Experience Elegance with Coffee Wood Marble Slabs If you\u2019re seeking the perfect blend of natural beauty and timeless sophistication for<\/p>","protected":false},"featured_media":28214,"template":"","meta":[],"product_cat":[113],"product_tag":[],"_links":{"self":[{"href":"https:\/\/stone-phoenix.com\/fr\/wp-json\/wp\/v2\/product\/19736"}],"collection":[{"href":"https:\/\/stone-phoenix.com\/fr\/wp-json\/wp\/v2\/product"}],"about":[{"href":"https:\/\/stone-phoenix.com\/fr\/wp-json\/wp\/v2\/types\/product"}],"wp:featuredmedia":[{"embeddable":true,"href":"https:\/\/stone-phoenix.com\/fr\/wp-json\/wp\/v2\/media\/28214"}],"wp:attachment":[{"href":"https:\/\/stone-phoenix.com\/fr\/wp-json\/wp\/v2\/media?parent=19736"}],"wp:term":[{"taxonomy":"product_cat","embeddable":true,"href":"https:\/\/stone-phoenix.com\/fr\/wp-json\/wp\/v2\/product_cat?post=19736"},{"taxonomy":"product_tag","embeddable":true,"href":"https:\/\/stone-phoenix.com\/fr\/wp-json\/wp\/v2\/product_tag?post=19736"}],"curies":[{"name":"wp","href":"https:\/\/api.w.org\/{rel}","templated":true}]}}