{"id":19738,"date":"2023-12-15T11:45:01","date_gmt":"2023-12-15T03:45:01","guid":{"rendered":"http:\/\/stone-phoenix.com\/product\/colorful-onyx-marble-slab"},"modified":"2024-04-15T14:44:44","modified_gmt":"2024-04-15T06:44:44","slug":"colorful-onyx-marble-slab","status":"publish","type":"product","link":"https:\/\/stone-phoenix.com\/fr\/produit\/colorful-onyx-marble-slab","title":{"rendered":"Plaque de marbre onyx color\u00e9"},"content":{"rendered":"<div id=\"tab-description\" class=\"woocommerce-Tabs-panel woocommerce-Tabs-panel--description panel entry-content wc-tab\" role=\"tabpanel\" aria-labelledby=\"tab-title-description\">\n<div class=\"rll-youtube-player\" data-src=\"https:\/\/www.youtube.com\/embed\/WQSZDaeGQEw\" data-id=\"WQSZDaeGQEw\" data-query=\"si=EZEY65O9Ex1gveVv\"><img loading=\"lazy\" decoding=\"async\" class=\"alignnone  wp-image-28221\" src=\"http:\/\/stone-phoenix.com\/wp-content\/uploads\/2023\/12\/Colorful-Onyx-Marble-Slab-5.jpg\" alt=\"\" width=\"960\" height=\"1280\" srcset=\"https:\/\/stone-phoenix.com\/wp-content\/uploads\/2023\/12\/Colorful-Onyx-Marble-Slab-5.jpg 694w, https:\/\/stone-phoenix.com\/wp-content\/uploads\/2023\/12\/Colorful-Onyx-Marble-Slab-5-225x300.jpg 225w, https:\/\/stone-phoenix.com\/wp-content\/uploads\/2023\/12\/Colorful-Onyx-Marble-Slab-5-9x12.jpg 9w, https:\/\/stone-phoenix.com\/wp-content\/uploads\/2023\/12\/Colorful-Onyx-Marble-Slab-5-600x800.jpg 600w, https:\/\/stone-phoenix.com\/wp-content\/uploads\/2023\/12\/Colorful-Onyx-Marble-Slab-5-150x200.jpg 150w\" sizes=\"(max-width: 960px) 100vw, 960px\" \/><\/div>\n<h3>Plaque de marbre onyx color\u00e9<\/h3>\n<p>Voici la dalle de marbre Colorful Onyx de phonenix power stone - un chef-d'\u0153uvre fascinant de l'art de la nature, m\u00e9ticuleusement con\u00e7u pour rehausser la beaut\u00e9 de vos espaces int\u00e9rieurs. En tant que principal fournisseur de granit et de marbre en Chine, phonenix power stone est fier d'offrir des dalles de marbre Colorful Onyx exquises qui transformeront vos visions de design en r\u00e9alit\u00e9.<\/p>\n<h3><strong>Qu'est-ce que le marbre onyx color\u00e9 ?<\/strong><\/h3>\n<p>Le marbre Onyx color\u00e9 est une pierre naturelle \u00e9tonnante qui incarne l'\u00e9l\u00e9gance et le luxe. Ses variations de couleurs translucides et vibrantes en font un choix parfait pour ceux qui cherchent \u00e0 cr\u00e9er un design audacieux. Form\u00e9s au cours de millions d'ann\u00e9es, les motifs uniques et fascinants du marbre Colorful Onyx sont le r\u00e9sultat de divers d\u00e9p\u00f4ts min\u00e9raux, cr\u00e9ant une \u0153uvre d'art unique dans chaque dalle.<\/p>\n<h3><strong>Une beaut\u00e9 et une \u00e9l\u00e9gance in\u00e9gal\u00e9es<\/strong><\/h3>\n<p>En choisissant nos dalles de marbre Onyx color\u00e9, vous n'achetez pas seulement un morceau de pierre, vous investissez dans une beaut\u00e9 intemporelle. Les teintes riches et vives du rouge, du vert, du marron et de l'orange se m\u00e9langent harmonieusement, cr\u00e9ant une tapisserie de couleurs qui ne peut \u00eatre reproduite par aucun mat\u00e9riau fabriqu\u00e9 par l'homme. Ce marbre exquis ajoute un air de sophistication et d'opulence \u00e0 tout espace, ce qui en fait un choix populaire pour les maisons luxueuses, les h\u00f4tels et les \u00e9tablissements commerciaux.<\/p>\n<h3><strong>Des possibilit\u00e9s de conception infinies<\/strong><\/h3>\n<p>La polyvalence des dalles de marbre Colorful Onyx ne conna\u00eet pas de limites. Que vous envisagiez un plan de travail de cuisine \u00e9poustouflant, un habillage de chemin\u00e9e ou un mur d'agr\u00e9ment impressionnant, nos dalles sont le choix id\u00e9al. La nature translucide de ce marbre permet d'obtenir des effets de r\u00e9tro\u00e9clairage \u00e9tonnants, ce qui en fait une pi\u00e8ce ma\u00eetresse captivante dans n'importe quelle pi\u00e8ce.<\/p>\n<h3><strong>Personnalisation pour r\u00e9pondre \u00e0 vos besoins uniques<\/strong><\/h3>\n<p>Chez phonenix power stone, nous savons que chaque projet est unique, et nos artisans experts sont l\u00e0 pour donner vie \u00e0 vos r\u00eaves de design. Nos dalles de marbre Colorful Onyx peuvent \u00eatre adapt\u00e9es \u00e0 vos besoins sp\u00e9cifiques, afin qu'elles s'int\u00e8grent parfaitement \u00e0 votre espace. Du choix de la taille de la dalle aux finitions, nous proposons une gamme compl\u00e8te d'options de personnalisation.<\/p>\n<h3><strong>Qualit\u00e9 et durabilit\u00e9 in\u00e9gal\u00e9es<\/strong><\/h3>\n<p>Nos dalles de marbre Onyx color\u00e9 ne sont pas seulement belles, elles sont aussi con\u00e7ues pour durer. Avec un entretien appropri\u00e9, cette pierre naturelle peut conserver son \u00e9clat pendant des g\u00e9n\u00e9rations. Elle est non seulement r\u00e9sistante \u00e0 l'usure, mais aussi \u00e0 la chaleur, ce qui en fait un choix pratique pour les surfaces de cuisine. Avec phonenix power stone, vous investissez dans une qualit\u00e9 durable.<\/p>\n<h3><strong>Approvisionnement \u00e9thique et durable<\/strong><\/h3>\n<p>Nous sommes fiers de notre engagement en faveur de pratiques d'approvisionnement \u00e9thiques et durables. Notre marbre Colorful Onyx est extrait de mani\u00e8re responsable, ce qui garantit le bien-\u00eatre de l'environnement et des communaut\u00e9s locales. Vous pouvez appr\u00e9cier la beaut\u00e9 de votre dalle de marbre Colorful Onyx en toute bonne conscience, sachant qu'elle a \u00e9t\u00e9 obtenue et trait\u00e9e avec soin.<\/p>\n<h3><strong>Entretien facile<\/strong><\/h3>\n<p>Les dalles de marbre Onyx color\u00e9 n\u00e9cessitent relativement peu d'entretien, surtout si on les compare \u00e0 d'autres pierres naturelles. Un scellement r\u00e9gulier permet de pr\u00e9server son int\u00e9grit\u00e9 et de s'assurer qu'il reste un point de mire \u00e9blouissant dans votre espace. Nos experts peuvent vous guider sur les meilleures pratiques d'entretien pour que votre marbre onyx color\u00e9 conserve tout son \u00e9clat.<\/p>\n<h3><strong>Une d\u00e9claration de luxe et de sophistication<\/strong><\/h3>\n<p>Les dalles de marbre Colorful Onyx de phonenix power stone sont plus qu'un simple mat\u00e9riau de construction ; elles sont une d\u00e9claration de luxe et de sophistication. En choisissant notre marbre Colorful Onyx, vous faites un investissement durable dans la beaut\u00e9 et la valeur de votre espace.<\/p>\n<h3><strong>Pourquoi choisir phonenix power stone ?<\/strong><\/h3>\n<ul>\n<li><strong>Une qualit\u00e9 in\u00e9gal\u00e9e<\/strong>: Notre engagement en mati\u00e8re de qualit\u00e9 est sans \u00e9gal. Nous ne nous procurons que le meilleur marbre Colorful Onyx, en veillant \u00e0 ce que chaque dalle r\u00e9ponde aux normes les plus strictes en mati\u00e8re de beaut\u00e9 et de durabilit\u00e9.<\/li>\n<li><strong>Personnalisation<\/strong>: Nous comprenons que votre projet est unique. Nous offrons une gamme d'options de personnalisation afin de nous assurer que votre plaque de marbre Onyx color\u00e9 s'adapte parfaitement \u00e0 votre vision du design.<\/li>\n<li><strong>Approvisionnement durable<\/strong>: Nous nous soucions de notre plan\u00e8te et des communaut\u00e9s avec lesquelles nous travaillons. Nos pratiques d'approvisionnement \u00e9thique et durable garantissent que notre marbre Onyx color\u00e9 provient d'une source responsable.<\/li>\n<li><strong>Un savoir-faire d'expert<\/strong>: Nos artisans qualifi\u00e9s ont des ann\u00e9es d'exp\u00e9rience dans le travail de la pierre naturelle. Leur expertise garantit que votre projet sera ex\u00e9cut\u00e9 \u00e0 la perfection.<\/li>\n<\/ul>\n<h3><strong>Transformez votre espace avec des dalles de marbre Onyx color\u00e9es<\/strong><\/h3>\n<p>La beaut\u00e9 captivante des dalles de marbre Colorful Onyx t\u00e9moigne des merveilles de la nature. Lorsque vous choisissez phonenix power stone, vous optez pour la qualit\u00e9, le luxe et une touche d'\u00e9l\u00e9gance intemporelle. Que vous soyez un propri\u00e9taire soucieux de sophistication ou un architecte \u00e0 la recherche d'un design audacieux, nos dalles de marbre Colorful Onyx sont le choix id\u00e9al. Transformez votre espace avec l'allure lumineuse du marbre Colorful Onyx. Contactez phonenix power stone d\u00e8s aujourd'hui pour d\u00e9couvrir notre gamme de dalles de marbre Colorful Onyx et commencer votre voyage vers la cr\u00e9ation d'un espace qui se d\u00e9marque vraiment. Laissez votre marque dans le monde du design avec les dalles de marbre Onyx color\u00e9 de phonenix power stone. Votre vision, notre savoir-faire et l'art de la nature se sont combin\u00e9s pour cr\u00e9er quelque chose de vraiment extraordinaire. D\u00e9couvrez la beaut\u00e9, le luxe et l'\u00e9l\u00e9gance du marbre Colorful Onyx d\u00e8s aujourd'hui !<\/p>\n<\/div>","protected":false},"excerpt":{"rendered":"<p>Colorful Onyx Marble Slab Introducing phonenix power stone\u2019s Colorful Onyx Marble Slab \u2013 a mesmerizing masterpiece of nature\u2019s artistry, meticulously<\/p>","protected":false},"featured_media":28223,"template":"","meta":[],"product_cat":[113],"product_tag":[],"_links":{"self":[{"href":"https:\/\/stone-phoenix.com\/fr\/wp-json\/wp\/v2\/product\/19738"}],"collection":[{"href":"https:\/\/stone-phoenix.com\/fr\/wp-json\/wp\/v2\/product"}],"about":[{"href":"https:\/\/stone-phoenix.com\/fr\/wp-json\/wp\/v2\/types\/product"}],"wp:featuredmedia":[{"embeddable":true,"href":"https:\/\/stone-phoenix.com\/fr\/wp-json\/wp\/v2\/media\/28223"}],"wp:attachment":[{"href":"https:\/\/stone-phoenix.com\/fr\/wp-json\/wp\/v2\/media?parent=19738"}],"wp:term":[{"taxonomy":"product_cat","embeddable":true,"href":"https:\/\/stone-phoenix.com\/fr\/wp-json\/wp\/v2\/product_cat?post=19738"},{"taxonomy":"product_tag","embeddable":true,"href":"https:\/\/stone-phoenix.com\/fr\/wp-json\/wp\/v2\/product_tag?post=19738"}],"curies":[{"name":"wp","href":"https:\/\/api.w.org\/{rel}","templated":true}]}}