{"id":19740,"date":"2023-12-15T11:45:08","date_gmt":"2023-12-15T03:45:08","guid":{"rendered":"http:\/\/stone-phoenix.com\/product\/dark-emperador-marble-slab"},"modified":"2024-04-15T15:02:01","modified_gmt":"2024-04-15T07:02:01","slug":"dark-emperador-marble-slab","status":"publish","type":"product","link":"https:\/\/stone-phoenix.com\/fr\/produit\/dark-emperador-marble-slab","title":{"rendered":"Dalle de marbre Emperador fonc\u00e9"},"content":{"rendered":"<div id=\"tab-description\" class=\"woocommerce-Tabs-panel woocommerce-Tabs-panel--description panel entry-content wc-tab\" role=\"tabpanel\" aria-labelledby=\"tab-title-description\">\n<div class=\"rll-youtube-player\" data-src=\"https:\/\/www.youtube.com\/embed\/t1LC2wxCPnA\" data-id=\"t1LC2wxCPnA\" data-query=\"si=zbo7HsIAR4eq4-UU\"><img loading=\"lazy\" decoding=\"async\" class=\"alignnone wp-image-28232\" src=\"http:\/\/stone-phoenix.com\/wp-content\/uploads\/2023\/12\/\u5fae\u4fe1\u622a\u56fe_20240415144709_result-1.png\" alt=\"\" width=\"981\" height=\"715\" srcset=\"https:\/\/stone-phoenix.com\/wp-content\/uploads\/2023\/12\/\u5fae\u4fe1\u622a\u56fe_20240415144709_result-1.png 679w, https:\/\/stone-phoenix.com\/wp-content\/uploads\/2023\/12\/\u5fae\u4fe1\u622a\u56fe_20240415144709_result-1-300x219.png 300w, https:\/\/stone-phoenix.com\/wp-content\/uploads\/2023\/12\/\u5fae\u4fe1\u622a\u56fe_20240415144709_result-1-16x12.png 16w, https:\/\/stone-phoenix.com\/wp-content\/uploads\/2023\/12\/\u5fae\u4fe1\u622a\u56fe_20240415144709_result-1-600x437.png 600w, https:\/\/stone-phoenix.com\/wp-content\/uploads\/2023\/12\/\u5fae\u4fe1\u622a\u56fe_20240415144709_result-1-150x109.png 150w\" sizes=\"(max-width: 981px) 100vw, 981px\" \/><img loading=\"lazy\" decoding=\"async\" class=\"alignnone wp-image-28234\" src=\"http:\/\/stone-phoenix.com\/wp-content\/uploads\/2023\/12\/\u5fae\u4fe1\u622a\u56fe_20240415144806_result.png\" alt=\"\" width=\"969\" height=\"970\" srcset=\"https:\/\/stone-phoenix.com\/wp-content\/uploads\/2023\/12\/\u5fae\u4fe1\u622a\u56fe_20240415144806_result.png 696w, https:\/\/stone-phoenix.com\/wp-content\/uploads\/2023\/12\/\u5fae\u4fe1\u622a\u56fe_20240415144806_result-300x300.png 300w, https:\/\/stone-phoenix.com\/wp-content\/uploads\/2023\/12\/\u5fae\u4fe1\u622a\u56fe_20240415144806_result-150x150.png 150w, https:\/\/stone-phoenix.com\/wp-content\/uploads\/2023\/12\/\u5fae\u4fe1\u622a\u56fe_20240415144806_result-12x12.png 12w, https:\/\/stone-phoenix.com\/wp-content\/uploads\/2023\/12\/\u5fae\u4fe1\u622a\u56fe_20240415144806_result-600x601.png 600w\" sizes=\"(max-width: 969px) 100vw, 969px\" \/><\/div>\n<h3><strong>Dalle de marbre Emperador fonc\u00e9 - Elegance in Stone<\/strong><\/h3>\n<p>Lorsqu'il s'agit d'ajouter une touche de luxe et de beaut\u00e9 intemporelle \u00e0 votre int\u00e9rieur, il n'y a pas de substitut au marbre Emperador fonc\u00e9. phonenix power stone est votre partenaire de confiance pour les dalles de marbre Emperador fonc\u00e9 de premi\u00e8re qualit\u00e9. Fabriqu\u00e9es \u00e0 partir des meilleures ressources naturelles, nos dalles de marbre Dark Emperador incarnent la sophistication et la classe, ce qui en fait le choix id\u00e9al pour ceux qui cherchent \u00e0 am\u00e9liorer l'attrait esth\u00e9tique de leurs espaces.<\/p>\n<h3><strong>Pourquoi la dalle de marbre Dark Emperador ?<\/strong><\/h3>\n<p>Le marbre Dark Emperador, connu pour ses tons riches et profonds de brun avec des veines blanches, d\u00e9gage un air d'opulence in\u00e9gal\u00e9. Ses veines uniques et son fini lustr\u00e9 en font un excellent choix pour diverses applications, notamment les comptoirs, les planchers, les rev\u00eatements muraux, etc. Avec son charme intemporel, cette vari\u00e9t\u00e9 de marbre s'int\u00e8gre parfaitement aux concepts de design classiques et modernes, ajoutant une touche d'\u00e9l\u00e9gance et de chaleur \u00e0 n'importe quel espace.<\/p>\n<h3><strong>Une qualit\u00e9 et un savoir-faire exceptionnels<\/strong><\/h3>\n<p>Chez phonenix power stone, nous sommes fiers de notre engagement \u00e0 ne fournir \u00e0 nos clients que des dalles de marbre Dark Emperador de la plus haute qualit\u00e9. Nos dalles de marbre proviennent des meilleures carri\u00e8res d'Espagne et sont trait\u00e9es avec pr\u00e9cision et soin. Nos artisans exp\u00e9riment\u00e9s veillent \u00e0 ce que chaque dalle soit m\u00e9ticuleusement taill\u00e9e, polie et inspect\u00e9e pour r\u00e9pondre aux normes de qualit\u00e9 les plus strictes.<\/p>\n<h3><strong>Caract\u00e9ristiques principales de la plaque de marbre Dark Emperador :<\/strong><\/h3>\n<ol>\n<li><strong>Palette de couleurs riche :<\/strong> Les tons bruns profonds de la dalle de marbre Dark Emperador cr\u00e9ent une atmosph\u00e8re accueillante dans n'importe quel environnement. Les veines blanches et dor\u00e9es contrastantes ajoutent du caract\u00e8re et de la profondeur au marbre.<\/li>\n<li><strong>Durabilit\u00e9 :<\/strong> Le marbre Dark Emperador est r\u00e9put\u00e9 pour sa robustesse et sa r\u00e9sistance \u00e0 l'usure, ce qui le rend adapt\u00e9 aux zones \u00e0 fort trafic.<\/li>\n<li><strong>Polyvalence :<\/strong> Nos dalles de marbre Dark Emperador peuvent \u00eatre personnalis\u00e9es pour s'adapter \u00e0 un large \u00e9ventail d'applications, y compris les comptoirs, les dessus de table, les entourages de chemin\u00e9e, et bien plus encore.<\/li>\n<li><strong>\u00c9l\u00e9gance intemporelle :<\/strong> Le marbre Dark Emperador ne se d\u00e9mode jamais, ce qui garantit que votre investissement restera beau et pr\u00e9cieux pendant des ann\u00e9es.<\/li>\n<\/ol>\n<h3><strong>Applications :<\/strong><\/h3>\n<ul>\n<li><strong>Comptoirs de cuisine :<\/strong> Les dalles de marbre Emperador fonc\u00e9 apportent une touche de sophistication \u00e0 votre cuisine et en font le point central de votre maison.<\/li>\n<li><strong>Vanit\u00e9s de salle de bains :<\/strong> Cr\u00e9ez une ambiance de spa dans votre salle de bains avec le luxueux marbre Dark Emperador.<\/li>\n<li><strong>Rev\u00eatement de sol :<\/strong> La durabilit\u00e9 et la beaut\u00e9 du marbre Dark Emperador en font un choix id\u00e9al pour les rev\u00eatements de sol, que ce soit dans les espaces r\u00e9sidentiels ou commerciaux.<\/li>\n<li><strong>Rev\u00eatement mural :<\/strong> Transformez vos murs en \u0153uvres d'art gr\u00e2ce \u00e0 l'\u00e9l\u00e9gance des dalles de marbre Dark Emperador.<\/li>\n<li><strong>Projets sur mesure :<\/strong> Laissez libre cours \u00e0 votre cr\u00e9ativit\u00e9 avec des applications personnalis\u00e9es de dalles de marbre Dark Emperador, telles que des plateaux de table et des entourages de chemin\u00e9e.<\/li>\n<\/ul>\n<h3><strong>Votre partenaire de confiance pour l'approvisionnement en pierres<\/strong><\/h3>\n<p>phonenix power stone se consacre \u00e0 vous fournir des dalles de marbre Dark Emperador de la meilleure qualit\u00e9. Nous proposons une large gamme de tailles et de finitions, afin que vous puissiez trouver la dalle parfaite pour r\u00e9pondre \u00e0 vos besoins sp\u00e9cifiques. Notre \u00e9quipe d'experts est pr\u00eate \u00e0 vous aider \u00e0 s\u00e9lectionner la bonne dalle et \u00e0 vous guider tout au long du processus de personnalisation.<\/p>\n<h3><strong>Conclusion<\/strong><\/h3>\n<p>Rehaussez votre d\u00e9coration int\u00e9rieure avec la beaut\u00e9 durable des dalles de marbre Dark Emperador de phonenix power stone. Notre engagement en mati\u00e8re de qualit\u00e9 et de savoir-faire, associ\u00e9 \u00e0 l'attrait naturel de cette pierre exquise, rehaussera sans aucun doute l'\u00e9l\u00e9gance et l'attrait de votre espace. Contactez-nous d\u00e8s aujourd'hui pour discuter de votre projet et explorer les possibilit\u00e9s offertes par les dalles de marbre Dark Emperador. D\u00e9couvrez le luxe et la sophistication que seule la pierre naturelle la plus fine peut offrir.<\/p>\n<\/div>","protected":false},"excerpt":{"rendered":"<p>Dark Emperador Marble Slab \u2013 Elegance in Stone When it comes to adding a touch of luxury and timeless beauty<\/p>","protected":false},"featured_media":28228,"template":"","meta":[],"product_cat":[113],"product_tag":[],"_links":{"self":[{"href":"https:\/\/stone-phoenix.com\/fr\/wp-json\/wp\/v2\/product\/19740"}],"collection":[{"href":"https:\/\/stone-phoenix.com\/fr\/wp-json\/wp\/v2\/product"}],"about":[{"href":"https:\/\/stone-phoenix.com\/fr\/wp-json\/wp\/v2\/types\/product"}],"wp:featuredmedia":[{"embeddable":true,"href":"https:\/\/stone-phoenix.com\/fr\/wp-json\/wp\/v2\/media\/28228"}],"wp:attachment":[{"href":"https:\/\/stone-phoenix.com\/fr\/wp-json\/wp\/v2\/media?parent=19740"}],"wp:term":[{"taxonomy":"product_cat","embeddable":true,"href":"https:\/\/stone-phoenix.com\/fr\/wp-json\/wp\/v2\/product_cat?post=19740"},{"taxonomy":"product_tag","embeddable":true,"href":"https:\/\/stone-phoenix.com\/fr\/wp-json\/wp\/v2\/product_tag?post=19740"}],"curies":[{"name":"wp","href":"https:\/\/api.w.org\/{rel}","templated":true}]}}