{"id":19742,"date":"2023-12-15T11:45:12","date_gmt":"2023-12-15T03:45:12","guid":{"rendered":"http:\/\/stone-phoenix.com\/product\/dreaming-green-marble-slab"},"modified":"2024-04-15T15:13:46","modified_gmt":"2024-04-15T07:13:46","slug":"dreaming-green-marble-slab","status":"publish","type":"product","link":"https:\/\/stone-phoenix.com\/fr\/produit\/dreaming-green-marble-slab","title":{"rendered":"Dalle de Marbre Vert R\u00eaveur"},"content":{"rendered":"<div id=\"tab-description\" class=\"woocommerce-Tabs-panel woocommerce-Tabs-panel--description panel entry-content wc-tab\" role=\"tabpanel\" aria-labelledby=\"tab-title-description\">\n<div class=\"rll-youtube-player\" data-src=\"https:\/\/www.youtube.com\/embed\/7lJUMi7KjYQ\" data-id=\"7lJUMi7KjYQ\" data-query=\"si=-G-67AY-NLjNwml-\"><img loading=\"lazy\" decoding=\"async\" class=\"alignnone  wp-image-28241\" src=\"http:\/\/stone-phoenix.com\/wp-content\/uploads\/2023\/12\/Dreaming-Green-Marble-Slab-1-1.jpg\" alt=\"\" width=\"959\" height=\"630\" srcset=\"https:\/\/stone-phoenix.com\/wp-content\/uploads\/2023\/12\/Dreaming-Green-Marble-Slab-1-1.jpg 699w, https:\/\/stone-phoenix.com\/wp-content\/uploads\/2023\/12\/Dreaming-Green-Marble-Slab-1-1-300x197.jpg 300w, https:\/\/stone-phoenix.com\/wp-content\/uploads\/2023\/12\/Dreaming-Green-Marble-Slab-1-1-18x12.jpg 18w, https:\/\/stone-phoenix.com\/wp-content\/uploads\/2023\/12\/Dreaming-Green-Marble-Slab-1-1-600x394.jpg 600w, https:\/\/stone-phoenix.com\/wp-content\/uploads\/2023\/12\/Dreaming-Green-Marble-Slab-1-1-150x98.jpg 150w\" sizes=\"(max-width: 959px) 100vw, 959px\" \/><\/div>\n<h3>Pr\u00e9sentation de l'exquise dalle de marbre vert Dreaming de phonenix power stone<\/h3>\n<p>Chez phonenix power stone, nous sommes fiers de proposer une gamme \u00e9tonnante de produits en pierre naturelle, et notre plaque de marbre Dreaming Green ne fait pas exception \u00e0 la r\u00e8gle. Cette dalle de marbre exquise t\u00e9moigne de l'\u00e9l\u00e9gance et de la beaut\u00e9 de la pierre naturelle. Avec son motif unique et ses applications polyvalentes, le marbre vert Dreaming est le choix id\u00e9al pour ceux qui recherchent une touche de luxe et de sophistication dans leurs projets de d\u00e9coration int\u00e9rieure.<\/p>\n<h3><strong>D\u00e9voiler le r\u00eave du marbre vert :<\/strong><\/h3>\n<ul>\n<li><strong>1. Une beaut\u00e9 in\u00e9gal\u00e9e :<\/strong> Le marbre Dreaming Green est r\u00e9put\u00e9 pour sa beaut\u00e9 in\u00e9gal\u00e9e et son attrait intemporel. Ce marbre se caract\u00e9rise par un m\u00e9lange envo\u00fbtant de teintes vertes douces et de d\u00e9licates veines blanches, cr\u00e9ant une atmosph\u00e8re sereine et sophistiqu\u00e9e dans n'importe quel espace. Chaque dalle est une \u0153uvre d'art, ce qui en fait un choix privil\u00e9gi\u00e9 pour les architectes et les d\u00e9corateurs d'int\u00e9rieur.<\/li>\n<li><strong>2. Applications polyvalentes :<\/strong> Que vous souhaitiez concevoir un comptoir de cuisine luxueux, un meuble de salle de bain \u00e9l\u00e9gant ou un rev\u00eatement de sol raffin\u00e9, le marbre vert Dreaming est le choix id\u00e9al. Sa polyvalence s'\u00e9tend aux applications r\u00e9sidentielles et commerciales, garantissant que votre espace respire la classe et l'\u00e9l\u00e9gance.<\/li>\n<li><strong>3. Durabilit\u00e9 naturelle :<\/strong> Le marbre est une pierre naturelle connue pour sa durabilit\u00e9, ce qui en fait un choix id\u00e9al pour les zones tr\u00e8s fr\u00e9quent\u00e9es. Le marbre Dreaming Green ne fait pas exception \u00e0 la r\u00e8gle. Avec un entretien ad\u00e9quat, ce marbre r\u00e9sistera \u00e0 l'\u00e9preuve du temps et conservera son aspect lustr\u00e9 pendant des ann\u00e9es.<\/li>\n<li><strong>4. Mod\u00e8les uniques :<\/strong> Chaque plaque de marbre vert Dreaming est unique, avec ses propres veines et motifs. Cette exclusivit\u00e9 signifie que votre projet de d\u00e9coration int\u00e9rieure ne ressemblera \u00e0 aucun autre. Ce marbre exceptionnel vous permet de profiter de l'individualit\u00e9 et du caract\u00e8re de la pierre naturelle.<\/li>\n<li><strong>5. Choix durable :<\/strong> phonenix power stone s'engage en faveur du d\u00e9veloppement durable. Notre marbre Dreaming Green Marble provient de sources responsables, ce qui garantit que vous choisissez un mat\u00e9riau respectueux de l'environnement pour votre projet. Le marbre est une option durable et respectueuse de l'environnement qui r\u00e9duit le besoin de remplacements fr\u00e9quents.<\/li>\n<li><strong>6. Des possibilit\u00e9s de conception infinies :<\/strong> L'attrait esth\u00e9tique du marbre vert Dreaming ne conna\u00eet aucune limite. Que vous pr\u00e9f\u00e9riez un design classique et intemporel ou un look plus contemporain et audacieux, ce marbre s'adapte \u00e0 votre vision. Il se marie \u00e0 merveille avec divers \u00e9l\u00e9ments de design, du bois au m\u00e9tal en passant par le verre et l'acier inoxydable.<\/li>\n<li><strong>7. Une qualit\u00e9 sans compromis :<\/strong> Chez phonenix power stone, nous nous engageons \u00e0 fournir des produits de la plus haute qualit\u00e9. Nos dalles de marbre vert Dreaming sont soumises \u00e0 des contr\u00f4les de qualit\u00e9 rigoureux afin de s'assurer qu'elles r\u00e9pondent aux normes les plus strictes de l'industrie. Vous pouvez \u00eatre s\u00fbr que vous investissez dans un produit de premier ordre.<\/li>\n<li><strong>8. Un savoir-faire d'expert :<\/strong> Nous sommes fiers de notre approche artisanale de la transformation de la pierre. Nos artisans exp\u00e9riment\u00e9s poss\u00e8dent les comp\u00e9tences et les connaissances n\u00e9cessaires pour transformer le marbre vert Dreaming brut en un produit fini de votre choix. De la d\u00e9coupe pr\u00e9cise au polissage impeccable, nous veillons \u00e0 ce que chaque dalle soit un chef-d'\u0153uvre.<\/li>\n<li><strong>9. Des solutions sur mesure :<\/strong> Aucun projet n'est trop grand ou trop petit pour phonenix power stone. Nous proposons des solutions personnalis\u00e9es, afin que vous puissiez choisir les dimensions et les finitions qui r\u00e9pondent aux exigences sp\u00e9cifiques de votre projet. Notre \u00e9quipe est l\u00e0 pour donner vie au projet de vos r\u00eaves.<\/li>\n<li><strong>10. Satisfaction du client garantie :<\/strong> Votre satisfaction est notre priorit\u00e9 absolue. phonenix power stone s'engage \u00e0 fournir un excellent service \u00e0 la client\u00e8le, de la s\u00e9lection des produits \u00e0 l'assistance apr\u00e8s-vente. Nous sommes l\u00e0 pour vous aider \u00e0 chaque \u00e9tape de votre projet.<\/li>\n<\/ul>\n<h3>R\u00e9sum\u00e9<\/h3>\n<p>La dalle de marbre Dreaming Green de phonenix power stone est un produit en pierre naturelle \u00e0 couper le souffle qui allie beaut\u00e9 intemporelle, durabilit\u00e9 et d\u00e9veloppement durable. Avec des possibilit\u00e9s de conception infinies, un savoir-faire expert et un engagement \u00e0 la satisfaction du client, nos dalles de marbre sont le choix parfait pour \u00e9lever vos projets de d\u00e9coration int\u00e9rieure. Si vous \u00eates pr\u00eat \u00e0 ajouter une touche de luxe et de sophistication \u00e0 votre espace, contactez phonenix power stone d\u00e8s aujourd'hui pour d\u00e9couvrir notre exquise dalle de marbre Dreaming Green. Nous sommes impatients de faire partie de votre projet de design.<\/p>\n<\/div>","protected":false},"excerpt":{"rendered":"<p>Introducing phonenix power stone\u2019s Exquisite Dreaming Green Marble Slab At phonenix power stone, we take pride in offering a stunning<\/p>","protected":false},"featured_media":28235,"template":"","meta":[],"product_cat":[113],"product_tag":[],"_links":{"self":[{"href":"https:\/\/stone-phoenix.com\/fr\/wp-json\/wp\/v2\/product\/19742"}],"collection":[{"href":"https:\/\/stone-phoenix.com\/fr\/wp-json\/wp\/v2\/product"}],"about":[{"href":"https:\/\/stone-phoenix.com\/fr\/wp-json\/wp\/v2\/types\/product"}],"wp:featuredmedia":[{"embeddable":true,"href":"https:\/\/stone-phoenix.com\/fr\/wp-json\/wp\/v2\/media\/28235"}],"wp:attachment":[{"href":"https:\/\/stone-phoenix.com\/fr\/wp-json\/wp\/v2\/media?parent=19742"}],"wp:term":[{"taxonomy":"product_cat","embeddable":true,"href":"https:\/\/stone-phoenix.com\/fr\/wp-json\/wp\/v2\/product_cat?post=19742"},{"taxonomy":"product_tag","embeddable":true,"href":"https:\/\/stone-phoenix.com\/fr\/wp-json\/wp\/v2\/product_tag?post=19742"}],"curies":[{"name":"wp","href":"https:\/\/api.w.org\/{rel}","templated":true}]}}