{"id":19744,"date":"2023-12-15T11:45:16","date_gmt":"2023-12-15T03:45:16","guid":{"rendered":"http:\/\/stone-phoenix.com\/product\/fantasy-black-marble-slab"},"modified":"2024-04-15T15:31:37","modified_gmt":"2024-04-15T07:31:37","slug":"fantasy-black-marble-slab","status":"publish","type":"product","link":"https:\/\/stone-phoenix.com\/fr\/produit\/fantasy-black-marble-slab","title":{"rendered":"Dalle de marbre noir fantaisie"},"content":{"rendered":"<div id=\"tab-description\" class=\"woocommerce-Tabs-panel woocommerce-Tabs-panel--description panel entry-content wc-tab\" role=\"tabpanel\" aria-labelledby=\"tab-title-description\">\n<div class=\"rll-youtube-player\" data-src=\"https:\/\/www.youtube.com\/embed\/9ZadURlnIzs\" data-id=\"9ZadURlnIzs\" data-query=\"si=IKG9i1bz4CkTYx7J\"><img loading=\"lazy\" decoding=\"async\" class=\"alignnone  wp-image-28245\" src=\"http:\/\/stone-phoenix.com\/wp-content\/uploads\/2023\/12\/Fantasy-Black-Marble-Slab-4.jpg\" alt=\"\" width=\"962\" height=\"713\" srcset=\"https:\/\/stone-phoenix.com\/wp-content\/uploads\/2023\/12\/Fantasy-Black-Marble-Slab-4.jpg 700w, https:\/\/stone-phoenix.com\/wp-content\/uploads\/2023\/12\/Fantasy-Black-Marble-Slab-4-300x222.jpg 300w, https:\/\/stone-phoenix.com\/wp-content\/uploads\/2023\/12\/Fantasy-Black-Marble-Slab-4-16x12.jpg 16w, https:\/\/stone-phoenix.com\/wp-content\/uploads\/2023\/12\/Fantasy-Black-Marble-Slab-4-600x445.jpg 600w, https:\/\/stone-phoenix.com\/wp-content\/uploads\/2023\/12\/Fantasy-Black-Marble-Slab-4-150x111.jpg 150w\" sizes=\"(max-width: 962px) 100vw, 962px\" \/><\/div>\n<h3>D\u00e9couvrez l'\u00e9l\u00e9gance de la dalle de marbre noir Fantasy<\/h3>\n<p>\u00c9levez vos espaces int\u00e9rieurs avec la sophistication pure et la beaut\u00e9 intemporelle de notre dalle de marbre noir Fantasy. phonenix power stone, l'un des principaux fournisseurs de granit et de marbre en Chine, est fier de pr\u00e9senter ce produit en pierre naturelle exquise qui est parfait pour ajouter une touche de luxe \u00e0 vos projets r\u00e9sidentiels ou commerciaux.<\/p>\n<h3><strong>R\u00e9v\u00e9ler la beaut\u00e9 du marbre noir fantastique :<\/strong><\/h3>\n<p>Le Fantasy Black Marble est r\u00e9put\u00e9 pour son esth\u00e9tique saisissante. Cette pierre naturelle opulente se caract\u00e9rise par un fond noir profond infus\u00e9 de veines blanches complexes. Les motifs et les tourbillons uniques de chaque dalle font de chaque pi\u00e8ce une \u0153uvre d'art en soi. Utilis\u00e9 comme comptoir, rev\u00eatement de sol, rev\u00eatement mural ou autre, le marbre noir Fantasy transforme instantan\u00e9ment n'importe quel espace en un chef-d'\u0153uvre de design.<\/p>\n<h3><strong>Caract\u00e9ristiques principales :<\/strong><\/h3>\n<ol>\n<li><strong>Une esth\u00e9tique exceptionnelle :<\/strong> Le contraste audacieux des veines noires et blanches cr\u00e9e un aspect dramatique et sophistiqu\u00e9 qui captive le regard.<\/li>\n<li><strong>Applications polyvalentes :<\/strong> Qu'il s'agisse d'une cuisine luxueuse, d'une salle de bains grandiose ou d'un espace de r\u00e9ception chic, Fantasy Black Marble convient \u00e0 un large \u00e9ventail de projets d'am\u00e9nagement int\u00e9rieur.<\/li>\n<li><strong>Durabilit\u00e9 :<\/strong> Cette plaque de marbre est tr\u00e8s durable et peut r\u00e9sister \u00e0 l'\u00e9preuve du temps, garantissant ainsi la p\u00e9rennit\u00e9 de votre investissement.<\/li>\n<li><strong>Mod\u00e8les uniques :<\/strong> Il n'y a pas deux dalles de Fantasy Black Marble identiques, ce qui garantit que votre projet est unique et exclusif.<\/li>\n<li><strong>Entretien facile :<\/strong> Le nettoyage et l'entretien de cette dalle de marbre sont ais\u00e9s, ce qui en fait un choix id\u00e9al pour les espaces r\u00e9sidentiels et commerciaux.<\/li>\n<\/ol>\n<h3><strong>Applications :<\/strong><\/h3>\n<p>La polyvalence du marbre noir Fantasy ne conna\u00eet pas de limites. Voici quelques exemples d'applications de cette pierre exquise :<\/p>\n<ul>\n<li><strong>Comptoirs de cuisine :<\/strong> Transformez votre cuisine en un v\u00e9ritable havre de paix culinaire avec un superbe comptoir en marbre noir qui respire l'\u00e9l\u00e9gance et le style.<\/li>\n<li><strong>Vanit\u00e9s de salle de bains :<\/strong> Faites sensation dans votre salle de bains avec un plan de toilette en marbre noir Fantasy qui allie fonctionnalit\u00e9 et opulence.<\/li>\n<li><strong>Rev\u00eatement de sol :<\/strong> Donnez \u00e0 votre espace un air de sophistication en utilisant le Fantasy Black Marble comme rev\u00eatement de sol, cr\u00e9ant ainsi une base intemporelle et durable.<\/li>\n<li><strong>Rev\u00eatement mural :<\/strong> Ornez vos murs avec les veines complexes de ce marbre pour cr\u00e9er un mur d'accent qui ne manquera pas d'impressionner.<\/li>\n<li><strong>Entourage de chemin\u00e9e :<\/strong> Ajoutez une touche de luxe \u00e0 votre espace de vie avec un habillage de chemin\u00e9e en marbre noir fantaisie qui devient le point central de la pi\u00e8ce.<\/li>\n<\/ul>\n<h3><strong>Pourquoi choisir phonenix power stone ?<\/strong><\/h3>\n<p>phonenix power stone est fier d'\u00eatre un fournisseur de marbre et de granit de confiance en Chine, et nous nous engageons \u00e0 offrir des produits en pierre naturelle de haute qualit\u00e9 qui r\u00e9pondent \u00e0 vos attentes et les d\u00e9passent. En nous choisissant, vous b\u00e9n\u00e9ficiez de :<\/p>\n<ul>\n<li><strong>Assurance qualit\u00e9 :<\/strong> Nous nous procurons les pierres naturelles les plus fines pour que votre projet mette en valeur le meilleur de la beaut\u00e9 de la nature.<\/li>\n<li><strong>Personnalisation :<\/strong> Notre \u00e9quipe d'experts peut traiter le marbre noir fantaisie en fonction de vos besoins sp\u00e9cifiques, garantissant ainsi une adaptation parfaite \u00e0 votre projet.<\/li>\n<li><strong>Prix comp\u00e9titifs :<\/strong> Nous proposons des prix comp\u00e9titifs sans compromettre la qualit\u00e9 de nos produits.<\/li>\n<li><strong>Fiabilit\u00e9 :<\/strong> Notre engagement \u00e0 respecter les d\u00e9lais de livraison et \u00e0 offrir un service \u00e0 la client\u00e8le exceptionnel garantit une exp\u00e9rience harmonieuse et sans stress.<\/li>\n<\/ul>\n<p>Faites une d\u00e9claration de design audacieuse avec la dalle de marbre Fantasy Black de phonenix power stone. \u00c9levez votre espace gr\u00e2ce \u00e0 l'allure intemporelle de cette pierre naturelle exquise. Contactez-nous d\u00e8s aujourd'hui pour discuter des besoins de votre projet, demander des \u00e9chantillons ou obtenir un devis. Lib\u00e9rez le potentiel de votre d\u00e9coration int\u00e9rieure avec phonenix power stone \u00e0 vos c\u00f4t\u00e9s.<\/p>\n<\/div>","protected":false},"excerpt":{"rendered":"<p>Introducing the Elegance of Fantasy Black Marble Slab Elevate your interior spaces with the sheer sophistication and timeless beauty of<\/p>","protected":false},"featured_media":28243,"template":"","meta":[],"product_cat":[113],"product_tag":[],"_links":{"self":[{"href":"https:\/\/stone-phoenix.com\/fr\/wp-json\/wp\/v2\/product\/19744"}],"collection":[{"href":"https:\/\/stone-phoenix.com\/fr\/wp-json\/wp\/v2\/product"}],"about":[{"href":"https:\/\/stone-phoenix.com\/fr\/wp-json\/wp\/v2\/types\/product"}],"wp:featuredmedia":[{"embeddable":true,"href":"https:\/\/stone-phoenix.com\/fr\/wp-json\/wp\/v2\/media\/28243"}],"wp:attachment":[{"href":"https:\/\/stone-phoenix.com\/fr\/wp-json\/wp\/v2\/media?parent=19744"}],"wp:term":[{"taxonomy":"product_cat","embeddable":true,"href":"https:\/\/stone-phoenix.com\/fr\/wp-json\/wp\/v2\/product_cat?post=19744"},{"taxonomy":"product_tag","embeddable":true,"href":"https:\/\/stone-phoenix.com\/fr\/wp-json\/wp\/v2\/product_tag?post=19744"}],"curies":[{"name":"wp","href":"https:\/\/api.w.org\/{rel}","templated":true}]}}