{"id":19746,"date":"2023-12-15T11:45:21","date_gmt":"2023-12-15T03:45:21","guid":{"rendered":"http:\/\/stone-phoenix.com\/product\/four-seasons-quartzite-slab"},"modified":"2024-04-15T21:35:54","modified_gmt":"2024-04-15T13:35:54","slug":"four-seasons-quartzite-slab","status":"publish","type":"product","link":"https:\/\/stone-phoenix.com\/fr\/produit\/four-seasons-quartzite-slab","title":{"rendered":"Dalle de quartzite des quatre saisons"},"content":{"rendered":"<div id=\"tab-description\" class=\"woocommerce-Tabs-panel woocommerce-Tabs-panel--description panel entry-content wc-tab\" role=\"tabpanel\" aria-labelledby=\"tab-title-description\">\n<div class=\"rll-youtube-player\" data-src=\"https:\/\/www.youtube.com\/embed\/638mX5sVvCE\" data-id=\"638mX5sVvCE\" data-query=\"si=QXYX8k9qOAx1T-pG\"><img loading=\"lazy\" decoding=\"async\" class=\"alignnone  wp-image-28253\" src=\"http:\/\/stone-phoenix.com\/wp-content\/uploads\/2023\/12\/Four-Seasons-Quartzite-Slab-3.jpg\" alt=\"\" width=\"951\" height=\"1208\" srcset=\"https:\/\/stone-phoenix.com\/wp-content\/uploads\/2023\/12\/Four-Seasons-Quartzite-Slab-3.jpg 700w, https:\/\/stone-phoenix.com\/wp-content\/uploads\/2023\/12\/Four-Seasons-Quartzite-Slab-3-236x300.jpg 236w, https:\/\/stone-phoenix.com\/wp-content\/uploads\/2023\/12\/Four-Seasons-Quartzite-Slab-3-9x12.jpg 9w, https:\/\/stone-phoenix.com\/wp-content\/uploads\/2023\/12\/Four-Seasons-Quartzite-Slab-3-600x762.jpg 600w, https:\/\/stone-phoenix.com\/wp-content\/uploads\/2023\/12\/Four-Seasons-Quartzite-Slab-3-150x191.jpg 150w\" sizes=\"(max-width: 951px) 100vw, 951px\" \/><img loading=\"lazy\" decoding=\"async\" class=\"alignnone  wp-image-28255\" src=\"http:\/\/stone-phoenix.com\/wp-content\/uploads\/2023\/12\/Four-Seasons-Quartzite-Slab-6.jpg\" alt=\"\" width=\"957\" height=\"725\" srcset=\"https:\/\/stone-phoenix.com\/wp-content\/uploads\/2023\/12\/Four-Seasons-Quartzite-Slab-6.jpg 690w, https:\/\/stone-phoenix.com\/wp-content\/uploads\/2023\/12\/Four-Seasons-Quartzite-Slab-6-300x227.jpg 300w, https:\/\/stone-phoenix.com\/wp-content\/uploads\/2023\/12\/Four-Seasons-Quartzite-Slab-6-16x12.jpg 16w, https:\/\/stone-phoenix.com\/wp-content\/uploads\/2023\/12\/Four-Seasons-Quartzite-Slab-6-600x455.jpg 600w, https:\/\/stone-phoenix.com\/wp-content\/uploads\/2023\/12\/Four-Seasons-Quartzite-Slab-6-150x114.jpg 150w\" sizes=\"(max-width: 957px) 100vw, 957px\" \/><img loading=\"lazy\" decoding=\"async\" class=\"alignnone  wp-image-28256\" src=\"http:\/\/stone-phoenix.com\/wp-content\/uploads\/2023\/12\/Four-Seasons-Quartzite-Slab-7.jpg\" alt=\"\" width=\"961\" height=\"740\" srcset=\"https:\/\/stone-phoenix.com\/wp-content\/uploads\/2023\/12\/Four-Seasons-Quartzite-Slab-7.jpg 687w, https:\/\/stone-phoenix.com\/wp-content\/uploads\/2023\/12\/Four-Seasons-Quartzite-Slab-7-300x231.jpg 300w, https:\/\/stone-phoenix.com\/wp-content\/uploads\/2023\/12\/Four-Seasons-Quartzite-Slab-7-16x12.jpg 16w, https:\/\/stone-phoenix.com\/wp-content\/uploads\/2023\/12\/Four-Seasons-Quartzite-Slab-7-600x462.jpg 600w, https:\/\/stone-phoenix.com\/wp-content\/uploads\/2023\/12\/Four-Seasons-Quartzite-Slab-7-150x116.jpg 150w\" sizes=\"(max-width: 961px) 100vw, 961px\" \/><\/div>\n<h3>Pr\u00e9sentation de la dalle de quartzite Four Seasons - L'\u00e9l\u00e9gance intemporelle de la pierre<\/h3>\n<p>Chez phonenix power stone, nous sommes fiers de proposer une large gamme de produits en pierre naturelle de haute qualit\u00e9, et notre dalle en quartzite Four Seasons ne fait pas exception \u00e0 la r\u00e8gle. Si vous recherchez un mat\u00e9riau de surface qui allie la solidit\u00e9 et la durabilit\u00e9 du quartzite \u00e0 la beaut\u00e9 exquise du marbre, c'est le choix id\u00e9al.<\/p>\n<h3><strong>D\u00e9couvrez l'\u00e9l\u00e9gance de Four Seasons Quartzite :<\/strong><\/h3>\n<p>Le quartzite Four Seasons est une pierre naturelle qui t\u00e9moigne des merveilles de la nature. Cette vari\u00e9t\u00e9 unique de quartzite pr\u00e9sente un m\u00e9lange envo\u00fbtant de couleurs et de motifs, rappelant les quatre saisons de l'ann\u00e9e. Avec sa fusion harmonieuse de tons blancs, gris et bruns, la dalle de quartzite Four Seasons ajoute une touche d'\u00e9l\u00e9gance intemporelle \u00e0 n'importe quel espace.<\/p>\n<h3><strong>Pourquoi choisir la dalle de quartzite Four Seasons :<\/strong><\/h3>\n<ol>\n<li><strong>Une durabilit\u00e9 \u00e0 toute \u00e9preuve :<\/strong> La dalle de quartzite Four Seasons est connue pour sa durabilit\u00e9 exceptionnelle. Elle est tr\u00e8s r\u00e9sistante \u00e0 la chaleur, aux rayures et aux taches, ce qui la rend id\u00e9ale pour les zones tr\u00e8s fr\u00e9quent\u00e9es telles que les comptoirs de cuisine et les plans de toilette de salle de bains.<\/li>\n<li><strong>L'attrait esth\u00e9tique :<\/strong> La beaut\u00e9 naturelle du quartzite Four Seasons est in\u00e9gal\u00e9e. Chaque dalle est une \u0153uvre d'art unique, pr\u00e9sentant des veines complexes et des variations de couleur distinctes qui conf\u00e8rent \u00e0 votre d\u00e9coration int\u00e9rieure un aspect unique.<\/li>\n<li><strong>Applications polyvalentes :<\/strong> Cette pierre polyvalente peut \u00eatre utilis\u00e9e dans une vari\u00e9t\u00e9 d'applications, y compris les comptoirs de cuisine, les vanit\u00e9s de salle de bain, les entourages de chemin\u00e9e et les rev\u00eatements de sol. Sa beaut\u00e9 et sa durabilit\u00e9 en font un mat\u00e9riau adapt\u00e9 aux projets r\u00e9sidentiels et commerciaux.<\/li>\n<li><strong>Peu d'entretien :<\/strong> Le quartzite Four Seasons est facile \u00e0 nettoyer et \u00e0 entretenir. Il est recommand\u00e9 de le sceller r\u00e9guli\u00e8rement pour pr\u00e9server son aspect et le prot\u00e9ger contre les taches \u00e9ventuelles, mais le nettoyage quotidien est un jeu d'enfant.<\/li>\n<li><strong>Choix durable :<\/strong> En tant que pierre naturelle, le quartzite Four Seasons est un choix respectueux de l'environnement. Il est non toxique et n'\u00e9met pas de produits chimiques nocifs, ce qui garantit un environnement de vie sain et durable.<\/li>\n<li><strong>Mod\u00e8les uniques :<\/strong> Les motifs vari\u00e9s de la dalle de quartzite Four Seasons font de chaque installation une \u0153uvre d'art. Elle s'int\u00e8gre sans effort \u00e0 diff\u00e9rents styles de d\u00e9coration, du moderne au minimaliste en passant par le classique et le traditionnel.<\/li>\n<\/ol>\n<h3><strong>La pierre de puissance phonenix Avantage :<\/strong><\/h3>\n<p>Lorsque vous choisissez phonenix power stone comme fournisseur de granit et de marbre, vous n'achetez pas seulement un produit ; vous investissez dans la qualit\u00e9, l'expertise et un service \u00e0 la client\u00e8le exceptionnel. Voici pourquoi vous devriez vous associer \u00e0 nous pour vos besoins en dalles de quartzite Four Seasons :<\/p>\n<ol>\n<li><strong>Personnalisation :<\/strong> Nous savons que chaque projet est unique et nous proposons un traitement sur mesure pour r\u00e9pondre \u00e0 vos besoins sp\u00e9cifiques. Que vous ayez besoin de dalles de quartzite Four Seasons dans une taille ou une finition particuli\u00e8re, nous disposons de l'expertise n\u00e9cessaire pour y parvenir.<\/li>\n<li><strong>Conseils d'experts :<\/strong> Notre \u00e9quipe d'experts en pierre est pr\u00eate \u00e0 vous aider \u00e0 chaque \u00e9tape, de la s\u00e9lection des produits \u00e0 la pose. Nous pouvons vous fournir des informations et des recommandations pr\u00e9cieuses pour garantir la r\u00e9ussite de votre projet.<\/li>\n<li><strong>Assurance qualit\u00e9 :<\/strong> Nous nous approvisionnons en pierres aupr\u00e8s de carri\u00e8res r\u00e9put\u00e9es, ce qui vous garantit des dalles de quartzite Four Seasons de la plus haute qualit\u00e9. Notre engagement en mati\u00e8re de qualit\u00e9 est in\u00e9branlable.<\/li>\n<li><strong>Livraison dans les d\u00e9lais :<\/strong> Nous comprenons l'importance de respecter les d\u00e9lais des projets. Gr\u00e2ce \u00e0 notre logistique et \u00e0 notre cha\u00eene d'approvisionnement efficaces, vous pouvez nous faire confiance pour livrer votre commande \u00e0 temps.<\/li>\n<li><strong>Prix comp\u00e9titifs :<\/strong> Chez phonenix power stone, nous proposons des prix comp\u00e9titifs sans faire de compromis sur la qualit\u00e9. Nous pensons que le luxe et la durabilit\u00e9 doivent \u00eatre accessibles \u00e0 tous.<\/li>\n<\/ol>\n<h3><strong>D\u00e9couvrez la beaut\u00e9 intemporelle des dalles en quartzite Four Seasons :<\/strong><\/h3>\n<p>La beaut\u00e9 durable et la solidit\u00e9 de la dalle de quartzite Four Seasons en font un choix de premier ordre pour les architectes, les d\u00e9corateurs d'int\u00e9rieur et les propri\u00e9taires. Que vous r\u00e9noviez votre cuisine ou votre salle de bains, ou que vous planifiez un projet commercial, cette pierre naturelle exquise laissera une impression durable. phonenix power stone est votre partenaire de confiance pour apporter l'\u00e9l\u00e9gance du quartzite Four Seasons \u00e0 vos espaces. Contactez-nous d\u00e8s aujourd'hui pour discuter des exigences de votre projet, demander des \u00e9chantillons ou obtenir un devis. D\u00e9couvrez la beaut\u00e9 intemporelle des dalles en quartzite Four Seasons et laissez vos r\u00eaves de design devenir r\u00e9alit\u00e9. Lorsque vous choisissez phonenix power stone, vous ne choisissez pas seulement un fournisseur, vous choisissez un partenaire en mati\u00e8re de qualit\u00e9, de fiabilit\u00e9 et d'excellence. D\u00e9couvrez la beaut\u00e9 et la durabilit\u00e9 de la dalle de quartzite Four Seasons avec nous.<\/p>\n<\/div>","protected":false},"excerpt":{"rendered":"<p>Introducing Four Seasons Quartzite Slab \u2013 Timeless Elegance in Stone At phonenix power stone, we take pride in offering a<\/p>","protected":false},"featured_media":28249,"template":"","meta":[],"product_cat":[113],"product_tag":[],"_links":{"self":[{"href":"https:\/\/stone-phoenix.com\/fr\/wp-json\/wp\/v2\/product\/19746"}],"collection":[{"href":"https:\/\/stone-phoenix.com\/fr\/wp-json\/wp\/v2\/product"}],"about":[{"href":"https:\/\/stone-phoenix.com\/fr\/wp-json\/wp\/v2\/types\/product"}],"wp:featuredmedia":[{"embeddable":true,"href":"https:\/\/stone-phoenix.com\/fr\/wp-json\/wp\/v2\/media\/28249"}],"wp:attachment":[{"href":"https:\/\/stone-phoenix.com\/fr\/wp-json\/wp\/v2\/media?parent=19746"}],"wp:term":[{"taxonomy":"product_cat","embeddable":true,"href":"https:\/\/stone-phoenix.com\/fr\/wp-json\/wp\/v2\/product_cat?post=19746"},{"taxonomy":"product_tag","embeddable":true,"href":"https:\/\/stone-phoenix.com\/fr\/wp-json\/wp\/v2\/product_tag?post=19746"}],"curies":[{"name":"wp","href":"https:\/\/api.w.org\/{rel}","templated":true}]}}