{"id":19748,"date":"2023-12-15T11:45:25","date_gmt":"2023-12-15T03:45:25","guid":{"rendered":"http:\/\/stone-phoenix.com\/product\/galaxy-oro-marble-slab"},"modified":"2024-04-15T21:56:31","modified_gmt":"2024-04-15T13:56:31","slug":"galaxy-oro-marble-slab","status":"publish","type":"product","link":"https:\/\/stone-phoenix.com\/fr\/produit\/galaxy-oro-marble-slab","title":{"rendered":"Dalle de marbre Galaxy Oro"},"content":{"rendered":"<div id=\"tab-description\" class=\"woocommerce-Tabs-panel woocommerce-Tabs-panel--description panel entry-content wc-tab\" role=\"tabpanel\" aria-labelledby=\"tab-title-description\">\n<h3><strong><img loading=\"lazy\" decoding=\"async\" class=\"alignnone wp-image-28261\" src=\"http:\/\/stone-phoenix.com\/wp-content\/uploads\/2023\/12\/Galaxy-Oro-Marble-Slab-6.jpg\" alt=\"\" width=\"936\" height=\"541\" srcset=\"https:\/\/stone-phoenix.com\/wp-content\/uploads\/2023\/12\/Galaxy-Oro-Marble-Slab-6.jpg 682w, https:\/\/stone-phoenix.com\/wp-content\/uploads\/2023\/12\/Galaxy-Oro-Marble-Slab-6-300x173.jpg 300w, https:\/\/stone-phoenix.com\/wp-content\/uploads\/2023\/12\/Galaxy-Oro-Marble-Slab-6-18x10.jpg 18w, https:\/\/stone-phoenix.com\/wp-content\/uploads\/2023\/12\/Galaxy-Oro-Marble-Slab-6-600x347.jpg 600w, https:\/\/stone-phoenix.com\/wp-content\/uploads\/2023\/12\/Galaxy-Oro-Marble-Slab-6-150x87.jpg 150w\" sizes=\"(max-width: 936px) 100vw, 936px\" \/><\/strong><\/h3>\n<h3><strong>\u00c9levez votre espace avec les dalles de marbre Galaxy Oro de phonenix power stone<\/strong><\/h3>\n<p>Transformez vos espaces de vie en \u0153uvres d'art intemporelles gr\u00e2ce \u00e0 nos exquises dalles de marbre Galaxy Oro, m\u00e9ticuleusement fabriqu\u00e9es par phonenix power stone, votre premier fournisseur de granit et de marbre en Chine. R\u00e9put\u00e9 pour sa beaut\u00e9 in\u00e9gal\u00e9e, le marbre Galaxy Oro allie sans effort \u00e9l\u00e9gance et durabilit\u00e9, ce qui en fait le choix id\u00e9al pour une grande vari\u00e9t\u00e9 d'applications.<\/p>\n<h3><strong>Caract\u00e9ristiques principales :<\/strong><\/h3>\n<ul>\n<li><em>Une esth\u00e9tique \u00e9tonnante :<\/em> Le marbre Galaxy Oro est un chef-d'\u0153uvre naturel, pr\u00e9sentant un m\u00e9lange captivant de riches teintes or et cr\u00e8me, orn\u00e9 de veines complexes qui ajoutent de la profondeur et du caract\u00e8re. Chaque plaque est une cr\u00e9ation unique de la nature, ce qui garantit que votre projet est unique en son genre.<\/li>\n<li><em>Applications polyvalentes :<\/em> Qu'il s'agisse d'un comptoir de cuisine luxueux, d'un meuble de salle de bain sophistiqu\u00e9 ou d'un rev\u00eatement de sol remarquable, les dalles de marbre Galaxy Oro conf\u00e8rent une touche luxueuse \u00e0 tout espace. La polyvalence de ce marbre en fait un choix id\u00e9al pour les projets r\u00e9sidentiels et commerciaux.<\/li>\n<li><em>Durabilit\u00e9 in\u00e9gal\u00e9e :<\/em> Au-del\u00e0 de son attrait esth\u00e9tique, le marbre Galaxy Oro est r\u00e9put\u00e9 pour sa durabilit\u00e9. R\u00e9sistant aux rayures, \u00e0 la chaleur et \u00e0 l'humidit\u00e9, ce marbre assure long\u00e9vit\u00e9 et facilit\u00e9 d'entretien, ce qui en fait un choix pratique pour les zones \u00e0 fort trafic.<\/li>\n<li><em>Fabrication de pr\u00e9cision :<\/em> phonenix power stone est fier de son engagement envers l'excellence. Nos artisans qualifi\u00e9s utilisent une technologie de pointe pour traiter m\u00e9ticuleusement le marbre Galaxy Oro, garantissant des coupes pr\u00e9cises et une finition impeccable r\u00e9pondant aux normes les plus \u00e9lev\u00e9es de l'industrie.<\/li>\n<\/ul>\n<h3><strong>Applications :<\/strong><\/h3>\n<ul>\n<li><em>Comptoirs de cuisine :<\/em> \u00c9levez le design de votre cuisine avec l'attrait luxueux du marbre Galaxy Oro. Sa palette de couleurs unique ajoute une touche d'opulence, transformant votre cuisine en un havre de paix culinaire.<\/li>\n<li><em>Vanit\u00e9s de salle de bains :<\/em> Cr\u00e9ez un lieu de d\u00e9tente dans votre salle de bain avec le marbre Galaxy Oro. Les tons chauds et les veines contribuent \u00e0 cr\u00e9er une atmosph\u00e8re sereine et accueillante.<\/li>\n<li><em>Rev\u00eatement de sol :<\/em> Faites une impression durable dans les espaces commerciaux avec le rev\u00eatement de sol en marbre Galaxy Oro. Sa durabilit\u00e9 et sa beaut\u00e9 intemporelle en font un choix populaire pour les h\u00f4tels, les restaurants et les environnements d'entreprise.<\/li>\n<li><em>Pi\u00e8ces d'apparat :<\/em> Incorporez le marbre Galaxy Oro dans des meubles personnalis\u00e9s, des murs d'accent ou des entourages de chemin\u00e9e pour cr\u00e9er un design audacieux qui refl\u00e8te votre style distinctif.<\/li>\n<\/ul>\n<h3><strong>Pourquoi choisir phonenix power stone :<\/strong><\/h3>\n<ul>\n<li><em>Personnalisation :<\/em> Chez phonenix power stone, nous savons que chaque projet est unique. C'est pourquoi nous proposons des options de personnalisation pour r\u00e9pondre \u00e0 vos besoins sp\u00e9cifiques. Nos artisans qualifi\u00e9s peuvent fa\u00e7onner le marbre Galaxy Oro pour qu'il corresponde aux dimensions exactes de votre projet.<\/li>\n<li><em>Assurance qualit\u00e9 :<\/em> Nous sommes fiers de fournir des produits en marbre de premi\u00e8re qualit\u00e9. Chaque plaque de marbre Galaxy Oro est soumise \u00e0 des mesures rigoureuses de contr\u00f4le de la qualit\u00e9 afin de s'assurer qu'elle r\u00e9pond \u00e0 nos normes strictes avant d'arriver \u00e0 votre porte.<\/li>\n<li><em>Une port\u00e9e mondiale :<\/em> En tant que fournisseur de granit et de marbre de confiance en Chine, phonenix power stone sert des clients dans le monde entier. Notre engagement en faveur de la qualit\u00e9, de la fiabilit\u00e9 et de la satisfaction des clients nous a valu la r\u00e9putation de partenaire privil\u00e9gi\u00e9 dans l'industrie.<\/li>\n<\/ul>\n<p>Transformez votre espace avec la beaut\u00e9 in\u00e9gal\u00e9e des dalles de marbre Galaxy Oro de phonenix power stone. Contactez-nous d\u00e8s aujourd'hui pour discuter de votre projet et d\u00e9couvrir comment nous pouvons donner vie \u00e0 votre vision du design.<\/p>\n<\/div>","protected":false},"excerpt":{"rendered":"<p>Elevate Your Space with Galaxy Oro Marble Slabs from phonenix power stone Transform your living spaces into timeless works of<\/p>","protected":false},"featured_media":28257,"template":"","meta":[],"product_cat":[113],"product_tag":[],"_links":{"self":[{"href":"https:\/\/stone-phoenix.com\/fr\/wp-json\/wp\/v2\/product\/19748"}],"collection":[{"href":"https:\/\/stone-phoenix.com\/fr\/wp-json\/wp\/v2\/product"}],"about":[{"href":"https:\/\/stone-phoenix.com\/fr\/wp-json\/wp\/v2\/types\/product"}],"wp:featuredmedia":[{"embeddable":true,"href":"https:\/\/stone-phoenix.com\/fr\/wp-json\/wp\/v2\/media\/28257"}],"wp:attachment":[{"href":"https:\/\/stone-phoenix.com\/fr\/wp-json\/wp\/v2\/media?parent=19748"}],"wp:term":[{"taxonomy":"product_cat","embeddable":true,"href":"https:\/\/stone-phoenix.com\/fr\/wp-json\/wp\/v2\/product_cat?post=19748"},{"taxonomy":"product_tag","embeddable":true,"href":"https:\/\/stone-phoenix.com\/fr\/wp-json\/wp\/v2\/product_tag?post=19748"}],"curies":[{"name":"wp","href":"https:\/\/api.w.org\/{rel}","templated":true}]}}