{"id":19750,"date":"2023-12-15T11:45:29","date_gmt":"2023-12-15T03:45:29","guid":{"rendered":"http:\/\/stone-phoenix.com\/product\/gallati-red-brown-marble-slab"},"modified":"2024-04-15T22:20:27","modified_gmt":"2024-04-15T14:20:27","slug":"gallati-red-brown-marble-slab","status":"publish","type":"product","link":"https:\/\/stone-phoenix.com\/fr\/produit\/gallati-red-brown-marble-slab","title":{"rendered":"Dalle de marbre rouge brun Gallati"},"content":{"rendered":"<div id=\"tab-description\" class=\"woocommerce-Tabs-panel woocommerce-Tabs-panel--description panel entry-content wc-tab\" role=\"tabpanel\" aria-labelledby=\"tab-title-description\">\n<div class=\"rll-youtube-player\" data-src=\"https:\/\/www.youtube.com\/embed\/WZw4HJ-57Iw\" data-id=\"WZw4HJ-57Iw\" data-query=\"si=dhmHj99DwX5BWqBz\"><img loading=\"lazy\" decoding=\"async\" class=\"alignnone  wp-image-28269\" src=\"http:\/\/stone-phoenix.com\/wp-content\/uploads\/2023\/12\/Gallati-Red-Brown-Marble-Slab-1-1.jpg\" alt=\"\" width=\"940\" height=\"599\" srcset=\"https:\/\/stone-phoenix.com\/wp-content\/uploads\/2023\/12\/Gallati-Red-Brown-Marble-Slab-1-1.jpg 687w, https:\/\/stone-phoenix.com\/wp-content\/uploads\/2023\/12\/Gallati-Red-Brown-Marble-Slab-1-1-300x191.jpg 300w, https:\/\/stone-phoenix.com\/wp-content\/uploads\/2023\/12\/Gallati-Red-Brown-Marble-Slab-1-1-18x12.jpg 18w, https:\/\/stone-phoenix.com\/wp-content\/uploads\/2023\/12\/Gallati-Red-Brown-Marble-Slab-1-1-600x383.jpg 600w, https:\/\/stone-phoenix.com\/wp-content\/uploads\/2023\/12\/Gallati-Red-Brown-Marble-Slab-1-1-150x96.jpg 150w\" sizes=\"(max-width: 940px) 100vw, 940px\" \/><img loading=\"lazy\" decoding=\"async\" class=\"alignnone  wp-image-28270\" src=\"http:\/\/stone-phoenix.com\/wp-content\/uploads\/2023\/12\/Gallati-Red-Brown-Marble-Slab-7.jpg\" alt=\"\" width=\"938\" height=\"710\" srcset=\"https:\/\/stone-phoenix.com\/wp-content\/uploads\/2023\/12\/Gallati-Red-Brown-Marble-Slab-7.jpg 687w, https:\/\/stone-phoenix.com\/wp-content\/uploads\/2023\/12\/Gallati-Red-Brown-Marble-Slab-7-300x227.jpg 300w, https:\/\/stone-phoenix.com\/wp-content\/uploads\/2023\/12\/Gallati-Red-Brown-Marble-Slab-7-16x12.jpg 16w, https:\/\/stone-phoenix.com\/wp-content\/uploads\/2023\/12\/Gallati-Red-Brown-Marble-Slab-7-600x454.jpg 600w, https:\/\/stone-phoenix.com\/wp-content\/uploads\/2023\/12\/Gallati-Red-Brown-Marble-Slab-7-150x114.jpg 150w\" sizes=\"(max-width: 938px) 100vw, 938px\" \/><img loading=\"lazy\" decoding=\"async\" class=\"alignnone  wp-image-28272\" src=\"http:\/\/stone-phoenix.com\/wp-content\/uploads\/2023\/12\/Gallati-Red-Brown-Marble-Slab-5-1.jpg\" alt=\"\" width=\"937\" height=\"778\" srcset=\"https:\/\/stone-phoenix.com\/wp-content\/uploads\/2023\/12\/Gallati-Red-Brown-Marble-Slab-5-1.jpg 694w, https:\/\/stone-phoenix.com\/wp-content\/uploads\/2023\/12\/Gallati-Red-Brown-Marble-Slab-5-1-300x249.jpg 300w, https:\/\/stone-phoenix.com\/wp-content\/uploads\/2023\/12\/Gallati-Red-Brown-Marble-Slab-5-1-14x12.jpg 14w, https:\/\/stone-phoenix.com\/wp-content\/uploads\/2023\/12\/Gallati-Red-Brown-Marble-Slab-5-1-600x498.jpg 600w, https:\/\/stone-phoenix.com\/wp-content\/uploads\/2023\/12\/Gallati-Red-Brown-Marble-Slab-5-1-150x124.jpg 150w\" sizes=\"(max-width: 937px) 100vw, 937px\" \/><\/div>\n<h3><strong>Voici la dalle de marbre Gallati Red Brown de phonenix power stone : \u00c9l\u00e9gance intemporelle, impressions durables<\/strong><\/h3>\n<p>\u00c9levez votre espace avec l'allure luxueuse de la dalle de marbre Gallati Red Brown, un chef-d'\u0153uvre cr\u00e9\u00e9 par phonenix power stone, votre partenaire de confiance dans l'excellence du granit et du marbre. D\u00e9voilez le summum de la sophistication, l'art de la nature rencontrant le design moderne dans cette cr\u00e9ation en marbre exquise.<\/p>\n<h3><strong>Une esth\u00e9tique captivante :<\/strong><\/h3>\n<p>Le marbre Gallati Red Brown t\u00e9moigne du savoir-faire de la Terre, avec un m\u00e9lange harmonieux de rouges riches et de bruns chauds. Cette fusion unique cr\u00e9e une palette envo\u00fbtante qui respire la chaleur et la sophistication, ce qui en fait un choix polyvalent pour les designs classiques et contemporains. Les motifs de veinage complexes ajoutent de la profondeur et du caract\u00e8re, garantissant que chaque dalle est un chef-d'\u0153uvre unique.<\/p>\n<h3><strong>Une qualit\u00e9 irr\u00e9prochable :<\/strong><\/h3>\n<p>Chez phonenix power stone, nous sommes fiers de proposer les normes de qualit\u00e9 les plus \u00e9lev\u00e9es, et le marbre Gallati Red Brown ne fait pas exception \u00e0 la r\u00e8gle. Extraite de carri\u00e8res de premi\u00e8re qualit\u00e9, chaque dalle subit un traitement m\u00e9ticuleux, garantissant une surface impeccable qui en dit long sur la durabilit\u00e9 et la long\u00e9vit\u00e9. Notre engagement envers l'excellence garantit que votre investissement dans le marbre Gallati Red Brown est un investissement dans une beaut\u00e9 intemporelle.<\/p>\n<h3><strong>Applications polyvalentes :<\/strong><\/h3>\n<p>Qu'il s'agisse d'un luxueux comptoir de cuisine, d'un meuble de salle de bains ou d'un rev\u00eatement de sol \u00e9l\u00e9gant, le marbre Gallati Red Brown transcende les fronti\u00e8res du design. Sa polyvalence s'\u00e9tend aux espaces r\u00e9sidentiels et commerciaux, rehaussant l'attrait esth\u00e9tique de n'importe quel environnement.<\/p>\n<h3><strong>Options de personnalisation :<\/strong><\/h3>\n<p>Chez phonenix power stone, nous savons que chaque projet est unique. C'est pourquoi nous proposons des options de personnalisation pour r\u00e9pondre \u00e0 vos exigences sp\u00e9cifiques en mati\u00e8re de design. Nos artisans qualifi\u00e9s peuvent adapter les dimensions et les finitions de la dalle de marbre Gallati Red Brown pour qu'elle s'int\u00e8gre parfaitement \u00e0 votre vision, garantissant ainsi une solution v\u00e9ritablement sur mesure.<\/p>\n<h3><strong>Entretien facile :<\/strong><\/h3>\n<p>Au-del\u00e0 de son esth\u00e9tique \u00e9poustouflante, le marbre Gallati Red Brown est r\u00e9put\u00e9 pour ses qualit\u00e9s pratiques. La surface polie rehausse non seulement son attrait visuel, mais facilite \u00e9galement le nettoyage. Avec un minimum d'entretien, vous pouvez pr\u00e9server l'\u00e9clat du marbre, ce qui lui permet de r\u00e9sister \u00e0 l'\u00e9preuve du temps.<\/p>\n<h3><strong>Approvisionnement durable :<\/strong><\/h3>\n<p>phonenix power stone s'engage \u00e0 respecter des pratiques durables et \u00e9thiques. Notre marbre Gallati Red Brown est produit de mani\u00e8re responsable, dans le respect des normes environnementales. En choisissant notre marbre, vous contribuez \u00e0 un avenir plus vert et plus durable.<\/p>\n<h3><strong>Conclusion : \u00c9levez votre espace avec le marbre Gallati Red Brown :<\/strong><\/h3>\n<p>Incorporez l'\u00e9l\u00e9gance intemporelle de la dalle de marbre Gallati Red Brown dans votre design. phonenix power stone vous invite \u00e0 d\u00e9couvrir la beaut\u00e9 de la pierre naturelle, m\u00e9ticuleusement travaill\u00e9e \u00e0 la perfection. Rehaussez votre espace avec les impressions durables du marbre Gallati Red Brown - un symbole de luxe, de durabilit\u00e9 et de savoir-faire in\u00e9gal\u00e9. Choisissez la pierre de puissance phonenix pour une qualit\u00e9 qui r\u00e9siste \u00e0 l'\u00e9preuve du temps. Transformez votre vision en r\u00e9alit\u00e9 avec le marbre Gallati Red Brown, l'incarnation de la beaut\u00e9 naturelle et du luxe moderne.<\/p>\n<\/div>","protected":false},"excerpt":{"rendered":"<p>Introducing Gallati Red Brown Marble Slab by phonenix power stone: Timeless Elegance, Lasting Impressions Elevate your space with the luxurious<\/p>","protected":false},"featured_media":28263,"template":"","meta":[],"product_cat":[113],"product_tag":[],"_links":{"self":[{"href":"https:\/\/stone-phoenix.com\/fr\/wp-json\/wp\/v2\/product\/19750"}],"collection":[{"href":"https:\/\/stone-phoenix.com\/fr\/wp-json\/wp\/v2\/product"}],"about":[{"href":"https:\/\/stone-phoenix.com\/fr\/wp-json\/wp\/v2\/types\/product"}],"wp:featuredmedia":[{"embeddable":true,"href":"https:\/\/stone-phoenix.com\/fr\/wp-json\/wp\/v2\/media\/28263"}],"wp:attachment":[{"href":"https:\/\/stone-phoenix.com\/fr\/wp-json\/wp\/v2\/media?parent=19750"}],"wp:term":[{"taxonomy":"product_cat","embeddable":true,"href":"https:\/\/stone-phoenix.com\/fr\/wp-json\/wp\/v2\/product_cat?post=19750"},{"taxonomy":"product_tag","embeddable":true,"href":"https:\/\/stone-phoenix.com\/fr\/wp-json\/wp\/v2\/product_tag?post=19750"}],"curies":[{"name":"wp","href":"https:\/\/api.w.org\/{rel}","templated":true}]}}