{"id":19752,"date":"2023-12-15T11:45:34","date_gmt":"2023-12-15T03:45:34","guid":{"rendered":"http:\/\/stone-phoenix.com\/product\/green-ice-jade-marble-slab"},"modified":"2024-04-15T22:32:29","modified_gmt":"2024-04-15T14:32:29","slug":"green-ice-jade-marble-slab","status":"publish","type":"product","link":"https:\/\/stone-phoenix.com\/fr\/produit\/green-ice-jade-marble-slab","title":{"rendered":"Plaque de marbre de jade vert"},"content":{"rendered":"<div id=\"tab-description\" class=\"woocommerce-Tabs-panel woocommerce-Tabs-panel--description panel entry-content wc-tab\" role=\"tabpanel\" aria-labelledby=\"tab-title-description\">\n<div class=\"rll-youtube-player\" data-src=\"https:\/\/www.youtube.com\/embed\/00P6JTbqUsU\" data-id=\"00P6JTbqUsU\" data-query=\"si=5-u6DNQRtNxBEp2B\"><img loading=\"lazy\" decoding=\"async\" class=\"alignnone  wp-image-28278\" src=\"http:\/\/stone-phoenix.com\/wp-content\/uploads\/2023\/12\/Green-Ice-Jade-Marble-Slab-2-1.jpg\" alt=\"\" width=\"949\" height=\"674\" srcset=\"https:\/\/stone-phoenix.com\/wp-content\/uploads\/2023\/12\/Green-Ice-Jade-Marble-Slab-2-1.jpg 697w, https:\/\/stone-phoenix.com\/wp-content\/uploads\/2023\/12\/Green-Ice-Jade-Marble-Slab-2-1-300x213.jpg 300w, https:\/\/stone-phoenix.com\/wp-content\/uploads\/2023\/12\/Green-Ice-Jade-Marble-Slab-2-1-18x12.jpg 18w, https:\/\/stone-phoenix.com\/wp-content\/uploads\/2023\/12\/Green-Ice-Jade-Marble-Slab-2-1-600x426.jpg 600w, https:\/\/stone-phoenix.com\/wp-content\/uploads\/2023\/12\/Green-Ice-Jade-Marble-Slab-2-1-150x107.jpg 150w\" sizes=\"(max-width: 949px) 100vw, 949px\" \/><\/div>\n<h3>Plaque de marbre exquis en jade glac\u00e9 vert<\/h3>\n<p>Chez phonenix power stone, nous sommes tr\u00e8s fiers de vous pr\u00e9senter notre exquise dalle de marbre Green Ice Jade - une merveille naturelle qui ajoute une touche de luxe et d'\u00e9l\u00e9gance \u00e0 n'importe quel espace. Notre marbre Green Ice Jade est l'incarnation de la beaut\u00e9 de la nature, combinant esth\u00e9tique et durabilit\u00e9, ce qui en fait un choix parfait pour une large gamme d'applications int\u00e9rieures et ext\u00e9rieures.<\/p>\n<h3><strong>Caract\u00e9ristiques principales :<\/strong><\/h3>\n<ul>\n<li><strong>1. Une beaut\u00e9 in\u00e9gal\u00e9e :<\/strong> Le marbre Green Ice Jade est r\u00e9put\u00e9 pour sa beaut\u00e9 captivante et ses veines vertes et blanches uniques. Il conf\u00e8re une \u00e9l\u00e9gance intemporelle \u00e0 tout espace et ne manquera pas d'alimenter les conversations.<\/li>\n<li><strong>2. Polyvalence :<\/strong> Notre plaque de marbre Green Ice Jade est polyvalente et peut \u00eatre adapt\u00e9e \u00e0 une multitude d'applications. Qu'il s'agisse de plans de travail, de rev\u00eatements de sol, de rev\u00eatements muraux ou d'accents d\u00e9coratifs, cette dalle de marbre peut \u00eatre personnalis\u00e9e en fonction de vos besoins sp\u00e9cifiques.<\/li>\n<li><strong>3. Durabilit\u00e9 :<\/strong> Le marbre est une pierre naturelle durable, connue pour sa capacit\u00e9 \u00e0 r\u00e9sister \u00e0 l'\u00e9preuve du temps. Le marbre Green Ice Jade ne fait pas exception \u00e0 la r\u00e8gle, ce qui en fait un choix id\u00e9al pour les zones tr\u00e8s fr\u00e9quent\u00e9es ou expos\u00e9es aux intemp\u00e9ries.<\/li>\n<li><strong>4. Caract\u00e8re distinctif :<\/strong> Chaque plaque de marbre Green Ice Jade poss\u00e8de ses propres veines et variations de couleur, ce qui garantit que votre projet sera unique en son genre. Il n'y a pas deux dalles identiques, ce qui ajoute \u00e0 son charme.<\/li>\n<li><strong>5. L'\u00e9l\u00e9gance intemporelle :<\/strong> Cette plaque de marbre transcende les tendances, offrant un attrait intemporel et classique. Qu'il s'agisse d'un espace moderne ou traditionnel, le marbre Green Ice Jade s'int\u00e8gre parfaitement \u00e0 tous les projets d'am\u00e9nagement.<\/li>\n<li><strong>6. Entretien facile :<\/strong> Le marbre Green Ice Jade n\u00e9cessite relativement peu d'entretien. Il suffit de le sceller et de le nettoyer r\u00e9guli\u00e8rement pour qu'il conserve son aspect immacul\u00e9.<\/li>\n<li><strong>7. Le d\u00e9veloppement durable :<\/strong> Chez phonenix power stone, nous nous engageons \u00e0 respecter l'environnement. Notre marbre provient d'une source responsable et nous prenons des mesures pour minimiser les d\u00e9chets pendant le traitement.<\/li>\n<\/ul>\n<h3><strong>Applications :<\/strong><\/h3>\n<p>Les dalles de marbre Green Ice Jade sont tr\u00e8s polyvalentes et peuvent \u00eatre utilis\u00e9es dans diverses applications, y compris mais sans s'y limiter :<\/p>\n<ul>\n<li><strong>Comptoirs de cuisine :<\/strong> Cr\u00e9ez un espace de cuisine sophistiqu\u00e9 et fonctionnel avec nos dalles de marbre durables.<\/li>\n<li><strong>Vanit\u00e9s de salle de bains :<\/strong> Ajoutez une touche de luxe \u00e0 votre salle de bains avec le marbre Green Ice Jade.<\/li>\n<li><strong>Rev\u00eatement de sol :<\/strong> Faites-vous remarquer avec un rev\u00eatement de sol en marbre qui respire l'\u00e9l\u00e9gance.<\/li>\n<li><strong>Rev\u00eatement mural :<\/strong> Transformez vos murs en \u0153uvres d'art avec des plaques de marbre.<\/li>\n<li><strong>Entourage de chemin\u00e9e :<\/strong> Une chemin\u00e9e recouverte de marbre rehausse votre espace de vie.<\/li>\n<li><strong>Dessus de table :<\/strong> Cr\u00e9ez des tables uniques et \u00e9tonnantes qui se distinguent dans n'importe quel environnement.<\/li>\n<li><strong>Accents d\u00e9coratifs :<\/strong> Utilisez des pi\u00e8ces plus petites pour cr\u00e9er des accents uniques dans votre espace.<\/li>\n<\/ul>\n<h3><strong>Personnalisation :<\/strong><\/h3>\n<p>Nous savons que chaque projet est unique et notre \u00e9quipe est pr\u00eate \u00e0 travailler en \u00e9troite collaboration avec vous pour vous proposer des solutions personnalis\u00e9es. Nos artisans qualifi\u00e9s peuvent couper, fa\u00e7onner et finir la dalle de marbre Green Ice Jade selon vos sp\u00e9cifications exactes, en s'assurant qu'elle s'adapte parfaitement \u00e0 votre vision du design.<\/p>\n<h3><strong>Pourquoi choisir phonenix power stone :<\/strong><\/h3>\n<ul>\n<li><strong>Assurance qualit\u00e9 :<\/strong> Nous nous procurons le marbre le plus fin et utilisons des techniques de traitement avanc\u00e9es pour fournir des produits de qualit\u00e9 sup\u00e9rieure.<\/li>\n<li><strong>Expertise :<\/strong> Forte de ses ann\u00e9es d'exp\u00e9rience, notre \u00e9quipe a une connaissance approfondie du marbre et de la pierre.<\/li>\n<li><strong>Centr\u00e9 sur le client :<\/strong> Votre satisfaction est notre priorit\u00e9 et nous nous effor\u00e7ons de d\u00e9passer vos attentes.<\/li>\n<li><strong>Prix comp\u00e9titifs :<\/strong> Nous proposons des prix comp\u00e9titifs afin de garantir que votre projet reste dans les limites de votre budget.<\/li>\n<\/ul>\n<h3>En conclusion<\/h3>\n<p>La dalle de marbre Green Ice Jade de phonenix power stone est un choix \u00e9tonnant pour ceux qui cherchent \u00e0 rehausser leurs espaces de vie avec une beaut\u00e9 naturelle, de l'\u00e9l\u00e9gance et de la durabilit\u00e9. Contactez-nous d\u00e8s aujourd'hui pour discuter des exigences de votre projet et laissez notre \u00e9quipe vous aider \u00e0 donner vie \u00e0 votre vision gr\u00e2ce \u00e0 la beaut\u00e9 intemporelle du marbre Green Ice Jade. Commandez d\u00e8s maintenant votre dalle de marbre Green Ice Jade et d\u00e9couvrez le luxe et la sophistication que seule la pierre naturelle peut offrir. <em>Veuillez noter que le marbre Green Ice Jade est un produit naturel et que, par cons\u00e9quent, des variations de couleur, de veinage et de texture peuvent se produire. Nous vous recommandons de visiter notre salle d'exposition pour voir nos dalles de marbre en personne ou de demander un \u00e9chantillon pour vous assurer qu'elles r\u00e9pondent \u00e0 vos attentes.<\/em><\/p>\n<\/div>","protected":false},"excerpt":{"rendered":"<p>Introducing Exquisite Green Ice Jade Marble Slab At phonenix power stone, we take immense pride in presenting our exquisite Green<\/p>","protected":false},"featured_media":28273,"template":"","meta":[],"product_cat":[113],"product_tag":[],"_links":{"self":[{"href":"https:\/\/stone-phoenix.com\/fr\/wp-json\/wp\/v2\/product\/19752"}],"collection":[{"href":"https:\/\/stone-phoenix.com\/fr\/wp-json\/wp\/v2\/product"}],"about":[{"href":"https:\/\/stone-phoenix.com\/fr\/wp-json\/wp\/v2\/types\/product"}],"wp:featuredmedia":[{"embeddable":true,"href":"https:\/\/stone-phoenix.com\/fr\/wp-json\/wp\/v2\/media\/28273"}],"wp:attachment":[{"href":"https:\/\/stone-phoenix.com\/fr\/wp-json\/wp\/v2\/media?parent=19752"}],"wp:term":[{"taxonomy":"product_cat","embeddable":true,"href":"https:\/\/stone-phoenix.com\/fr\/wp-json\/wp\/v2\/product_cat?post=19752"},{"taxonomy":"product_tag","embeddable":true,"href":"https:\/\/stone-phoenix.com\/fr\/wp-json\/wp\/v2\/product_tag?post=19752"}],"curies":[{"name":"wp","href":"https:\/\/api.w.org\/{rel}","templated":true}]}}