{"id":19754,"date":"2023-12-15T11:45:39","date_gmt":"2023-12-15T03:45:39","guid":{"rendered":"http:\/\/stone-phoenix.com\/product\/grey-ice-marble-slab"},"modified":"2024-04-15T22:45:39","modified_gmt":"2024-04-15T14:45:39","slug":"grey-ice-marble-slab","status":"publish","type":"product","link":"https:\/\/stone-phoenix.com\/fr\/produit\/grey-ice-marble-slab","title":{"rendered":"Dalle de marbre Grey Ice"},"content":{"rendered":"<div id=\"tab-description\" class=\"woocommerce-Tabs-panel woocommerce-Tabs-panel--description panel entry-content wc-tab\" role=\"tabpanel\" aria-labelledby=\"tab-title-description\">\n<div class=\"rll-youtube-player\" data-src=\"https:\/\/www.youtube.com\/embed\/s1eqYod0rFI\" data-id=\"s1eqYod0rFI\" data-query=\"si=krA6Ns2YK-fXTBLn\"><img loading=\"lazy\" decoding=\"async\" class=\"alignnone  wp-image-28285\" src=\"http:\/\/stone-phoenix.com\/wp-content\/uploads\/2023\/12\/Grey-Ice-Marble-Slab-6.jpg\" alt=\"\" width=\"961\" height=\"746\" srcset=\"https:\/\/stone-phoenix.com\/wp-content\/uploads\/2023\/12\/Grey-Ice-Marble-Slab-6.jpg 666w, https:\/\/stone-phoenix.com\/wp-content\/uploads\/2023\/12\/Grey-Ice-Marble-Slab-6-300x233.jpg 300w, https:\/\/stone-phoenix.com\/wp-content\/uploads\/2023\/12\/Grey-Ice-Marble-Slab-6-15x12.jpg 15w, https:\/\/stone-phoenix.com\/wp-content\/uploads\/2023\/12\/Grey-Ice-Marble-Slab-6-600x466.jpg 600w, https:\/\/stone-phoenix.com\/wp-content\/uploads\/2023\/12\/Grey-Ice-Marble-Slab-6-150x116.jpg 150w\" sizes=\"(max-width: 961px) 100vw, 961px\" \/><img loading=\"lazy\" decoding=\"async\" class=\"alignnone  wp-image-28287\" src=\"http:\/\/stone-phoenix.com\/wp-content\/uploads\/2023\/12\/Grey-Ice-Marble-Slab-5.jpg\" alt=\"\" width=\"956\" height=\"643\" srcset=\"https:\/\/stone-phoenix.com\/wp-content\/uploads\/2023\/12\/Grey-Ice-Marble-Slab-5.jpg 693w, https:\/\/stone-phoenix.com\/wp-content\/uploads\/2023\/12\/Grey-Ice-Marble-Slab-5-300x202.jpg 300w, https:\/\/stone-phoenix.com\/wp-content\/uploads\/2023\/12\/Grey-Ice-Marble-Slab-5-18x12.jpg 18w, https:\/\/stone-phoenix.com\/wp-content\/uploads\/2023\/12\/Grey-Ice-Marble-Slab-5-600x403.jpg 600w, https:\/\/stone-phoenix.com\/wp-content\/uploads\/2023\/12\/Grey-Ice-Marble-Slab-5-150x101.jpg 150w\" sizes=\"(max-width: 956px) 100vw, 956px\" \/><\/div>\n<div class=\"flex-1 overflow-hidden\">\n<div class=\"react-scroll-to-bottom--css-qgwmf-79elbk h-full\">\n<div class=\"react-scroll-to-bottom--css-qgwmf-1n7m0yu\">\n<div class=\"flex flex-col text-sm gizmo:pb-9 dark:bg-gray-800 gizmo:dark:bg-transparent\">\n<div class=\"group w-full text-token-text-primary border-b border-black\/10 gizmo:border-0 dark:border-gray-900\/50 gizmo:dark:border-0 bg-gray-50 gizmo:bg-transparent dark:bg-[#444654] gizmo:dark:bg-transparent\" data-testid=\"conversation-turn-3\">\n<div class=\"p-4 gizmo:py-2 justify-center text-base md:gap-6 md:py-6 m-auto\">\n<div class=\"flex flex-1 gap-4 text-base mx-auto md:gap-6 gizmo:gap-3 gizmo:md:px-5 gizmo:lg:px-1 gizmo:xl:px-5 md:max-w-2xl lg:max-w-[38rem] gizmo:md:max-w-3xl gizmo:lg:max-w-[40rem] gizmo:xl:max-w-[48rem] xl:max-w-3xl }\">\n<div class=\"relative flex w-[calc(100%-50px)] flex-col gizmo:w-full lg:w-[calc(100%-115px)] agent-turn\">\n<div class=\"flex-col gap-1 md:gap-3\">\n<div class=\"flex flex-grow flex-col gap-3 max-w-full\">\n<div class=\"min-h-[20px] flex flex-col items-start gap-3 whitespace-pre-wrap break-words overflow-x-auto\" data-message-author-role=\"assistant\" data-message-id=\"433b2b56-a14a-4370-ad52-b8811b167317\">\n<div class=\"markdown prose w-full break-words dark:prose-invert light\">\n<h3><strong>D\u00e9couvrez l'\u00e9l\u00e9gance avec la dalle de marbre Grey Ice<\/strong><\/h3>\n<p>Vous \u00eates \u00e0 la recherche du mat\u00e9riau en pierre naturelle id\u00e9al pour rehausser vos espaces int\u00e9rieurs ou ext\u00e9rieurs ? Ne cherchez pas plus loin que phonenix power stone, votre fournisseur de granit et de marbre de confiance en Chine. Notre dalle de marbre Grey Ice est l'incarnation de l'\u00e9l\u00e9gance intemporelle, offrant un m\u00e9lange unique de sophistication, de durabilit\u00e9 et de polyvalence pour am\u00e9liorer vos projets r\u00e9sidentiels ou commerciaux.<\/p>\n<h3><strong>L'essence du marbre de glace gris :<\/strong><\/h3>\n<p>Le marbre Grey Ice est une merveille naturelle, caract\u00e9ris\u00e9e par une fusion exquise de tons gris doux, de veines blanches d\u00e9licates et d'une touche de bleu glac\u00e9. Cette palette de couleurs distinctes conf\u00e8re un air de luxe et de tranquillit\u00e9 \u00e0 tout environnement, ce qui en fait un choix recherch\u00e9 par les architectes, les d\u00e9corateurs d'int\u00e9rieur et les propri\u00e9taires.<\/p>\n<h3><strong>Durabilit\u00e9 in\u00e9gal\u00e9e :<\/strong><\/h3>\n<p>Notre dalle de marbre Grey Ice n'est pas seulement esth\u00e9tique, elle est faite pour durer. Le marbre, en g\u00e9n\u00e9ral, est r\u00e9put\u00e9 pour sa durabilit\u00e9 et sa r\u00e9sistance \u00e0 la chaleur et \u00e0 l'humidit\u00e9. Il s'agit donc d'un choix id\u00e9al pour les zones tr\u00e8s fr\u00e9quent\u00e9es telles que les cuisines, les salles de bains et les salons. Avec un entretien ad\u00e9quat, cette dalle conservera sa beaut\u00e9 pendant des g\u00e9n\u00e9rations.<\/p>\n<h3><strong>Des possibilit\u00e9s de conception infinies :<\/strong><\/h3>\n<p>L'un des aspects les plus int\u00e9ressants du marbre Grey Ice est sa polyvalence. La combinaison harmonieuse du gris et du blanc lui permet de s'int\u00e9grer \u00e0 un large \u00e9ventail de styles de conception, du contemporain au traditionnel. Que vous souhaitiez un comptoir de cuisine moderne, un meuble de salle de bain luxueux ou un contour de chemin\u00e9e accrocheur, notre dalle de marbre Grey Ice peut donner vie \u00e0 votre vision.<\/p>\n<h3><strong>Des applications \u00e0 foison :<\/strong><\/h3>\n<p>Notre dalle de marbre Grey Ice ne se limite pas aux applications int\u00e9rieures. Sa beaut\u00e9 naturelle peut \u00e9galement embellir vos espaces ext\u00e9rieurs, en rehaussant les patios, les abords de piscine et les all\u00e9es d'une touche de sophistication. Le veinage unique de chaque dalle garantit que votre projet sera unique en son genre.<\/p>\n<h3><strong>La personnalisation \u00e0 la perfection :<\/strong><\/h3>\n<p>Chez phonenix power stone, nous sommes fiers de notre capacit\u00e9 \u00e0 traiter le granit et le marbre pour r\u00e9pondre aux besoins uniques de nos clients. Que vous souhaitiez des dimensions, des finitions ou des profils de bord sp\u00e9cifiques, nous pouvons adapter la dalle de marbre Grey Ice \u00e0 vos sp\u00e9cifications exactes, afin qu'elle s'int\u00e8gre parfaitement \u00e0 votre projet.<\/p>\n<h3><strong>Responsabilit\u00e9 environnementale :<\/strong><\/h3>\n<p>Nous comprenons l'importance d'un approvisionnement responsable. phonenix power stone s'engage \u00e0 respecter des pratiques \u00e9thiques et durables dans l'extraction et le traitement de la pierre naturelle. En choisissant notre dalle de marbre Grey Ice, vous faites un choix \u00e9cologique qui s'aligne sur les principes de durabilit\u00e9 environnementale.<\/p>\n<h3><strong>Pourquoi choisir phonenix power stone ?<\/strong><\/h3>\n<p>Lorsque vous choisissez phonenix power stone comme fournisseur de granit et de marbre, vous choisissez une entreprise qui a fait ses preuves en mati\u00e8re d'excellence. Voici pourquoi nous sommes le choix pr\u00e9f\u00e9r\u00e9 pour le marbre Grey Ice :<\/p>\n<ul>\n<li><strong>Qualit\u00e9 sup\u00e9rieure :<\/strong> Nous nous procurons les pierres naturelles les plus fines et respectons des normes strictes de contr\u00f4le de la qualit\u00e9 afin de garantir que nos dalles r\u00e9pondent aux crit\u00e8res les plus \u00e9lev\u00e9s de l'industrie.<\/li>\n<li><strong>Un savoir-faire d'expert :<\/strong> Notre \u00e9quipe d'artisans et de techniciens qualifi\u00e9s est experte dans le traitement de la pierre, ce qui garantit la pr\u00e9cision et l'attention port\u00e9e aux d\u00e9tails de chaque dalle.<\/li>\n<li><strong>Un service fiable :<\/strong> phonenix power stone s'engage \u00e0 respecter les d\u00e9lais de livraison, \u00e0 chaque fois. Nous accordons de l'importance \u00e0 votre temps et \u00e0 votre investissement.<\/li>\n<li><strong>Prix comp\u00e9titifs :<\/strong> Nous proposons des prix comp\u00e9titifs sans compromettre la qualit\u00e9 de nos dalles de marbre Grey Ice.<\/li>\n<\/ul>\n<h3><strong>Commencez d\u00e8s aujourd'hui :<\/strong><\/h3>\n<p>Am\u00e9liorez vos espaces de vie ou de travail avec la beaut\u00e9 intemporelle du marbre Grey Ice. Contactez phonenix power stone pour discuter des exigences de votre projet, demander un devis ou planifier une visite \u00e0 notre salle d'exposition. Avec notre dalle de marbre Grey Ice, vous vous rapprochez d'une conception \u00e9l\u00e9gante et durable qui laissera une impression durable. Rehaussez votre environnement avec la dalle de marbre Grey Ice de phonenix power stone - L\u00e0 o\u00f9 la qualit\u00e9 rencontre l'\u00e9l\u00e9gance.<\/p>\n<\/div>\n<\/div>\n<\/div>\n<\/div>\n<\/div>\n<\/div>\n<\/div>\n<\/div>\n<\/div>\n<\/div>\n<\/div>\n<\/div>\n<\/div>","protected":false},"excerpt":{"rendered":"<p>Discover Elegance with Grey Ice Marble Slab Are you in search of the perfect natural stone material to elevate your<\/p>","protected":false},"featured_media":28280,"template":"","meta":[],"product_cat":[113],"product_tag":[],"_links":{"self":[{"href":"https:\/\/stone-phoenix.com\/fr\/wp-json\/wp\/v2\/product\/19754"}],"collection":[{"href":"https:\/\/stone-phoenix.com\/fr\/wp-json\/wp\/v2\/product"}],"about":[{"href":"https:\/\/stone-phoenix.com\/fr\/wp-json\/wp\/v2\/types\/product"}],"wp:featuredmedia":[{"embeddable":true,"href":"https:\/\/stone-phoenix.com\/fr\/wp-json\/wp\/v2\/media\/28280"}],"wp:attachment":[{"href":"https:\/\/stone-phoenix.com\/fr\/wp-json\/wp\/v2\/media?parent=19754"}],"wp:term":[{"taxonomy":"product_cat","embeddable":true,"href":"https:\/\/stone-phoenix.com\/fr\/wp-json\/wp\/v2\/product_cat?post=19754"},{"taxonomy":"product_tag","embeddable":true,"href":"https:\/\/stone-phoenix.com\/fr\/wp-json\/wp\/v2\/product_tag?post=19754"}],"curies":[{"name":"wp","href":"https:\/\/api.w.org\/{rel}","templated":true}]}}