{"id":19756,"date":"2023-12-15T11:45:43","date_gmt":"2023-12-15T03:45:43","guid":{"rendered":"http:\/\/stone-phoenix.com\/product\/hermes-grey-marble-slab"},"modified":"2024-04-15T23:04:36","modified_gmt":"2024-04-15T15:04:36","slug":"hermes-grey-marble-slab","status":"publish","type":"product","link":"https:\/\/stone-phoenix.com\/fr\/produit\/hermes-grey-marble-slab","title":{"rendered":"Plaque de marbre gris Hermes"},"content":{"rendered":"<div id=\"tab-description\" class=\"woocommerce-Tabs-panel woocommerce-Tabs-panel--description panel entry-content wc-tab\" role=\"tabpanel\" aria-labelledby=\"tab-title-description\">\n<div class=\"rll-youtube-player\" data-src=\"https:\/\/www.youtube.com\/embed\/M6Pk0IkTvd8\" data-id=\"M6Pk0IkTvd8\" data-query=\"si=zrCNnnaiFjaY3yke\"><img loading=\"lazy\" decoding=\"async\" class=\"alignnone wp-image-28290\" src=\"http:\/\/stone-phoenix.com\/wp-content\/uploads\/2023\/12\/Hermes-Grey-Marble-Slab-7.jpg\" alt=\"\" width=\"948\" height=\"937\" srcset=\"https:\/\/stone-phoenix.com\/wp-content\/uploads\/2023\/12\/Hermes-Grey-Marble-Slab-7.jpg 693w, https:\/\/stone-phoenix.com\/wp-content\/uploads\/2023\/12\/Hermes-Grey-Marble-Slab-7-300x297.jpg 300w, https:\/\/stone-phoenix.com\/wp-content\/uploads\/2023\/12\/Hermes-Grey-Marble-Slab-7-12x12.jpg 12w, https:\/\/stone-phoenix.com\/wp-content\/uploads\/2023\/12\/Hermes-Grey-Marble-Slab-7-600x593.jpg 600w, https:\/\/stone-phoenix.com\/wp-content\/uploads\/2023\/12\/Hermes-Grey-Marble-Slab-7-150x148.jpg 150w\" sizes=\"(max-width: 948px) 100vw, 948px\" \/><img loading=\"lazy\" decoding=\"async\" class=\"alignnone wp-image-28292\" src=\"http:\/\/stone-phoenix.com\/wp-content\/uploads\/2023\/12\/Hermes-Grey-Marble-Slab-2.jpg\" alt=\"\" width=\"947\" height=\"590\" srcset=\"https:\/\/stone-phoenix.com\/wp-content\/uploads\/2023\/12\/Hermes-Grey-Marble-Slab-2.jpg 700w, https:\/\/stone-phoenix.com\/wp-content\/uploads\/2023\/12\/Hermes-Grey-Marble-Slab-2-300x187.jpg 300w, https:\/\/stone-phoenix.com\/wp-content\/uploads\/2023\/12\/Hermes-Grey-Marble-Slab-2-18x12.jpg 18w, https:\/\/stone-phoenix.com\/wp-content\/uploads\/2023\/12\/Hermes-Grey-Marble-Slab-2-600x374.jpg 600w, https:\/\/stone-phoenix.com\/wp-content\/uploads\/2023\/12\/Hermes-Grey-Marble-Slab-2-150x93.jpg 150w\" sizes=\"(max-width: 947px) 100vw, 947px\" \/><\/div>\n<h3>Pr\u00e9sentation de la dalle de marbre gris Herm\u00e8s - L'\u00e9l\u00e9gance intemporelle rencontre la polyvalence moderne<\/h3>\n<p>Chez phonenix power stone, nous sommes fiers de vous offrir la meilleure s\u00e9lection de produits en pierre naturelle, et notre plaque de marbre gris Herm\u00e8s ne fait pas exception. Ce marbre exquis, avec ses teintes grises sophistiqu\u00e9es et ses veines subtiles, d\u00e9gage une \u00e9l\u00e9gance intemporelle, ce qui en fait un choix parfait pour un large \u00e9ventail d'applications int\u00e9rieures et ext\u00e9rieures. Que vous conceviez une salle de bain luxueuse, une cuisine styl\u00e9e ou un espace de vie \u00e9l\u00e9gant, la dalle de marbre gris Herm\u00e8s \u00e9l\u00e8vera votre projet vers de nouveaux sommets.<\/p>\n<h3><strong>Pourquoi choisir la dalle de marbre gris Herm\u00e8s ?<\/strong><\/h3>\n<ul>\n<li><em>1. Une beaut\u00e9 in\u00e9gal\u00e9e : <\/em>Le marbre gris Herm\u00e8s est r\u00e9put\u00e9 pour sa beaut\u00e9 in\u00e9gal\u00e9e. Son doux fond gris tourterelle est compl\u00e9t\u00e9 par un d\u00e9licat veinage blanc qui cr\u00e9e une impression de mouvement et de profondeur. L'esth\u00e9tique unique de ce marbre ajoute instantan\u00e9ment une touche d'opulence et de sophistication \u00e0 tout espace.<\/li>\n<li><em>2. Applications polyvalentes : <\/em>La polyvalence de la dalle de marbre gris Hermes est in\u00e9gal\u00e9e. Qu'il s'agisse de plans de travail luxueux, de murs remarquables, de sols \u00e9l\u00e9gants ou d'entourages de chemin\u00e9es captivants, les tons neutres et l'attrait intemporel de ce marbre en font le choix id\u00e9al pour une grande vari\u00e9t\u00e9 de projets de conception. Il s'int\u00e8gre parfaitement dans les environnements modernes et traditionnels, en am\u00e9liorant l'esth\u00e9tique g\u00e9n\u00e9rale.<\/li>\n<li><em>3. Durabilit\u00e9 et long\u00e9vit\u00e9 : <\/em>Notre dalle de marbre gris Herm\u00e8s s\u00e9duit non seulement par sa beaut\u00e9, mais aussi par sa durabilit\u00e9 impressionnante. Le marbre est une pierre naturelle connue pour sa robustesse et sa long\u00e9vit\u00e9, ce qui garantit que votre investissement r\u00e9sistera \u00e0 l'\u00e9preuve du temps. Correctement entretenu, ce marbre conservera son aspect lustr\u00e9 pendant des g\u00e9n\u00e9rations.<\/li>\n<li><em>4. Options de personnalisation : <\/em>Chez phonenix power stone, nous savons que chaque projet est unique. C'est pourquoi nous proposons des solutions personnalis\u00e9es pour r\u00e9pondre \u00e0 vos besoins sp\u00e9cifiques. Que vous ayez besoin de dalles de marbre gris Hermes de tailles, de finitions ou de profils d'ar\u00eates diff\u00e9rents, nos artisans qualifi\u00e9s se consacrent \u00e0 l'adaptation du produit \u00e0 vos sp\u00e9cifications exactes.<\/li>\n<li><em>5. Des possibilit\u00e9s de conception infinies : <\/em>La dalle de marbre gris Hermes se pr\u00eate \u00e0 d'innombrables possibilit\u00e9s d'am\u00e9nagement. Sa palette de couleurs neutres permet une int\u00e9gration parfaite avec d'autres mat\u00e9riaux, tels que le bois, le verre et le m\u00e9tal, ce qui vous permet de cr\u00e9er un design personnalis\u00e9 et harmonieux qui refl\u00e8te votre vision.<\/li>\n<li><em>6. Durable et respectueux de l'environnement : <\/em>Nous nous engageons en faveur du d\u00e9veloppement durable et d'un approvisionnement responsable. Nos dalles de marbre gris Herm\u00e8s sont issues de sources \u00e9thiques et environnementales, ce qui vous garantit non seulement un produit de qualit\u00e9 sup\u00e9rieure, mais aussi une contribution \u00e0 un avenir plus vert et plus durable.<\/li>\n<li><em>7. Entretien facile : <\/em>Malgr\u00e9 son aspect luxueux, le marbre gris Herm\u00e8s est \u00e9tonnamment peu exigeant en termes d'entretien. Un nettoyage et un scellement r\u00e9guliers lui permettront de conserver son aspect impeccable, ce qui en fait un choix pratique pour les m\u00e9nages occup\u00e9s et les espaces commerciaux.<\/li>\n<li><em>8. Un investissement intemporel : <\/em>Investir dans une dalle de marbre gris Hermes est plus qu'un simple choix de design, c'est un investissement intemporel qui augmente la valeur et l'attrait de votre propri\u00e9t\u00e9.<\/li>\n<\/ul>\n<h3>En conclusion<\/h3>\n<p>La dalle de marbre gris Hermes est l'incarnation m\u00eame de la sophistication et de la polyvalence, ce qui en fait un choix de premier ordre pour les architectes, les concepteurs et les propri\u00e9taires. Chez phonenix power stone, nous nous engageons \u00e0 vous fournir des produits en pierre naturelle de la plus haute qualit\u00e9, et le marbre gris Hermes ne fait pas exception \u00e0 la r\u00e8gle. Cr\u00e9ez l'espace de vos r\u00eaves avec ce marbre \u00e9l\u00e9gant qui r\u00e9siste \u00e0 l'\u00e9preuve du temps et des tendances. Contactez-nous d\u00e8s aujourd'hui pour discuter des exigences de votre projet et explorer les possibilit\u00e9s infinies de la dalle de marbre gris Herm\u00e8s. Laissez-nous vous aider \u00e0 donner vie \u00e0 votre vision du design avec cette pierre naturelle exquise.<\/p>\n<\/div>","protected":false},"excerpt":{"rendered":"<p>Introducing Hermes Grey Marble Slab \u2013 Timeless Elegance Meets Modern Versatility At phonenix power stone, we take pride in offering<\/p>","protected":false},"featured_media":28291,"template":"","meta":[],"product_cat":[113],"product_tag":[],"_links":{"self":[{"href":"https:\/\/stone-phoenix.com\/fr\/wp-json\/wp\/v2\/product\/19756"}],"collection":[{"href":"https:\/\/stone-phoenix.com\/fr\/wp-json\/wp\/v2\/product"}],"about":[{"href":"https:\/\/stone-phoenix.com\/fr\/wp-json\/wp\/v2\/types\/product"}],"wp:featuredmedia":[{"embeddable":true,"href":"https:\/\/stone-phoenix.com\/fr\/wp-json\/wp\/v2\/media\/28291"}],"wp:attachment":[{"href":"https:\/\/stone-phoenix.com\/fr\/wp-json\/wp\/v2\/media?parent=19756"}],"wp:term":[{"taxonomy":"product_cat","embeddable":true,"href":"https:\/\/stone-phoenix.com\/fr\/wp-json\/wp\/v2\/product_cat?post=19756"},{"taxonomy":"product_tag","embeddable":true,"href":"https:\/\/stone-phoenix.com\/fr\/wp-json\/wp\/v2\/product_tag?post=19756"}],"curies":[{"name":"wp","href":"https:\/\/api.w.org\/{rel}","templated":true}]}}