{"id":19758,"date":"2023-12-15T11:45:47","date_gmt":"2023-12-15T03:45:47","guid":{"rendered":"http:\/\/stone-phoenix.com\/product\/ice-brown-marble-slab"},"modified":"2024-04-15T23:16:38","modified_gmt":"2024-04-15T15:16:38","slug":"ice-brown-marble-slab","status":"publish","type":"product","link":"https:\/\/stone-phoenix.com\/fr\/produit\/ice-brown-marble-slab","title":{"rendered":"Dalle de marbre brun glac\u00e9"},"content":{"rendered":"<div id=\"tab-description\" class=\"woocommerce-Tabs-panel woocommerce-Tabs-panel--description panel entry-content wc-tab\" role=\"tabpanel\" aria-labelledby=\"tab-title-description\">\n<div class=\"rll-youtube-player\" data-src=\"https:\/\/www.youtube.com\/embed\/TWHapKXj16w\" data-id=\"TWHapKXj16w\" data-query=\"si=pL3qrOo5I9JeTyxM\"><img loading=\"lazy\" decoding=\"async\" class=\"alignnone  wp-image-28301\" src=\"http:\/\/stone-phoenix.com\/wp-content\/uploads\/2023\/12\/Ice-Brown-Marble-Slab-4.jpg\" alt=\"\" width=\"925\" height=\"681\" srcset=\"https:\/\/stone-phoenix.com\/wp-content\/uploads\/2023\/12\/Ice-Brown-Marble-Slab-4.jpg 697w, https:\/\/stone-phoenix.com\/wp-content\/uploads\/2023\/12\/Ice-Brown-Marble-Slab-4-300x221.jpg 300w, https:\/\/stone-phoenix.com\/wp-content\/uploads\/2023\/12\/Ice-Brown-Marble-Slab-4-16x12.jpg 16w, https:\/\/stone-phoenix.com\/wp-content\/uploads\/2023\/12\/Ice-Brown-Marble-Slab-4-600x442.jpg 600w, https:\/\/stone-phoenix.com\/wp-content\/uploads\/2023\/12\/Ice-Brown-Marble-Slab-4-150x110.jpg 150w\" sizes=\"(max-width: 925px) 100vw, 925px\" \/><img loading=\"lazy\" decoding=\"async\" class=\"alignnone  wp-image-28302\" src=\"http:\/\/stone-phoenix.com\/wp-content\/uploads\/2023\/12\/Ice-Brown-Marble-Slab-6.jpg\" alt=\"\" width=\"923\" height=\"1220\" srcset=\"https:\/\/stone-phoenix.com\/wp-content\/uploads\/2023\/12\/Ice-Brown-Marble-Slab-6.jpg 702w, https:\/\/stone-phoenix.com\/wp-content\/uploads\/2023\/12\/Ice-Brown-Marble-Slab-6-227x300.jpg 227w, https:\/\/stone-phoenix.com\/wp-content\/uploads\/2023\/12\/Ice-Brown-Marble-Slab-6-9x12.jpg 9w, https:\/\/stone-phoenix.com\/wp-content\/uploads\/2023\/12\/Ice-Brown-Marble-Slab-6-600x793.jpg 600w, https:\/\/stone-phoenix.com\/wp-content\/uploads\/2023\/12\/Ice-Brown-Marble-Slab-6-150x198.jpg 150w\" sizes=\"(max-width: 923px) 100vw, 923px\" \/><\/div>\n<div class=\"flex-1 overflow-hidden\">\n<div class=\"react-scroll-to-bottom--css-dwhrl-79elbk h-full\">\n<div class=\"react-scroll-to-bottom--css-dwhrl-1n7m0yu\">\n<div class=\"flex flex-col pb-9 text-sm\">\n<div class=\"w-full text-token-text-primary\" data-testid=\"conversation-turn-3\">\n<div class=\"px-4 py-2 justify-center text-base md:gap-6 m-auto\">\n<div class=\"flex flex-1 text-base mx-auto gap-3 md:px-5 lg:px-1 xl:px-5 md:max-w-3xl lg:max-w-[40rem] xl:max-w-[48rem] } group final-completion\">\n<div class=\"relative flex w-full flex-col lg:w-[calc(100%-115px)] agent-turn\">\n<div class=\"flex-col gap-1 md:gap-3\">\n<div class=\"flex flex-grow flex-col max-w-full\">\n<div class=\"min-h-[20px] text-message flex flex-col items-start gap-3 whitespace-pre-wrap break-words [.text-message+&amp;]:mt-5 overflow-x-auto\" data-message-author-role=\"assistant\" data-message-id=\"ad882003-b808-4826-b7a8-05791b493b3c\">\n<div class=\"markdown prose w-full break-words dark:prose-invert light\">\n<p>Bienvenue chez phonenix power stone, votre premi\u00e8re destination pour des produits en pierre naturelle exquis. Nous sommes tr\u00e8s fiers de vous pr\u00e9senter notre \"Ice Brown Marble Slab\" exclusif, un chef-d'\u0153uvre cr\u00e9\u00e9 par la nature et perfectionn\u00e9 par nos artisans qualifi\u00e9s. \u00c9levez vos espaces de vie gr\u00e2ce \u00e0 l'\u00e9l\u00e9gance intemporelle de ce marbre de premi\u00e8re qualit\u00e9, trait\u00e9 de mani\u00e8re experte pour r\u00e9pondre \u00e0 vos pr\u00e9f\u00e9rences uniques en mati\u00e8re de design.<\/p>\n<h3><strong>Dalle de marbre brun glac\u00e9 Vue d'ensemble :<\/strong><\/h3>\n<p>Chez phonenix power stone, nous comprenons l'importance de choisir le bon mat\u00e9riau pour transformer vos espaces. La dalle de marbre Ice Brown t\u00e9moigne de l'alliance parfaite de la sophistication et de la durabilit\u00e9. Issu des meilleures sources, ce marbre pr\u00e9sente un m\u00e9lange distinctif de riches teintes brunes et de veines blanches glac\u00e9es, cr\u00e9ant un attrait visuel captivant, \u00e0 la fois luxueux et polyvalent.<\/p>\n<h3><strong>Qualit\u00e9 in\u00e9gal\u00e9e :<\/strong><\/h3>\n<p>Notre engagement en faveur de l'excellence se refl\u00e8te dans la qualit\u00e9 irr\u00e9prochable de la dalle de marbre Ice Brown. M\u00e9ticuleusement trait\u00e9e \u00e0 l'aide d'une technologie de pointe, chaque dalle est d\u00e9coup\u00e9e avec pr\u00e9cision, ce qui garantit une \u00e9paisseur uniforme et une surface impeccable. Ce marbre se distingue non seulement par son charme esth\u00e9tique, mais aussi par sa r\u00e9sistance \u00e0 l'usure, ce qui en fait un choix id\u00e9al pour les applications r\u00e9sidentielles et commerciales.<\/p>\n<h3><strong>La personnalisation pour votre vision :<\/strong><\/h3>\n<p>Chez phonenix power stone, nous croyons qu'il est important d'offrir une exp\u00e9rience personnalis\u00e9e \u00e0 nos clients. La dalle de marbre Ice Brown peut \u00eatre personnalis\u00e9e pour r\u00e9pondre \u00e0 vos exigences sp\u00e9cifiques en mati\u00e8re de design. Que vous souhaitiez une finition polie pour mettre en valeur son \u00e9clat naturel ou une surface adoucie pour une \u00e9l\u00e9gance plus discr\u00e8te, nos artisans qualifi\u00e9s peuvent donner vie \u00e0 votre vision. Nous nous adaptons aux dimensions personnalis\u00e9es, afin que chaque dalle s'int\u00e8gre parfaitement \u00e0 votre projet d'am\u00e9nagement.<\/p>\n<h3><strong>Applications polyvalentes :<\/strong><\/h3>\n<p>La polyvalence du marbre Ice Brown ne conna\u00eet pas de limites. Donnez une touche luxueuse \u00e0 vos plans de travail de cuisine ou cr\u00e9ez une ambiance de spa dans votre salle de bains avec de superbes carreaux de marbre. La capacit\u00e9 inn\u00e9e de ce marbre \u00e0 s'harmoniser avec diff\u00e9rents styles d'am\u00e9nagement en fait un choix parfait pour les sols, les rev\u00eatements muraux et m\u00eame les \u00e9l\u00e9ments d'accentuation. Sa beaut\u00e9 intemporelle garantit que votre investissement r\u00e9sistera \u00e0 l'\u00e9preuve du temps, tant en termes d'esth\u00e9tique que de durabilit\u00e9.<\/p>\n<h3><strong>Approvisionnement durable et \u00e9thique :<\/strong><\/h3>\n<p>phonenix power stone s'engage \u00e0 respecter des pratiques d'approvisionnement responsables et \u00e9thiques. La dalle de marbre Ice Brown provient de carri\u00e8res respectueuses de l'environnement, adh\u00e9rant \u00e0 des normes strictes pour minimiser notre empreinte \u00e9cologique. En choisissant nos produits en marbre, vous contribuez \u00e0 une approche durable et responsable de l'utilisation des ressources naturelles.<\/p>\n<h3><strong>Conclusion :<\/strong><\/h3>\n<p>En conclusion, la dalle de marbre Ice Brown de phonenix power stone est plus qu'un simple mat\u00e9riau de construction, c'est une d\u00e9claration de luxe et de raffinement. En tant que principal fournisseur de granit et de marbre en Chine, nous sommes fiers de proposer des produits qui red\u00e9finissent les espaces et laissent une impression durable. Investissez dans la beaut\u00e9 durable du marbre Ice Brown et laissez vos espaces de vie raconter une histoire d'\u00e9l\u00e9gance intemporelle. Transformez votre vision en r\u00e9alit\u00e9 avec phonenix power stone - l\u00e0 o\u00f9 la qualit\u00e9 rencontre l'artisanat, et la nature l'innovation. Explorez les possibilit\u00e9s offertes par notre dalle en marbre Ice Brown et faites l'exp\u00e9rience de l'incarnation du luxe dans votre environnement.<\/p>\n<\/div>\n<\/div>\n<\/div>\n<div class=\"mt-1 flex justify-start gap-3 empty:hidden\">\n<div class=\"text-gray-400 flex self-end lg:self-center justify-center lg:justify-start mt-0 gap-1 visible\">\n<div class=\"flex gap-1\"><\/div>\n<div class=\"flex items-center gap-1.5 text-xs\"><\/div>\n<\/div>\n<\/div>\n<\/div>\n<div class=\"absolute\">\n<div class=\"flex w-full gap-2 items-center justify-center\"><\/div>\n<\/div>\n<\/div>\n<\/div>\n<\/div>\n<\/div>\n<\/div>\n<\/div>\n<\/div>\n<\/div>\n<div class=\"w-full pt-2 md:pt-0 dark:border-white\/20 md:border-transparent md:dark:border-transparent md:w-[calc(100%-.5rem)]\">\n<form class=\"stretch mx-2 flex flex-row gap-3 last:mb-2 md:mx-4 md:last:mb-6 lg:mx-auto lg:max-w-2xl xl:max-w-3xl\" action=\"\">\n<div class=\"relative flex h-full flex-1 items-stretch md:flex-col\">\n<div class=\"flex w-full items-center\"><\/div>\n<\/div>\n<input type=\"hidden\" name=\"trp-form-language\" value=\"fr\"\/><\/form>\n<\/div>\n<\/div>","protected":false},"excerpt":{"rendered":"<p>Welcome to phonenix power stone, your premier destination for exquisite natural stone products. We take immense pride in presenting our<\/p>","protected":false},"featured_media":28297,"template":"","meta":[],"product_cat":[113],"product_tag":[],"_links":{"self":[{"href":"https:\/\/stone-phoenix.com\/fr\/wp-json\/wp\/v2\/product\/19758"}],"collection":[{"href":"https:\/\/stone-phoenix.com\/fr\/wp-json\/wp\/v2\/product"}],"about":[{"href":"https:\/\/stone-phoenix.com\/fr\/wp-json\/wp\/v2\/types\/product"}],"wp:featuredmedia":[{"embeddable":true,"href":"https:\/\/stone-phoenix.com\/fr\/wp-json\/wp\/v2\/media\/28297"}],"wp:attachment":[{"href":"https:\/\/stone-phoenix.com\/fr\/wp-json\/wp\/v2\/media?parent=19758"}],"wp:term":[{"taxonomy":"product_cat","embeddable":true,"href":"https:\/\/stone-phoenix.com\/fr\/wp-json\/wp\/v2\/product_cat?post=19758"},{"taxonomy":"product_tag","embeddable":true,"href":"https:\/\/stone-phoenix.com\/fr\/wp-json\/wp\/v2\/product_tag?post=19758"}],"curies":[{"name":"wp","href":"https:\/\/api.w.org\/{rel}","templated":true}]}}