{"id":19760,"date":"2023-12-15T11:45:51","date_gmt":"2023-12-15T03:45:51","guid":{"rendered":"http:\/\/stone-phoenix.com\/product\/italian-beige-marble-slab"},"modified":"2024-04-15T23:29:29","modified_gmt":"2024-04-15T15:29:29","slug":"italian-beige-marble-slab","status":"publish","type":"product","link":"https:\/\/stone-phoenix.com\/fr\/produit\/italian-beige-marble-slab","title":{"rendered":"Dalle de marbre beige italien"},"content":{"rendered":"<div id=\"tab-description\" class=\"woocommerce-Tabs-panel woocommerce-Tabs-panel--description panel entry-content wc-tab\" role=\"tabpanel\" aria-labelledby=\"tab-title-description\">\n<div class=\"rll-youtube-player\" data-src=\"https:\/\/www.youtube.com\/embed\/ahyZKRv8teE\" data-id=\"ahyZKRv8teE\" data-query=\"si=sIAYypjx0VbSmjgG\"><img loading=\"lazy\" decoding=\"async\" class=\"alignnone  wp-image-28309\" src=\"http:\/\/stone-phoenix.com\/wp-content\/uploads\/2023\/12\/Italian-Beige-Marble-Slab-6.jpg\" alt=\"\" width=\"1040\" height=\"803\" srcset=\"https:\/\/stone-phoenix.com\/wp-content\/uploads\/2023\/12\/Italian-Beige-Marble-Slab-6.jpg 681w, https:\/\/stone-phoenix.com\/wp-content\/uploads\/2023\/12\/Italian-Beige-Marble-Slab-6-300x232.jpg 300w, https:\/\/stone-phoenix.com\/wp-content\/uploads\/2023\/12\/Italian-Beige-Marble-Slab-6-16x12.jpg 16w, https:\/\/stone-phoenix.com\/wp-content\/uploads\/2023\/12\/Italian-Beige-Marble-Slab-6-600x463.jpg 600w, https:\/\/stone-phoenix.com\/wp-content\/uploads\/2023\/12\/Italian-Beige-Marble-Slab-6-150x116.jpg 150w\" sizes=\"(max-width: 1040px) 100vw, 1040px\" \/><img loading=\"lazy\" decoding=\"async\" class=\"alignnone  wp-image-28311\" src=\"http:\/\/stone-phoenix.com\/wp-content\/uploads\/2023\/12\/Italian-Beige-Marble-Slab-7-1.jpg\" alt=\"\" width=\"968\" height=\"1301\" srcset=\"https:\/\/stone-phoenix.com\/wp-content\/uploads\/2023\/12\/Italian-Beige-Marble-Slab-7-1.jpg 694w, https:\/\/stone-phoenix.com\/wp-content\/uploads\/2023\/12\/Italian-Beige-Marble-Slab-7-1-223x300.jpg 223w, https:\/\/stone-phoenix.com\/wp-content\/uploads\/2023\/12\/Italian-Beige-Marble-Slab-7-1-9x12.jpg 9w, https:\/\/stone-phoenix.com\/wp-content\/uploads\/2023\/12\/Italian-Beige-Marble-Slab-7-1-600x807.jpg 600w, https:\/\/stone-phoenix.com\/wp-content\/uploads\/2023\/12\/Italian-Beige-Marble-Slab-7-1-150x202.jpg 150w\" sizes=\"(max-width: 968px) 100vw, 968px\" \/><\/div>\n<h3>Dalle de marbre beige italien - El\u00e9gance et beaut\u00e9 intemporelle<\/h3>\n<p>Chez phonenix power stone, nous sommes fiers de vous pr\u00e9senter notre exquise dalle de marbre beige italien, qui t\u00e9moigne de la beaut\u00e9 et de l'\u00e9l\u00e9gance intemporelles qui font la r\u00e9putation du marbre italien. Forts d'un riche pass\u00e9 artisanal et d'un engagement de qualit\u00e9, nous vous proposons les plus belles dalles de marbre beige italien, parfaites pour une large gamme d'applications int\u00e9rieures et ext\u00e9rieures.<\/p>\n<h3><strong>Caract\u00e9ristiques principales :<\/strong><\/h3>\n<ul>\n<li><strong>1. Beaut\u00e9 naturelle :<\/strong> Nos dalles de marbre beige italien mettent en valeur la beaut\u00e9 naturelle du marbre italien, avec des teintes beiges douces qui exsudent la chaleur et la sophistication. Les veines d\u00e9licates et les motifs subtils font de chaque dalle une \u0153uvre d'art unique, parfaite pour cr\u00e9er une ambiance luxueuse dans n'importe quel espace.<\/li>\n<li><strong>2. Durabilit\u00e9 :<\/strong> Le marbre beige italien est connu pour sa durabilit\u00e9 exceptionnelle, ce qui garantit que votre investissement r\u00e9sistera \u00e0 l'\u00e9preuve du temps. Qu'elles soient utilis\u00e9es comme rev\u00eatement de sol, de comptoir ou de mur, nos dalles de marbre sont con\u00e7ues pour r\u00e9sister aux rigueurs de l'usage quotidien et conserver leur aspect impeccable pendant des ann\u00e9es.<\/li>\n<li><strong>3. Polyvalence :<\/strong> La polyvalence des dalles de marbre beige italien est l'une de leurs caract\u00e9ristiques les plus attrayantes. Qu'il soit classique et traditionnel ou contemporain et minimaliste, ce marbre s'int\u00e8gre parfaitement \u00e0 un large \u00e9ventail de styles d'int\u00e9rieur. Il trouve sa place dans les cuisines, les salles de bains, les salons et les espaces ext\u00e9rieurs.<\/li>\n<li><strong>4. Entretien facile :<\/strong> Nos dalles de marbre beige italien sont faciles \u00e0 entretenir. Un scellement et un nettoyage r\u00e9guliers leur permettront de conserver leur aspect neuf, m\u00eame dans les zones tr\u00e8s fr\u00e9quent\u00e9es. Elles constituent donc un choix pratique pour les m\u00e9nages et les espaces commerciaux tr\u00e8s fr\u00e9quent\u00e9s.<\/li>\n<li><strong>5. Respectueux de l'environnement :<\/strong> Nous nous engageons \u00e0 respecter des pratiques durables, et notre marbre beige italien provient de sources responsables. Vous pouvez profiter de l'\u00e9l\u00e9gance du marbre italien en toute bonne conscience, sachant qu'il s'agit d'un choix respectueux de l'environnement.<\/li>\n<\/ul>\n<h3><strong>Applications :<\/strong><\/h3>\n<p>Les dalles de marbre beige italien peuvent rehausser la beaut\u00e9 d'un large \u00e9ventail d'applications, notamment :<\/p>\n<ul>\n<li><strong>Comptoirs :<\/strong> Les plans de travail en marbre beige italien conf\u00e8rent un aspect classique et \u00e9l\u00e9gant \u00e0 votre cuisine ou \u00e0 votre salle de bains. La surface durable peut r\u00e9pondre aux exigences de la vie quotidienne tout en ajoutant une touche de luxe.<\/li>\n<li><strong>Rev\u00eatement de sol :<\/strong> Transformez votre espace de vie avec la chaleur et la beaut\u00e9 naturelle du sol en marbre beige italien. Il cr\u00e9e une atmosph\u00e8re accueillante qui impressionnera les invit\u00e9s et ajoutera de la valeur \u00e0 votre maison.<\/li>\n<li><strong>Rev\u00eatement mural :<\/strong> Utilisez les dalles de marbre beige italien pour cr\u00e9er de superbes murs d'accent ou pour recouvrir des surfaces enti\u00e8res. Les tons beige doux et les veines complexes ajoutent une touche d'opulence \u00e0 n'importe quel espace.<\/li>\n<li><strong>Espaces ext\u00e9rieurs :<\/strong> Apportez la beaut\u00e9 du marbre italien \u00e0 vos espaces ext\u00e9rieurs. Nos dalles de marbre peuvent r\u00e9sister aux conditions ext\u00e9rieures, ce qui en fait un excellent choix pour les patios, les all\u00e9es de jardin, etc.<\/li>\n<\/ul>\n<h3><strong>Processus de commande :<\/strong><\/h3>\n<p>Chez phonenix power stone, nous nous effor\u00e7ons de rendre le processus de commande aussi simple et pratique que possible pour nos clients. Lorsque vous choisissez les dalles de marbre beige italien, vous pouvez vous attendre \u00e0 :<\/p>\n<ol>\n<li><strong>Consultation :<\/strong> Notre \u00e9quipe d'experts est pr\u00eate \u00e0 vous aider \u00e0 s\u00e9lectionner la dalle parfaite qui correspond \u00e0 vos exigences et \u00e0 votre vision du design.<\/li>\n<li><strong>Personnalisation :<\/strong> Nous pouvons traiter les dalles de marbre beige italien en fonction de vos dimensions sp\u00e9cifiques et de vos pr\u00e9f\u00e9rences en mati\u00e8re de finition. Cela permet de faire de votre projet un chef-d'\u0153uvre unique et personnalis\u00e9.<\/li>\n<li><strong>Assurance qualit\u00e9 :<\/strong> Nous sommes fiers de fournir des plaques de marbre de premi\u00e8re qualit\u00e9 qui r\u00e9pondent aux normes industrielles les plus strictes. Chaque plaque est soigneusement inspect\u00e9e pour s'assurer qu'elle est exempte de d\u00e9fauts et qu'elle conserve la beaut\u00e9 naturelle du marbre italien.<\/li>\n<li><strong>Livraison dans les d\u00e9lais :<\/strong> Nous comprenons l'importance de respecter les d\u00e9lais des projets. Vous pouvez compter sur nous pour une livraison en temps voulu afin de maintenir votre projet sur la bonne voie.<\/li>\n<li><strong>Prix comp\u00e9titifs :<\/strong> phonenix power stone propose des prix comp\u00e9titifs sans compromis sur la qualit\u00e9. Notre objectif est de rendre les dalles de marbre beige italien accessibles \u00e0 un large \u00e9ventail de projets.<\/li>\n<\/ol>\n<h3>En conclusion<\/h3>\n<p>Les dalles de marbre beige italien de phonenix power stone sont l'incarnation de l'\u00e9l\u00e9gance, de la durabilit\u00e9 et de la polyvalence. D'une beaut\u00e9 intemporelle, ces dalles de marbre rehausseront l'esth\u00e9tique de n'importe quel espace. Que vous planifiez une r\u00e9novation r\u00e9sidentielle ou un projet commercial, nos dalles de marbre beige italien sont un choix sup\u00e9rieur. Contactez-nous d\u00e8s aujourd'hui pour explorer les possibilit\u00e9s d'incorporer ces magnifiques dalles de marbre dans votre prochain projet. Embrassez la beaut\u00e9 de l'artisanat italien avec phonenix power stone.<\/p>\n<\/div>","protected":false},"excerpt":{"rendered":"<p>Italian Beige Marble Slab \u2013 Elegance and Timeless Beauty At phonenix power stone, we are proud to introduce our exquisite<\/p>","protected":false},"featured_media":28304,"template":"","meta":[],"product_cat":[113],"product_tag":[],"_links":{"self":[{"href":"https:\/\/stone-phoenix.com\/fr\/wp-json\/wp\/v2\/product\/19760"}],"collection":[{"href":"https:\/\/stone-phoenix.com\/fr\/wp-json\/wp\/v2\/product"}],"about":[{"href":"https:\/\/stone-phoenix.com\/fr\/wp-json\/wp\/v2\/types\/product"}],"wp:featuredmedia":[{"embeddable":true,"href":"https:\/\/stone-phoenix.com\/fr\/wp-json\/wp\/v2\/media\/28304"}],"wp:attachment":[{"href":"https:\/\/stone-phoenix.com\/fr\/wp-json\/wp\/v2\/media?parent=19760"}],"wp:term":[{"taxonomy":"product_cat","embeddable":true,"href":"https:\/\/stone-phoenix.com\/fr\/wp-json\/wp\/v2\/product_cat?post=19760"},{"taxonomy":"product_tag","embeddable":true,"href":"https:\/\/stone-phoenix.com\/fr\/wp-json\/wp\/v2\/product_tag?post=19760"}],"curies":[{"name":"wp","href":"https:\/\/api.w.org\/{rel}","templated":true}]}}