{"id":19762,"date":"2023-12-15T11:45:56","date_gmt":"2023-12-15T03:45:56","guid":{"rendered":"http:\/\/stone-phoenix.com\/product\/italian-van-gogh-brown-marble-slab"},"modified":"2024-04-15T23:41:08","modified_gmt":"2024-04-15T15:41:08","slug":"italian-van-gogh-brown-marble-slab","status":"publish","type":"product","link":"https:\/\/stone-phoenix.com\/fr\/produit\/italian-van-gogh-brown-marble-slab","title":{"rendered":"Dalle de marbre italien Van Gogh Brown"},"content":{"rendered":"<div id=\"tab-description\" class=\"woocommerce-Tabs-panel woocommerce-Tabs-panel--description panel entry-content wc-tab\" role=\"tabpanel\" aria-labelledby=\"tab-title-description\">\n<h3><img loading=\"lazy\" decoding=\"async\" class=\"alignnone  wp-image-28317\" src=\"http:\/\/stone-phoenix.com\/wp-content\/uploads\/2023\/12\/Italian-Van-Gogh-Brown-Marble-Slab-6.jpg\" alt=\"\" width=\"946\" height=\"767\" srcset=\"https:\/\/stone-phoenix.com\/wp-content\/uploads\/2023\/12\/Italian-Van-Gogh-Brown-Marble-Slab-6.jpg 625w, https:\/\/stone-phoenix.com\/wp-content\/uploads\/2023\/12\/Italian-Van-Gogh-Brown-Marble-Slab-6-300x243.jpg 300w, https:\/\/stone-phoenix.com\/wp-content\/uploads\/2023\/12\/Italian-Van-Gogh-Brown-Marble-Slab-6-15x12.jpg 15w, https:\/\/stone-phoenix.com\/wp-content\/uploads\/2023\/12\/Italian-Van-Gogh-Brown-Marble-Slab-6-600x487.jpg 600w, https:\/\/stone-phoenix.com\/wp-content\/uploads\/2023\/12\/Italian-Van-Gogh-Brown-Marble-Slab-6-150x122.jpg 150w\" sizes=\"(max-width: 946px) 100vw, 946px\" \/><img loading=\"lazy\" decoding=\"async\" class=\"alignnone  wp-image-28312\" src=\"http:\/\/stone-phoenix.com\/wp-content\/uploads\/2023\/12\/Italian-Van-Gogh-Brown-Marble-Slab-1.jpg\" alt=\"\" width=\"943\" height=\"632\" srcset=\"https:\/\/stone-phoenix.com\/wp-content\/uploads\/2023\/12\/Italian-Van-Gogh-Brown-Marble-Slab-1.jpg 682w, https:\/\/stone-phoenix.com\/wp-content\/uploads\/2023\/12\/Italian-Van-Gogh-Brown-Marble-Slab-1-300x201.jpg 300w, https:\/\/stone-phoenix.com\/wp-content\/uploads\/2023\/12\/Italian-Van-Gogh-Brown-Marble-Slab-1-18x12.jpg 18w, https:\/\/stone-phoenix.com\/wp-content\/uploads\/2023\/12\/Italian-Van-Gogh-Brown-Marble-Slab-1-600x402.jpg 600w, https:\/\/stone-phoenix.com\/wp-content\/uploads\/2023\/12\/Italian-Van-Gogh-Brown-Marble-Slab-1-150x101.jpg 150w\" sizes=\"(max-width: 943px) 100vw, 943px\" \/><img loading=\"lazy\" decoding=\"async\" class=\"alignnone  wp-image-28319\" src=\"http:\/\/stone-phoenix.com\/wp-content\/uploads\/2023\/12\/Italian-Van-Gogh-Brown-Marble-Slab-7.jpg\" alt=\"\" width=\"940\" height=\"723\" srcset=\"https:\/\/stone-phoenix.com\/wp-content\/uploads\/2023\/12\/Italian-Van-Gogh-Brown-Marble-Slab-7.jpg 684w, https:\/\/stone-phoenix.com\/wp-content\/uploads\/2023\/12\/Italian-Van-Gogh-Brown-Marble-Slab-7-300x231.jpg 300w, https:\/\/stone-phoenix.com\/wp-content\/uploads\/2023\/12\/Italian-Van-Gogh-Brown-Marble-Slab-7-16x12.jpg 16w, https:\/\/stone-phoenix.com\/wp-content\/uploads\/2023\/12\/Italian-Van-Gogh-Brown-Marble-Slab-7-600x461.jpg 600w, https:\/\/stone-phoenix.com\/wp-content\/uploads\/2023\/12\/Italian-Van-Gogh-Brown-Marble-Slab-7-150x115.jpg 150w\" sizes=\"(max-width: 940px) 100vw, 940px\" \/><\/h3>\n<h3>Pr\u00e9sentation de notre exquise dalle de marbre italien Van Gogh Brown<\/h3>\n<p>Chez phonenix power stone, nous sommes tr\u00e8s fiers de vous offrir la meilleure s\u00e9lection de produits en pierre naturelle, et notre dalle de marbre italien Van Gogh Brown ne fait pas exception. R\u00e9put\u00e9e pour sa beaut\u00e9 \u00e0 couper le souffle et sa polyvalence, cette dalle de marbre peut transformer n'importe quel espace en \u0153uvre d'art.<\/p>\n<h3><strong>L'\u00e9l\u00e9gance du marbre brun italien Van Gogh<\/strong><\/h3>\n<p>Le marbre italien Van Gogh Brown est un v\u00e9ritable chef-d'\u0153uvre de la nature. Ses veines complexes, ses diff\u00e9rentes nuances de brun et ses riches textures en font un choix convoit\u00e9 pour les projets d'am\u00e9nagement int\u00e9rieur et ext\u00e9rieur. Le caract\u00e8re unique et l'\u00e9l\u00e9gance intemporelle de ce marbre insuffleront luxe et sophistication \u00e0 votre espace.<\/p>\n<h3><strong>Qualit\u00e9 et durabilit\u00e9 exceptionnelles<\/strong><\/h3>\n<p>L'une des caract\u00e9ristiques remarquables du marbre italien Van Gogh Brown est sa durabilit\u00e9. Extrait du c\u0153ur de l'Italie, ce marbre est r\u00e9put\u00e9 pour sa r\u00e9sistance et sa long\u00e9vit\u00e9, ce qui garantit que votre investissement durera des g\u00e9n\u00e9rations. Il peut r\u00e9sister \u00e0 l'\u00e9preuve du temps, ce qui en fait un choix judicieux pour les rev\u00eatements de sol, les plans de travail et les autres zones tr\u00e8s fr\u00e9quent\u00e9es.<\/p>\n<h3><strong>Applications polyvalentes<\/strong><\/h3>\n<p>Qu'il s'agisse d'une cuisine contemporaine, d'une salle de bains luxueuse ou d'un salon \u00e9l\u00e9gant, le marbre italien Van Gogh Brown est un choix polyvalent qui s'adapte \u00e0 toutes les esth\u00e9tiques. Les variations naturelles de la pierre ajoutent de la profondeur et du caract\u00e8re \u00e0 votre espace, ce qui en fait une pi\u00e8ce \u00e0 part enti\u00e8re.<\/p>\n<h3><strong>Veines et motifs distinctifs<\/strong><\/h3>\n<p>Ce qui distingue le marbre italien Van Gogh Brown, ce sont ses motifs de veines captivants. Chaque dalle est une \u0153uvre d'art unique cr\u00e9\u00e9e par la nature. Les veines complexes de brun et de beige ajoutent un sentiment de mouvement et de drame \u00e0 votre design, ce qui en fait un sujet de conversation et un point de mire dans n'importe quelle pi\u00e8ce.<\/p>\n<h3><strong>Entretien facile<\/strong><\/h3>\n<p>Si le marbre brun italien Van Gogh respire le luxe, il n'exige pas pour autant un entretien pouss\u00e9. Ce marbre est \u00e9tonnamment facile \u00e0 nettoyer et \u00e0 entretenir, ce qui en fait un choix pratique pour les m\u00e9nages occup\u00e9s ou les espaces commerciaux. Un simple coup de chiffon humide et une solution de nettoyage douce suffisent \u00e0 pr\u00e9server son \u00e9clat et sa beaut\u00e9.<\/p>\n<h3><strong>Des possibilit\u00e9s de conception infinies<\/strong><\/h3>\n<p>Avec le marbre italien Van Gogh Brown, les possibilit\u00e9s de conception sont infinies. Que vous envisagiez un look classique et intemporel ou une esth\u00e9tique plus moderne et audacieuse, ce marbre peut s'adapter \u00e0 votre vision. Sa palette de couleurs chaudes et accueillantes lui permet de s'int\u00e9grer aussi bien dans des int\u00e9rieurs traditionnels que contemporains.<\/p>\n<h3><strong>Un choix \u00e9cologique<\/strong><\/h3>\n<p>Chez phonenix power stone, nous nous engageons en faveur de la durabilit\u00e9 et du respect de l'environnement. Le marbre italien Van Gogh Brown est un choix naturel et respectueux de l'environnement. Il provient d'une source et d'une extraction responsables, ce qui minimise son impact sur l'environnement.<\/p>\n<h3><strong>Personnalisation<\/strong><\/h3>\n<p>Nous savons que chaque projet est unique, c'est pourquoi nous proposons des solutions personnalis\u00e9es. Nos artisans qualifi\u00e9s peuvent couper, fa\u00e7onner et finir la dalle de marbre italien Van Gogh Brown selon vos sp\u00e9cifications pr\u00e9cises. Que vous ayez besoin de grandes dalles, de carreaux plus petits ou de motifs complexes, nous pouvons r\u00e9pondre \u00e0 vos besoins.<\/p>\n<h3><strong>Pourquoi choisir phonenix power stone ?<\/strong><\/h3>\n<p>phonenix power stone est un fournisseur de granit et de marbre de premier plan en Chine, qui se consacre \u00e0 la fourniture de produits en pierre naturelle de haute qualit\u00e9. Notre engagement en faveur de la qualit\u00e9, de l'artisanat et de la satisfaction du client nous distingue. Lorsque vous nous choisissez comme fournisseur, vous n'achetez pas seulement un produit, vous investissez dans une vision qui prend vie gr\u00e2ce aux mat\u00e9riaux les plus nobles. En conclusion, notre dalle de marbre italien Van Gogh Brown est un t\u00e9moignage de la beaut\u00e9 et de l'intemporalit\u00e9 de la pierre naturelle. Elle offre une durabilit\u00e9, une polyvalence et une sophistication in\u00e9gal\u00e9es, ce qui en fait un choix de premier ordre pour am\u00e9liorer l'esth\u00e9tique de n'importe quel espace. Choisir phonenix power stone, c'est choisir l'excellence en mati\u00e8re de qualit\u00e9 et de service. Rehaussez votre prochain projet de design avec l'allure \u00e9poustouflante du marbre italien Van Gogh Brown. Contactez-nous d\u00e8s aujourd'hui pour explorer vos options et d\u00e9couvrir le potentiel de transformation de cette pierre naturelle exquise.<\/p>\n<\/div>","protected":false},"excerpt":{"rendered":"<p>Introducing Our Exquisite Italian Van Gogh Brown Marble Slab At phonenix power stone, we take immense pride in offering you<\/p>","protected":false},"featured_media":28312,"template":"","meta":[],"product_cat":[113],"product_tag":[],"_links":{"self":[{"href":"https:\/\/stone-phoenix.com\/fr\/wp-json\/wp\/v2\/product\/19762"}],"collection":[{"href":"https:\/\/stone-phoenix.com\/fr\/wp-json\/wp\/v2\/product"}],"about":[{"href":"https:\/\/stone-phoenix.com\/fr\/wp-json\/wp\/v2\/types\/product"}],"wp:featuredmedia":[{"embeddable":true,"href":"https:\/\/stone-phoenix.com\/fr\/wp-json\/wp\/v2\/media\/28312"}],"wp:attachment":[{"href":"https:\/\/stone-phoenix.com\/fr\/wp-json\/wp\/v2\/media?parent=19762"}],"wp:term":[{"taxonomy":"product_cat","embeddable":true,"href":"https:\/\/stone-phoenix.com\/fr\/wp-json\/wp\/v2\/product_cat?post=19762"},{"taxonomy":"product_tag","embeddable":true,"href":"https:\/\/stone-phoenix.com\/fr\/wp-json\/wp\/v2\/product_tag?post=19762"}],"curies":[{"name":"wp","href":"https:\/\/api.w.org\/{rel}","templated":true}]}}