{"id":19764,"date":"2023-12-15T11:46:00","date_gmt":"2023-12-15T03:46:00","guid":{"rendered":"http:\/\/stone-phoenix.com\/product\/italy-venice-brown-marble"},"modified":"2024-04-15T23:54:17","modified_gmt":"2024-04-15T15:54:17","slug":"italy-venice-brown-marble","status":"publish","type":"product","link":"https:\/\/stone-phoenix.com\/fr\/produit\/italy-venice-brown-marble","title":{"rendered":"Italie Venise Marbre brun"},"content":{"rendered":"<div id=\"tab-description\" class=\"woocommerce-Tabs-panel woocommerce-Tabs-panel--description panel entry-content wc-tab\" role=\"tabpanel\" aria-labelledby=\"tab-title-description\">\n<div class=\"rll-youtube-player\" data-src=\"https:\/\/www.youtube.com\/embed\/FD6iUdXMEjI\" data-id=\"FD6iUdXMEjI\" data-query=\"si=MfKkvEPw-F3zDKrL\"><img loading=\"lazy\" decoding=\"async\" class=\"alignnone  wp-image-28325\" src=\"http:\/\/stone-phoenix.com\/wp-content\/uploads\/2023\/12\/Italy-Venice-Brown-Marble-1-1.jpg\" alt=\"\" width=\"968\" height=\"647\" srcset=\"https:\/\/stone-phoenix.com\/wp-content\/uploads\/2023\/12\/Italy-Venice-Brown-Marble-1-1.jpg 696w, https:\/\/stone-phoenix.com\/wp-content\/uploads\/2023\/12\/Italy-Venice-Brown-Marble-1-1-300x200.jpg 300w, https:\/\/stone-phoenix.com\/wp-content\/uploads\/2023\/12\/Italy-Venice-Brown-Marble-1-1-18x12.jpg 18w, https:\/\/stone-phoenix.com\/wp-content\/uploads\/2023\/12\/Italy-Venice-Brown-Marble-1-1-600x401.jpg 600w, https:\/\/stone-phoenix.com\/wp-content\/uploads\/2023\/12\/Italy-Venice-Brown-Marble-1-1-150x100.jpg 150w\" sizes=\"(max-width: 968px) 100vw, 968px\" \/><img loading=\"lazy\" decoding=\"async\" class=\"alignnone  wp-image-28327\" src=\"http:\/\/stone-phoenix.com\/wp-content\/uploads\/2023\/12\/Italy-Venice-Brown-Marble-4.jpg\" alt=\"\" width=\"953\" height=\"1183\" srcset=\"https:\/\/stone-phoenix.com\/wp-content\/uploads\/2023\/12\/Italy-Venice-Brown-Marble-4.jpg 685w, https:\/\/stone-phoenix.com\/wp-content\/uploads\/2023\/12\/Italy-Venice-Brown-Marble-4-242x300.jpg 242w, https:\/\/stone-phoenix.com\/wp-content\/uploads\/2023\/12\/Italy-Venice-Brown-Marble-4-10x12.jpg 10w, https:\/\/stone-phoenix.com\/wp-content\/uploads\/2023\/12\/Italy-Venice-Brown-Marble-4-600x745.jpg 600w, https:\/\/stone-phoenix.com\/wp-content\/uploads\/2023\/12\/Italy-Venice-Brown-Marble-4-150x186.jpg 150w\" sizes=\"(max-width: 953px) 100vw, 953px\" \/><img loading=\"lazy\" decoding=\"async\" class=\"alignnone  wp-image-28328\" src=\"http:\/\/stone-phoenix.com\/wp-content\/uploads\/2023\/12\/Italy-Venice-Brown-Marble-8.jpg\" alt=\"\" width=\"958\" height=\"1283\" srcset=\"https:\/\/stone-phoenix.com\/wp-content\/uploads\/2023\/12\/Italy-Venice-Brown-Marble-8.jpg 699w, https:\/\/stone-phoenix.com\/wp-content\/uploads\/2023\/12\/Italy-Venice-Brown-Marble-8-224x300.jpg 224w, https:\/\/stone-phoenix.com\/wp-content\/uploads\/2023\/12\/Italy-Venice-Brown-Marble-8-9x12.jpg 9w, https:\/\/stone-phoenix.com\/wp-content\/uploads\/2023\/12\/Italy-Venice-Brown-Marble-8-600x803.jpg 600w, https:\/\/stone-phoenix.com\/wp-content\/uploads\/2023\/12\/Italy-Venice-Brown-Marble-8-150x201.jpg 150w\" sizes=\"(max-width: 958px) 100vw, 958px\" \/><\/div>\n<h3>Elegant Italy Venice Brown Marble - Transformez votre espace avec une beaut\u00e9 intemporelle<\/h3>\n<p>\u00cates-vous pr\u00eat \u00e0 rehausser vos espaces de vie avec l'allure exquise du marbre Venice Brown d'Italie ? Chez phonenix power stone, nous sommes votre source de confiance pour le marbre et le granit de premi\u00e8re qualit\u00e9, et nous sommes fiers d'offrir cette pierre naturelle remarquable pour ajouter une \u00e9l\u00e9gance intemporelle \u00e0 vos projets.<\/p>\n<h3><strong>A propos de l'Italie Marbre brun de Venise :<\/strong><\/h3>\n<p>Le marbre Venice Brown d'Italie est une merveille de la nature qui respire la sophistication et le luxe. Extrait des r\u00e9gions enchanteresses de l'Italie, ce marbre est r\u00e9put\u00e9 pour son attrait visuel, sa polyvalence et sa durabilit\u00e9. C'est un choix parfait pour am\u00e9liorer l'esth\u00e9tique des espaces r\u00e9sidentiels et commerciaux.<\/p>\n<h3><strong>Caract\u00e9ristiques distinctives :<\/strong><\/h3>\n<ul>\n<li><em>1. Une esth\u00e9tique captivante :<\/em> Le marbre Venice Brown d'Italie se caract\u00e9rise par un fond brun riche et chaud, accentu\u00e9 par des veines subtiles et des taches de diff\u00e9rentes nuances. Ces motifs naturels cr\u00e9ent un int\u00e9r\u00eat visuel captivant, rendant chaque dalle unique et d'une beaut\u00e9 \u00e0 couper le souffle.<\/li>\n<li><em>2. Applications polyvalentes :<\/em> Ce magnifique marbre est polyvalent et convient donc \u00e0 un large \u00e9ventail d'applications. Qu'il s'agisse d'un superbe comptoir, d'un sol luxueux, d'un mur accrocheur ou d'un \u00e9l\u00e9gant contour de chemin\u00e9e, le marbre Venice Brown d'Italie peut transformer n'importe quel espace en \u0153uvre d'art.<\/li>\n<li><em>3. L'\u00e9l\u00e9gance intemporelle :<\/em> L'une des caract\u00e9ristiques les plus remarquables du marbre Venice Brown d'Italie est son attrait intemporel. Les tons classiques de brun et de beige s'int\u00e8grent parfaitement aux diff\u00e9rents styles de conception, du traditionnel au contemporain, garantissant ainsi que votre projet r\u00e9sistera \u00e0 l'\u00e9preuve du temps.<\/li>\n<\/ul>\n<h3><strong>Pourquoi choisir le marbre brun de Venise ?<\/strong><\/h3>\n<p><em>1. Durabilit\u00e9 :<\/em> Le marbre est connu pour sa long\u00e9vit\u00e9, et le marbre Venice Brown d'Italie ne fait pas exception \u00e0 la r\u00e8gle. Il peut r\u00e9sister \u00e0 l'usure quotidienne, ce qui en fait un choix id\u00e9al pour les zones tr\u00e8s fr\u00e9quent\u00e9es.<\/p>\n<p><em>2. Sensation de luxe :<\/em> Passer la main sur la surface lisse du marbre Venice Brown d'Italie est une exp\u00e9rience tactile sans pareille. Sa finition luxueuse ajoute une touche d'opulence \u00e0 votre environnement.<\/p>\n<p><em>3. Investissement dans la beaut\u00e9 :<\/em> Choisir le marbre Venice Brown d'Italie, c'est investir dans la beaut\u00e9 et la valeur. Le charme intemporel de ce marbre peut augmenter la valeur de revente de votre propri\u00e9t\u00e9.<\/p>\n<h3><strong>Lib\u00e9rez votre cr\u00e9ativit\u00e9 :<\/strong><\/h3>\n<p>Avec le marbre Venice Brown d'Italie, vous avez la libert\u00e9 d'explorer votre cr\u00e9ativit\u00e9 et de donner vie \u00e0 votre vision du design. Que vous soyez d\u00e9corateur d'int\u00e9rieur, architecte ou propri\u00e9taire d'une maison aux go\u00fbts exigeants, ce marbre offre des possibilit\u00e9s infinies pour cr\u00e9er des espaces \u00e9tonnants et uniques.<\/p>\n<h3><strong>Durable et respectueux de l'environnement :<\/strong><\/h3>\n<p>Chez phonenix power stone, nous donnons la priorit\u00e9 aux pratiques durables. Notre engagement en faveur d'un approvisionnement et d'un traitement respectueux de l'environnement garantit que vous n'investissez pas seulement dans la beaut\u00e9, mais aussi dans un avenir plus vert.<\/p>\n<h3><strong>Conclusion :<\/strong><\/h3>\n<p>Le marbre brun Italy Venice est plus qu'un simple mat\u00e9riau de construction ; c'est une d\u00e9claration d'\u00e9l\u00e9gance, un t\u00e9moignage de l'art de la nature et le reflet de votre go\u00fbt impeccable. Chez phonenix power stone, nous nous engageons \u00e0 vous aider \u00e0 r\u00e9aliser vos r\u00eaves de design en vous offrant la meilleure qualit\u00e9 de marbre Italy Venice Brown. Transformez votre espace de vie ou de travail en une \u0153uvre d'art qui sera admir\u00e9e pendant des g\u00e9n\u00e9rations. Ne manquez pas l'occasion de d\u00e9couvrir la beaut\u00e9 et le luxe du marbre brun Italy Venice. Contactez-nous d\u00e8s aujourd'hui pour discuter de votre projet, demander des \u00e9chantillons et en savoir plus sur nos prix comp\u00e9titifs. D\u00e9couvrez la beaut\u00e9 intemporelle de l'Italy Venice Brown Marble avec phonenix power stone.<\/p>\n<\/div>","protected":false},"excerpt":{"rendered":"<p>Elegant Italy Venice Brown Marble \u2013 Transform Your Space with Timeless Beauty Are you ready to elevate your living spaces<\/p>","protected":false},"featured_media":28320,"template":"","meta":[],"product_cat":[113],"product_tag":[],"_links":{"self":[{"href":"https:\/\/stone-phoenix.com\/fr\/wp-json\/wp\/v2\/product\/19764"}],"collection":[{"href":"https:\/\/stone-phoenix.com\/fr\/wp-json\/wp\/v2\/product"}],"about":[{"href":"https:\/\/stone-phoenix.com\/fr\/wp-json\/wp\/v2\/types\/product"}],"wp:featuredmedia":[{"embeddable":true,"href":"https:\/\/stone-phoenix.com\/fr\/wp-json\/wp\/v2\/media\/28320"}],"wp:attachment":[{"href":"https:\/\/stone-phoenix.com\/fr\/wp-json\/wp\/v2\/media?parent=19764"}],"wp:term":[{"taxonomy":"product_cat","embeddable":true,"href":"https:\/\/stone-phoenix.com\/fr\/wp-json\/wp\/v2\/product_cat?post=19764"},{"taxonomy":"product_tag","embeddable":true,"href":"https:\/\/stone-phoenix.com\/fr\/wp-json\/wp\/v2\/product_tag?post=19764"}],"curies":[{"name":"wp","href":"https:\/\/api.w.org\/{rel}","templated":true}]}}