{"id":19766,"date":"2023-12-15T11:46:04","date_gmt":"2023-12-15T03:46:04","guid":{"rendered":"http:\/\/stone-phoenix.com\/product\/kenya-black-marble-slab"},"modified":"2024-04-16T00:03:54","modified_gmt":"2024-04-15T16:03:54","slug":"kenya-black-marble-slab","status":"publish","type":"product","link":"https:\/\/stone-phoenix.com\/fr\/produit\/kenya-black-marble-slab","title":{"rendered":"Dalle de marbre noir du Kenya"},"content":{"rendered":"<div id=\"tab-description\" class=\"woocommerce-Tabs-panel woocommerce-Tabs-panel--description panel entry-content wc-tab\" role=\"tabpanel\" aria-labelledby=\"tab-title-description\">\n<div class=\"rll-youtube-player\" data-src=\"https:\/\/www.youtube.com\/embed\/XagFdbV2NVo\" data-id=\"XagFdbV2NVo\" data-query=\"si=bhakGK4uT6_ZE7uA\"><img loading=\"lazy\" decoding=\"async\" class=\"alignnone  wp-image-28329\" src=\"http:\/\/stone-phoenix.com\/wp-content\/uploads\/2023\/12\/Kenya-Black-Marble-Slab-2.jpg\" alt=\"\" width=\"939\" height=\"664\" srcset=\"https:\/\/stone-phoenix.com\/wp-content\/uploads\/2023\/12\/Kenya-Black-Marble-Slab-2.jpg 696w, https:\/\/stone-phoenix.com\/wp-content\/uploads\/2023\/12\/Kenya-Black-Marble-Slab-2-300x212.jpg 300w, https:\/\/stone-phoenix.com\/wp-content\/uploads\/2023\/12\/Kenya-Black-Marble-Slab-2-18x12.jpg 18w, https:\/\/stone-phoenix.com\/wp-content\/uploads\/2023\/12\/Kenya-Black-Marble-Slab-2-600x424.jpg 600w, https:\/\/stone-phoenix.com\/wp-content\/uploads\/2023\/12\/Kenya-Black-Marble-Slab-2-150x106.jpg 150w\" sizes=\"(max-width: 939px) 100vw, 939px\" \/><img loading=\"lazy\" decoding=\"async\" class=\"alignnone  wp-image-28331\" src=\"http:\/\/stone-phoenix.com\/wp-content\/uploads\/2023\/12\/Kenya-Black-Marble-Slab-3.jpg\" alt=\"\" width=\"979\" height=\"353\" srcset=\"https:\/\/stone-phoenix.com\/wp-content\/uploads\/2023\/12\/Kenya-Black-Marble-Slab-3.jpg 693w, https:\/\/stone-phoenix.com\/wp-content\/uploads\/2023\/12\/Kenya-Black-Marble-Slab-3-300x108.jpg 300w, https:\/\/stone-phoenix.com\/wp-content\/uploads\/2023\/12\/Kenya-Black-Marble-Slab-3-18x6.jpg 18w, https:\/\/stone-phoenix.com\/wp-content\/uploads\/2023\/12\/Kenya-Black-Marble-Slab-3-600x216.jpg 600w, https:\/\/stone-phoenix.com\/wp-content\/uploads\/2023\/12\/Kenya-Black-Marble-Slab-3-150x54.jpg 150w\" sizes=\"(max-width: 979px) 100vw, 979px\" \/><\/div>\n<h3>Pr\u00e9sentation de la dalle de marbre noir du Kenya - \u00c9l\u00e9gance et beaut\u00e9 intemporelle<\/h3>\n<p>Si vous \u00eates \u00e0 la recherche de la pierre naturelle id\u00e9ale pour rehausser l'esth\u00e9tique de votre espace, ne cherchez pas plus loin que la dalle de marbre noir du Kenya. Notre s\u00e9lection exquise de Dalles de Marbre Noir du Kenya offre une symphonie de sophistication et de beaut\u00e9 intemporelle qui transformera votre maison ou votre projet commercial en un chef-d'\u0153uvre.<\/p>\n<h3><strong>Caract\u00e9ristiques principales de la plaque de marbre noir du Kenya :<\/strong><\/h3>\n<h4><em>1. Une \u00e9l\u00e9gance in\u00e9gal\u00e9e :<\/em><\/h4>\n<p>Le marbre noir du Kenya est r\u00e9put\u00e9 pour son aspect \u00e9l\u00e9gant et luxueux. Son riche fond noir est orn\u00e9 de d\u00e9licates veines blanches, cr\u00e9ant un contraste saisissant qui respire l'opulence et le raffinement. Qu'il s'agisse d'un comptoir de cuisine, d'un meuble de salle de bains, d'un rev\u00eatement de sol ou d'un rev\u00eatement mural, cette plaque de marbre ne manquera pas d'impressionner.<\/p>\n<h4><em>2. Beaut\u00e9 naturelle :<\/em><\/h4>\n<p>L'un des aspects les plus captivants du marbre noir du Kenya est sa beaut\u00e9 naturelle. Chaque dalle est une \u0153uvre d'art unique, pr\u00e9sentant des motifs et des veines distincts qui refl\u00e8tent l'histoire g\u00e9ologique de la Terre. L'allure intemporelle de cette pierre met en valeur tous les environnements qu'elle habille.<\/p>\n<h4><em>3. Durabilit\u00e9 et long\u00e9vit\u00e9 :<\/em><\/h4>\n<p>Le marbre est r\u00e9put\u00e9 pour sa durabilit\u00e9 exceptionnelle. Le marbre noir du Kenya ne fait pas exception \u00e0 la r\u00e8gle. Avec un entretien appropri\u00e9, il r\u00e9sistera \u00e0 l'\u00e9preuve du temps, garantissant que votre investissement reste aussi exquis que le jour o\u00f9 il a \u00e9t\u00e9 install\u00e9.<\/p>\n<h4><em>4. Applications polyvalentes :<\/em><\/h4>\n<p>Les dalles de marbre noir du Kenya sont incroyablement polyvalentes, ce qui les rend id\u00e9ales pour un large \u00e9ventail d'applications. Utilisez-les pour cr\u00e9er de superbes plans de travail de cuisine qui deviendront le point central de votre espace culinaire. Concevez des salles de bains luxueuses avec des vanit\u00e9s et des douches en marbre. Ou cr\u00e9ez des rev\u00eatements de sol et des accents muraux \u00e9l\u00e9gants qui impressionneront les visiteurs de votre espace commercial.<\/p>\n<h4><em>5. Entretien facile :<\/em><\/h4>\n<p>Si le marbre est r\u00e9put\u00e9 pour sa durabilit\u00e9, il est aussi relativement facile \u00e0 entretenir. Un nettoyage r\u00e9gulier \u00e0 l'aide d'un nettoyant pour pierre doux au pH \u00e9quilibr\u00e9 et un scellement p\u00e9riodique permettront \u00e0 votre marbre noir du Kenya de conserver son aspect impeccable pendant de nombreuses ann\u00e9es.<\/p>\n<h4><em>6. Un savoir-faire in\u00e9gal\u00e9 :<\/em><\/h4>\n<p>Chez phonenix power stone, nous sommes fiers de notre savoir-faire. Chaque plaque de marbre noir du Kenya est soigneusement s\u00e9lectionn\u00e9e, taill\u00e9e et polie \u00e0 la perfection. Notre \u00e9quipe d'artisans qualifi\u00e9s veille \u00e0 ce que la beaut\u00e9 naturelle de la pierre soit mise en valeur tout en r\u00e9pondant \u00e0 vos exigences sp\u00e9cifiques.<\/p>\n<h3><strong>Possibilit\u00e9s de conception infinies avec le marbre noir du Kenya :<\/strong><\/h3>\n<p>La polyvalence de la dalle de marbre noir du Kenya ne conna\u00eet pas de limites. Son aspect spectaculaire et sa durabilit\u00e9 ouvrent la voie \u00e0 un monde de possibilit\u00e9s de conception. Voici quelques id\u00e9es pour int\u00e9grer ce marbre exquis dans votre projet :<\/p>\n<h4><em>1. Comptoirs de cuisine :<\/em><\/h4>\n<p>Transformez votre cuisine en un paradis pour les chefs avec les plans de travail en marbre noir du Kenya. La toile de fond noire et \u00e9l\u00e9gante offre un cadre parfait pour la cr\u00e9ativit\u00e9 culinaire.<\/p>\n<h4><em>2. Vanit\u00e9s de salle de bains :<\/em><\/h4>\n<p>Faites de vos soins quotidiens une exp\u00e9rience luxueuse avec un plan de toilette en marbre noir du Kenya. Sa beaut\u00e9 et sa durabilit\u00e9 en font un excellent choix pour cette zone tr\u00e8s fr\u00e9quent\u00e9e.<\/p>\n<h4><em>3. Rev\u00eatement mural :<\/em><\/h4>\n<p>Ornez vos murs avec des dalles de marbre noir du Kenya pour cr\u00e9er un \u00e9l\u00e9ment distinctif dans votre salon, votre salle \u00e0 manger ou votre espace commercial. Le veinage blanc ajoute de la profondeur et du caract\u00e8re \u00e0 n'importe quel mur.<\/p>\n<h4><em>4. Rev\u00eatements de sol :<\/em><\/h4>\n<p>Rehaussez votre int\u00e9rieur avec un rev\u00eatement de sol en marbre noir du Kenya. Sa surface lisse et polie est non seulement \u00e9l\u00e9gante mais aussi facile \u00e0 nettoyer, ce qui en fait un choix pratique pour les zones tr\u00e8s fr\u00e9quent\u00e9es.<\/p>\n<h4><em>5. Entourages de chemin\u00e9es :<\/em><\/h4>\n<p>Cr\u00e9ez une atmosph\u00e8re chaleureuse et accueillante avec un habillage de chemin\u00e9e en marbre noir du Kenya. Les veines naturelles du marbre ajoutent une touche de luxe \u00e0 votre espace de vie.<\/p>\n<h3><strong>Pourquoi choisir phonenix power stone pour les dalles de marbre noir du Kenya ?<\/strong><\/h3>\n<p>Lorsqu'il s'agit de s'approvisionner en dalles de marbre noir du Kenya, phonenix power stone est votre partenaire de confiance. Voici pourquoi nous sommes le choix pr\u00e9f\u00e9r\u00e9 des clients exigeants :<\/p>\n<h4><em>1. Qualit\u00e9 in\u00e9gal\u00e9e :<\/em><\/h4>\n<p>Le marbre noir du Kenya provient des meilleures carri\u00e8res du monde. Notre engagement en faveur de la qualit\u00e9 signifie que vous ne recevrez que ce qu'il y a de mieux.<\/p>\n<h4><em>2. Personnalisation :<\/em><\/h4>\n<p>Chez phonenix power stone, nous comprenons que chaque projet est unique. C'est pourquoi nous proposons des services de personnalisation, vous permettant d'adapter la taille et la finition de votre dalle de marbre noir du Kenya \u00e0 vos besoins sp\u00e9cifiques.<\/p>\n<h4><em>3. Conseils d'experts :<\/em><\/h4>\n<p>Notre \u00e9quipe comp\u00e9tente est toujours pr\u00eate \u00e0 vous fournir des conseils d'expert sur le choix de la plaque de marbre id\u00e9ale pour votre projet. Nous pouvons vous recommander la finition et la taille id\u00e9ales pour r\u00e9pondre \u00e0 votre vision du design.<\/p>\n<h4><em>4. Exp\u00e9dition dans le monde entier :<\/em><\/h4>\n<p>O\u00f9 que vous soyez, nous pouvons livrer les dalles de marbre noir du Kenya sur place. Notre service d'exp\u00e9dition efficace garantit que votre commande arrive intacte et \u00e0 temps.<\/p>\n<h4><em>5. Prix comp\u00e9titifs :<\/em><\/h4>\n<p>Nous offrons des prix comp\u00e9titifs sans compromis sur la qualit\u00e9. phonenix power stone s'engage \u00e0 fournir une excellente valeur pour votre investissement.<\/p>\n<h3>Summy<\/h3>\n<p>La dalle de marbre noir du Kenya t\u00e9moigne de la beaut\u00e9 que la nature peut offrir. Avec son \u00e9l\u00e9gance intemporelle et son attrait durable, c'est le choix parfait pour ceux qui appr\u00e9cient les belles choses de la vie. Que vous conceviez un espace r\u00e9sidentiel ou un projet commercial, la dalle de marbre noir du Kenya de phonenix power stone fera une impression durable.Pour explorer les possibilit\u00e9s du marbre noir du Kenya dans votre prochain projet, contactez-nous d\u00e8s aujourd'hui. Notre \u00e9quipe d\u00e9vou\u00e9e est pr\u00eate \u00e0 vous aider \u00e0 s\u00e9lectionner la dalle parfaite qui correspond \u00e0 vos aspirations et \u00e0 vos exigences en mati\u00e8re de design. D\u00e9couvrez la beaut\u00e9 du marbre noir du Kenya avec phonenix power stone et \u00e9levez votre espace \u00e0 de nouveaux sommets d'\u00e9l\u00e9gance et de sophistication.<\/p>\n<\/div>","protected":false},"excerpt":{"rendered":"<p>Introducing Kenya Black Marble Slab \u2013 Elegance and Timeless Beauty If you\u2019re in search of the perfect natural stone to<\/p>","protected":false},"featured_media":28332,"template":"","meta":[],"product_cat":[113],"product_tag":[],"_links":{"self":[{"href":"https:\/\/stone-phoenix.com\/fr\/wp-json\/wp\/v2\/product\/19766"}],"collection":[{"href":"https:\/\/stone-phoenix.com\/fr\/wp-json\/wp\/v2\/product"}],"about":[{"href":"https:\/\/stone-phoenix.com\/fr\/wp-json\/wp\/v2\/types\/product"}],"wp:featuredmedia":[{"embeddable":true,"href":"https:\/\/stone-phoenix.com\/fr\/wp-json\/wp\/v2\/media\/28332"}],"wp:attachment":[{"href":"https:\/\/stone-phoenix.com\/fr\/wp-json\/wp\/v2\/media?parent=19766"}],"wp:term":[{"taxonomy":"product_cat","embeddable":true,"href":"https:\/\/stone-phoenix.com\/fr\/wp-json\/wp\/v2\/product_cat?post=19766"},{"taxonomy":"product_tag","embeddable":true,"href":"https:\/\/stone-phoenix.com\/fr\/wp-json\/wp\/v2\/product_tag?post=19766"}],"curies":[{"name":"wp","href":"https:\/\/api.w.org\/{rel}","templated":true}]}}