{"id":19770,"date":"2023-12-15T11:46:13","date_gmt":"2023-12-15T03:46:13","guid":{"rendered":"http:\/\/stone-phoenix.com\/product\/nero-marquina-marble-slab"},"modified":"2024-04-14T19:22:55","modified_gmt":"2024-04-14T11:22:55","slug":"nero-marquina-marble-slab","status":"publish","type":"product","link":"https:\/\/stone-phoenix.com\/fr\/produit\/nero-marquina-marble-slab","title":{"rendered":"Dalle de marbre Nero Marquina"},"content":{"rendered":"<div id=\"tab-description\" class=\"woocommerce-Tabs-panel woocommerce-Tabs-panel--description panel entry-content wc-tab\" role=\"tabpanel\" aria-labelledby=\"tab-title-description\">\n<div class=\"rll-youtube-player\" data-src=\"https:\/\/www.youtube.com\/embed\/ThfXx9LFYZs\" data-id=\"ThfXx9LFYZs\" data-query=\"si=DRehka-NLIh-yNfd\"><img loading=\"lazy\" decoding=\"async\" class=\"alignnone  wp-image-28108\" src=\"http:\/\/stone-phoenix.com\/wp-content\/uploads\/2023\/12\/Nero-Marquina-Marble-Slab-2.jpg\" alt=\"\" width=\"950\" height=\"481\" srcset=\"https:\/\/stone-phoenix.com\/wp-content\/uploads\/2023\/12\/Nero-Marquina-Marble-Slab-2.jpg 699w, https:\/\/stone-phoenix.com\/wp-content\/uploads\/2023\/12\/Nero-Marquina-Marble-Slab-2-300x152.jpg 300w, https:\/\/stone-phoenix.com\/wp-content\/uploads\/2023\/12\/Nero-Marquina-Marble-Slab-2-18x9.jpg 18w, https:\/\/stone-phoenix.com\/wp-content\/uploads\/2023\/12\/Nero-Marquina-Marble-Slab-2-600x304.jpg 600w, https:\/\/stone-phoenix.com\/wp-content\/uploads\/2023\/12\/Nero-Marquina-Marble-Slab-2-150x76.jpg 150w\" sizes=\"(max-width: 950px) 100vw, 950px\" \/><\/div>\n<h3><strong>\u00c9levez votre espace avec une \u00e9l\u00e9gance intemporelle : Dalle de marbre Nero Marquina<\/strong><\/h3>\n<p>Lorsqu'il s'agit de rehausser la beaut\u00e9 et le luxe de votre espace, rien n'est comparable \u00e0 l'\u00e9l\u00e9gance intemporelle du marbre Nero Marquina. Chez phonenix power stone, votre fournisseur de confiance de granit et de marbre en Chine, nous sommes fiers de proposer des dalles de marbre Nero Marquina qui exsudent la sophistication, la classe et la durabilit\u00e9.<\/p>\n<h3><strong>Marbre Nero Marquina : Un aper\u00e7u de l'opulence<\/strong><\/h3>\n<p>Le marbre Nero Marquina est un type de marbre noir de haute qualit\u00e9 connu pour ses veines blanches distinctes, qui ressemblent \u00e0 des \u00e9clairs, faisant de chaque dalle une \u0153uvre d'art unique. Originaire du Pays basque, dans le nord de l'Espagne, ce marbre est r\u00e9put\u00e9 dans le monde entier pour son aspect luxueux et sa durabilit\u00e9 exceptionnelle.<\/p>\n<h3><strong>Une symphonie de style et de polyvalence<\/strong><\/h3>\n<p>Nos dalles de marbre Nero Marquina sont le choix id\u00e9al pour un large \u00e9ventail d'applications. Qu'il s'agisse d'une cuisine moderne et \u00e9l\u00e9gante, d'une salle de bains luxueuse, d'un \u00e9l\u00e9gant entourage de chemin\u00e9e ou d'un sol remarquable, le marbre Nero Marquina rehaussera votre espace gr\u00e2ce \u00e0 sa beaut\u00e9 sombre et distincte. Sa polyvalence lui permet de s'int\u00e9grer aussi bien dans les designs contemporains que traditionnels.<\/p>\n<h3><strong>Caract\u00e9ristiques principales des dalles de marbre Nero Marquina :<\/strong><\/h3>\n<ul>\n<li><em>Une esth\u00e9tique \u00e9tonnante<\/em>: Le marbre Nero Marquina pr\u00e9sente un fond noir profond avec des veines blanches frappantes qui ajoutent une touche de drame et d'opulence \u00e0 tout am\u00e9nagement int\u00e9rieur ou ext\u00e9rieur.<\/li>\n<li><em>Durabilit\u00e9 exceptionnelle<\/em>: Ce marbre n'est pas seulement un r\u00e9gal pour les yeux, c'est aussi une option solide pour les plans de travail, les sols et les rev\u00eatements muraux. Sa r\u00e9silience lui permet de r\u00e9sister \u00e0 l'\u00e9preuve du temps.<\/li>\n<li><em>Entretien facile<\/em>: Le marbre Nero Marquina n\u00e9cessite relativement peu d'entretien. Il suffit de le sceller et de le nettoyer r\u00e9guli\u00e8rement pour pr\u00e9server son aspect lustr\u00e9.<\/li>\n<li><em>Des possibilit\u00e9s de conception infinies<\/em>: Sa couleur \u00e9l\u00e9gante et ses motifs de veinage lui permettent de s'adapter \u00e0 divers sch\u00e9mas d'am\u00e9nagement, du plus classique au plus contemporain.<\/li>\n<li><em>Mod\u00e8les uniques<\/em>: Il n'existe pas deux dalles de marbre Nero Marquina identiques, ce qui garantit que votre espace sera vraiment unique.<\/li>\n<\/ul>\n<h3><strong>La pierre de puissance phonenix Avantage<\/strong><\/h3>\n<p>Chez phonenix power stone, nous savons que la r\u00e9ussite de votre projet d\u00e9pend de la qualit\u00e9 des mat\u00e9riaux que vous utilisez. Nous sommes fiers d'\u00eatre un nom de confiance dans l'industrie, offrant non seulement des mat\u00e9riaux de premier ordre, mais aussi un service exceptionnel :<\/p>\n<p><strong>Personnalisation<\/strong>: Nous nous engageons \u00e0 fournir des dalles de marbre Nero Marquina adapt\u00e9es \u00e0 vos sp\u00e9cifications. Vous pouvez choisir la taille, l'\u00e9paisseur et la finition de la dalle qui convient parfaitement \u00e0 votre projet.<\/p>\n<p><strong>Assurance qualit\u00e9<\/strong>: Nous nous approvisionnons en marbre Nero Marquina aupr\u00e8s de carri\u00e8res r\u00e9put\u00e9es, ce qui vous garantit des dalles de la plus haute qualit\u00e9, avec des veines et une coloration homog\u00e8nes.<\/p>\n<p><strong>Prix comp\u00e9titifs<\/strong>La pierre de puissance phonenix : phonenix power stone propose des prix comp\u00e9titifs sans faire de compromis sur la qualit\u00e9 de nos mat\u00e9riaux. Nous comprenons que les consid\u00e9rations budg\u00e9taires sont essentielles.<\/p>\n<p><strong>Port\u00e9e mondiale<\/strong>: Notre pr\u00e9sence en tant que fournisseur de granit et de marbre en Chine nous permet de r\u00e9pondre aux besoins des clients du monde entier. Nous sommes en mesure de traiter facilement les commandes internationales.<\/p>\n<p><strong>Soutien professionnel<\/strong>: Notre \u00e9quipe d'experts est \u00e0 votre disposition pour vous guider dans le processus de s\u00e9lection, vous fournir des conseils techniques et vous assister \u00e0 chaque \u00e9tape de votre projet.<\/p>\n<h3><strong>Conclusion : \u00c9levez votre espace avec le marbre Nero Marquina<\/strong><\/h3>\n<p>Les dalles de marbre Nero Marquina de phonenix power stone sont plus que de simples mat\u00e9riaux de construction ; elles sont un t\u00e9moignage de luxe, de qualit\u00e9 et de sophistication. Avec sa beaut\u00e9 in\u00e9gal\u00e9e, sa durabilit\u00e9 et sa polyvalence, le marbre Nero Marquina est un choix parfait pour ceux qui exigent le meilleur.Pr\u00eat \u00e0 transformer votre espace en un chef-d'\u0153uvre de design et de fonctionnalit\u00e9 ? Contactez phonenix power stone d\u00e8s aujourd'hui pour discuter de vos besoins en marbre Nero Marquina et faire le premier pas vers la cr\u00e9ation d'un espace qui respire l'\u00e9l\u00e9gance intemporelle. Faites une impression durable avec les dalles de marbre Nero Marquina de phonenix power stone.<\/p>\n<\/div>","protected":false},"excerpt":{"rendered":"<p>Elevate Your Space with Timeless Elegance: Nero Marquina Marble Slab When it comes to enhancing the beauty and luxury of<\/p>","protected":false},"featured_media":28104,"template":"","meta":[],"product_cat":[113],"product_tag":[],"_links":{"self":[{"href":"https:\/\/stone-phoenix.com\/fr\/wp-json\/wp\/v2\/product\/19770"}],"collection":[{"href":"https:\/\/stone-phoenix.com\/fr\/wp-json\/wp\/v2\/product"}],"about":[{"href":"https:\/\/stone-phoenix.com\/fr\/wp-json\/wp\/v2\/types\/product"}],"wp:featuredmedia":[{"embeddable":true,"href":"https:\/\/stone-phoenix.com\/fr\/wp-json\/wp\/v2\/media\/28104"}],"wp:attachment":[{"href":"https:\/\/stone-phoenix.com\/fr\/wp-json\/wp\/v2\/media?parent=19770"}],"wp:term":[{"taxonomy":"product_cat","embeddable":true,"href":"https:\/\/stone-phoenix.com\/fr\/wp-json\/wp\/v2\/product_cat?post=19770"},{"taxonomy":"product_tag","embeddable":true,"href":"https:\/\/stone-phoenix.com\/fr\/wp-json\/wp\/v2\/product_tag?post=19770"}],"curies":[{"name":"wp","href":"https:\/\/api.w.org\/{rel}","templated":true}]}}