{"id":19775,"date":"2023-12-15T11:46:20","date_gmt":"2023-12-15T03:46:20","guid":{"rendered":"http:\/\/stone-phoenix.com\/product\/new-guangxi-white-marble-slab"},"modified":"2024-04-14T19:18:37","modified_gmt":"2024-04-14T11:18:37","slug":"new-guangxi-white-marble-slab","status":"publish","type":"product","link":"https:\/\/stone-phoenix.com\/fr\/produit\/new-guangxi-white-marble-slab","title":{"rendered":"Nouvelle dalle de marbre blanc de Guangxi"},"content":{"rendered":"<div id=\"tab-description\" class=\"woocommerce-Tabs-panel woocommerce-Tabs-panel--description panel entry-content wc-tab\" role=\"tabpanel\" aria-labelledby=\"tab-title-description\">\n<div class=\"rll-youtube-player\" data-src=\"https:\/\/www.youtube.com\/embed\/bs5hsR9me7M\" data-id=\"bs5hsR9me7M\" data-query=\"si=L-twt8APUcoHL1Mk\"><img loading=\"lazy\" decoding=\"async\" class=\"alignnone wp-image-28102\" src=\"http:\/\/stone-phoenix.com\/wp-content\/uploads\/2023\/12\/New-Guangxi-White-Marble-Slab-5.jpg\" alt=\"\" width=\"969\" height=\"727\" srcset=\"https:\/\/stone-phoenix.com\/wp-content\/uploads\/2023\/12\/New-Guangxi-White-Marble-Slab-5.jpg 697w, https:\/\/stone-phoenix.com\/wp-content\/uploads\/2023\/12\/New-Guangxi-White-Marble-Slab-5-300x225.jpg 300w, https:\/\/stone-phoenix.com\/wp-content\/uploads\/2023\/12\/New-Guangxi-White-Marble-Slab-5-16x12.jpg 16w, https:\/\/stone-phoenix.com\/wp-content\/uploads\/2023\/12\/New-Guangxi-White-Marble-Slab-5-600x450.jpg 600w, https:\/\/stone-phoenix.com\/wp-content\/uploads\/2023\/12\/New-Guangxi-White-Marble-Slab-5-150x113.jpg 150w\" sizes=\"(max-width: 969px) 100vw, 969px\" \/><img loading=\"lazy\" decoding=\"async\" class=\"alignnone wp-image-28103\" src=\"http:\/\/stone-phoenix.com\/wp-content\/uploads\/2023\/12\/New-Guangxi-White-Marble-Slab-4-1.jpg\" alt=\"\" width=\"959\" height=\"731\" srcset=\"https:\/\/stone-phoenix.com\/wp-content\/uploads\/2023\/12\/New-Guangxi-White-Marble-Slab-4-1.jpg 685w, https:\/\/stone-phoenix.com\/wp-content\/uploads\/2023\/12\/New-Guangxi-White-Marble-Slab-4-1-300x229.jpg 300w, https:\/\/stone-phoenix.com\/wp-content\/uploads\/2023\/12\/New-Guangxi-White-Marble-Slab-4-1-16x12.jpg 16w, https:\/\/stone-phoenix.com\/wp-content\/uploads\/2023\/12\/New-Guangxi-White-Marble-Slab-4-1-600x457.jpg 600w, https:\/\/stone-phoenix.com\/wp-content\/uploads\/2023\/12\/New-Guangxi-White-Marble-Slab-4-1-150x114.jpg 150w\" sizes=\"(max-width: 959px) 100vw, 959px\" \/><\/div>\n<h3><strong>Pr\u00e9sentation de la nouvelle dalle de marbre blanc de Guangxi<\/strong><\/h3>\n<p>\u00c9levez vos projets d'am\u00e9nagement int\u00e9rieur et ext\u00e9rieur \u00e0 un nouveau niveau d'\u00e9l\u00e9gance et de sophistication gr\u00e2ce \u00e0 notre exquise dalle de marbre blanc New Guangxi. En tant que principal fournisseur de granit et de marbre en Chine, phonenix power stone est fier de proposer cette pierre naturelle \u00e9tonnante qui promet de transformer n'importe quel espace en une \u0153uvre d'art.<\/p>\n<h3><strong>La beaut\u00e9 du nouveau marbre blanc de Guangxi<\/strong><\/h3>\n<p>Le marbre blanc New Guangxi est r\u00e9put\u00e9 pour son attrait luxueux et intemporel. Son \u00e9l\u00e9gant fond blanc avec de subtiles veines grises ajoute une touche d'opulence \u00e0 tout projet d'architecture ou de design. Ce choix classique est parfait pour cr\u00e9er un sentiment de grandeur dans les espaces r\u00e9sidentiels et commerciaux.<\/p>\n<h3><strong>Qualit\u00e9 et durabilit\u00e9 in\u00e9gal\u00e9es<\/strong><\/h3>\n<p>Chez phonenix power stone, nous comprenons l'importance de ne fournir que des mat\u00e9riaux de la plus haute qualit\u00e9. Nos dalles de marbre blanc New Guangxi proviennent de carri\u00e8res de confiance et sont trait\u00e9es avec pr\u00e9cision pour r\u00e9pondre aux normes industrielles les plus strictes. Cela garantit un produit non seulement esth\u00e9tique, mais aussi durable, ce qui en fait un choix id\u00e9al pour les zones \u00e0 fort trafic.<\/p>\n<h3><strong>La polyvalence dans la conception<\/strong><\/h3>\n<p>La polyvalence des dalles de marbre blanc New Guangxi ne conna\u00eet pas de limites. Sa palette de couleurs subtiles et ses veines \u00e9l\u00e9gantes lui permettent de s'adapter \u00e0 un large \u00e9ventail d'applications, notamment :<\/p>\n<ol>\n<li><strong>Comptoirs<\/strong>: Cr\u00e9ez des plans de travail luxueux pour la cuisine et la salle de bains, d'une beaut\u00e9 intemporelle.<\/li>\n<li><strong>Rev\u00eatements de sol<\/strong>: L'\u00e9l\u00e9gance du marbre blanc New Guangxi transforme vos sols en une v\u00e9ritable pi\u00e8ce d'apparat.<\/li>\n<li><strong>Murs et bardages<\/strong>: Ajoutez une touche de sophistication \u00e0 vos murs et fa\u00e7ades ext\u00e9rieures.<\/li>\n<li><strong>Entourages de chemin\u00e9e<\/strong>: L'habillage de chemin\u00e9e en marbre rehausse le point central d'une pi\u00e8ce.<\/li>\n<li><strong>Vanit\u00e9s de salle de bains<\/strong>: Cr\u00e9ez de superbes meubles de salle de bains qui allient forme et fonction.<\/li>\n<li><strong>Escaliers<\/strong>: Faites une entr\u00e9e remarqu\u00e9e gr\u00e2ce aux escaliers en marbre qui mettent en valeur l'\u00e9l\u00e9gance de New Guangxi White.<\/li>\n<li><strong>Projets sur mesure<\/strong>: Notre \u00e9quipe peut traiter les dalles sur mesure pour r\u00e9pondre \u00e0 vos besoins de conception uniques.<\/li>\n<\/ol>\n<h3><strong>Pourquoi choisir la nouvelle dalle de marbre blanc du Guangxi de phonenix power stone ?<\/strong><\/h3>\n<ol>\n<li><strong>Qualit\u00e9 sup\u00e9rieure<\/strong>: Nous ne s\u00e9lectionnons que le meilleur marbre blanc du Guangxi pour garantir votre satisfaction.<\/li>\n<li><strong>Prix comp\u00e9titifs<\/strong>: Nous proposons des prix comp\u00e9titifs sans compromis sur la qualit\u00e9.<\/li>\n<li><strong>Grand inventaire<\/strong>: Notre vaste inventaire vous permet de trouver la dalle parfaite pour votre projet.<\/li>\n<li><strong>Personnalisation<\/strong>: Nous pouvons traiter les dalles selon vos sp\u00e9cifications, ce qui garantit une solution sur mesure.<\/li>\n<li><strong>Expertise<\/strong>: Avec des ann\u00e9es d'exp\u00e9rience dans l'industrie, notre \u00e9quipe peut fournir des conseils et un soutien d'expert.<\/li>\n<\/ol>\n<h3><strong>Am\u00e9liorez votre espace d\u00e8s aujourd'hui<\/strong><\/h3>\n<p>Que vous conceviez une cuisine luxueuse, une salle de bain digne d'un spa ou un espace commercial \u00e9l\u00e9gant, la dalle de marbre blanc New Guangxi de phonenix power stone est le choix id\u00e9al pour ajouter une touche de beaut\u00e9 intemporelle et de sophistication \u00e0 votre projet. Laissez libre cours \u00e0 votre cr\u00e9ativit\u00e9 et voyez vos visions de design prendre vie gr\u00e2ce \u00e0 l'\u00e9l\u00e9gance pure de cette pierre naturelle exquise.<\/p>\n<h3><strong>Nous contacter<\/strong><\/h3>\n<p>Chez phonenix power stone, nous nous engageons \u00e0 vous aider \u00e0 trouver la dalle de marbre blanc du Guangxi parfaite pour votre projet. Contactez-nous d\u00e8s aujourd'hui pour discuter de vos besoins, demander des \u00e9chantillons ou obtenir un devis personnalis\u00e9. Nous sommes impatients de travailler avec vous pour r\u00e9aliser vos r\u00eaves de design. Transformez votre espace avec l'\u00e9l\u00e9gance durable de la dalle de marbre blanc New Guangxi. phonenix power stone est votre partenaire de confiance pour les solutions en pierre naturelle.<\/p>\n<\/div>","protected":false},"excerpt":{"rendered":"<p>Introducing New Guangxi White Marble Slab Elevate your interior and exterior design projects to a new level of elegance and<\/p>","protected":false},"featured_media":28095,"template":"","meta":[],"product_cat":[113],"product_tag":[],"_links":{"self":[{"href":"https:\/\/stone-phoenix.com\/fr\/wp-json\/wp\/v2\/product\/19775"}],"collection":[{"href":"https:\/\/stone-phoenix.com\/fr\/wp-json\/wp\/v2\/product"}],"about":[{"href":"https:\/\/stone-phoenix.com\/fr\/wp-json\/wp\/v2\/types\/product"}],"wp:featuredmedia":[{"embeddable":true,"href":"https:\/\/stone-phoenix.com\/fr\/wp-json\/wp\/v2\/media\/28095"}],"wp:attachment":[{"href":"https:\/\/stone-phoenix.com\/fr\/wp-json\/wp\/v2\/media?parent=19775"}],"wp:term":[{"taxonomy":"product_cat","embeddable":true,"href":"https:\/\/stone-phoenix.com\/fr\/wp-json\/wp\/v2\/product_cat?post=19775"},{"taxonomy":"product_tag","embeddable":true,"href":"https:\/\/stone-phoenix.com\/fr\/wp-json\/wp\/v2\/product_tag?post=19775"}],"curies":[{"name":"wp","href":"https:\/\/api.w.org\/{rel}","templated":true}]}}