{"id":19777,"date":"2023-12-15T11:46:24","date_gmt":"2023-12-15T03:46:24","guid":{"rendered":"http:\/\/stone-phoenix.com\/product\/new-nero-marquina-marble-slab"},"modified":"2024-04-14T18:58:01","modified_gmt":"2024-04-14T10:58:01","slug":"new-nero-marquina-marble-slab","status":"publish","type":"product","link":"https:\/\/stone-phoenix.com\/fr\/produit\/new-nero-marquina-marble-slab","title":{"rendered":"Nouvelle dalle de marbre Nero Marquina"},"content":{"rendered":"<p><img loading=\"lazy\" decoding=\"async\" class=\"alignnone wp-image-28092\" src=\"http:\/\/stone-phoenix.com\/wp-content\/uploads\/2023\/12\/New-Nero-Marquina-Marble-Slab-2.jpg\" alt=\"\" width=\"940\" height=\"476\" srcset=\"https:\/\/stone-phoenix.com\/wp-content\/uploads\/2023\/12\/New-Nero-Marquina-Marble-Slab-2.jpg 699w, https:\/\/stone-phoenix.com\/wp-content\/uploads\/2023\/12\/New-Nero-Marquina-Marble-Slab-2-300x152.jpg 300w, https:\/\/stone-phoenix.com\/wp-content\/uploads\/2023\/12\/New-Nero-Marquina-Marble-Slab-2-18x9.jpg 18w, https:\/\/stone-phoenix.com\/wp-content\/uploads\/2023\/12\/New-Nero-Marquina-Marble-Slab-2-600x304.jpg 600w, https:\/\/stone-phoenix.com\/wp-content\/uploads\/2023\/12\/New-Nero-Marquina-Marble-Slab-2-150x76.jpg 150w\" sizes=\"(max-width: 940px) 100vw, 940px\" \/><img loading=\"lazy\" decoding=\"async\" class=\"alignnone wp-image-28094\" src=\"http:\/\/stone-phoenix.com\/wp-content\/uploads\/2023\/12\/New-Nero-Marquina-Marble-Slab-6.jpg\" alt=\"\" width=\"941\" height=\"708\" srcset=\"https:\/\/stone-phoenix.com\/wp-content\/uploads\/2023\/12\/New-Nero-Marquina-Marble-Slab-6.jpg 694w, https:\/\/stone-phoenix.com\/wp-content\/uploads\/2023\/12\/New-Nero-Marquina-Marble-Slab-6-300x226.jpg 300w, https:\/\/stone-phoenix.com\/wp-content\/uploads\/2023\/12\/New-Nero-Marquina-Marble-Slab-6-16x12.jpg 16w, https:\/\/stone-phoenix.com\/wp-content\/uploads\/2023\/12\/New-Nero-Marquina-Marble-Slab-6-600x451.jpg 600w, https:\/\/stone-phoenix.com\/wp-content\/uploads\/2023\/12\/New-Nero-Marquina-Marble-Slab-6-150x113.jpg 150w\" sizes=\"(max-width: 941px) 100vw, 941px\" \/><\/p>\n<p>Nous sommes le principal fournisseur de dalles de marbre noir Nero Marquina en Chine. Notre soci\u00e9t\u00e9 a plus de 25 ans d'exp\u00e9rience dans la fabrication de pierres pour des b\u00e2timents commerciaux, des appartements r\u00e9sidentiels, des projets publics, des restaurants, des h\u00f4tels, ainsi que des stations baln\u00e9aires et des villas. Nos clients viennent du monde entier. Nous disposons d'une \u00e9quipe tr\u00e8s professionnelle pour vous aider \u00e0 r\u00e9aliser le devis, l'inspection de la qualit\u00e9, le transport et la d\u00e9claration, le service apr\u00e8s-vente, etc.<\/p>","protected":false},"excerpt":{"rendered":"<p>We are top supplier in China of Black Nero Marquina Marble Slabs. Our company is with over 25+ years of<\/p>","protected":false},"featured_media":28091,"template":"","meta":[],"product_cat":[113],"product_tag":[],"_links":{"self":[{"href":"https:\/\/stone-phoenix.com\/fr\/wp-json\/wp\/v2\/product\/19777"}],"collection":[{"href":"https:\/\/stone-phoenix.com\/fr\/wp-json\/wp\/v2\/product"}],"about":[{"href":"https:\/\/stone-phoenix.com\/fr\/wp-json\/wp\/v2\/types\/product"}],"wp:featuredmedia":[{"embeddable":true,"href":"https:\/\/stone-phoenix.com\/fr\/wp-json\/wp\/v2\/media\/28091"}],"wp:attachment":[{"href":"https:\/\/stone-phoenix.com\/fr\/wp-json\/wp\/v2\/media?parent=19777"}],"wp:term":[{"taxonomy":"product_cat","embeddable":true,"href":"https:\/\/stone-phoenix.com\/fr\/wp-json\/wp\/v2\/product_cat?post=19777"},{"taxonomy":"product_tag","embeddable":true,"href":"https:\/\/stone-phoenix.com\/fr\/wp-json\/wp\/v2\/product_tag?post=19777"}],"curies":[{"name":"wp","href":"https:\/\/api.w.org\/{rel}","templated":true}]}}