{"id":19960,"date":"2023-12-15T11:46:29","date_gmt":"2023-12-15T03:46:29","guid":{"rendered":"http:\/\/stone-phoenix.com\/product\/new-panda-white-marble-slab"},"modified":"2024-04-14T18:36:16","modified_gmt":"2024-04-14T10:36:16","slug":"new-panda-white-marble-slab","status":"publish","type":"product","link":"https:\/\/stone-phoenix.com\/fr\/produit\/new-panda-white-marble-slab","title":{"rendered":"New Panda White Marble Slab"},"content":{"rendered":"<div id=\"tab-description\" class=\"woocommerce-Tabs-panel woocommerce-Tabs-panel--description panel entry-content wc-tab\" role=\"tabpanel\" aria-labelledby=\"tab-title-description\">\n<div class=\"rll-youtube-player\" data-src=\"https:\/\/www.youtube.com\/embed\/sUyciSI8yP4\" data-id=\"sUyciSI8yP4\" data-query=\"si=rYUHygst4hX5kveg\"><img loading=\"lazy\" decoding=\"async\" class=\"alignnone wp-image-28087\" src=\"http:\/\/stone-phoenix.com\/wp-content\/uploads\/2023\/12\/New-Panda-White-Marble-Slab-6-1.jpg\" alt=\"\" width=\"980\" height=\"726\" srcset=\"https:\/\/stone-phoenix.com\/wp-content\/uploads\/2023\/12\/New-Panda-White-Marble-Slab-6-1.jpg 694w, https:\/\/stone-phoenix.com\/wp-content\/uploads\/2023\/12\/New-Panda-White-Marble-Slab-6-1-300x222.jpg 300w, https:\/\/stone-phoenix.com\/wp-content\/uploads\/2023\/12\/New-Panda-White-Marble-Slab-6-1-16x12.jpg 16w, https:\/\/stone-phoenix.com\/wp-content\/uploads\/2023\/12\/New-Panda-White-Marble-Slab-6-1-600x444.jpg 600w, https:\/\/stone-phoenix.com\/wp-content\/uploads\/2023\/12\/New-Panda-White-Marble-Slab-6-1-150x111.jpg 150w\" sizes=\"(max-width: 980px) 100vw, 980px\" \/><img loading=\"lazy\" decoding=\"async\" class=\"alignnone wp-image-28089\" src=\"http:\/\/stone-phoenix.com\/wp-content\/uploads\/2023\/12\/New-Panda-White-Marble-Slab-4.jpg\" alt=\"\" width=\"955\" height=\"671\" srcset=\"https:\/\/stone-phoenix.com\/wp-content\/uploads\/2023\/12\/New-Panda-White-Marble-Slab-4.jpg 679w, https:\/\/stone-phoenix.com\/wp-content\/uploads\/2023\/12\/New-Panda-White-Marble-Slab-4-300x211.jpg 300w, https:\/\/stone-phoenix.com\/wp-content\/uploads\/2023\/12\/New-Panda-White-Marble-Slab-4-18x12.jpg 18w, https:\/\/stone-phoenix.com\/wp-content\/uploads\/2023\/12\/New-Panda-White-Marble-Slab-4-600x422.jpg 600w, https:\/\/stone-phoenix.com\/wp-content\/uploads\/2023\/12\/New-Panda-White-Marble-Slab-4-150x105.jpg 150w\" sizes=\"(max-width: 955px) 100vw, 955px\" \/><\/div>\n<h3>Pr\u00e9sentation de la nouvelle dalle de marbre blanc Panda exquis<\/h3>\n<p>Lorsqu'il s'agit de cr\u00e9er une \u00e9l\u00e9gance et un luxe intemporels dans vos espaces de vie, phonenix power stone vous offre la quintessence de la beaut\u00e9 naturelle avec notre nouvelle dalle de marbre blanc Panda. Extraite au c\u0153ur des carri\u00e8res de Chine, cette vari\u00e9t\u00e9 de marbre exquise est connue pour son contraste saisissant de veines noires et blanches, qui capte l'attention et l'admiration des designers, des architectes et des propri\u00e9taires du monde entier. En mettant l'accent sur une qualit\u00e9 et une personnalisation in\u00e9gal\u00e9es, phonenix power stone est votre partenaire de confiance pour transformer vos visions cr\u00e9atives en r\u00e9alit\u00e9.<\/p>\n<h3><strong>La beaut\u00e9 du nouveau marbre blanc Panda<\/strong><\/h3>\n<p>Le marbre blanc New Panda est r\u00e9put\u00e9 pour son attrait esth\u00e9tique in\u00e9gal\u00e9. Le m\u00e9lange frappant de veines blanches et noires qui dansent sur la surface cr\u00e9e une apparence dramatique et sophistiqu\u00e9e. Ce motif unique rappelle l'\u00e9l\u00e9gant panda noir et blanc, conf\u00e9rant un air d'exclusivit\u00e9 et de luxe \u00e0 tout espace o\u00f9 il est appliqu\u00e9.<\/p>\n<h3><strong>Des possibilit\u00e9s de conception infinies<\/strong><\/h3>\n<p>La polyvalence du marbre blanc New Panda ne conna\u00eet aucune limite. Que vous cherchiez \u00e0 am\u00e9liorer vos plans de travail de cuisine, vos vanit\u00e9s de salle de bain ou \u00e0 cr\u00e9er un rev\u00eatement de sol \u00e9poustouflant, cette plaque de marbre offre une multitude de possibilit\u00e9s de conception. Sa palette de couleurs neutres s'harmonise parfaitement avec diff\u00e9rents styles d'int\u00e9rieur, ce qui lui permet de s'int\u00e9grer aussi bien dans des espaces contemporains que traditionnels.<\/p>\n<h3><strong>Une qualit\u00e9 in\u00e9gal\u00e9e<\/strong><\/h3>\n<p>Chez phonenix power stone, nous sommes tr\u00e8s fiers de fournir des dalles de marbre de la plus haute qualit\u00e9. Notre marbre blanc New Panda est soigneusement s\u00e9lectionn\u00e9 et m\u00e9ticuleusement inspect\u00e9 pour s'assurer qu'il r\u00e9pond aux normes de qualit\u00e9 les plus strictes. Avec une durabilit\u00e9 exceptionnelle, une r\u00e9sistance \u00e0 l'usure et une beaut\u00e9 intemporelle, cette dalle de marbre est un investissement qui r\u00e9sistera \u00e0 l'\u00e9preuve du temps.<\/p>\n<h3><strong>Personnalisation selon vos sp\u00e9cifications<\/strong><\/h3>\n<p>Nous comprenons que chaque projet est unique et nous sommes l\u00e0 pour r\u00e9pondre \u00e0 vos besoins sp\u00e9cifiques. phonenix power stone vous offre la possibilit\u00e9 de personnaliser votre projet en fonction de vos sp\u00e9cifications exactes. Que vous ayez besoin de dimensions, de finitions ou de profils d'ar\u00eates sp\u00e9cifiques, nos artisans qualifi\u00e9s peuvent transformer le marbre blanc New Panda en un chef-d'\u0153uvre adapt\u00e9 \u00e0 votre projet.<\/p>\n<h3><strong>Applications de la nouvelle dalle de marbre blanc Panda<\/strong><\/h3>\n<ul>\n<li><strong>Comptoirs de cuisine :<\/strong> Rehaussez l'esth\u00e9tique de votre cuisine gr\u00e2ce \u00e0 la beaut\u00e9 \u00e9poustouflante du marbre blanc New Panda. Il ne s'agit pas seulement d'un plan de travail, mais d'une pi\u00e8ce d'apparat qui fera l'envie de vos invit\u00e9s.<\/li>\n<li><strong>Vanit\u00e9s de salle de bains :<\/strong> Cr\u00e9ez une atmosph\u00e8re sereine et luxueuse dans votre salle de bains avec le marbre blanc New Panda. Son \u00e9l\u00e9gance intemporelle ajoute une touche de sophistication \u00e0 votre quotidien.<\/li>\n<li><strong>Rev\u00eatement de sol :<\/strong> Faites une entr\u00e9e remarqu\u00e9e avec le rev\u00eatement de sol New Panda White Marble. La surface durable r\u00e9siste au passage des pi\u00e9tons tout en laissant une impression durable.<\/li>\n<li><strong>Rev\u00eatement mural :<\/strong> Ajoutez une touche d'\u00e9l\u00e9gance \u00e0 vos murs avec le marbre blanc New Panda. Ses veines uniques constituent une toile de fond captivante pour n'importe quelle pi\u00e8ce.<\/li>\n<li><strong>Entourage de chemin\u00e9e :<\/strong> Transformez votre chemin\u00e9e en point de mire avec la dalle de marbre blanc New Panda. Son design saisissant attirera l'attention et l'admiration.<\/li>\n<\/ul>\n<h3><strong>Pourquoi choisir phonenix power stone ?<\/strong><\/h3>\n<p>phonenix power stone est un nom de confiance dans l'industrie de la pierre, connu pour son engagement envers la qualit\u00e9 et la satisfaction du client. En nous choisissant, vous pouvez vous attendre \u00e0<\/p>\n<ul>\n<li><strong>Vaste exp\u00e9rience :<\/strong> Forts d'une longue exp\u00e9rience, nous sommes experts dans la manipulation et le traitement des mat\u00e9riaux en pierre naturelle.<\/li>\n<li><strong>Qualit\u00e9 in\u00e9gal\u00e9e :<\/strong> Nous nous procurons le meilleur marbre blanc New Panda et veillons \u00e0 ce qu'il r\u00e9ponde aux normes de qualit\u00e9 les plus strictes.<\/li>\n<li><strong>Personnalisation :<\/strong> Nous adaptons nos produits \u00e0 vos sp\u00e9cifications uniques, afin que votre vision devienne une r\u00e9alit\u00e9.<\/li>\n<li><strong>Prix comp\u00e9titifs :<\/strong> Nous proposons des prix comp\u00e9titifs, rendant le luxe et la qualit\u00e9 accessibles.<\/li>\n<li><strong>Exp\u00e9dition globale :<\/strong> Nous servons des clients dans le monde entier et notre service d'exp\u00e9dition efficace garantit que votre commande vous parviendra rapidement.<\/li>\n<\/ul>\n<p>\u00c9levez votre d\u00e9coration int\u00e9rieure avec la beaut\u00e9 luxueuse de la dalle de marbre New Panda White de phonenix power stone. Contactez-nous d\u00e8s aujourd'hui pour discuter de votre projet, demander des \u00e9chantillons ou passer votre commande. D\u00e9couvrez l'attrait de la pierre naturelle, m\u00e9ticuleusement travaill\u00e9e \u00e0 la perfection.<\/p>\n<\/div>","protected":false},"excerpt":{"rendered":"<p>Introducing Exquisite New Panda White Marble Slab When it comes to crafting timeless elegance and luxury within your living spaces,<\/p>","protected":false},"featured_media":28082,"template":"","meta":[],"product_cat":[113],"product_tag":[],"_links":{"self":[{"href":"https:\/\/stone-phoenix.com\/fr\/wp-json\/wp\/v2\/product\/19960"}],"collection":[{"href":"https:\/\/stone-phoenix.com\/fr\/wp-json\/wp\/v2\/product"}],"about":[{"href":"https:\/\/stone-phoenix.com\/fr\/wp-json\/wp\/v2\/types\/product"}],"wp:featuredmedia":[{"embeddable":true,"href":"https:\/\/stone-phoenix.com\/fr\/wp-json\/wp\/v2\/media\/28082"}],"wp:attachment":[{"href":"https:\/\/stone-phoenix.com\/fr\/wp-json\/wp\/v2\/media?parent=19960"}],"wp:term":[{"taxonomy":"product_cat","embeddable":true,"href":"https:\/\/stone-phoenix.com\/fr\/wp-json\/wp\/v2\/product_cat?post=19960"},{"taxonomy":"product_tag","embeddable":true,"href":"https:\/\/stone-phoenix.com\/fr\/wp-json\/wp\/v2\/product_tag?post=19960"}],"curies":[{"name":"wp","href":"https:\/\/api.w.org\/{rel}","templated":true}]}}