{"id":19962,"date":"2023-12-15T11:46:34","date_gmt":"2023-12-15T03:46:34","guid":{"rendered":"http:\/\/stone-phoenix.com\/product\/new-white-wooden-marble-slab"},"modified":"2024-04-14T18:22:04","modified_gmt":"2024-04-14T10:22:04","slug":"new-white-wooden-marble-slab","status":"publish","type":"product","link":"https:\/\/stone-phoenix.com\/fr\/produit\/new-white-wooden-marble-slab","title":{"rendered":"Nouvelle dalle de marbre blanc en bois"},"content":{"rendered":"<div id=\"tab-description\" class=\"woocommerce-Tabs-panel woocommerce-Tabs-panel--description panel entry-content wc-tab\" role=\"tabpanel\" aria-labelledby=\"tab-title-description\">\n<div class=\"rll-youtube-player\" data-src=\"https:\/\/www.youtube.com\/embed\/eOrkUaefUpM\" data-id=\"eOrkUaefUpM\" data-query=\"si=DZZuZl9pf4R5ZKVV\"><\/div>\n<div class=\"group w-full text-token-text-primary border-b border-black\/10 gizmo:border-0 dark:border-gray-900\/50 gizmo:dark:border-0 bg-gray-50 gizmo:bg-transparent dark:bg-[#444654] gizmo:dark:bg-transparent\" data-testid=\"conversation-turn-3\">\n<div class=\"p-4 gizmo:py-2 justify-center text-base md:gap-6 md:py-6 m-auto\">\n<div class=\"flex flex-1 gap-4 text-base mx-auto md:gap-6 gizmo:gap-3 gizmo:md:px-5 gizmo:lg:px-1 gizmo:xl:px-5 md:max-w-2xl lg:max-w-[38rem] gizmo:md:max-w-3xl gizmo:lg:max-w-[40rem] gizmo:xl:max-w-[48rem] xl:max-w-3xl }\">\n<div class=\"relative flex w-[calc(100%-50px)] flex-col gizmo:w-full lg:w-[calc(100%-115px)] agent-turn\">\n<div class=\"flex-col gap-1 md:gap-3\">\n<div class=\"flex flex-grow flex-col gap-3 max-w-full\">\n<div class=\"min-h-[20px] flex flex-col items-start gap-3 whitespace-pre-wrap break-words overflow-x-auto\" data-message-author-role=\"assistant\" data-message-id=\"6f6e3408-efc7-4f32-aed3-a1aae3b1045d\">\n<div class=\"markdown prose w-full break-words dark:prose-invert light\">\n<h3><img loading=\"lazy\" decoding=\"async\" class=\"alignnone wp-image-28079\" src=\"http:\/\/stone-phoenix.com\/wp-content\/uploads\/2023\/12\/New-White-Wooden-Marble-Slab-5.jpg\" alt=\"\" width=\"936\" height=\"701\" srcset=\"https:\/\/stone-phoenix.com\/wp-content\/uploads\/2023\/12\/New-White-Wooden-Marble-Slab-5.jpg 694w, https:\/\/stone-phoenix.com\/wp-content\/uploads\/2023\/12\/New-White-Wooden-Marble-Slab-5-300x225.jpg 300w, https:\/\/stone-phoenix.com\/wp-content\/uploads\/2023\/12\/New-White-Wooden-Marble-Slab-5-16x12.jpg 16w, https:\/\/stone-phoenix.com\/wp-content\/uploads\/2023\/12\/New-White-Wooden-Marble-Slab-5-600x450.jpg 600w, https:\/\/stone-phoenix.com\/wp-content\/uploads\/2023\/12\/New-White-Wooden-Marble-Slab-5-150x112.jpg 150w\" sizes=\"(max-width: 936px) 100vw, 936px\" \/><\/h3>\n<h3>Pr\u00e9sentation de la nouvelle plaque de marbre en bois blanc exquis de phonenix power stone<\/h3>\n<p>Si vous \u00eates \u00e0 la recherche d'une pierre naturelle qui incarne l'\u00e9l\u00e9gance intemporelle et une touche de luxe, ne cherchez pas plus loin que notre derni\u00e8re offre, la \"Nouvelle dalle de marbre blanc en bois\". Chez phonenix power stone, nous sommes fiers d'\u00eatre votre source de confiance pour les produits de granit et de marbre de premi\u00e8re qualit\u00e9, et notre nouvelle dalle de marbre blanc en bois t\u00e9moigne de notre engagement envers la qualit\u00e9, le style et l'artisanat.<\/p>\n<h3><strong>D\u00e9voiler l'\u00e9l\u00e9gance du nouveau marbre blanc en bois<\/strong><\/h3>\n<p>Notre nouveau marbre blanc en bois est un choix captivant pour les propri\u00e9taires, les architectes et les designers \u00e0 la recherche d'un aspect classique et sophistiqu\u00e9 pour leurs espaces. Ce marbre exquis pr\u00e9sente un fond blanc immacul\u00e9 orn\u00e9 de veines d\u00e9licates qui ressemblent aux grains d\u00e9licats du bois, ce qui lui conf\u00e8re une texture visuelle unique et attrayante. Les tons clairs et subtils de ce marbre peuvent rehausser sans effort tout projet d'am\u00e9nagement int\u00e9rieur ou ext\u00e9rieur, ce qui en fait un choix polyvalent pour un large \u00e9ventail d'applications.<\/p>\n<h3><strong>Caract\u00e9ristiques principales de notre nouvelle plaque de marbre blanc en bois :<\/strong><\/h3>\n<ol>\n<li><em>Beaut\u00e9 naturelle<\/em>: En tant que pierre naturelle, le marbre blanc en bois poss\u00e8de un charme et un caract\u00e8re uniques que seule la nature peut cr\u00e9er. Il n'y a pas deux dalles identiques, ce qui garantit que votre projet aura un aspect unique et distinct.<\/li>\n<li><em>Durabilit\u00e9<\/em>: Nos dalles de marbre sont r\u00e9put\u00e9es pour leur solidit\u00e9 et leur r\u00e9sistance. Le marbre blanc en bois est non seulement esth\u00e9tique mais aussi robuste, ce qui le rend adapt\u00e9 aux zones \u00e0 fort trafic.<\/li>\n<li><em>Polyvalence<\/em>: Que vous cherchiez \u00e0 cr\u00e9er de superbes comptoirs, des sols \u00e9l\u00e9gants, des rev\u00eatements muraux captivants ou m\u00eame des meubles personnalis\u00e9s, notre dalle de marbre blanc en bois apportera une touche de sophistication \u00e0 votre projet.<\/li>\n<li><em>Entretien facile<\/em>: Avec un entretien appropri\u00e9, vos surfaces en marbre blanc en bois conserveront leur beaut\u00e9 pendant des ann\u00e9es. Une vitrification et un nettoyage r\u00e9guliers suffisent \u00e0 pr\u00e9server l'\u00e9clat de ce marbre.<\/li>\n<li><em>Un attrait intemporel<\/em>: Le marbre blanc en bois transcende les tendances et les modes en mati\u00e8re de design, garantissant que votre investissement r\u00e9sistera \u00e0 l'\u00e9preuve du temps et restera \u00e9l\u00e9gant pendant des g\u00e9n\u00e9rations.<\/li>\n<\/ol>\n<h3><strong>Possibilit\u00e9s infinies avec le marbre blanc en bois<\/strong><\/h3>\n<p>La polyvalence de notre plaque de marbre blanc en bois ouvre un monde de possibilit\u00e9s d'am\u00e9nagement. Voici quelques id\u00e9es pour int\u00e9grer cet \u00e9l\u00e9gant marbre dans votre espace :<\/p>\n<ul>\n<li><strong>Comptoirs de cuisine<\/strong>: Cr\u00e9ez une cuisine lumineuse et accueillante avec des comptoirs en marbre blanc en bois, en ajoutant une touche de sophistication au c\u0153ur de votre maison.<\/li>\n<li><strong>El\u00e9gance de la salle de bains<\/strong>: \u00c9levez votre salle de bain avec des plans de travail, des douches et des sols en marbre blanc pour une retraite digne d'un spa.<\/li>\n<li><strong>Excellence en mati\u00e8re de rev\u00eatements de sol<\/strong>: Le marbre blanc en bois est utilis\u00e9 comme rev\u00eatement de sol dans les espaces r\u00e9sidentiels et commerciaux, o\u00f9 il apporte un sentiment d'opulence et de chaleur \u00e0 n'importe quel endroit.<\/li>\n<li><strong>Murs caract\u00e9ristiques<\/strong>: Le marbre blanc en bois s'impose sur les murs d'apparat, les contours de chemin\u00e9e ou les murs d'accent dans les salons et les chambres \u00e0 coucher.<\/li>\n<li><strong>Meubles sur mesure<\/strong>: Cr\u00e9ez des meubles uniques, tels que des tables basses, des tables de salle \u00e0 manger ou des tables d'appoint, avec du marbre blanc en bois pour une touche de luxe.<\/li>\n<li><strong>\u00c9l\u00e9gance ext\u00e9rieure<\/strong>: \u00c9tendez la beaut\u00e9 du marbre blanc en bois \u00e0 vos espaces ext\u00e9rieurs, en cr\u00e9ant des patios, des all\u00e9es ou m\u00eame des abords de piscine \u00e9poustouflants.<\/li>\n<\/ul>\n<h3><strong>Faites confiance \u00e0 phonenix power stone pour la qualit\u00e9 et le service<\/strong><\/h3>\n<p>Chez phonenix power stone, nous nous engageons \u00e0 fournir \u00e0 nos clients des produits en pierre naturelle de la plus haute qualit\u00e9. Notre nouvelle dalle de marbre blanc en bois ne fait pas exception \u00e0 la r\u00e8gle. Nous veillons \u00e0 ce que chaque dalle soit m\u00e9ticuleusement s\u00e9lectionn\u00e9e et trait\u00e9e pour r\u00e9pondre aux normes les plus strictes, vous garantissant un produit qui non seulement r\u00e9pond \u00e0 vos attentes, mais les d\u00e9passe. Notre \u00e9quipe exp\u00e9riment\u00e9e est pr\u00eate \u00e0 vous aider \u00e0 choisir la dalle de marbre blanc en bois id\u00e9ale pour votre projet. Nous pouvons \u00e9galement fournir une coupe et une finition sur mesure pour r\u00e9pondre \u00e0 vos besoins sp\u00e9cifiques, garantissant ainsi une installation \u00e9l\u00e9gante et sans faille. Lorsque vous choisissez phonenix power stone, vous choisissez la qualit\u00e9, l'excellence et un partenaire d\u00e9di\u00e9 \u00e0 votre satisfaction. Contactez-nous d\u00e8s aujourd'hui pour explorer la beaut\u00e9 de notre nouvelle dalle de marbre blanc en bois et d\u00e9couvrir comment elle peut transformer votre espace en une \u0153uvre d'art qui sera admir\u00e9e pendant des ann\u00e9es. Transformez vos r\u00eaves de design en r\u00e9alit\u00e9 avec la nouvelle dalle de marbre blanc en bois de phonenix power stone. Commandez la v\u00f4tre d\u00e8s aujourd'hui et d\u00e9couvrez la beaut\u00e9 intemporelle de la pierre naturelle.<\/p>\n<\/div>\n<\/div>\n<\/div>\n<\/div>\n<\/div>\n<\/div>\n<\/div>\n<\/div>\n<\/div>","protected":false},"excerpt":{"rendered":"<p>Introducing phonenix power stone\u2019s Exquisite New White Wooden Marble Slab If you\u2019re in search of a natural stone that embodies<\/p>","protected":false},"featured_media":28075,"template":"","meta":[],"product_cat":[113],"product_tag":[],"_links":{"self":[{"href":"https:\/\/stone-phoenix.com\/fr\/wp-json\/wp\/v2\/product\/19962"}],"collection":[{"href":"https:\/\/stone-phoenix.com\/fr\/wp-json\/wp\/v2\/product"}],"about":[{"href":"https:\/\/stone-phoenix.com\/fr\/wp-json\/wp\/v2\/types\/product"}],"wp:featuredmedia":[{"embeddable":true,"href":"https:\/\/stone-phoenix.com\/fr\/wp-json\/wp\/v2\/media\/28075"}],"wp:attachment":[{"href":"https:\/\/stone-phoenix.com\/fr\/wp-json\/wp\/v2\/media?parent=19962"}],"wp:term":[{"taxonomy":"product_cat","embeddable":true,"href":"https:\/\/stone-phoenix.com\/fr\/wp-json\/wp\/v2\/product_cat?post=19962"},{"taxonomy":"product_tag","embeddable":true,"href":"https:\/\/stone-phoenix.com\/fr\/wp-json\/wp\/v2\/product_tag?post=19962"}],"curies":[{"name":"wp","href":"https:\/\/api.w.org\/{rel}","templated":true}]}}