{"id":19964,"date":"2023-12-15T11:46:38","date_gmt":"2023-12-15T03:46:38","guid":{"rendered":"http:\/\/stone-phoenix.com\/product\/onicce-apls-grey-marble-slab"},"modified":"2024-04-14T17:59:42","modified_gmt":"2024-04-14T09:59:42","slug":"onicce-apls-grey-marble-slab","status":"publish","type":"product","link":"https:\/\/stone-phoenix.com\/fr\/produit\/onicce-apls-grey-marble-slab","title":{"rendered":"Onicce Apls Dalle de marbre gris"},"content":{"rendered":"<div id=\"tab-description\" class=\"woocommerce-Tabs-panel woocommerce-Tabs-panel--description panel entry-content wc-tab\" role=\"tabpanel\" aria-labelledby=\"tab-title-description\">\n<div class=\"rll-youtube-player\" data-src=\"https:\/\/www.youtube.com\/embed\/d60rG7F-sjY\" data-id=\"d60rG7F-sjY\" data-query=\"si=yXcvg7SLrLu5eJZL\"><img loading=\"lazy\" decoding=\"async\" class=\"alignnone  wp-image-28072\" src=\"http:\/\/stone-phoenix.com\/wp-content\/uploads\/2023\/12\/Onicce-Apls-Grey-Marble-Slab-1-1.jpg\" alt=\"\" width=\"916\" height=\"599\" srcset=\"https:\/\/stone-phoenix.com\/wp-content\/uploads\/2023\/12\/Onicce-Apls-Grey-Marble-Slab-1-1.jpg 697w, https:\/\/stone-phoenix.com\/wp-content\/uploads\/2023\/12\/Onicce-Apls-Grey-Marble-Slab-1-1-300x196.jpg 300w, https:\/\/stone-phoenix.com\/wp-content\/uploads\/2023\/12\/Onicce-Apls-Grey-Marble-Slab-1-1-18x12.jpg 18w, https:\/\/stone-phoenix.com\/wp-content\/uploads\/2023\/12\/Onicce-Apls-Grey-Marble-Slab-1-1-600x393.jpg 600w, https:\/\/stone-phoenix.com\/wp-content\/uploads\/2023\/12\/Onicce-Apls-Grey-Marble-Slab-1-1-150x98.jpg 150w\" sizes=\"(max-width: 916px) 100vw, 916px\" \/><img loading=\"lazy\" decoding=\"async\" class=\"alignnone  wp-image-28074\" src=\"http:\/\/stone-phoenix.com\/wp-content\/uploads\/2023\/12\/Onicce-Apls-Grey-Marble-Slab-5.jpg\" alt=\"\" width=\"913\" height=\"1215\" srcset=\"https:\/\/stone-phoenix.com\/wp-content\/uploads\/2023\/12\/Onicce-Apls-Grey-Marble-Slab-5.jpg 699w, https:\/\/stone-phoenix.com\/wp-content\/uploads\/2023\/12\/Onicce-Apls-Grey-Marble-Slab-5-225x300.jpg 225w, https:\/\/stone-phoenix.com\/wp-content\/uploads\/2023\/12\/Onicce-Apls-Grey-Marble-Slab-5-9x12.jpg 9w, https:\/\/stone-phoenix.com\/wp-content\/uploads\/2023\/12\/Onicce-Apls-Grey-Marble-Slab-5-600x798.jpg 600w, https:\/\/stone-phoenix.com\/wp-content\/uploads\/2023\/12\/Onicce-Apls-Grey-Marble-Slab-5-150x200.jpg 150w\" sizes=\"(max-width: 913px) 100vw, 913px\" \/><\/div>\n<div class=\"group w-full text-token-text-primary border-b border-black\/10 gizmo:border-0 dark:border-gray-900\/50 gizmo:dark:border-0 bg-gray-50 gizmo:bg-transparent dark:bg-[#444654] gizmo:dark:bg-transparent\" data-testid=\"conversation-turn-3\">\n<div class=\"p-4 gizmo:py-2 justify-center text-base md:gap-6 md:py-6 m-auto\">\n<div class=\"flex flex-1 gap-4 text-base mx-auto md:gap-6 gizmo:gap-3 gizmo:md:px-5 gizmo:lg:px-1 gizmo:xl:px-5 md:max-w-2xl lg:max-w-[38rem] gizmo:md:max-w-3xl gizmo:lg:max-w-[40rem] gizmo:xl:max-w-[48rem] xl:max-w-3xl }\">\n<div class=\"relative flex w-[calc(100%-50px)] flex-col gizmo:w-full lg:w-[calc(100%-115px)] agent-turn\">\n<div class=\"flex-col gap-1 md:gap-3\">\n<div class=\"flex flex-grow flex-col gap-3 max-w-full\">\n<div class=\"min-h-[20px] flex flex-col items-start gap-3 whitespace-pre-wrap break-words overflow-x-auto\" data-message-author-role=\"assistant\" data-message-id=\"c48504d9-6364-4c56-a57e-5ab913bdcb57\">\n<div class=\"markdown prose w-full break-words dark:prose-invert light\">\n<h3>Pr\u00e9sentation de la dalle de marbre gris Onice Alps - \u00c9levez votre espace avec \u00e9l\u00e9gance<\/h3>\n<p>Lorsqu'il s'agit d'\u00e9l\u00e9gance intemporelle et de beaut\u00e9 naturelle, peu de mat\u00e9riaux peuvent \u00eatre compar\u00e9s \u00e0 l'exquise dalle de marbre gris Onice Alps. Chez phonenix power stone, nous sommes fiers d'\u00eatre votre source de confiance pour cette vari\u00e9t\u00e9 de marbre exceptionnelle, provenant du c\u0153ur des Alpes italiennes. Notre engagement en faveur de la qualit\u00e9 et de la satisfaction du client a fait de nous un fournisseur de granit et de marbre de premier plan en Chine.<\/p>\n<h3><strong>D\u00e9voilement du marbre gris Onice Alps :<\/strong><\/h3>\n<p>Le marbre gris Onice Alps, \u00e9galement connu sous le nom d'Onyx Alabaster, est une vari\u00e9t\u00e9 de marbre rare et \u00e9tonnante, synonyme de sophistication et de luxe. Il se caract\u00e9rise par un fond gris clair avec des veines d\u00e9licates et complexes qui ressemblent aux motifs naturels de l'alb\u00e2tre. L'apparence distincte de ce marbre ajoute une touche de charme raffin\u00e9 \u00e0 n'importe quel espace, ce qui en fait un choix populaire pour les designers d'int\u00e9rieur et les propri\u00e9taires.<\/p>\n<h3><strong>L'\u00e9l\u00e9gance du marbre gris Onice Alps :<\/strong><\/h3>\n<p>Les dalles de marbre gris Onice Alps sont r\u00e9put\u00e9es pour leur beaut\u00e9 unique et leur polyvalence. Qu'il s'agisse d'une cuisine contemporaine, d'une salle de bains luxueuse ou d'une chemin\u00e9e intemporelle, ce marbre offre un niveau in\u00e9gal\u00e9 de sophistication et d'attrait visuel. Le veinage naturel et les teintes douces du gris en font un choix parfait pour les concepts de design classiques et modernes.<\/p>\n<h3><strong>Des possibilit\u00e9s de conception infinies :<\/strong><\/h3>\n<p>L'adaptabilit\u00e9 des dalles de marbre gris Onice Alps est l'une de leurs caract\u00e9ristiques les plus remarquables. Avec une gamme vari\u00e9e d'applications, ces dalles peuvent transformer n'importe quel espace en une \u0153uvre d'art. Envisagez de les utiliser pour :<\/p>\n<ul>\n<li><strong>Comptoirs :<\/strong> Cr\u00e9ez un centre de table \u00e9tonnant dans la cuisine ou la salle de bain avec l'\u00e9l\u00e9gance du marbre gris Onice Alps.<\/li>\n<li><strong>Rev\u00eatement de sol :<\/strong> Rehaussez votre d\u00e9coration int\u00e9rieure avec un rev\u00eatement de sol en marbre qui respire le luxe et le charme.<\/li>\n<li><strong>Rev\u00eatement mural :<\/strong> Donnez \u00e0 vos murs un aspect distinctif qui captive l'\u0153il et ajoute de la profondeur \u00e0 votre d\u00e9cor.<\/li>\n<li><strong>Dessus de vanit\u00e9 :<\/strong> Am\u00e9liorez l'attrait visuel et la fonctionnalit\u00e9 de votre salle de bains avec des plans de travail en marbre.<\/li>\n<li><strong>Entourage de chemin\u00e9e :<\/strong> Faites de votre chemin\u00e9e le point central de votre salon avec cette superbe vari\u00e9t\u00e9 de marbre.<\/li>\n<\/ul>\n<h3><strong>Pourquoi choisir le marbre gris Onice Alps ?<\/strong><\/h3>\n<ul>\n<li><strong>Beaut\u00e9 intemporelle :<\/strong> Les veines uniques et les teintes \u00e9l\u00e9gantes de ce marbre font de votre espace un chef-d'\u0153uvre intemporel.<\/li>\n<li><strong>Durabilit\u00e9 :<\/strong> Le marbre gris Onice Alps n'est pas seulement magnifique, il est aussi exceptionnellement durable, ce qui le rend adapt\u00e9 aux zones tr\u00e8s fr\u00e9quent\u00e9es.<\/li>\n<li><strong>Entretien facile :<\/strong> Avec un minimum d'entretien, vos surfaces en marbre continueront \u00e0 briller et \u00e0 ravir pendant des ann\u00e9es.<\/li>\n<li><strong>Vari\u00e9t\u00e9 de tailles :<\/strong> Nous proposons une gamme de tailles de dalles pour r\u00e9pondre aux besoins sp\u00e9cifiques de votre projet.<\/li>\n<\/ul>\n<h3><strong>Notre engagement en faveur de la qualit\u00e9 :<\/strong><\/h3>\n<p>Chez phonenix power stone, nous sommes tr\u00e8s fiers de notre capacit\u00e9 \u00e0 nous approvisionner, \u00e0 traiter et \u00e0 livrer des produits en marbre de premi\u00e8re qualit\u00e9. Nous savons que la qualit\u00e9 de nos mat\u00e9riaux est essentielle \u00e0 la r\u00e9ussite de votre projet. Lorsque vous choisissez les dalles de marbre gris Onice Alps, vous optez pour.. :<\/p>\n<ul>\n<li>Marbre s\u00e9lectionn\u00e9 et trait\u00e9 par des experts<\/li>\n<li>Des prix comp\u00e9titifs<\/li>\n<li>Un service client fiable<\/li>\n<li>Livraison en temps voulu<\/li>\n<\/ul>\n<h3><strong>Conclusion :<\/strong><\/h3>\n<p>La dalle de marbre gris Onice Alps est un chef-d'\u0153uvre naturel qui apporte \u00e9l\u00e9gance et sophistication \u00e0 votre espace. Avec son veinage unique et son attrait intemporel, c'est un choix polyvalent pour diverses applications. Chez phonenix power stone, nous sommes votre partenaire de confiance pour tous vos besoins en granit et en marbre. Rehaussez votre d\u00e9coration int\u00e9rieure avec la beaut\u00e9 exceptionnelle du marbre gris Onice Alps - contactez-nous d\u00e8s aujourd'hui et laissez-nous donner vie \u00e0 votre vision. D\u00e9couvrez la beaut\u00e9 des dalles de marbre gris Onice Alps - o\u00f9 l'art de la nature rencontre vos r\u00eaves de design.<\/p>\n<\/div>\n<\/div>\n<\/div>\n<div class=\"flex justify-between empty:hidden gizmo:justify-start gizmo:gap-3 lg:block gizmo:lg:flex\">\n<div class=\"text-gray-400 flex self-end lg:self-center justify-center gizmo:lg:justify-start mt-2 gizmo:mt-0 visible lg:gap-1 lg:absolute lg:top-0 lg:translate-x-full lg:right-0 lg:mt-0 lg:pl-2 gap-2 md:gap-3\">\n<div class=\"flex gap-1\"><\/div>\n<\/div>\n<\/div>\n<\/div>\n<\/div>\n<\/div>\n<\/div>\n<\/div>\n<\/div>","protected":false},"excerpt":{"rendered":"<p>Onice Alps Grey Marble Slab - Elevez votre espace avec \u00e9l\u00e9gance Lorsqu'il s'agit d'\u00e9l\u00e9gance intemporelle et de naturel, la dalle de marbre Onice Alps Grey Marble Slab est la solution id\u00e9ale.<\/p>","protected":false},"featured_media":28068,"template":"","meta":[],"product_cat":[113],"product_tag":[],"_links":{"self":[{"href":"https:\/\/stone-phoenix.com\/fr\/wp-json\/wp\/v2\/product\/19964"}],"collection":[{"href":"https:\/\/stone-phoenix.com\/fr\/wp-json\/wp\/v2\/product"}],"about":[{"href":"https:\/\/stone-phoenix.com\/fr\/wp-json\/wp\/v2\/types\/product"}],"wp:featuredmedia":[{"embeddable":true,"href":"https:\/\/stone-phoenix.com\/fr\/wp-json\/wp\/v2\/media\/28068"}],"wp:attachment":[{"href":"https:\/\/stone-phoenix.com\/fr\/wp-json\/wp\/v2\/media?parent=19964"}],"wp:term":[{"taxonomy":"product_cat","embeddable":true,"href":"https:\/\/stone-phoenix.com\/fr\/wp-json\/wp\/v2\/product_cat?post=19964"},{"taxonomy":"product_tag","embeddable":true,"href":"https:\/\/stone-phoenix.com\/fr\/wp-json\/wp\/v2\/product_tag?post=19964"}],"curies":[{"name":"wp","href":"https:\/\/api.w.org\/{rel}","templated":true}]}}