{"id":19966,"date":"2023-12-15T11:46:43","date_gmt":"2023-12-15T03:46:43","guid":{"rendered":"http:\/\/stone-phoenix.com\/product\/pandora-marble-slab"},"modified":"2024-04-14T17:45:37","modified_gmt":"2024-04-14T09:45:37","slug":"pandora-marble-slab","status":"publish","type":"product","link":"https:\/\/stone-phoenix.com\/fr\/produit\/pandora-marble-slab","title":{"rendered":"Plaque de marbre Pandora"},"content":{"rendered":"<div id=\"tab-description\" class=\"woocommerce-Tabs-panel woocommerce-Tabs-panel--description panel entry-content wc-tab\" role=\"tabpanel\" aria-labelledby=\"tab-title-description\">\n<div class=\"rll-youtube-player\" data-src=\"https:\/\/www.youtube.com\/embed\/VCuH5jbTIUI\" data-id=\"VCuH5jbTIUI\" data-query=\"si=NUVyZ7RDMtZbC_qP\"><img loading=\"lazy\" decoding=\"async\" class=\"alignnone wp-image-28065\" src=\"http:\/\/stone-phoenix.com\/wp-content\/uploads\/2023\/12\/Pandora-Marble-Slab-3.jpg\" alt=\"\" width=\"927\" height=\"613\" srcset=\"https:\/\/stone-phoenix.com\/wp-content\/uploads\/2023\/12\/Pandora-Marble-Slab-3.jpg 691w, https:\/\/stone-phoenix.com\/wp-content\/uploads\/2023\/12\/Pandora-Marble-Slab-3-300x198.jpg 300w, https:\/\/stone-phoenix.com\/wp-content\/uploads\/2023\/12\/Pandora-Marble-Slab-3-18x12.jpg 18w, https:\/\/stone-phoenix.com\/wp-content\/uploads\/2023\/12\/Pandora-Marble-Slab-3-600x397.jpg 600w, https:\/\/stone-phoenix.com\/wp-content\/uploads\/2023\/12\/Pandora-Marble-Slab-3-150x99.jpg 150w\" sizes=\"(max-width: 927px) 100vw, 927px\" \/><img loading=\"lazy\" decoding=\"async\" class=\"alignnone wp-image-28067\" src=\"http:\/\/stone-phoenix.com\/wp-content\/uploads\/2023\/12\/Pandora-Marble-Slab-6.jpg\" alt=\"\" width=\"927\" height=\"526\" srcset=\"https:\/\/stone-phoenix.com\/wp-content\/uploads\/2023\/12\/Pandora-Marble-Slab-6.jpg 687w, https:\/\/stone-phoenix.com\/wp-content\/uploads\/2023\/12\/Pandora-Marble-Slab-6-300x170.jpg 300w, https:\/\/stone-phoenix.com\/wp-content\/uploads\/2023\/12\/Pandora-Marble-Slab-6-18x10.jpg 18w, https:\/\/stone-phoenix.com\/wp-content\/uploads\/2023\/12\/Pandora-Marble-Slab-6-600x341.jpg 600w, https:\/\/stone-phoenix.com\/wp-content\/uploads\/2023\/12\/Pandora-Marble-Slab-6-150x85.jpg 150w\" sizes=\"(max-width: 927px) 100vw, 927px\" \/><\/div>\n<h3><strong>Pr\u00e9sentation de Pandora Marble Slab : L'\u00e9l\u00e9gance dans la pierre<\/strong><\/h3>\n<p>Chez phonenix power stone, nous sommes fiers de pr\u00e9senter notre exquise dalle de marbre Pandora, un choix luxueux et intemporel pour vos projets d'am\u00e9nagement int\u00e9rieur et ext\u00e9rieur. Avec la beaut\u00e9 unique et la qualit\u00e9 durable de la pierre naturelle, le marbre Pandora est une pi\u00e8ce de choix qui rehausse sans effort n'importe quel espace.<\/p>\n<h3><strong>Pandora Marble Slab Points forts :<\/strong><\/h3>\n<ul>\n<li><em>L'\u00e9l\u00e9gance dans toutes les veines<\/em>: Le marbre Pandora est c\u00e9l\u00e8bre pour ses motifs de veinage enchanteurs, qui pr\u00e9sentent un jeu envo\u00fbtant de couleurs d\u00e9licates. Avec son fond blanc doux orn\u00e9 de gracieuses tra\u00een\u00e9es de gris et de touches d'or, le marbre Pandora d\u00e9gage un air de sophistication et de raffinement.<\/li>\n<li><em>Applications polyvalentes<\/em>: La dalle de marbre Pandora est incroyablement polyvalente, ce qui lui permet de s'adapter \u00e0 de nombreuses applications. Des comptoirs de cuisine aux vanit\u00e9s de salle de bains, en passant par les sols, les rev\u00eatements muraux et m\u00eame les tablettes de luxe, ce marbre rehausse l'esth\u00e9tique de tous les espaces qu'il habille.<\/li>\n<li><em>Durabilit\u00e9 et long\u00e9vit\u00e9<\/em>: Notre marbre Pandora est un symbole de durabilit\u00e9 et de long\u00e9vit\u00e9. C'est une pierre naturelle robuste qui r\u00e9siste \u00e0 l'\u00e9preuve du temps. Avec des soins et un entretien appropri\u00e9s, ce marbre continuera d'exsuder son \u00e9l\u00e9gance pendant des g\u00e9n\u00e9rations.<\/li>\n<li><em>Unique et personnalisable<\/em>: Chez phonenix power stone, nous savons que chaque projet est unique. Nous proposons un traitement personnalis\u00e9 des dalles de marbre Pandora afin de r\u00e9pondre \u00e0 vos exigences sp\u00e9cifiques en mati\u00e8re de conception. De la taille et de la forme aux touches de finition, nous veillons \u00e0 ce que votre vision prenne vie avec pr\u00e9cision et art.<\/li>\n<li><em>Une qualit\u00e9 in\u00e9gal\u00e9e<\/em>: phonenix power stone s'engage \u00e0 fournir des produits en pierre de la plus haute qualit\u00e9. Nos plaques de marbre Pandora sont soigneusement s\u00e9lectionn\u00e9es, trait\u00e9es et inspect\u00e9es afin de garantir qu'elles r\u00e9pondent aux normes de qualit\u00e9 les plus strictes. Nous sommes fiers d'offrir \u00e0 nos clients des dalles de marbre exemptes de d\u00e9fauts et d'imperfections.<\/li>\n<\/ul>\n<h3><strong>La beaut\u00e9 de la pierre naturelle :<\/strong><\/h3>\n<p>Le marbre Pandora, comme toutes les pierres naturelles, est unique en son genre. Il n'y a pas deux dalles identiques, ce qui signifie que lorsque vous choisissez le marbre Pandora, vous choisissez une \u0153uvre d'art pour votre espace. Les motifs de veinage uniques et les variations de couleur font de chaque dalle une pi\u00e8ce unique, garantissant ainsi que votre design se d\u00e9marque.<\/p>\n<h3><strong>Respectueux de l'environnement et durable :<\/strong><\/h3>\n<p>phonenix power stone s'engage \u00e0 respecter l'environnement. Notre marbre Pandora provient de carri\u00e8res qui adh\u00e8rent \u00e0 des pratiques durables, garantissant un impact minimal sur l'environnement. En choisissant le marbre Pandora, vous faites un choix \u00e9cologique pour votre projet de design.<\/p>\n<h3><strong>Maintenance et entretien :<\/strong><\/h3>\n<p>Pour que votre dalle de marbre Pandora conserve tout son \u00e9clat, il est essentiel de l'entretenir r\u00e9guli\u00e8rement. Nettoyez-le avec un produit de nettoyage pour pierres au pH neutre et \u00e9vitez les produits de nettoyage abrasifs ou acides. Le scellement p\u00e9riodique du marbre peut aider \u00e0 le prot\u00e9ger contre les taches. Avec un entretien appropri\u00e9, votre plaque de marbre Pandora continuera \u00e0 briller d'une beaut\u00e9 intemporelle.<\/p>\n<h3><strong>Commandez votre plaque de marbre Pandora d\u00e8s aujourd'hui :<\/strong><\/h3>\n<p>Transformez vos espaces de vie avec l'allure enchanteresse du marbre Pandora. Pour commander votre plaque de marbre Pandora personnalis\u00e9e ou pour vous renseigner sur notre stock actuel, veuillez nous contacter \u00e0 phonenix power stone. Notre \u00e9quipe exp\u00e9riment\u00e9e est pr\u00eate \u00e0 vous aider \u00e0 s\u00e9lectionner la dalle de marbre id\u00e9ale pour votre projet.<\/p>\n<h3><strong>Conclusion :<\/strong><\/h3>\n<p>Les dalles de marbre Pandora de phonenix power stone sont un m\u00e9lange parfait de beaut\u00e9 naturelle, de durabilit\u00e9 et de polyvalence. Rehaussez vos designs int\u00e9rieurs et ext\u00e9rieurs avec l'\u00e9l\u00e9gance du marbre Pandora, un choix unique et intemporel. Contactez-nous d\u00e8s aujourd'hui pour commencer votre voyage vers un design luxueux et sophistiqu\u00e9 avec le marbre Pandora.<\/p>\n<\/div>","protected":false},"excerpt":{"rendered":"<p>Introducing Pandora Marble Slab: Elegance in Stone At phonenix power stone, we are proud to present our exquisite Pandora Marble<\/p>","protected":false},"featured_media":28061,"template":"","meta":[],"product_cat":[113],"product_tag":[],"_links":{"self":[{"href":"https:\/\/stone-phoenix.com\/fr\/wp-json\/wp\/v2\/product\/19966"}],"collection":[{"href":"https:\/\/stone-phoenix.com\/fr\/wp-json\/wp\/v2\/product"}],"about":[{"href":"https:\/\/stone-phoenix.com\/fr\/wp-json\/wp\/v2\/types\/product"}],"wp:featuredmedia":[{"embeddable":true,"href":"https:\/\/stone-phoenix.com\/fr\/wp-json\/wp\/v2\/media\/28061"}],"wp:attachment":[{"href":"https:\/\/stone-phoenix.com\/fr\/wp-json\/wp\/v2\/media?parent=19966"}],"wp:term":[{"taxonomy":"product_cat","embeddable":true,"href":"https:\/\/stone-phoenix.com\/fr\/wp-json\/wp\/v2\/product_cat?post=19966"},{"taxonomy":"product_tag","embeddable":true,"href":"https:\/\/stone-phoenix.com\/fr\/wp-json\/wp\/v2\/product_tag?post=19966"}],"curies":[{"name":"wp","href":"https:\/\/api.w.org\/{rel}","templated":true}]}}