{"id":19968,"date":"2023-12-15T11:46:48","date_gmt":"2023-12-15T03:46:48","guid":{"rendered":"http:\/\/stone-phoenix.com\/product\/pietra-grey-marble-slab"},"modified":"2024-04-14T17:26:32","modified_gmt":"2024-04-14T09:26:32","slug":"pietra-grey-marble-slab","status":"publish","type":"product","link":"https:\/\/stone-phoenix.com\/fr\/produit\/pietra-grey-marble-slab","title":{"rendered":"Dalle de marbre gris Pietra"},"content":{"rendered":"<div id=\"tab-description\" class=\"woocommerce-Tabs-panel woocommerce-Tabs-panel--description panel entry-content wc-tab\" role=\"tabpanel\" aria-labelledby=\"tab-title-description\">\n<h3><img loading=\"lazy\" decoding=\"async\" class=\"alignnone wp-image-28059\" src=\"http:\/\/stone-phoenix.com\/wp-content\/uploads\/2023\/12\/Pietra-Grey-Marble-Slab-5.jpg\" alt=\"\" width=\"932\" height=\"736\" srcset=\"https:\/\/stone-phoenix.com\/wp-content\/uploads\/2023\/12\/Pietra-Grey-Marble-Slab-5.jpg 699w, https:\/\/stone-phoenix.com\/wp-content\/uploads\/2023\/12\/Pietra-Grey-Marble-Slab-5-300x237.jpg 300w, https:\/\/stone-phoenix.com\/wp-content\/uploads\/2023\/12\/Pietra-Grey-Marble-Slab-5-15x12.jpg 15w, https:\/\/stone-phoenix.com\/wp-content\/uploads\/2023\/12\/Pietra-Grey-Marble-Slab-5-600x474.jpg 600w, https:\/\/stone-phoenix.com\/wp-content\/uploads\/2023\/12\/Pietra-Grey-Marble-Slab-5-150x118.jpg 150w\" sizes=\"(max-width: 932px) 100vw, 932px\" \/><\/h3>\n<h3><strong>D\u00e9couvrez l'\u00e9l\u00e9gance intemporelle avec la dalle de marbre gris Pietra de phonenix power stone<\/strong><\/h3>\n<p>Bienvenue chez phonenix power stone, votre premi\u00e8re destination pour des solutions exquises en pierre naturelle. Plongez dans le monde luxueux de la dalle de marbre gris Pietra, un chef-d'\u0153uvre qui allie l'attrait de la nature \u00e0 la pr\u00e9cision de l'artisanat. Transformez votre espace en un havre de sophistication et de style avec cette s\u00e9lection de marbre distingu\u00e9.<\/p>\n<h3><strong>D\u00e9voiler le marbre gris Pietra :<\/strong><\/h3>\n<p>Le marbre gris Pietra est un t\u00e9moignage de la beaut\u00e9 que l'on trouve au c\u0153ur de la terre. Extraites avec pr\u00e9cision des profondeurs de la nature, ces dalles pr\u00e9sentent un m\u00e9lange captivant de tons gris anthracite profonds, orn\u00e9s de veines blanches saisissantes. Cette composition unique conf\u00e8re \u00e0 chaque dalle un caract\u00e8re propre, garantissant \u00e0 votre projet une \u00e9l\u00e9gance intemporelle.<\/p>\n<h3><strong>Fabriqu\u00e9 \u00e0 la perfection :<\/strong><\/h3>\n<p>Chez phonenix power stone, nous sommes fiers de notre engagement en faveur de l'excellence. Nos dalles de marbre Pietra Grey subissent un traitement m\u00e9ticuleux, garantissant une surface impeccable qui rayonne de sophistication. Les dalles sont d\u00e9coup\u00e9es sur mesure par des experts, ce qui leur conf\u00e8re une grande polyvalence pour diverses applications, des comptoirs de cuisine aux rev\u00eatements de sol, en passant par les rev\u00eatements muraux, et bien d'autres encore.<\/p>\n<h3><strong>La polyvalence red\u00e9finie :<\/strong><\/h3>\n<p>Les dalles de marbre Pietra Grey constituent un choix polyvalent pour les projets d'am\u00e9nagement int\u00e9rieur et ext\u00e9rieur. Que vous envisagiez une cuisine moderne et \u00e9l\u00e9gante orn\u00e9e d'un comptoir Pietra Grey ou une salle de bains luxueuse dot\u00e9e d'un sol \u00e9l\u00e9gant, ces dalles de marbre offrent une solution raffin\u00e9e. La palette de couleurs neutres s'harmonise sans effort avec une gamme de styles de conception, du classique au contemporain.<\/p>\n<h3><strong>La durabilit\u00e9 au service de l'esth\u00e9tique :<\/strong><\/h3>\n<p>Au-del\u00e0 de son apparence \u00e9tonnante, le marbre gris Pietra est r\u00e9put\u00e9 pour sa durabilit\u00e9. R\u00e9sistantes aux rayures, \u00e0 la chaleur et \u00e0 l'humidit\u00e9, ces dalles sont con\u00e7ues pour r\u00e9sister \u00e0 l'\u00e9preuve du temps. Investissez dans un mat\u00e9riau qui non seulement s\u00e9duit par son esth\u00e9tique, mais assure \u00e9galement sa long\u00e9vit\u00e9, ce qui en fait un choix id\u00e9al pour les applications r\u00e9sidentielles et commerciales.<\/p>\n<h3><strong>La personnalisation pour votre vision :<\/strong><\/h3>\n<p>Chez phonenix power stone, nous savons que chaque projet est unique. C'est pourquoi nous proposons des services de personnalisation pour les dalles de marbre Pietra Grey. Adaptez la taille, l'\u00e9paisseur et la finition \u00e0 vos besoins sp\u00e9cifiques, afin de garantir une int\u00e9gration parfaite de ce marbre exquis dans votre projet de design.<\/p>\n<h3><strong>Pourquoi choisir phonenix power stone :<\/strong><\/h3>\n<p>En tant que principal fournisseur de granit et de marbre en Chine, phonenix power stone s'engage \u00e0 fournir des produits de la plus haute qualit\u00e9 et un service impeccable. Nos dalles de marbre Pietra Grey incarnent le mariage parfait entre la beaut\u00e9 de la nature et l'artisanat humain, apportant une touche distingu\u00e9e \u00e0 votre espace.<\/p>\n<h3><strong>Commandez d\u00e8s aujourd'hui vos dalles de marbre Pietra Grey :<\/strong><\/h3>\n<p>Rehaussez vos projets de conception avec la beaut\u00e9 intemporelle du marbre Pietra Grey de phonenix power stone. Contactez-nous d\u00e8s aujourd'hui pour discuter de vos besoins, explorer les options de personnalisation et d\u00e9couvrir le luxe in\u00e9gal\u00e9 que seule la pierre naturelle peut apporter. Faites confiance \u00e0 phonenix power stone pour la qualit\u00e9, la pr\u00e9cision et une touche d'\u00e9l\u00e9gance naturelle.<\/p>\n<\/div>","protected":false},"excerpt":{"rendered":"<p>Discover Timeless Elegance with Pietra Grey Marble Slab from phonenix power stone Welcome to phonenix power stone, your premier destination<\/p>","protected":false},"featured_media":28055,"template":"","meta":[],"product_cat":[113],"product_tag":[],"_links":{"self":[{"href":"https:\/\/stone-phoenix.com\/fr\/wp-json\/wp\/v2\/product\/19968"}],"collection":[{"href":"https:\/\/stone-phoenix.com\/fr\/wp-json\/wp\/v2\/product"}],"about":[{"href":"https:\/\/stone-phoenix.com\/fr\/wp-json\/wp\/v2\/types\/product"}],"wp:featuredmedia":[{"embeddable":true,"href":"https:\/\/stone-phoenix.com\/fr\/wp-json\/wp\/v2\/media\/28055"}],"wp:attachment":[{"href":"https:\/\/stone-phoenix.com\/fr\/wp-json\/wp\/v2\/media?parent=19968"}],"wp:term":[{"taxonomy":"product_cat","embeddable":true,"href":"https:\/\/stone-phoenix.com\/fr\/wp-json\/wp\/v2\/product_cat?post=19968"},{"taxonomy":"product_tag","embeddable":true,"href":"https:\/\/stone-phoenix.com\/fr\/wp-json\/wp\/v2\/product_tag?post=19968"}],"curies":[{"name":"wp","href":"https:\/\/api.w.org\/{rel}","templated":true}]}}