{"id":19970,"date":"2023-12-15T11:46:52","date_gmt":"2023-12-15T03:46:52","guid":{"rendered":"http:\/\/stone-phoenix.com\/product\/pink-wooden-grain-marble-slab"},"modified":"2024-04-14T16:54:56","modified_gmt":"2024-04-14T08:54:56","slug":"pink-wooden-grain-marble-slab","status":"publish","type":"product","link":"https:\/\/stone-phoenix.com\/fr\/produit\/pink-wooden-grain-marble-slab","title":{"rendered":"Plaque de marbre rose \u00e0 grain de bois"},"content":{"rendered":"<div id=\"tab-description\" class=\"woocommerce-Tabs-panel woocommerce-Tabs-panel--description panel entry-content wc-tab\" role=\"tabpanel\" aria-labelledby=\"tab-title-description\">\n<div class=\"rll-youtube-player\" data-src=\"https:\/\/www.youtube.com\/embed\/L5IEPGUBRwQ\" data-id=\"L5IEPGUBRwQ\" data-query=\"si=iBkW-4J-ciT5Lz-E\"><img loading=\"lazy\" decoding=\"async\" class=\"alignnone  wp-image-28052\" src=\"http:\/\/stone-phoenix.com\/wp-content\/uploads\/2023\/12\/Pink-Wooden-Grain-Marble-Slab-6.jpg\" alt=\"\" width=\"898\" height=\"1106\" srcset=\"https:\/\/stone-phoenix.com\/wp-content\/uploads\/2023\/12\/Pink-Wooden-Grain-Marble-Slab-6.jpg 688w, https:\/\/stone-phoenix.com\/wp-content\/uploads\/2023\/12\/Pink-Wooden-Grain-Marble-Slab-6-244x300.jpg 244w, https:\/\/stone-phoenix.com\/wp-content\/uploads\/2023\/12\/Pink-Wooden-Grain-Marble-Slab-6-10x12.jpg 10w, https:\/\/stone-phoenix.com\/wp-content\/uploads\/2023\/12\/Pink-Wooden-Grain-Marble-Slab-6-600x739.jpg 600w, https:\/\/stone-phoenix.com\/wp-content\/uploads\/2023\/12\/Pink-Wooden-Grain-Marble-Slab-6-150x185.jpg 150w\" sizes=\"(max-width: 898px) 100vw, 898px\" \/><img loading=\"lazy\" decoding=\"async\" class=\"alignnone  wp-image-28054\" src=\"http:\/\/stone-phoenix.com\/wp-content\/uploads\/2023\/12\/Pink-Wooden-Grain-Marble-Slab-4.jpg\" alt=\"\" width=\"895\" height=\"1223\" srcset=\"https:\/\/stone-phoenix.com\/wp-content\/uploads\/2023\/12\/Pink-Wooden-Grain-Marble-Slab-4.jpg 679w, https:\/\/stone-phoenix.com\/wp-content\/uploads\/2023\/12\/Pink-Wooden-Grain-Marble-Slab-4-220x300.jpg 220w, https:\/\/stone-phoenix.com\/wp-content\/uploads\/2023\/12\/Pink-Wooden-Grain-Marble-Slab-4-9x12.jpg 9w, https:\/\/stone-phoenix.com\/wp-content\/uploads\/2023\/12\/Pink-Wooden-Grain-Marble-Slab-4-600x820.jpg 600w, https:\/\/stone-phoenix.com\/wp-content\/uploads\/2023\/12\/Pink-Wooden-Grain-Marble-Slab-4-150x205.jpg 150w\" sizes=\"(max-width: 895px) 100vw, 895px\" \/><\/div>\n<h3>D\u00e9couvrez l'\u00e9l\u00e9gance de la dalle de marbre rose \u00e0 grain de bois<\/h3>\n<p>phonenix power stone, votre fournisseur de granit et de marbre de confiance en Chine, est fier de vous pr\u00e9senter la dalle de marbre Pink Wooden Grain - un choix \u00e9tonnant qui allie la chaleur du bois au luxe du marbre.<\/p>\n<h3><strong>D\u00e9voilement du marbre rose \u00e0 grain de bois :<\/strong><\/h3>\n<p>Chez phonenix power stone, nous comprenons que chaque projet est unique, et notre plaque de marbre rose \u00e0 grain de bois vous permet de cr\u00e9er des designs uniques qui exsudent la sophistication et l'allure. Cette vari\u00e9t\u00e9 de marbre exquise pr\u00e9sente un m\u00e9lange captivant de teintes roses douces avec des motifs de grain de bois complexes, ce qui en fait un choix polyvalent et distinctif pour vos besoins de conception.<\/p>\n<h3><strong>Caract\u00e9ristiques principales :<\/strong><\/h3>\n<ol>\n<li><strong>Une esth\u00e9tique unique :<\/strong> Le marbre Pink Wooden Grain pr\u00e9sente une esth\u00e9tique exclusive qui fusionne harmonieusement la beaut\u00e9 du bois et l'opulence du marbre. Le r\u00e9sultat est une dalle de marbre qui attire l'attention et \u00e9voque un sentiment de luxe dans n'importe quel espace.<\/li>\n<li><strong>Durable et de longue dur\u00e9e :<\/strong> Cette dalle de marbre n'est pas seulement esth\u00e9tique. Elle est \u00e9galement exceptionnellement durable, ce qui garantit que votre investissement r\u00e9sistera \u00e0 l'\u00e9preuve du temps, m\u00eame dans les zones tr\u00e8s fr\u00e9quent\u00e9es.<\/li>\n<li><strong>Applications polyvalentes :<\/strong> Qu'il s'agisse de plans de travail, de rev\u00eatements de sol, de rev\u00eatements muraux ou de chemin\u00e9es, le marbre rose Wooden Grain peut \u00eatre utilis\u00e9 dans une large gamme d'applications int\u00e9rieures et ext\u00e9rieures, offrant un aspect coh\u00e9rent et \u00e9l\u00e9gant tout au long de votre projet.<\/li>\n<li><strong>Variation naturelle :<\/strong> Chaque plaque de marbre rose \u00e0 grain de bois est une pi\u00e8ce unique de l'art de la nature. Les motifs de grain distinctifs et les tons roses subtils font qu'il n'y a pas deux dalles identiques, ce qui conf\u00e8re \u00e0 votre projet un caract\u00e8re unique.<\/li>\n<li><strong>Entretien facile :<\/strong> Garder vos surfaces en marbre impeccables est un jeu d'enfant. Un nettoyage et un scellement r\u00e9guliers permettront \u00e0 la dalle de marbre rose \u00e0 grain bois\u00e9 de conserver son allure pendant de nombreuses ann\u00e9es.<\/li>\n<li><strong>Assurance qualit\u00e9 :<\/strong> phonenix power stone s'engage \u00e0 fournir des dalles de marbre de la plus haute qualit\u00e9. Notre marbre rose \u00e0 grain de bois est soigneusement s\u00e9lectionn\u00e9 et trait\u00e9 pour r\u00e9pondre aux normes industrielles les plus strictes.<\/li>\n<\/ol>\n<h3><strong>Applications-<\/strong>Le marbre rose Wooden Grain est le choix id\u00e9al pour une vari\u00e9t\u00e9 d'applications, y compris.. :<\/h3>\n<ul>\n<li>Comptoirs de cuisine : Ajoutez un air d'\u00e9l\u00e9gance et de sophistication \u00e0 votre cuisine avec un comptoir en marbre rose \u00e0 grain de bois qui s'harmonise avec divers styles d'armoires.<\/li>\n<li>Vanit\u00e9s de salle de bain : Cr\u00e9ez une atmosph\u00e8re de spa dans votre salle de bain avec les meubles-lavabos en marbre rose \u00e0 grain de bois qui exsudent le luxe et le confort.<\/li>\n<li>Rev\u00eatements de sol : Les motifs uniques du grain font du marbre rose Wooden Grain un excellent choix pour les rev\u00eatements de sol, conf\u00e9rant \u00e0 chaque espace une personnalit\u00e9 distincte.<\/li>\n<li>Rev\u00eatement mural : Rehaussez vos int\u00e9rieurs avec le rev\u00eatement mural en marbre rose \u00e0 grain de bois qui ajoute une touche de grandeur et de chaleur \u00e0 vos espaces de vie.<\/li>\n<li>Chemin\u00e9es : Faites de votre chemin\u00e9e un point de mire en utilisant le marbre rose \u00e0 grain de bois pour obtenir un aspect classique et intemporel.<\/li>\n<\/ul>\n<h3><strong>Pourquoi choisir phonenix power stone :<\/strong><\/h3>\n<p>phonenix power stone a une r\u00e9putation d'excellence dans l'industrie du granit et du marbre. Nous sommes fiers d'offrir des produits de qualit\u00e9 sup\u00e9rieure, comme la dalle de marbre Pink Wooden Grain, ainsi qu'un service \u00e0 la client\u00e8le exceptionnel. Notre exp\u00e9rience, notre souci du d\u00e9tail et notre engagement \u00e0 vous satisfaire font de nous le choix privil\u00e9gi\u00e9 pour l'approvisionnement en marbre.<\/p>\n<h3><strong>Prenez contact avec nous :<\/strong><\/h3>\n<p>D\u00e9couvrez par vous-m\u00eame l'attrait du marbre rose \u00e0 grain bois\u00e9. Contactez phonenix power stone d\u00e8s aujourd'hui pour discuter des besoins de votre projet, demander des \u00e9chantillons ou vous renseigner sur les prix. Lorsque vous choisissez le Pink Wooden Grain Marble de phonenix power stone, vous choisissez plus qu'un simple mat\u00e9riau - vous faites une d\u00e9claration d'\u00e9l\u00e9gance et de raffinement. Cr\u00e9ez des espaces qui se d\u00e9marquent et qui laissent une impression durable avec cette remarquable dalle de marbre. Commandez votre dalle de marbre Pink Wooden Grain chez phonenix power stone d\u00e8s aujourd'hui, et laissez la beaut\u00e9 naturelle du marbre transformer vos r\u00eaves de design en r\u00e9alit\u00e9.<\/p>\n<\/div>","protected":false},"excerpt":{"rendered":"<p>Introducing the Elegance of Pink Wooden Grain Marble Slab Are you looking to infuse a touch of natural charm and<\/p>","protected":false},"featured_media":28048,"template":"","meta":[],"product_cat":[113],"product_tag":[],"_links":{"self":[{"href":"https:\/\/stone-phoenix.com\/fr\/wp-json\/wp\/v2\/product\/19970"}],"collection":[{"href":"https:\/\/stone-phoenix.com\/fr\/wp-json\/wp\/v2\/product"}],"about":[{"href":"https:\/\/stone-phoenix.com\/fr\/wp-json\/wp\/v2\/types\/product"}],"wp:featuredmedia":[{"embeddable":true,"href":"https:\/\/stone-phoenix.com\/fr\/wp-json\/wp\/v2\/media\/28048"}],"wp:attachment":[{"href":"https:\/\/stone-phoenix.com\/fr\/wp-json\/wp\/v2\/media?parent=19970"}],"wp:term":[{"taxonomy":"product_cat","embeddable":true,"href":"https:\/\/stone-phoenix.com\/fr\/wp-json\/wp\/v2\/product_cat?post=19970"},{"taxonomy":"product_tag","embeddable":true,"href":"https:\/\/stone-phoenix.com\/fr\/wp-json\/wp\/v2\/product_tag?post=19970"}],"curies":[{"name":"wp","href":"https:\/\/api.w.org\/{rel}","templated":true}]}}