{"id":19972,"date":"2023-12-15T11:46:57","date_gmt":"2023-12-15T03:46:57","guid":{"rendered":"http:\/\/stone-phoenix.com\/product\/portoro-gold-marble-slab"},"modified":"2024-04-14T16:30:58","modified_gmt":"2024-04-14T08:30:58","slug":"portoro-gold-marble-slab","status":"publish","type":"product","link":"https:\/\/stone-phoenix.com\/fr\/produit\/portoro-gold-marble-slab","title":{"rendered":"Dalle de marbre Portoro Gold"},"content":{"rendered":"<div id=\"tab-description\" class=\"woocommerce-Tabs-panel woocommerce-Tabs-panel--description panel entry-content wc-tab\" role=\"tabpanel\" aria-labelledby=\"tab-title-description\">\n<div class=\"rll-youtube-player\" data-src=\"https:\/\/www.youtube.com\/embed\/iLH7S5hosHg\" data-id=\"iLH7S5hosHg\" data-query=\"si=O3t2rFz5jcyxLh4x\"><img loading=\"lazy\" decoding=\"async\" class=\"alignnone  wp-image-28045\" src=\"http:\/\/stone-phoenix.com\/wp-content\/uploads\/2023\/12\/Portoro-Gold-Marble-Slab-2-1.jpg\" alt=\"\" width=\"928\" height=\"693\" srcset=\"https:\/\/stone-phoenix.com\/wp-content\/uploads\/2023\/12\/Portoro-Gold-Marble-Slab-2-1.jpg 696w, https:\/\/stone-phoenix.com\/wp-content\/uploads\/2023\/12\/Portoro-Gold-Marble-Slab-2-1-300x224.jpg 300w, https:\/\/stone-phoenix.com\/wp-content\/uploads\/2023\/12\/Portoro-Gold-Marble-Slab-2-1-16x12.jpg 16w, https:\/\/stone-phoenix.com\/wp-content\/uploads\/2023\/12\/Portoro-Gold-Marble-Slab-2-1-600x448.jpg 600w, https:\/\/stone-phoenix.com\/wp-content\/uploads\/2023\/12\/Portoro-Gold-Marble-Slab-2-1-150x112.jpg 150w\" sizes=\"(max-width: 928px) 100vw, 928px\" \/><img loading=\"lazy\" decoding=\"async\" class=\"alignnone  wp-image-28047\" src=\"http:\/\/stone-phoenix.com\/wp-content\/uploads\/2023\/12\/Portoro-Gold-Marble-Slab-5.jpg\" alt=\"\" width=\"928\" height=\"1160\" srcset=\"https:\/\/stone-phoenix.com\/wp-content\/uploads\/2023\/12\/Portoro-Gold-Marble-Slab-5.jpg 696w, https:\/\/stone-phoenix.com\/wp-content\/uploads\/2023\/12\/Portoro-Gold-Marble-Slab-5-240x300.jpg 240w, https:\/\/stone-phoenix.com\/wp-content\/uploads\/2023\/12\/Portoro-Gold-Marble-Slab-5-10x12.jpg 10w, https:\/\/stone-phoenix.com\/wp-content\/uploads\/2023\/12\/Portoro-Gold-Marble-Slab-5-600x750.jpg 600w, https:\/\/stone-phoenix.com\/wp-content\/uploads\/2023\/12\/Portoro-Gold-Marble-Slab-5-150x188.jpg 150w\" sizes=\"(max-width: 928px) 100vw, 928px\" \/><\/div>\n<h3><strong>D\u00e9couvrez l'\u00e9l\u00e9gance avec la dalle de marbre Portoro Gold<\/strong><\/h3>\n<p>Vous \u00eates \u00e0 la recherche de l'incarnation du luxe et de la sophistication pour votre projet de d\u00e9coration d'int\u00e9rieur ? Ne cherchez pas plus loin que notre exquise dalle de marbre Portoro Gold. phonenix power stone, l'un des principaux fournisseurs de granit et de marbre en Chine, est fier de vous offrir cette magnifique et opulente vari\u00e9t\u00e9 de marbre qui peut transformer n'importe quel espace en une \u0153uvre d'art.<\/p>\n<h3><strong>Qu'est-ce que le marbre d'or de Portoro ?<\/strong><\/h3>\n<p>Le marbre Portoro Gold est une pierre naturelle r\u00e9put\u00e9e pour sa base noire avec de superbes veines et accents dor\u00e9s. Son aspect riche et saisissant en a fait un choix populaire parmi les architectes, les d\u00e9corateurs d'int\u00e9rieur et les propri\u00e9taires d\u00e9sireux d'\u00e9lever leurs espaces \u00e0 un nouveau niveau d'\u00e9l\u00e9gance.<\/p>\n<h3><strong>Caract\u00e9ristiques principales de la plaque de marbre Portoro Gold :<\/strong><\/h3>\n<ol>\n<li><strong>Esth\u00e9tique luxueuse :<\/strong> Le marbre Portoro Gold est une d\u00e9claration de luxe pur. Son fond d'un noir profond, orn\u00e9 de veines et de taches dor\u00e9es, respire l'opulence et la grandeur. Le contraste entre le noir et l'or cr\u00e9e un design intemporel et visuellement captivant.<\/li>\n<li><strong>Application polyvalente :<\/strong> Qu'il s'agisse d'un projet r\u00e9sidentiel ou d'un espace commercial, le marbre Portoro Gold est un choix polyvalent. Il est parfait pour les comptoirs, les sols, les rev\u00eatements muraux et les dosserets, et convient donc aux cuisines, aux salles de bains, aux salons, etc.<\/li>\n<li><strong>Durable et de longue dur\u00e9e :<\/strong> En plus de son apparence \u00e9tonnante, le marbre Portoro Gold est connu pour sa durabilit\u00e9. Il peut r\u00e9sister \u00e0 l'\u00e9preuve du temps, ce qui en fait un investissement judicieux pour votre propri\u00e9t\u00e9. Avec un entretien ad\u00e9quat, il continuera \u00e0 briller pendant des ann\u00e9es.<\/li>\n<li><strong>Unique en son genre :<\/strong> Chaque plaque de marbre Portoro Gold est un chef-d'\u0153uvre unique de la nature. Il n'y a pas deux dalles identiques, ce qui garantit que votre projet aura une touche exclusive qui le distinguera des autres.<\/li>\n<li><strong>Entretien facile :<\/strong> Si le marbre est connu pour son \u00e9l\u00e9gance, il l'est aussi pour son faible niveau d'entretien. Le marbre Portoro Gold est facile \u00e0 nettoyer et \u00e0 entretenir, ce qui en fait un choix pratique pour les m\u00e9nages occup\u00e9s et les espaces commerciaux.<\/li>\n<li><strong>\u00c9l\u00e9gance intemporelle :<\/strong> Le marbre Portoro Gold est utilis\u00e9 dans de grands projets architecturaux depuis des si\u00e8cles, et sa popularit\u00e9 durable t\u00e9moigne de son \u00e9l\u00e9gance intemporelle. C'est un choix de design qui ne se d\u00e9modera jamais.<\/li>\n<\/ol>\n<h3><strong>Pourquoi choisir phonenix power stone ?<\/strong><\/h3>\n<p>En tant qu'important fournisseur de granit et de marbre en Chine, phonenix power stone est fier d'offrir des produits en pierre naturelle de la plus haute qualit\u00e9 \u00e0 ses clients du monde entier. Notre engagement en faveur de l'excellence et de la satisfaction du client nous distingue :<\/p>\n<ul>\n<li><strong>Qualit\u00e9 in\u00e9gal\u00e9e :<\/strong> Nous nous approvisionnons en marbre Portoro Gold dans les meilleures carri\u00e8res et veillons \u00e0 ce que chaque dalle r\u00e9ponde aux normes industrielles les plus strictes.<\/li>\n<li><strong>Personnalisation :<\/strong> Chez phonenix power stone, nous comprenons que chaque projet est unique. Nous offrons des options de personnalisation pour adapter la dalle de marbre Portoro Gold \u00e0 vos sp\u00e9cifications exactes.<\/li>\n<li><strong>Prix comp\u00e9titifs :<\/strong> Nous proposons des prix comp\u00e9titifs sans compromis sur la qualit\u00e9, ce qui rend le luxe accessible \u00e0 un large \u00e9ventail de clients.<\/li>\n<li><strong>Exp\u00e9dition globale :<\/strong> phonenix power stone dispose d'un solide r\u00e9seau logistique qui nous permet de livrer les dalles de marbre Portoro Gold aux clients du monde entier, garantissant ainsi une exp\u00e9rience d'achat sans probl\u00e8me.<\/li>\n<li><strong>Conseils d'experts :<\/strong> Notre \u00e9quipe de professionnels exp\u00e9riment\u00e9s est \u00e0 votre disposition pour vous conseiller et vous guider dans le choix du marbre le mieux adapt\u00e9 \u00e0 votre projet.<\/li>\n<\/ul>\n<p>\u00c9levez votre espace avec la beaut\u00e9 intemporelle du marbre Portoro Gold. phonenix power stone est votre partenaire de confiance pour apporter le summum du luxe \u00e0 vos projets de d\u00e9coration d'int\u00e9rieur. Contactez-nous d\u00e8s aujourd'hui pour discuter de vos besoins et demander un devis. D\u00e9couvrez l'\u00e9l\u00e9gance de la dalle de marbre Portoro Gold et faites une impression durable avec phonenix power stone.<\/p>\n<\/div>","protected":false},"excerpt":{"rendered":"<p>Experience Elegance with Portoro Gold Marble Slab Are you in search of the epitome of luxury and sophistication for your<\/p>","protected":false},"featured_media":28040,"template":"","meta":[],"product_cat":[113],"product_tag":[],"_links":{"self":[{"href":"https:\/\/stone-phoenix.com\/fr\/wp-json\/wp\/v2\/product\/19972"}],"collection":[{"href":"https:\/\/stone-phoenix.com\/fr\/wp-json\/wp\/v2\/product"}],"about":[{"href":"https:\/\/stone-phoenix.com\/fr\/wp-json\/wp\/v2\/types\/product"}],"wp:featuredmedia":[{"embeddable":true,"href":"https:\/\/stone-phoenix.com\/fr\/wp-json\/wp\/v2\/media\/28040"}],"wp:attachment":[{"href":"https:\/\/stone-phoenix.com\/fr\/wp-json\/wp\/v2\/media?parent=19972"}],"wp:term":[{"taxonomy":"product_cat","embeddable":true,"href":"https:\/\/stone-phoenix.com\/fr\/wp-json\/wp\/v2\/product_cat?post=19972"},{"taxonomy":"product_tag","embeddable":true,"href":"https:\/\/stone-phoenix.com\/fr\/wp-json\/wp\/v2\/product_tag?post=19972"}],"curies":[{"name":"wp","href":"https:\/\/api.w.org\/{rel}","templated":true}]}}