{"id":19974,"date":"2023-12-15T11:47:02","date_gmt":"2023-12-15T03:47:02","guid":{"rendered":"http:\/\/stone-phoenix.com\/product\/river-grey-marble-slab"},"modified":"2024-04-14T15:43:58","modified_gmt":"2024-04-14T07:43:58","slug":"river-grey-marble-slab","status":"publish","type":"product","link":"https:\/\/stone-phoenix.com\/fr\/produit\/river-grey-marble-slab","title":{"rendered":"Dalle de marbre gris rivi\u00e8re"},"content":{"rendered":"<div id=\"tab-description\" class=\"woocommerce-Tabs-panel woocommerce-Tabs-panel--description panel entry-content wc-tab\" role=\"tabpanel\" aria-labelledby=\"tab-title-description\">\n<div class=\"rll-youtube-player\" data-src=\"https:\/\/www.youtube.com\/embed\/IfWoURRY6es\" data-id=\"IfWoURRY6es\" data-query=\"si=QcEFy55K42UwgYnn\"><img loading=\"lazy\" decoding=\"async\" class=\"alignnone  wp-image-28038\" src=\"http:\/\/stone-phoenix.com\/wp-content\/uploads\/2023\/12\/River-Grey-Marble-Slab-6-1.jpg\" alt=\"\" width=\"946\" height=\"550\" srcset=\"https:\/\/stone-phoenix.com\/wp-content\/uploads\/2023\/12\/River-Grey-Marble-Slab-6-1.jpg 681w, https:\/\/stone-phoenix.com\/wp-content\/uploads\/2023\/12\/River-Grey-Marble-Slab-6-1-300x174.jpg 300w, https:\/\/stone-phoenix.com\/wp-content\/uploads\/2023\/12\/River-Grey-Marble-Slab-6-1-18x10.jpg 18w, https:\/\/stone-phoenix.com\/wp-content\/uploads\/2023\/12\/River-Grey-Marble-Slab-6-1-600x349.jpg 600w, https:\/\/stone-phoenix.com\/wp-content\/uploads\/2023\/12\/River-Grey-Marble-Slab-6-1-150x87.jpg 150w\" sizes=\"(max-width: 946px) 100vw, 946px\" \/><img loading=\"lazy\" decoding=\"async\" class=\"alignnone  wp-image-28034\" src=\"http:\/\/stone-phoenix.com\/wp-content\/uploads\/2023\/12\/River-Grey-Marble-Slab-4.jpg\" alt=\"\" width=\"948\" height=\"593\" srcset=\"https:\/\/stone-phoenix.com\/wp-content\/uploads\/2023\/12\/River-Grey-Marble-Slab-4.jpg 700w, https:\/\/stone-phoenix.com\/wp-content\/uploads\/2023\/12\/River-Grey-Marble-Slab-4-300x188.jpg 300w, https:\/\/stone-phoenix.com\/wp-content\/uploads\/2023\/12\/River-Grey-Marble-Slab-4-18x12.jpg 18w, https:\/\/stone-phoenix.com\/wp-content\/uploads\/2023\/12\/River-Grey-Marble-Slab-4-600x375.jpg 600w, https:\/\/stone-phoenix.com\/wp-content\/uploads\/2023\/12\/River-Grey-Marble-Slab-4-150x94.jpg 150w\" sizes=\"(max-width: 948px) 100vw, 948px\" \/><\/div>\n<h3>Pr\u00e9sentation de la dalle de marbre River Grey : L'\u00e9l\u00e9gance red\u00e9finie<\/h3>\n<p>Lorsqu'il s'agit d'am\u00e9liorer l'esth\u00e9tique d'un espace, qu'il s'agisse d'une maison, d'un bureau ou d'un espace commercial, le choix des mat\u00e9riaux joue un r\u00f4le essentiel. La dalle de marbre River Grey, propos\u00e9e par phonenix power stone, t\u00e9moigne du m\u00e9lange harmonieux de la beaut\u00e9 de la nature et du savoir-faire humain. En tant que principal fournisseur de granit et de marbre en Chine, nous sommes tr\u00e8s fiers d'offrir cette pierre naturelle exquise pour rehausser vos conceptions int\u00e9rieures et ext\u00e9rieures. Les dalles de marbre River Grey t\u00e9moignent de l'art remarquable de la nature, chaque dalle incarnant le caract\u00e8re unique et le charme des lits de rivi\u00e8re. Ces dalles sont v\u00e9n\u00e9r\u00e9es pour leurs remarquables nuances de gris, qui rappellent les eaux sereines d'une rivi\u00e8re tranquille. Que vous soyez propri\u00e9taire, architecte ou d\u00e9corateur d'int\u00e9rieur, la dalle de marbre River Grey est la toile qui vous permettra de cr\u00e9er des designs vraiment exceptionnels.<\/p>\n<h3><strong>Caract\u00e9ristiques principales :<\/strong><\/h3>\n<ul>\n<li><strong>1. Une esth\u00e9tique qui apaise :<\/strong> La dalle de marbre River Grey d\u00e9gage une impression de calme et de tranquillit\u00e9, ce qui en fait un excellent choix pour les espaces o\u00f9 la s\u00e9r\u00e9nit\u00e9 et l'\u00e9l\u00e9gance sont primordiales. Ses tons gris d\u00e9licats, souvent soulign\u00e9s par des veines subtiles, ajoutent de la profondeur et de la sophistication \u00e0 n'importe quel design.<\/li>\n<li><strong>2. Applications polyvalentes :<\/strong> Nos dalles de marbre River Grey ne se limitent pas \u00e0 une application sp\u00e9cifique. Elles conviennent aux rev\u00eatements de sol, aux plans de travail, aux rev\u00eatements muraux et m\u00eame aux accents d\u00e9coratifs. Cette polyvalence vous permet d'explorer un large \u00e9ventail de possibilit\u00e9s de conception.<\/li>\n<li><strong>3. Qualit\u00e9 durable :<\/strong> phonenix power stone est r\u00e9put\u00e9 pour son approvisionnement et son traitement de pierres naturelles de haute qualit\u00e9. Les dalles de marbre River Grey ne font pas exception \u00e0 la r\u00e8gle. Ce marbre est non seulement visuellement remarquable, mais aussi durable, ce qui garantit que votre investissement r\u00e9sistera \u00e0 l'\u00e9preuve du temps.<\/li>\n<li><strong>4. Mod\u00e8les uniques :<\/strong> Il n'existe pas deux dalles de marbre River Grey identiques. Les motifs distincts et les variations de couleur font de chaque dalle une \u0153uvre d'art, ce qui vous permet de cr\u00e9er un espace unique en son genre.<\/li>\n<li><strong>5. Entretien facile :<\/strong> Malgr\u00e9 son aspect luxueux, le marbre River Grey est \u00e9tonnamment peu exigeant en termes d'entretien. Un nettoyage r\u00e9gulier \u00e0 l'aide d'un nettoyant pour pierre doux, au pH \u00e9quilibr\u00e9, suffit \u00e0 pr\u00e9server sa beaut\u00e9 pendant des g\u00e9n\u00e9rations.<\/li>\n<\/ul>\n<h3><strong>Applications-<\/strong>La dalle de marbre River Grey est un choix polyvalent qui peut mettre en valeur une grande vari\u00e9t\u00e9 d'espaces :<\/h3>\n<ul>\n<li><strong>Comptoirs de cuisine :<\/strong> Rehaussez le design de votre cuisine avec l'\u00e9l\u00e9gance du marbre River Grey. Sa r\u00e9sistance \u00e0 la chaleur et sa durabilit\u00e9 en font un excellent choix pour les comptoirs.<\/li>\n<li><strong>Vanit\u00e9s de salle de bains :<\/strong> Cr\u00e9ez une ambiance de spa dans votre salle de bains avec le marbre River Grey, ajoutant une touche de luxe \u00e0 votre quotidien.<\/li>\n<li><strong>Rev\u00eatement de sol :<\/strong> La beaut\u00e9 intemporelle de ces dalles de marbre peut transformer n'importe quel sol en une pi\u00e8ce d'apparat, que ce soit dans un cadre r\u00e9sidentiel ou commercial.<\/li>\n<li><strong>Rev\u00eatement mural :<\/strong> Utilisez le marbre River Grey pour cr\u00e9er des murs d'accent ou pour recouvrir des surfaces enti\u00e8res afin d'obtenir un aspect moderne et \u00e9pur\u00e9.<\/li>\n<li><strong>Entourage de chemin\u00e9e :<\/strong> Mettez en valeur le point central de votre salle de s\u00e9jour avec un entourage de chemin\u00e9e en marbre River Grey qui exsude la sophistication.<\/li>\n<li><strong>Dessus de table :<\/strong> Concevez d'\u00e9l\u00e9gantes tables de salle \u00e0 manger ou de salon avec le marbre River Grey pour donner une touche luxueuse \u00e0 votre espace de vie.<\/li>\n<\/ul>\n<h3><strong>Pourquoi choisir phonenix power stone :<\/strong><\/h3>\n<p>Chez phonenix power stone, nous nous effor\u00e7ons de fournir \u00e0 nos clients les meilleures solutions en mati\u00e8re de pierre naturelle. En nous choisissant comme fournisseur de granit et de marbre, vous pouvez vous attendre \u00e0.. :<\/p>\n<ul>\n<li><strong>Assurance qualit\u00e9 :<\/strong> Notre engagement en mati\u00e8re de qualit\u00e9 garantit que vous recevrez les meilleures dalles de marbre River Grey.<\/li>\n<li><strong>Personnalisation :<\/strong> Nous comprenons que chaque projet est unique. Nous proposons des options de personnalisation pour r\u00e9pondre \u00e0 vos exigences sp\u00e9cifiques en mati\u00e8re de conception.<\/li>\n<li><strong>Conseils d'experts :<\/strong> Notre \u00e9quipe d'experts est l\u00e0 pour vous aider \u00e0 choisir les bonnes dalles et pour vous donner des conseils de conception si n\u00e9cessaire.<\/li>\n<li><strong>Prix comp\u00e9titifs :<\/strong> Nous proposons des prix comp\u00e9titifs afin de rendre les designs de vos r\u00eaves plus accessibles.<\/li>\n<li><strong>Une port\u00e9e mondiale :<\/strong> phonenix power stone sert des clients dans le monde entier, ce qui vous permet d'avoir acc\u00e8s \u00e0 nos produits de qualit\u00e9 sup\u00e9rieure o\u00f9 que vous soyez.<\/li>\n<\/ul>\n<p>La dalle de marbre River Grey de phonenix power stone est l'incarnation de la beaut\u00e9 intemporelle et du luxe discret. Transformez votre espace avec l'\u00e9l\u00e9gance et la sophistication que seule la pierre naturelle peut offrir. Choisissez le marbre River Grey et laissez libre cours \u00e0 votre cr\u00e9ativit\u00e9 en cr\u00e9ant des designs exceptionnels qui seront admir\u00e9s pendant des g\u00e9n\u00e9rations. Contactez-nous d\u00e8s aujourd'hui pour explorer les possibilit\u00e9s et faire de votre projet une r\u00e9alit\u00e9.<\/p>\n<\/div>","protected":false},"excerpt":{"rendered":"<p>Introducing River Grey Marble Slab: Elegance Redefined When it comes to enhancing the aesthetics of any space, be it your<\/p>","protected":false},"featured_media":28031,"template":"","meta":[],"product_cat":[113],"product_tag":[],"_links":{"self":[{"href":"https:\/\/stone-phoenix.com\/fr\/wp-json\/wp\/v2\/product\/19974"}],"collection":[{"href":"https:\/\/stone-phoenix.com\/fr\/wp-json\/wp\/v2\/product"}],"about":[{"href":"https:\/\/stone-phoenix.com\/fr\/wp-json\/wp\/v2\/types\/product"}],"wp:featuredmedia":[{"embeddable":true,"href":"https:\/\/stone-phoenix.com\/fr\/wp-json\/wp\/v2\/media\/28031"}],"wp:attachment":[{"href":"https:\/\/stone-phoenix.com\/fr\/wp-json\/wp\/v2\/media?parent=19974"}],"wp:term":[{"taxonomy":"product_cat","embeddable":true,"href":"https:\/\/stone-phoenix.com\/fr\/wp-json\/wp\/v2\/product_cat?post=19974"},{"taxonomy":"product_tag","embeddable":true,"href":"https:\/\/stone-phoenix.com\/fr\/wp-json\/wp\/v2\/product_tag?post=19974"}],"curies":[{"name":"wp","href":"https:\/\/api.w.org\/{rel}","templated":true}]}}