{"id":19976,"date":"2023-12-15T11:47:06","date_gmt":"2023-12-15T03:47:06","guid":{"rendered":"http:\/\/stone-phoenix.com\/product\/river-jade-marble-slab"},"modified":"2024-04-14T15:14:10","modified_gmt":"2024-04-14T07:14:10","slug":"river-jade-marble-slab","status":"publish","type":"product","link":"https:\/\/stone-phoenix.com\/fr\/produit\/river-jade-marble-slab","title":{"rendered":"Plaque de marbre River Jade"},"content":{"rendered":"<div id=\"tab-description\" class=\"woocommerce-Tabs-panel woocommerce-Tabs-panel--description panel entry-content wc-tab\" role=\"tabpanel\" aria-labelledby=\"tab-title-description\">\n<div class=\"rll-youtube-player\" data-src=\"https:\/\/www.youtube.com\/embed\/jXG5x_xWNTM\" data-id=\"jXG5x_xWNTM\" data-query=\"si=9uKjKQ32-xqlZ6i5\"><img loading=\"lazy\" decoding=\"async\" class=\"alignnone size-full wp-image-28026\" src=\"http:\/\/stone-phoenix.com\/wp-content\/uploads\/2023\/12\/River-Jade-Marble-Slab-6.jpg\" alt=\"\" width=\"696\" height=\"511\" srcset=\"https:\/\/stone-phoenix.com\/wp-content\/uploads\/2023\/12\/River-Jade-Marble-Slab-6.jpg 696w, https:\/\/stone-phoenix.com\/wp-content\/uploads\/2023\/12\/River-Jade-Marble-Slab-6-300x220.jpg 300w, https:\/\/stone-phoenix.com\/wp-content\/uploads\/2023\/12\/River-Jade-Marble-Slab-6-16x12.jpg 16w, https:\/\/stone-phoenix.com\/wp-content\/uploads\/2023\/12\/River-Jade-Marble-Slab-6-600x441.jpg 600w, https:\/\/stone-phoenix.com\/wp-content\/uploads\/2023\/12\/River-Jade-Marble-Slab-6-150x110.jpg 150w\" sizes=\"(max-width: 696px) 100vw, 696px\" \/><img loading=\"lazy\" decoding=\"async\" class=\"alignnone size-full wp-image-28029\" src=\"http:\/\/stone-phoenix.com\/wp-content\/uploads\/2023\/12\/River-Jade-Marble-Slab-2-1.jpg\" alt=\"\" width=\"700\" height=\"357\" srcset=\"https:\/\/stone-phoenix.com\/wp-content\/uploads\/2023\/12\/River-Jade-Marble-Slab-2-1.jpg 700w, https:\/\/stone-phoenix.com\/wp-content\/uploads\/2023\/12\/River-Jade-Marble-Slab-2-1-300x153.jpg 300w, https:\/\/stone-phoenix.com\/wp-content\/uploads\/2023\/12\/River-Jade-Marble-Slab-2-1-18x9.jpg 18w, https:\/\/stone-phoenix.com\/wp-content\/uploads\/2023\/12\/River-Jade-Marble-Slab-2-1-600x306.jpg 600w, https:\/\/stone-phoenix.com\/wp-content\/uploads\/2023\/12\/River-Jade-Marble-Slab-2-1-150x77.jpg 150w\" sizes=\"(max-width: 700px) 100vw, 700px\" \/><img loading=\"lazy\" decoding=\"async\" class=\"alignnone wp-image-28030\" src=\"http:\/\/stone-phoenix.com\/wp-content\/uploads\/2023\/12\/River-Jade-Marble-Slab-4.jpg\" alt=\"\" width=\"698\" height=\"525\" srcset=\"https:\/\/stone-phoenix.com\/wp-content\/uploads\/2023\/12\/River-Jade-Marble-Slab-4.jpg 667w, https:\/\/stone-phoenix.com\/wp-content\/uploads\/2023\/12\/River-Jade-Marble-Slab-4-300x226.jpg 300w, https:\/\/stone-phoenix.com\/wp-content\/uploads\/2023\/12\/River-Jade-Marble-Slab-4-16x12.jpg 16w, https:\/\/stone-phoenix.com\/wp-content\/uploads\/2023\/12\/River-Jade-Marble-Slab-4-600x452.jpg 600w, https:\/\/stone-phoenix.com\/wp-content\/uploads\/2023\/12\/River-Jade-Marble-Slab-4-150x113.jpg 150w\" sizes=\"(max-width: 698px) 100vw, 698px\" \/><\/div>\n<h3>Pr\u00e9sentation de la plaque de marbre de jade de rivi\u00e8re exquise de phonenix power stone<\/h3>\n<p>\u00c9levez votre d\u00e9coration int\u00e9rieure avec l'\u00e9l\u00e9gance intemporelle du marbre River Jade, une pierre naturelle luxueuse qui transformera n'importe quel espace en un chef-d'\u0153uvre de sophistication. phonenix power stone, votre fournisseur de confiance de granit et de marbre en Chine, est fier de proposer des dalles de marbre River Jade qui peuvent \u00eatre personnalis\u00e9es pour r\u00e9pondre aux exigences uniques de votre projet.<\/p>\n<h3><strong>Pourquoi choisir le marbre River Jade ?<\/strong><\/h3>\n<p>Le marbre River Jade est une pierre naturelle \u00e9tonnante, r\u00e9put\u00e9e pour son m\u00e9lange impeccable de couleurs, ses motifs de veinage et sa beaut\u00e9 captivante. Cette vari\u00e9t\u00e9 de marbre unique provient de carri\u00e8res situ\u00e9es le long des berges de rivi\u00e8res pures, conf\u00e9rant un sentiment de s\u00e9r\u00e9nit\u00e9 et de tranquillit\u00e9 \u00e0 n'importe quel environnement. La couleur principale de la pierre est un riche vert jade, travers\u00e9 par des veines blanches et grises complexes. Chaque dalle est une \u0153uvre d'art cr\u00e9\u00e9e par la nature elle-m\u00eame, ce qui en fait le choix id\u00e9al pour ceux qui recherchent l'opulence et le raffinement dans leurs cr\u00e9ations.<\/p>\n<h3><strong>Polyvalence et personnalisation<\/strong><\/h3>\n<p>Chez phonenix power stone, nous comprenons que chaque projet est diff\u00e9rent. C'est pourquoi nos dalles de marbre River Jade peuvent \u00eatre adapt\u00e9es \u00e0 vos sp\u00e9cifications pr\u00e9cises. Que vous recherchiez une finition polie, adoucie ou mate, ou des dimensions sp\u00e9cifiques pour des comptoirs, des sols, des rev\u00eatements muraux ou toute autre application, nous avons ce qu'il vous faut. Nos artisans exp\u00e9riment\u00e9s utilisent une technologie de pointe pour s'assurer que votre dalle de marbre River Jade r\u00e9pond aux normes de qualit\u00e9 les plus \u00e9lev\u00e9es.<\/p>\n<h3><strong>Des applications infinies<\/strong><\/h3>\n<p>Le marbre River Jade est exceptionnellement polyvalent et peut rehausser l'esth\u00e9tique de divers espaces. C'est un choix populaire pour les comptoirs de cuisine, o\u00f9 il ajoute une touche de luxe et compl\u00e8te une gamme de styles d'armoires et d'appareils \u00e9lectrom\u00e9nagers. Dans les salles de bains, le marbre River Jade cr\u00e9e une atmosph\u00e8re de spa, \u00e9voquant le calme et la d\u00e9tente. Son apparence \u00e9l\u00e9gante le rend \u00e9galement appropri\u00e9 pour les contours de chemin\u00e9e, les dessus de bar et les dosserets, donnant \u00e0 votre maison ou \u00e0 votre espace commercial une touche de charme intemporel.<\/p>\n<h3><strong>Durabilit\u00e9 in\u00e9gal\u00e9e<\/strong><\/h3>\n<p>Au-del\u00e0 de sa beaut\u00e9 exquise, le marbre River Jade est connu pour sa durabilit\u00e9. Lorsqu'il est correctement entretenu, il peut r\u00e9sister \u00e0 l'\u00e9preuve du temps et conserver son \u00e9clat et son allure pendant des g\u00e9n\u00e9rations. Sa r\u00e9sistance naturelle \u00e0 la chaleur et \u00e0 l'usure en fait un investissement judicieux pour les zones tr\u00e8s fr\u00e9quent\u00e9es, comme les comptoirs de cuisine.<\/p>\n<h3><strong>Durabilit\u00e9<\/strong><\/h3>\n<p>Chez phonenix power stone, nous nous engageons \u00e0 respecter un approvisionnement responsable et des pratiques commerciales \u00e9thiques. Notre marbre River Jade est extrait et trait\u00e9 de mani\u00e8re responsable afin de minimiser l'impact sur l'environnement. Nous sommes fiers de promouvoir des pratiques durables et de veiller \u00e0 ce que votre choix de marbre soit conforme aux valeurs \u00e9cologiques.<\/p>\n<h3><strong>Conseils d'experts<\/strong><\/h3>\n<p>Choisir le bon marbre pour votre projet peut \u00eatre une t\u00e2che ardue. Notre \u00e9quipe d'experts d\u00e9vou\u00e9s chez phonenix power stone est l\u00e0 pour vous aider \u00e0 chaque \u00e9tape du processus. Nous vous aiderons \u00e0 s\u00e9lectionner la dalle de marbre River Jade id\u00e9ale qui correspond \u00e0 votre vision esth\u00e9tique, et nos professionnels de la conception peuvent vous donner des conseils pr\u00e9cieux pour rendre votre projet vraiment exceptionnel.<\/p>\n<h3><strong>D\u00e9couvrez l'opulence du marbre River Jade<\/strong><\/h3>\n<p>La dalle de marbre River Jade de phonenix power stone est une pi\u00e8ce qui \u00e9voque le luxe, l'art et la beaut\u00e9 durable. Avec ses teintes vert jade uniques et ses veines fascinantes, elle ajoute une touche d'\u00e9l\u00e9gance intemporelle \u00e0 n'importe quel espace. \u00c9levez votre d\u00e9coration int\u00e9rieure \u00e0 de nouveaux sommets gr\u00e2ce \u00e0 cette remarquable pierre naturelle.<\/p>\n<h3><strong>Commandez d\u00e8s aujourd'hui votre plaque de marbre River Jade<\/strong><\/h3>\n<p>Pour transformer vos r\u00eaves de design en r\u00e9alit\u00e9 avec le marbre River Jade, contactez phonenix power stone, votre premier fournisseur de granit et de marbre en Chine. Notre \u00e9quipe d'experts est pr\u00eate \u00e0 vous aider \u00e0 r\u00e9aliser votre projet, et nous offrons des prix comp\u00e9titifs et des options de livraison pratiques. Choisissez phonenix power stone pour les dalles de marbre River Jade de la plus haute qualit\u00e9, et laissez votre vision du design prendre vie. D\u00e9couvrez la beaut\u00e9 in\u00e9gal\u00e9e du marbre River Jade et transformez votre espace en une \u0153uvre d'art. Contactez-nous d\u00e8s aujourd'hui pour passer votre commande et d\u00e9couvrir l'allure intemporelle de cette pierre naturelle exquise.<\/p>\n<\/div>","protected":false},"excerpt":{"rendered":"<p>Introducing phonenix power stone\u2019s Exquisite River Jade Marble Slab Elevate your interior design with the timeless elegance of River Jade<\/p>","protected":false},"featured_media":28022,"template":"","meta":[],"product_cat":[113],"product_tag":[],"_links":{"self":[{"href":"https:\/\/stone-phoenix.com\/fr\/wp-json\/wp\/v2\/product\/19976"}],"collection":[{"href":"https:\/\/stone-phoenix.com\/fr\/wp-json\/wp\/v2\/product"}],"about":[{"href":"https:\/\/stone-phoenix.com\/fr\/wp-json\/wp\/v2\/types\/product"}],"wp:featuredmedia":[{"embeddable":true,"href":"https:\/\/stone-phoenix.com\/fr\/wp-json\/wp\/v2\/media\/28022"}],"wp:attachment":[{"href":"https:\/\/stone-phoenix.com\/fr\/wp-json\/wp\/v2\/media?parent=19976"}],"wp:term":[{"taxonomy":"product_cat","embeddable":true,"href":"https:\/\/stone-phoenix.com\/fr\/wp-json\/wp\/v2\/product_cat?post=19976"},{"taxonomy":"product_tag","embeddable":true,"href":"https:\/\/stone-phoenix.com\/fr\/wp-json\/wp\/v2\/product_tag?post=19976"}],"curies":[{"name":"wp","href":"https:\/\/api.w.org\/{rel}","templated":true}]}}