{"id":19978,"date":"2023-12-15T11:47:11","date_gmt":"2023-12-15T03:47:11","guid":{"rendered":"http:\/\/stone-phoenix.com\/product\/sahara-nior-marble-slab"},"modified":"2024-04-14T14:52:34","modified_gmt":"2024-04-14T06:52:34","slug":"sahara-nior-marble-slab","status":"publish","type":"product","link":"https:\/\/stone-phoenix.com\/fr\/produit\/sahara-nior-marble-slab","title":{"rendered":"Dalle de marbre Sahara Nior"},"content":{"rendered":"<div id=\"tab-description\" class=\"woocommerce-Tabs-panel woocommerce-Tabs-panel--description panel entry-content wc-tab\" role=\"tabpanel\" aria-labelledby=\"tab-title-description\">\n<div class=\"rll-youtube-player\" data-src=\"https:\/\/www.youtube.com\/embed\/X6z28L_wU6g\" data-id=\"X6z28L_wU6g\" data-query=\"si=d2Ghy-e5LymWJxTS\"><img loading=\"lazy\" decoding=\"async\" class=\"alignnone  wp-image-28020\" src=\"http:\/\/stone-phoenix.com\/wp-content\/uploads\/2023\/12\/Sahara-Nior-Marble-Slab-2.jpg\" alt=\"\" width=\"953\" height=\"551\" srcset=\"https:\/\/stone-phoenix.com\/wp-content\/uploads\/2023\/12\/Sahara-Nior-Marble-Slab-2.jpg 685w, https:\/\/stone-phoenix.com\/wp-content\/uploads\/2023\/12\/Sahara-Nior-Marble-Slab-2-300x173.jpg 300w, https:\/\/stone-phoenix.com\/wp-content\/uploads\/2023\/12\/Sahara-Nior-Marble-Slab-2-18x10.jpg 18w, https:\/\/stone-phoenix.com\/wp-content\/uploads\/2023\/12\/Sahara-Nior-Marble-Slab-2-600x347.jpg 600w, https:\/\/stone-phoenix.com\/wp-content\/uploads\/2023\/12\/Sahara-Nior-Marble-Slab-2-150x87.jpg 150w\" sizes=\"(max-width: 953px) 100vw, 953px\" \/><\/div>\n<h3>Pr\u00e9sentation de la dalle de marbre Sahara Noir - L'\u00e9l\u00e9gance red\u00e9finie<\/h3>\n<p>phonenix power stone est fier de pr\u00e9senter sa dalle de marbre Sahara Noir, un chef-d'\u0153uvre de la nature qui incarne la beaut\u00e9 intemporelle du marbre authentique. R\u00e9colt\u00e9e \u00e0 la main dans les meilleures carri\u00e8res au c\u0153ur de la Chine, cette pierre \u00e0 couper le souffle t\u00e9moigne de l'art et du savoir-faire in\u00e9gal\u00e9s que nous apportons au monde de la pierre naturelle.<\/p>\n<h3><strong>D\u00e9couvrez la beaut\u00e9 du marbre Sahara Noir :<\/strong><\/h3>\n<p>Le marbre Sahara Noir, souvent consid\u00e9r\u00e9 comme la \"perle noire\" du monde de la pierre, est un chef-d'\u0153uvre de l'art naturel. Son luxueux fond noir profond, orn\u00e9 de veines blanches et dor\u00e9es, captive l'\u0153il et ajoute une touche de sophistication \u00e0 tous les espaces qu'il habille. Ce marbre est un chef-d'\u0153uvre d'\u00e9l\u00e9gance discr\u00e8te et peut rehausser sans effort l'ambiance d'environnements classiques ou contemporains.<\/p>\n<h3><strong>Un m\u00e9lange parfait de forme et de fonction :<\/strong><\/h3>\n<p>La dalle de marbre Sahara Noir n'est pas seulement magnifique, elle est aussi incroyablement durable et fonctionnelle. Elle est tr\u00e8s appr\u00e9ci\u00e9e pour sa robustesse, ce qui en fait un excellent choix pour les applications r\u00e9sidentielles et commerciales. Qu'il s'agisse d'un luxueux comptoir de cuisine, d'un meuble de salle de bain \u00e9l\u00e9gant ou d'un captivant contour de chemin\u00e9e, le Sahara Noir Marble est un excellent choix qui r\u00e9sistera \u00e0 l'\u00e9preuve du temps.<\/p>\n<h3><strong>La polyvalence red\u00e9finie :<\/strong><\/h3>\n<p>L'une des principales vertus du marbre Sahara Noir est sa polyvalence. Ses tons neutres, noirs et blancs, s'int\u00e8grent parfaitement \u00e0 un large \u00e9ventail de designs d'int\u00e9rieur et de palettes de couleurs. Que vous pr\u00e9f\u00e9riez une esth\u00e9tique minimaliste et contemporaine ou un style plus traditionnel et opulent, ce marbre est la toile parfaite pour votre vision cr\u00e9ative. Il sert \u00e9galement de toile de fond id\u00e9ale pour divers \u00e9l\u00e9ments et couleurs de design, ce qui facilite l'harmonisation avec votre d\u00e9cor existant.<\/p>\n<h3><strong>Un savoir-faire in\u00e9gal\u00e9 :<\/strong><\/h3>\n<p>Chez phonenix power stone, nous savons que la qualit\u00e9 du produit final d\u00e9pend d'un savoir-faire expert. Notre \u00e9quipe d'artisans qualifi\u00e9s et nos machines de pointe travaillent en harmonie pour transformer les blocs bruts de marbre Sahara Noir en dalles taill\u00e9es avec pr\u00e9cision. Chaque dalle est soigneusement inspect\u00e9e pour s'assurer qu'elle r\u00e9pond aux normes de qualit\u00e9 les plus \u00e9lev\u00e9es avant d'arriver \u00e0 votre porte.<\/p>\n<h3><strong>Des possibilit\u00e9s infinies :<\/strong><\/h3>\n<p>La dalle de marbre Sahara Noir est disponible dans une vari\u00e9t\u00e9 de tailles, d'\u00e9paisseurs et de finitions, ce qui vous permet de donner vie \u00e0 vos id\u00e9es de design en toute simplicit\u00e9. Que vous souhaitiez une finition polie pour une surface brillante et r\u00e9fl\u00e9chissante ou une finition adoucie pour un aspect mat, nous pouvons personnaliser votre commande pour r\u00e9pondre aux exigences sp\u00e9cifiques de votre projet.<\/p>\n<h3><strong>La pi\u00e8ce d'apparat par excellence :<\/strong><\/h3>\n<p>Le marbre Sahara Noir fait sensation. Qu'il s'agisse d'un luxueux penthouse, d'une boutique chic ou d'un restaurant accueillant, ce marbre promet de laisser une impression durable \u00e0 tous ceux qui le rencontrent. L'allure intemporelle du Sahara Noir Marble t\u00e9moigne de la beaut\u00e9 durable de la pierre naturelle.<\/p>\n<h3><strong>Entretien facile :<\/strong><\/h3>\n<p>Malgr\u00e9 son aspect royal, le marbre Sahara Noir est \u00e9tonnamment facile \u00e0 entretenir. Avec un entretien et un scellement appropri\u00e9s, il conservera son \u00e9clat et sa gr\u00e2ce pendant des ann\u00e9es. Il s'agit donc non seulement d'un investissement esth\u00e9tique, mais aussi d'un investissement pratique.<\/p>\n<h3><strong>Commandez d\u00e8s aujourd'hui votre plaque de marbre Sahara Noir :<\/strong><\/h3>\n<p>phonenix power stone est votre source de confiance pour les dalles de marbre Sahara Noir de premi\u00e8re qualit\u00e9. Nous proposons des prix comp\u00e9titifs et des livraisons dans le monde entier pour faire en sorte que le design de vos r\u00eaves devienne une r\u00e9alit\u00e9, o\u00f9 que vous soyez. Contactez-nous d\u00e8s aujourd'hui pour discuter de votre projet, et notre \u00e9quipe d'experts vous guidera tout au long du processus de s\u00e9lection et de commande.<\/p>\n<h3>En r\u00e9sum\u00e9<\/h3>\n<p>Sahara Noir Marble Slab from phonenix power stone est plus qu'un simple mat\u00e9riau, c'est une \u0153uvre d'art qui peut transformer votre espace en un chef-d'\u0153uvre intemporel. \u00c9levez votre projet \u00e0 un niveau sup\u00e9rieur gr\u00e2ce \u00e0 ce marbre exceptionnel. Contactez-nous d\u00e8s aujourd'hui et laissez-nous vous aider \u00e0 transformer vos r\u00eaves de design en r\u00e9alit\u00e9 avec le marbre Sahara Noir.<\/p>\n<\/div>","protected":false},"excerpt":{"rendered":"<p>Introducing Sahara Noir Marble Slab \u2013 Elegance Redefined phonenix power stone is proud to present our exquisite Sahara Noir Marble<\/p>","protected":false},"featured_media":28016,"template":"","meta":[],"product_cat":[113],"product_tag":[],"_links":{"self":[{"href":"https:\/\/stone-phoenix.com\/fr\/wp-json\/wp\/v2\/product\/19978"}],"collection":[{"href":"https:\/\/stone-phoenix.com\/fr\/wp-json\/wp\/v2\/product"}],"about":[{"href":"https:\/\/stone-phoenix.com\/fr\/wp-json\/wp\/v2\/types\/product"}],"wp:featuredmedia":[{"embeddable":true,"href":"https:\/\/stone-phoenix.com\/fr\/wp-json\/wp\/v2\/media\/28016"}],"wp:attachment":[{"href":"https:\/\/stone-phoenix.com\/fr\/wp-json\/wp\/v2\/media?parent=19978"}],"wp:term":[{"taxonomy":"product_cat","embeddable":true,"href":"https:\/\/stone-phoenix.com\/fr\/wp-json\/wp\/v2\/product_cat?post=19978"},{"taxonomy":"product_tag","embeddable":true,"href":"https:\/\/stone-phoenix.com\/fr\/wp-json\/wp\/v2\/product_tag?post=19978"}],"curies":[{"name":"wp","href":"https:\/\/api.w.org\/{rel}","templated":true}]}}