{"id":19980,"date":"2023-12-15T11:47:16","date_gmt":"2023-12-15T03:47:16","guid":{"rendered":"http:\/\/stone-phoenix.com\/product\/serpegiante-white-marble-slab"},"modified":"2024-04-14T14:41:54","modified_gmt":"2024-04-14T06:41:54","slug":"serpegiante-white-marble-slab","status":"publish","type":"product","link":"https:\/\/stone-phoenix.com\/fr\/produit\/serpegiante-white-marble-slab","title":{"rendered":"Plaque de marbre blanc Serpegiante"},"content":{"rendered":"<div id=\"tab-description\" class=\"woocommerce-Tabs-panel woocommerce-Tabs-panel--description panel entry-content wc-tab\" role=\"tabpanel\" aria-labelledby=\"tab-title-description\">\n<div class=\"rll-youtube-player\" data-src=\"https:\/\/www.youtube.com\/embed\/6OqIXtoksmY\" data-id=\"6OqIXtoksmY\" data-query=\"si=VDEUHWkCeSLqTXsF\"><img loading=\"lazy\" decoding=\"async\" class=\"alignnone  wp-image-28014\" src=\"http:\/\/stone-phoenix.com\/wp-content\/uploads\/2023\/12\/Serpegiante-White-Marble-Slab-4.jpg\" alt=\"\" width=\"955\" height=\"578\" srcset=\"https:\/\/stone-phoenix.com\/wp-content\/uploads\/2023\/12\/Serpegiante-White-Marble-Slab-4.jpg 699w, https:\/\/stone-phoenix.com\/wp-content\/uploads\/2023\/12\/Serpegiante-White-Marble-Slab-4-300x182.jpg 300w, https:\/\/stone-phoenix.com\/wp-content\/uploads\/2023\/12\/Serpegiante-White-Marble-Slab-4-18x12.jpg 18w, https:\/\/stone-phoenix.com\/wp-content\/uploads\/2023\/12\/Serpegiante-White-Marble-Slab-4-600x363.jpg 600w, https:\/\/stone-phoenix.com\/wp-content\/uploads\/2023\/12\/Serpegiante-White-Marble-Slab-4-150x91.jpg 150w\" sizes=\"(max-width: 955px) 100vw, 955px\" \/><\/div>\n<h3><strong>D\u00e9couvrez l'\u00e9l\u00e9gance intemporelle avec les dalles de marbre blanc Serpegiante<\/strong><\/h3>\n<p>\u00c9levez votre espace de vie avec la beaut\u00e9 exquise de la dalle de marbre blanc Serpegiante, un chef-d'\u0153uvre naturel qui combine harmonieusement le luxe et la sophistication. Chez phonenix power stone, votre fournisseur de granit et de marbre de confiance en Chine, nous sommes fiers de proposer ce marbre blanc Serpegiante immacul\u00e9 pour orner vos espaces int\u00e9rieurs et ext\u00e9rieurs.<\/p>\n<h3><strong>Marbre blanc Serpegiante : Un aper\u00e7u de l'opulence<\/strong><\/h3>\n<p>Le marbre blanc Serpegiante est une vari\u00e9t\u00e9 rare et recherch\u00e9e, connue pour ses veines d\u00e9licates et ses \u00e9tonnantes nuances de blanc et de gris. Les motifs distincts des veines cr\u00e9ent un attrait visuel captivant, ce qui en fait un excellent choix pour tous ceux qui cherchent \u00e0 ajouter une touche d'opulence \u00e0 leur environnement.<\/p>\n<h3><strong>Qualit\u00e9 et durabilit\u00e9 in\u00e9gal\u00e9es<\/strong><\/h3>\n<p>Chez phonenix power stone, nous comprenons l'importance de la qualit\u00e9. Nos dalles de marbre blanc Serpegiante sont tri\u00e9es sur le volet pour garantir la coh\u00e9rence et l'excellence de chaque pi\u00e8ce. Le marbre est une pierre naturellement durable qui peut r\u00e9sister \u00e0 l'\u00e9preuve du temps, ce qui en fait un choix id\u00e9al pour les plans de travail, les sols, les rev\u00eatements muraux et diverses applications de design. Avec un entretien appropri\u00e9, ce marbre peut conserver sa beaut\u00e9 pendant des g\u00e9n\u00e9rations.<\/p>\n<h3><strong>Des possibilit\u00e9s de conception infinies<\/strong><\/h3>\n<p>Les dalles de marbre blanc Serpegiante offrent des possibilit\u00e9s de conception infinies. Que vous envisagiez une cuisine moderne avec un comptoir blanc immacul\u00e9 ou une salle de bains luxueuse avec un rev\u00eatement mural \u00e9l\u00e9gant, ce marbre s'int\u00e8gre parfaitement dans une vari\u00e9t\u00e9 de styles de conception. Le gracieux veinage cr\u00e9e une impression de mouvement, ajoutant de la profondeur et du caract\u00e8re \u00e0 n'importe quel espace.<\/p>\n<h3><strong>Applications polyvalentes<\/strong><\/h3>\n<p>Nos dalles de marbre blanc Serpegiante conviennent \u00e0 un large \u00e9ventail d'applications, notamment :<\/p>\n<ul>\n<li><strong>Comptoirs de cuisine :<\/strong> Rehaussez l'esth\u00e9tique de votre cuisine avec un plan de travail en marbre blanc Serpegiante, au look \u00e9pur\u00e9 et intemporel.<\/li>\n<li><strong>Dessus de meuble de salle de bains :<\/strong> Cr\u00e9ez une atmosph\u00e8re de spa dans votre salle de bains gr\u00e2ce \u00e0 l'\u00e9l\u00e9gance du marbre blanc Serpegiante.<\/li>\n<li><strong>Rev\u00eatement de sol :<\/strong> Faites une entr\u00e9e remarqu\u00e9e avec un sol en marbre qui respire la sophistication et la durabilit\u00e9.<\/li>\n<li><strong>Rev\u00eatement mural :<\/strong> Transformez vos murs en \u0153uvre d'art en utilisant les dalles de marbre blanc Serpegiante comme rev\u00eatement.<\/li>\n<li><strong>Entourage de chemin\u00e9e :<\/strong> Ajoutez de la chaleur et du style \u00e0 votre espace de vie avec une chemin\u00e9e en marbre.<\/li>\n<li><strong>Projets sur mesure :<\/strong> Laissez briller votre cr\u00e9ativit\u00e9 avec des projets de conception personnalis\u00e9s qui int\u00e8grent la beaut\u00e9 du marbre blanc Serpegiante.<\/li>\n<\/ul>\n<h3><strong>Pourquoi choisir phonenix power stone ?<\/strong><\/h3>\n<p>En choisissant phonenix power stone comme fournisseur de marbre, vous b\u00e9n\u00e9ficiez des avantages suivants :<\/p>\n<ul>\n<li><strong>Qualit\u00e9 sup\u00e9rieure :<\/strong> Nous nous approvisionnons en marbre dans les meilleures carri\u00e8res, ce qui garantit une qualit\u00e9 irr\u00e9prochable.<\/li>\n<li><strong>Personnalisation :<\/strong> Nous pouvons traiter le marbre blanc Serpegiante selon vos besoins et dimensions sp\u00e9cifiques.<\/li>\n<li><strong>Conseils d'experts :<\/strong> Notre \u00e9quipe comp\u00e9tente peut vous aider \u00e0 choisir le marbre ad\u00e9quat et vous donner des conseils en mati\u00e8re de design.<\/li>\n<li><strong>Livraison dans les d\u00e9lais :<\/strong> Nous comprenons l'importance des d\u00e9lais et veillons \u00e0 ce que votre commande arrive \u00e0 temps.<\/li>\n<li><strong>Prix comp\u00e9titifs :<\/strong> Nous proposons des prix comp\u00e9titifs sans compromis sur la qualit\u00e9.<\/li>\n<\/ul>\n<h3><strong>Maintenance et entretien<\/strong><\/h3>\n<p>Pour conserver l'aspect impeccable de votre dalle de marbre blanc Serpegiante, suivez les conseils d'entretien suivants :<\/p>\n<ol>\n<li><strong>Nettoyage r\u00e9gulier :<\/strong> Essuyez la surface avec un chiffon doux et humide et un nettoyant au pH neutre.<\/li>\n<li><strong>Scellage :<\/strong> Scellez p\u00e9riodiquement le marbre pour le prot\u00e9ger des taches et des gravures.<\/li>\n<li><strong>\u00c9vitez les produits chimiques agressifs :<\/strong> \u00c9vitez d'utiliser des nettoyants acides ou abrasifs sur le marbre.<\/li>\n<\/ol>\n<h3><strong>Conclusion<\/strong><\/h3>\n<p>La dalle de marbre blanc Serpegiante est un symbole de beaut\u00e9 et d'\u00e9l\u00e9gance intemporelles, et chez phonenix power stone, nous nous engageons \u00e0 apporter cette merveille naturelle \u00e0 votre porte. \u00c9levez vos espaces de vie avec la sophistication et le luxe que seul le marbre blanc Serpegiante peut offrir. Contactez-nous d\u00e8s aujourd'hui pour discuter de votre projet et explorer les possibilit\u00e9s de conception infinies qu'offre ce marbre \u00e9poustouflant. Faites une impression durable avec les dalles de marbre blanc Serpegiante de phonenix power stone.<\/p>\n<\/div>","protected":false},"excerpt":{"rendered":"<p>Discover Timeless Elegance with Serpegiante White Marble Slabs Elevate your living space with the exquisite beauty of Serpegiante White Marble<\/p>","protected":false},"featured_media":28010,"template":"","meta":[],"product_cat":[113],"product_tag":[],"_links":{"self":[{"href":"https:\/\/stone-phoenix.com\/fr\/wp-json\/wp\/v2\/product\/19980"}],"collection":[{"href":"https:\/\/stone-phoenix.com\/fr\/wp-json\/wp\/v2\/product"}],"about":[{"href":"https:\/\/stone-phoenix.com\/fr\/wp-json\/wp\/v2\/types\/product"}],"wp:featuredmedia":[{"embeddable":true,"href":"https:\/\/stone-phoenix.com\/fr\/wp-json\/wp\/v2\/media\/28010"}],"wp:attachment":[{"href":"https:\/\/stone-phoenix.com\/fr\/wp-json\/wp\/v2\/media?parent=19980"}],"wp:term":[{"taxonomy":"product_cat","embeddable":true,"href":"https:\/\/stone-phoenix.com\/fr\/wp-json\/wp\/v2\/product_cat?post=19980"},{"taxonomy":"product_tag","embeddable":true,"href":"https:\/\/stone-phoenix.com\/fr\/wp-json\/wp\/v2\/product_tag?post=19980"}],"curies":[{"name":"wp","href":"https:\/\/api.w.org\/{rel}","templated":true}]}}