{"id":19982,"date":"2023-12-15T11:47:20","date_gmt":"2023-12-15T03:47:20","guid":{"rendered":"http:\/\/stone-phoenix.com\/product\/silver-blue-light-marble-slab"},"modified":"2024-04-14T14:23:14","modified_gmt":"2024-04-14T06:23:14","slug":"silver-blue-light-marble-slab","status":"publish","type":"product","link":"https:\/\/stone-phoenix.com\/fr\/produit\/silver-blue-light-marble-slab","title":{"rendered":"Dalle de marbre bleu argent\u00e9 clair"},"content":{"rendered":"<div id=\"tab-description\" class=\"woocommerce-Tabs-panel woocommerce-Tabs-panel--description panel entry-content wc-tab\" role=\"tabpanel\" aria-labelledby=\"tab-title-description\">\n<div class=\"rll-youtube-player\" data-src=\"https:\/\/www.youtube.com\/embed\/d6XoJA8wfjE\" data-id=\"d6XoJA8wfjE\" data-query=\"si=J5LKMo4TLyL8ulCH\"><img loading=\"lazy\" decoding=\"async\" class=\"alignnone wp-image-28008\" src=\"http:\/\/stone-phoenix.com\/wp-content\/uploads\/2023\/12\/Silver-Blue-Light-Marble-Slab-2.jpg\" alt=\"\" width=\"986\" height=\"1191\" srcset=\"https:\/\/stone-phoenix.com\/wp-content\/uploads\/2023\/12\/Silver-Blue-Light-Marble-Slab-2.jpg 693w, https:\/\/stone-phoenix.com\/wp-content\/uploads\/2023\/12\/Silver-Blue-Light-Marble-Slab-2-248x300.jpg 248w, https:\/\/stone-phoenix.com\/wp-content\/uploads\/2023\/12\/Silver-Blue-Light-Marble-Slab-2-10x12.jpg 10w, https:\/\/stone-phoenix.com\/wp-content\/uploads\/2023\/12\/Silver-Blue-Light-Marble-Slab-2-600x725.jpg 600w, https:\/\/stone-phoenix.com\/wp-content\/uploads\/2023\/12\/Silver-Blue-Light-Marble-Slab-2-150x181.jpg 150w\" sizes=\"(max-width: 986px) 100vw, 986px\" \/><\/div>\n<h3>Pr\u00e9sentation de la pierre de puissance phonenix Exquisite Silver Blue Light Marble Slab (Plaque de marbre bleu argent\u00e9)<\/h3>\n<p>\u00c9levez vos espaces int\u00e9rieurs avec l'\u00e9l\u00e9gance intemporelle et la beaut\u00e9 naturelle de notre plaque de marbre Silver Blue Light. phonenix power stone, l'un des principaux fournisseurs de granit et de marbre en Chine, est fier de pr\u00e9senter cette plaque de marbre exquise qui incarne la sophistication et le luxe. Fabriqu\u00e9e \u00e0 la perfection, cette dalle de marbre unique est le choix id\u00e9al pour ceux qui cherchent \u00e0 cr\u00e9er des designs \u00e9tonnants et m\u00e9morables dans leurs maisons ou espaces commerciaux.<\/p>\n<h3><strong>Plaque de marbre bleu argent\u00e9 clair : Un aper\u00e7u de l'opulence<\/strong><\/h3>\n<p>Notre dalle de marbre Silver Blue Light t\u00e9moigne de la beaut\u00e9 inh\u00e9rente \u00e0 la pierre naturelle. Provenant des meilleures carri\u00e8res, ce marbre pr\u00e9sente une fusion \u00e9poustouflante de tons argent\u00e9s, bleus et gris clair qui cr\u00e9ent une esth\u00e9tique visuellement captivante et luxueuse. Les veines distinctives et les subtiles variations de couleur ajoutent de la profondeur et du caract\u00e8re \u00e0 tout espace qu'il orne.<\/p>\n<h3><strong>Caract\u00e9ristiques principales :<\/strong><\/h3>\n<ol>\n<li><strong>Un attrait esth\u00e9tique in\u00e9gal\u00e9 :<\/strong> La dalle de marbre Silver Blue Light est r\u00e9put\u00e9e pour son attrait visuel saisissant. Le m\u00e9lange unique de couleurs et de motifs en fait une pi\u00e8ce de choix dans tout concept d'am\u00e9nagement, qu'il s'agisse d'un style moderne, classique ou contemporain.<\/li>\n<li><strong>Durabilit\u00e9 et long\u00e9vit\u00e9 :<\/strong> phonenix power stone est fier de fournir des dalles de marbre durables qui peuvent r\u00e9sister \u00e0 l'\u00e9preuve du temps. Avec un entretien ad\u00e9quat, votre dalle de marbre Silver Blue Light conservera sa beaut\u00e9 pendant des g\u00e9n\u00e9rations.<\/li>\n<li><strong>Polyvalence :<\/strong> Cette plaque de marbre est incroyablement polyvalente, ce qui vous permet de l'incorporer dans un large \u00e9ventail d'applications. Les possibilit\u00e9s sont infinies, qu'il s'agisse de plans de travail de cuisine, de vanit\u00e9s de salle de bains, de rev\u00eatements de sol et de murs, ou m\u00eame de meubles personnalis\u00e9s.<\/li>\n<li><strong>Naturel et durable :<\/strong> Nous nous engageons \u00e0 respecter l'environnement. Nos dalles de marbre Silver Blue Light sont obtenues de mani\u00e8re responsable, ce qui garantit un impact minimal sur l'environnement, et chaque dalle est un produit unique de la nature.<\/li>\n<\/ol>\n<h3><strong>Applications :<\/strong><\/h3>\n<ul>\n<li><strong>Comptoirs de cuisine :<\/strong> Transformez votre cuisine en un v\u00e9ritable havre de paix culinaire avec la superbe dalle de marbre Silver Blue Light comme mat\u00e9riau de comptoir. Sa palette de couleurs froides et apaisantes rehausse l'ambiance g\u00e9n\u00e9rale de votre espace de cuisine.<\/li>\n<li><strong>Vanit\u00e9s de salle de bains :<\/strong> Cr\u00e9ez une oasis semblable \u00e0 un spa avec ce marbre et transformez votre salle de bains en un sanctuaire de tranquillit\u00e9 et de beaut\u00e9.<\/li>\n<li><strong>Rev\u00eatements de sols et de murs :<\/strong> Rehaussez vos espaces de vie en incorporant la dalle de marbre Silver Blue Light \u00e0 votre sol et \u00e0 vos murs. Elle ajoute une touche d'opulence et de sophistication \u00e0 n'importe quelle pi\u00e8ce.<\/li>\n<li><strong>Meubles sur mesure :<\/strong> Concevez des meubles sur mesure qui respirent le luxe et l'\u00e9l\u00e9gance gr\u00e2ce \u00e0 ce marbre remarquable.<\/li>\n<\/ul>\n<h3><strong>Pourquoi choisir phonenix power stone ?<\/strong><\/h3>\n<p>Chez phonenix power stone, nous sommes fiers de notre engagement en faveur de l'excellence et de la satisfaction de nos clients. En choisissant notre dalle de marbre Silver Blue Light, vous b\u00e9n\u00e9ficiez de :<\/p>\n<ul>\n<li><strong>Assurance qualit\u00e9 :<\/strong> Nous s\u00e9lectionnons chaque plaque \u00e0 la main afin de vous garantir un marbre de la plus haute qualit\u00e9.<\/li>\n<li><strong>Personnalisation :<\/strong> Nous pouvons traiter le marbre en fonction de vos exigences sp\u00e9cifiques, afin qu'il s'int\u00e8gre parfaitement \u00e0 votre projet.<\/li>\n<li><strong>Prix comp\u00e9titifs :<\/strong> Nous proposons des prix comp\u00e9titifs sans compromis sur la qualit\u00e9.<\/li>\n<li><strong>Exp\u00e9dition globale :<\/strong> Que vous soyez en Chine ou n'importe o\u00f9 dans le monde, nous pouvons livrer nos produits \u00e0 votre porte de mani\u00e8re s\u00fbre et efficace.<\/li>\n<\/ul>\n<h3><strong>Conclusion<\/strong><\/h3>\n<p>\u00c9levez votre d\u00e9coration int\u00e9rieure avec l'\u00e9l\u00e9gance intemporelle de la dalle de marbre Silver Blue Light de phonenix power stone. Cette dalle de marbre exquise t\u00e9moigne de la beaut\u00e9 de la pierre naturelle, offrant un attrait visuel, une durabilit\u00e9 et une polyvalence in\u00e9gal\u00e9s. Que vous r\u00e9noviez votre cuisine ou votre salle de bain, ou que vous cherchiez \u00e0 mettre en valeur votre espace de vie, notre dalle de marbre est le choix id\u00e9al. Choisissez phonenix power stone pour la qualit\u00e9, la personnalisation, les prix comp\u00e9titifs et la livraison dans le monde entier. D\u00e9couvrez le luxe de la dalle de marbre Silver Blue Light d\u00e8s aujourd'hui.<\/p>\n<\/div>","protected":false},"excerpt":{"rendered":"<p>Introducing phonenix power stone\u2019s Exquisite Silver Blue Light Marble Slab Elevate your interior spaces with the timeless elegance and natural<\/p>","protected":false},"featured_media":28004,"template":"","meta":[],"product_cat":[113],"product_tag":[],"_links":{"self":[{"href":"https:\/\/stone-phoenix.com\/fr\/wp-json\/wp\/v2\/product\/19982"}],"collection":[{"href":"https:\/\/stone-phoenix.com\/fr\/wp-json\/wp\/v2\/product"}],"about":[{"href":"https:\/\/stone-phoenix.com\/fr\/wp-json\/wp\/v2\/types\/product"}],"wp:featuredmedia":[{"embeddable":true,"href":"https:\/\/stone-phoenix.com\/fr\/wp-json\/wp\/v2\/media\/28004"}],"wp:attachment":[{"href":"https:\/\/stone-phoenix.com\/fr\/wp-json\/wp\/v2\/media?parent=19982"}],"wp:term":[{"taxonomy":"product_cat","embeddable":true,"href":"https:\/\/stone-phoenix.com\/fr\/wp-json\/wp\/v2\/product_cat?post=19982"},{"taxonomy":"product_tag","embeddable":true,"href":"https:\/\/stone-phoenix.com\/fr\/wp-json\/wp\/v2\/product_tag?post=19982"}],"curies":[{"name":"wp","href":"https:\/\/api.w.org\/{rel}","templated":true}]}}