{"id":19984,"date":"2023-12-15T11:47:25","date_gmt":"2023-12-15T03:47:25","guid":{"rendered":"http:\/\/stone-phoenix.com\/product\/silver-portoro-marble-slab"},"modified":"2024-04-14T12:17:23","modified_gmt":"2024-04-14T04:17:23","slug":"silver-portoro-marble-slab","status":"publish","type":"product","link":"https:\/\/stone-phoenix.com\/fr\/produit\/silver-portoro-marble-slab","title":{"rendered":"Plaque de marbre Portoro argent\u00e9"},"content":{"rendered":"<div id=\"tab-description\" class=\"woocommerce-Tabs-panel woocommerce-Tabs-panel--description panel entry-content wc-tab\" role=\"tabpanel\" aria-labelledby=\"tab-title-description\">\n<div class=\"rll-youtube-player\" data-src=\"https:\/\/www.youtube.com\/embed\/UKTzPxBrhc4\" data-id=\"UKTzPxBrhc4\" data-query=\"si=UT32mIm__qgpUN0m\"><img loading=\"lazy\" decoding=\"async\" class=\"alignnone  wp-image-28001\" src=\"http:\/\/stone-phoenix.com\/wp-content\/uploads\/2023\/12\/Silver-Portoro-Marble-Slab-1.jpg\" alt=\"\" width=\"919\" height=\"614\" srcset=\"https:\/\/stone-phoenix.com\/wp-content\/uploads\/2023\/12\/Silver-Portoro-Marble-Slab-1.jpg 687w, https:\/\/stone-phoenix.com\/wp-content\/uploads\/2023\/12\/Silver-Portoro-Marble-Slab-1-300x200.jpg 300w, https:\/\/stone-phoenix.com\/wp-content\/uploads\/2023\/12\/Silver-Portoro-Marble-Slab-1-18x12.jpg 18w, https:\/\/stone-phoenix.com\/wp-content\/uploads\/2023\/12\/Silver-Portoro-Marble-Slab-1-600x401.jpg 600w, https:\/\/stone-phoenix.com\/wp-content\/uploads\/2023\/12\/Silver-Portoro-Marble-Slab-1-150x100.jpg 150w\" sizes=\"(max-width: 919px) 100vw, 919px\" \/><img loading=\"lazy\" decoding=\"async\" class=\"alignnone  wp-image-28003\" src=\"http:\/\/stone-phoenix.com\/wp-content\/uploads\/2023\/12\/Silver-Portoro-Marble-Slab-3.jpg\" alt=\"\" width=\"917\" height=\"1223\" srcset=\"https:\/\/stone-phoenix.com\/wp-content\/uploads\/2023\/12\/Silver-Portoro-Marble-Slab-3.jpg 696w, https:\/\/stone-phoenix.com\/wp-content\/uploads\/2023\/12\/Silver-Portoro-Marble-Slab-3-225x300.jpg 225w, https:\/\/stone-phoenix.com\/wp-content\/uploads\/2023\/12\/Silver-Portoro-Marble-Slab-3-9x12.jpg 9w, https:\/\/stone-phoenix.com\/wp-content\/uploads\/2023\/12\/Silver-Portoro-Marble-Slab-3-600x800.jpg 600w, https:\/\/stone-phoenix.com\/wp-content\/uploads\/2023\/12\/Silver-Portoro-Marble-Slab-3-150x200.jpg 150w\" sizes=\"(max-width: 917px) 100vw, 917px\" \/><\/div>\n<h3><strong>Luxueuses dalles de marbre Portoro argent\u00e9<\/strong><\/h3>\n<p>Vous \u00eates \u00e0 la recherche de l'incarnation du luxe et de l'\u00e9l\u00e9gance pour votre prochain projet ? phonenix power stone, l'un des principaux fournisseurs de granit et de marbre en Chine, est fier de vous pr\u00e9senter ses exquises dalles de marbre Silver Portoro. \u00c9levez votre espace avec la beaut\u00e9 intemporelle de cette pierre naturelle, fabriqu\u00e9e de mani\u00e8re experte pour r\u00e9pondre \u00e0 vos exigences uniques.<\/p>\n<h3><strong>Qu'est-ce que le marbre Silver Portoro ?<\/strong><\/h3>\n<p>Le marbre Portoro argent\u00e9 est une vari\u00e9t\u00e9 de marbre rare et frappante, connue pour son riche fond noir avec des veines argent\u00e9es et dor\u00e9es uniques. Cette pierre distinctive est tr\u00e8s recherch\u00e9e pour son apparence opulente, ce qui en fait un choix privil\u00e9gi\u00e9 pour les int\u00e9rieurs classiques et contemporains. Son veinage exceptionnel ajoute de la profondeur et du caract\u00e8re \u00e0 tout espace, ce qui en fait le choix id\u00e9al pour ceux qui appr\u00e9cient les choses les plus raffin\u00e9es de la vie.<\/p>\n<h3><strong>Pourquoi choisir les dalles de marbre Silver Portoro de phonenix power stone ?<\/strong><\/h3>\n<p>Chez phonenix power stone, nous comprenons l'importance de l'approvisionnement et du traitement de pierres naturelles de qualit\u00e9 sup\u00e9rieure pour r\u00e9pondre \u00e0 vos sp\u00e9cifications exactes. Voici pourquoi vous devriez choisir nos dalles de marbre Portoro argent\u00e9 :<\/p>\n<ul>\n<li><strong>1. Une \u00e9l\u00e9gance in\u00e9gal\u00e9e :<\/strong> Le marbre Silver Portoro d\u00e9gage une \u00e9l\u00e9gance et une sophistication intemporelles, ce qui le rend id\u00e9al pour les projets r\u00e9sidentiels et commerciaux haut de gamme. Qu'il s'agisse d'une salle de bain luxueuse, d'un comptoir de cuisine impressionnant ou d'un contour de chemin\u00e9e, nos dalles de marbre Portoro argent\u00e9 laisseront sans aucun doute une impression durable.<\/li>\n<li><strong>2. Un savoir-faire d'expert :<\/strong> phonenix power stone dispose d'une \u00e9quipe d'artisans qualifi\u00e9s et de machines de pointe pour garantir que chaque plaque de marbre Silver Portoro est taill\u00e9e avec pr\u00e9cision et polie \u00e0 la perfection. Nous sommes fiers de notre engagement \u00e0 fournir des produits en pierre de la plus haute qualit\u00e9.<\/li>\n<li><strong>3. Personnalisation :<\/strong> Nous savons qu'il n'y a pas deux projets identiques. C'est pourquoi nous offrons une gamme d'options de personnalisation pour nos dalles de marbre Silver Portoro. Des dimensions et de l'\u00e9paisseur aux finitions et aux profils des bords, nous travaillons en \u00e9troite collaboration avec vous pour donner vie \u00e0 votre vision unique du design.<\/li>\n<li><strong>4. Durabilit\u00e9 :<\/strong> Le marbre Silver Portoro n'est pas seulement une question d'esth\u00e9tique, c'est aussi une pierre naturelle durable. Avec un entretien appropri\u00e9, vos dalles de marbre continueront d'exsuder leur beaut\u00e9 pendant des g\u00e9n\u00e9rations.<\/li>\n<li><strong>5. Polyvalence :<\/strong> La beaut\u00e9 intemporelle du marbre Silver Portoro convient \u00e0 un large \u00e9ventail d'applications, notamment les sols, les rev\u00eatements muraux, les plans de toilette de salle de bains, etc. C'est le choix id\u00e9al pour transformer n'importe quel espace en \u0153uvre d'art.<\/li>\n<li><strong>6. Rapport qualit\u00e9-prix :<\/strong> Investir dans des dalles de marbre Silver Portoro, c'est investir dans la beaut\u00e9 et la valeur durables de votre propri\u00e9t\u00e9. Sa raret\u00e9 et son caract\u00e8re unique peuvent consid\u00e9rablement augmenter la valeur globale de votre projet.<\/li>\n<li><strong>7. Approvisionnement responsable :<\/strong> phonenix power stone s'engage \u00e0 respecter des pratiques d'approvisionnement responsables. Nous veillons \u00e0 ce que nos dalles de marbre Silver Portoro soient extraites et trait\u00e9es de mani\u00e8re \u00e9thique, dans le respect des normes environnementales.<\/li>\n<li><strong>8. Entretien facile :<\/strong> Bien que le marbre soit une pierre naturelle, il peut \u00eatre facilement entretenu avec des soins r\u00e9guliers. Le marbre Silver Portoro ne fait pas exception \u00e0 la r\u00e8gle. Nous vous proposons des conseils d'entretien pour vous aider \u00e0 pr\u00e9server l'\u00e9clat de vos dalles pendant de nombreuses ann\u00e9es.<\/li>\n<\/ul>\n<h3><strong>Am\u00e9liorez votre espace avec le marbre Portoro argent\u00e9<\/strong><\/h3>\n<p>L'int\u00e9gration de dalles de marbre Silver Portoro dans votre projet de conception t\u00e9moigne de votre engagement en faveur de l'esth\u00e9tique et de la qualit\u00e9. Le veinage distinctif, l'\u00e9l\u00e9gance intemporelle et la durabilit\u00e9 du marbre Silver Portoro en font un choix parfait pour tout projet. Qu'il s'agisse d'un hall d'h\u00f4tel luxueux, d'un restaurant haut de gamme ou d'une maison de r\u00eave, le marbre Silver Portoro \u00e9l\u00e8vera votre espace \u00e0 un nouveau niveau de sophistication. Chez phonenix power stone, nous nous engageons \u00e0 vous fournir les meilleures dalles de marbre Silver Portoro, adapt\u00e9es \u00e0 vos besoins. Contactez-nous d\u00e8s aujourd'hui pour discuter des exigences de votre projet et laissez-nous vous aider \u00e0 transformer vos r\u00eaves de design en r\u00e9alit\u00e9. D\u00e9couvrez le summum du luxe avec les dalles de marbre Portoro argent\u00e9 de phonenix power stone.<\/p>\n<\/div>","protected":false},"excerpt":{"rendered":"<p>Luxurious Silver Portoro Marble Slabs Are you in search of the epitome of luxury and elegance for your next project?<\/p>","protected":false},"featured_media":27996,"template":"","meta":[],"product_cat":[113],"product_tag":[],"_links":{"self":[{"href":"https:\/\/stone-phoenix.com\/fr\/wp-json\/wp\/v2\/product\/19984"}],"collection":[{"href":"https:\/\/stone-phoenix.com\/fr\/wp-json\/wp\/v2\/product"}],"about":[{"href":"https:\/\/stone-phoenix.com\/fr\/wp-json\/wp\/v2\/types\/product"}],"wp:featuredmedia":[{"embeddable":true,"href":"https:\/\/stone-phoenix.com\/fr\/wp-json\/wp\/v2\/media\/27996"}],"wp:attachment":[{"href":"https:\/\/stone-phoenix.com\/fr\/wp-json\/wp\/v2\/media?parent=19984"}],"wp:term":[{"taxonomy":"product_cat","embeddable":true,"href":"https:\/\/stone-phoenix.com\/fr\/wp-json\/wp\/v2\/product_cat?post=19984"},{"taxonomy":"product_tag","embeddable":true,"href":"https:\/\/stone-phoenix.com\/fr\/wp-json\/wp\/v2\/product_tag?post=19984"}],"curies":[{"name":"wp","href":"https:\/\/api.w.org\/{rel}","templated":true}]}}