{"id":19986,"date":"2023-12-15T11:47:30","date_gmt":"2023-12-15T03:47:30","guid":{"rendered":"http:\/\/stone-phoenix.com\/product\/silver-wave-brown-marble-slab"},"modified":"2024-04-14T12:05:46","modified_gmt":"2024-04-14T04:05:46","slug":"silver-wave-brown-marble-slab","status":"publish","type":"product","link":"https:\/\/stone-phoenix.com\/fr\/produit\/silver-wave-brown-marble-slab","title":{"rendered":"Vague d'argent Dalle de marbre brun"},"content":{"rendered":"<div id=\"tab-description\" class=\"woocommerce-Tabs-panel woocommerce-Tabs-panel--description panel entry-content wc-tab\" role=\"tabpanel\" aria-labelledby=\"tab-title-description\">\n<div class=\"rll-youtube-player\" data-src=\"https:\/\/www.youtube.com\/embed\/8n5xlIvVoKg\" data-id=\"8n5xlIvVoKg\" data-query=\"si=Zp_WAqMmdyV_i2L0\"><img loading=\"lazy\" decoding=\"async\" class=\"alignnone  wp-image-27994\" src=\"http:\/\/stone-phoenix.com\/wp-content\/uploads\/2023\/12\/Silver-Wave-Brown-Marble-Slab-5.jpg\" alt=\"\" width=\"951\" height=\"647\" srcset=\"https:\/\/stone-phoenix.com\/wp-content\/uploads\/2023\/12\/Silver-Wave-Brown-Marble-Slab-5.jpg 697w, https:\/\/stone-phoenix.com\/wp-content\/uploads\/2023\/12\/Silver-Wave-Brown-Marble-Slab-5-300x204.jpg 300w, https:\/\/stone-phoenix.com\/wp-content\/uploads\/2023\/12\/Silver-Wave-Brown-Marble-Slab-5-18x12.jpg 18w, https:\/\/stone-phoenix.com\/wp-content\/uploads\/2023\/12\/Silver-Wave-Brown-Marble-Slab-5-600x408.jpg 600w, https:\/\/stone-phoenix.com\/wp-content\/uploads\/2023\/12\/Silver-Wave-Brown-Marble-Slab-5-150x102.jpg 150w\" sizes=\"(max-width: 951px) 100vw, 951px\" \/><\/div>\n<div class=\"group w-full text-token-text-primary border-b border-black\/10 gizmo:border-0 dark:border-gray-900\/50 gizmo:dark:border-0 bg-gray-50 gizmo:bg-transparent dark:bg-[#444654] gizmo:dark:bg-transparent\" data-testid=\"conversation-turn-3\">\n<div class=\"p-4 gizmo:py-2 justify-center text-base md:gap-6 md:py-6 m-auto\">\n<div class=\"flex flex-1 gap-4 text-base mx-auto md:gap-6 gizmo:gap-3 gizmo:md:px-5 gizmo:lg:px-1 gizmo:xl:px-5 md:max-w-2xl lg:max-w-[38rem] gizmo:md:max-w-3xl gizmo:lg:max-w-[40rem] gizmo:xl:max-w-[48rem] xl:max-w-3xl }\">\n<div class=\"relative flex w-[calc(100%-50px)] flex-col gizmo:w-full lg:w-[calc(100%-115px)] agent-turn\">\n<div class=\"flex-col gap-1 md:gap-3\">\n<div class=\"flex flex-grow flex-col gap-3 max-w-full\">\n<div class=\"min-h-[20px] flex flex-col items-start gap-3 whitespace-pre-wrap break-words overflow-x-auto\" data-message-author-role=\"assistant\" data-message-id=\"4347ecaf-8e4d-42c0-a3ac-0bd920795481\">\n<div class=\"markdown prose w-full break-words dark:prose-invert light\">\n<h3>Pr\u00e9sentation de la dalle de marbre brun Silver Wave<\/h3>\n<p>Chez phonenix power stone, nous sommes tr\u00e8s fiers de proposer des produits en pierre naturelle exquis qui transforment vos espaces de vie en \u0153uvres d'art intemporelles. Notre dalle de marbre Silver Wave Brown ne fait pas exception \u00e0 la r\u00e8gle. Cette \u00e9tonnante vari\u00e9t\u00e9 de marbre met en valeur l'art de la nature, en combinant une palette de vagues argent\u00e9es et de riches teintes brunes. Avec ses motifs de veinage uniques et son apparence \u00e9l\u00e9gante, le marbre Silver Wave Brown ajoute une touche de luxe \u00e0 tout projet d'am\u00e9nagement.<\/p>\n<h3><strong>R\u00e9v\u00e9ler la beaut\u00e9 du marbre brun Silver Wave :<\/strong><\/h3>\n<ul>\n<li><em>Veinage distinctif :<\/em> Le marbre Silver Wave Brown est r\u00e9put\u00e9 pour son veinage saisissant, qui serpente gracieusement \u00e0 travers la surface, cr\u00e9ant un effet visuel envo\u00fbtant. Les vagues argent\u00e9es s'entrelacent avec les tons bruns chauds, faisant de chaque dalle un chef-d'\u0153uvre unique. Il n'y a pas deux dalles identiques, ce qui garantit que votre projet sera unique en son genre.<\/li>\n<li><em>Esth\u00e9tique luxueuse :<\/em> Ce marbre respire le luxe et la sophistication. Les veines argent\u00e9es qui se d\u00e9tachent sur le fond brun lui conf\u00e8rent un attrait intemporel qui s'accorde aussi bien avec les styles de conception classiques que contemporains. Qu'il s'agisse d'un comptoir de cuisine haut de gamme, d'un meuble de salle de bains \u00e9l\u00e9gant ou d'une chemin\u00e9e grandiose, le marbre brun Silver Wave laissera une impression durable.<\/li>\n<li><em>Durable et r\u00e9silient :<\/em> Au-del\u00e0 de sa beaut\u00e9, le marbre brun Silver Wave est \u00e9galement tr\u00e8s durable. Il peut r\u00e9sister \u00e0 l'\u00e9preuve du temps, ce qui en fait un choix id\u00e9al pour les zones tr\u00e8s fr\u00e9quent\u00e9es. Sa r\u00e9sistance naturelle \u00e0 la chaleur et \u00e0 l'humidit\u00e9 en fait une option parfaite pour les surfaces des cuisines et des salles de bains.<\/li>\n<\/ul>\n<h3><strong>La polyvalence au service de votre vision du design :<\/strong><\/h3>\n<ul>\n<li><em>Comptoirs :<\/em> Cr\u00e9ez une cuisine originale avec des plans de travail en marbre Silver Wave Brown. La r\u00e9sistance naturelle du marbre garantit que votre cuisine sera non seulement \u00e9l\u00e9gante, mais aussi tr\u00e8s fonctionnelle.<\/li>\n<li><em>Vanit\u00e9s :<\/em> Rehaussez le design de votre salle de bain avec un meuble-lavabo en marbre brun Silver Wave. Son aspect \u00e9l\u00e9gant et sa durabilit\u00e9 en font un choix id\u00e9al pour cet espace.<\/li>\n<li><em>Rev\u00eatement de sol :<\/em> Pour un sol saisissant et intemporel, pensez au marbre brun Silver Wave. Sa surface polie refl\u00e8te magnifiquement la lumi\u00e8re, cr\u00e9ant une ambiance accueillante dans n'importe quelle pi\u00e8ce.<\/li>\n<li><em>Entourage de chemin\u00e9e :<\/em> Transformez votre salon ou votre salle de s\u00e9jour avec un habillage de chemin\u00e9e en marbre brun Silver Wave. L'aspect luxueux du marbre sera le point de mire de la pi\u00e8ce.<\/li>\n<\/ul>\n<h3><strong>Personnalisation :<\/strong><\/h3>\n<p>Chez phonenix power stone, nous comprenons que chaque projet est unique. Nous offrons des services de personnalisation, ce qui vous permet d'adapter la dalle de marbre brun Silver Wave \u00e0 vos besoins sp\u00e9cifiques. Que vous ayez besoin d'une taille, d'une finition ou d'un profil de bord particulier, nous pouvons r\u00e9pondre \u00e0 vos demandes. Nos artisans qualifi\u00e9s veilleront \u00e0 ce que la vision de votre projet devienne r\u00e9alit\u00e9.<\/p>\n<h3><strong>Assurance qualit\u00e9 :<\/strong><\/h3>\n<p>Nous prenons la qualit\u00e9 au s\u00e9rieux. Nos dalles de marbre brun Silver Wave proviennent des meilleures carri\u00e8res et sont trait\u00e9es \u00e0 l'aide d'une technologie de pointe afin de garantir une qualit\u00e9 optimale. Avant d'\u00eatre livr\u00e9e, chaque dalle est soumise \u00e0 des contr\u00f4les de qualit\u00e9 rigoureux afin de garantir que vous ne receviez que ce qu'il y a de mieux.<\/p>\n<h3><strong>Soucieux de l'environnement :<\/strong><\/h3>\n<p>phonenix power stone s'engage \u00e0 respecter des pratiques durables. Nos processus d'approvisionnement et de production respectent des normes \u00e9cologiques. Nous privil\u00e9gions la responsabilit\u00e9 environnementale sans compromettre la qualit\u00e9 des produits.<\/p>\n<h3><strong>Conclusion :<\/strong><\/h3>\n<p>Silver Wave Brown Marble Slab from phonenix La pierre de puissance est plus qu'un simple mat\u00e9riau de construction, c'est une \u0153uvre d'art issue de la nature. Avec son veinage distinctif, sa durabilit\u00e9 et son \u00e9l\u00e9gance intemporelle, c'est le choix id\u00e9al pour ajouter du luxe \u00e0 votre projet r\u00e9sidentiel ou commercial. Que vous remodeliez votre cuisine, modernisiez votre salle de bain ou am\u00e9lioriez votre espace de vie, le marbre brun Silver Wave est un choix que vous ne regretterez pas. Contactez-nous d\u00e8s aujourd'hui pour discuter des exigences de votre projet et explorer les possibilit\u00e9s de conception infinies offertes par le marbre brun Silver Wave. Laissez phonenix power stone \u00eatre votre partenaire dans la cr\u00e9ation d'espaces qui incarnent la sophistication et le style.<\/p>\n<\/div>\n<\/div>\n<\/div>\n<div class=\"flex justify-between empty:hidden gizmo:justify-start gizmo:gap-3 lg:block gizmo:lg:flex\">\n<div class=\"text-gray-400 flex self-end lg:self-center justify-center gizmo:lg:justify-start mt-2 gizmo:mt-0 visible lg:gap-1 lg:absolute lg:top-0 lg:translate-x-full lg:right-0 lg:mt-0 lg:pl-2 gap-2 md:gap-3\">\n<div class=\"flex gap-1\"><\/div>\n<\/div>\n<\/div>\n<\/div>\n<\/div>\n<\/div>\n<\/div>\n<\/div>\n<\/div>","protected":false},"excerpt":{"rendered":"<p>Introducing Silver Wave Brown Marble Slab At phonenix power stone, we take immense pride in offering exquisite natural stone products<\/p>","protected":false},"featured_media":27990,"template":"","meta":[],"product_cat":[113],"product_tag":[],"_links":{"self":[{"href":"https:\/\/stone-phoenix.com\/fr\/wp-json\/wp\/v2\/product\/19986"}],"collection":[{"href":"https:\/\/stone-phoenix.com\/fr\/wp-json\/wp\/v2\/product"}],"about":[{"href":"https:\/\/stone-phoenix.com\/fr\/wp-json\/wp\/v2\/types\/product"}],"wp:featuredmedia":[{"embeddable":true,"href":"https:\/\/stone-phoenix.com\/fr\/wp-json\/wp\/v2\/media\/27990"}],"wp:attachment":[{"href":"https:\/\/stone-phoenix.com\/fr\/wp-json\/wp\/v2\/media?parent=19986"}],"wp:term":[{"taxonomy":"product_cat","embeddable":true,"href":"https:\/\/stone-phoenix.com\/fr\/wp-json\/wp\/v2\/product_cat?post=19986"},{"taxonomy":"product_tag","embeddable":true,"href":"https:\/\/stone-phoenix.com\/fr\/wp-json\/wp\/v2\/product_tag?post=19986"}],"curies":[{"name":"wp","href":"https:\/\/api.w.org\/{rel}","templated":true}]}}