{"id":19988,"date":"2023-12-15T11:47:36","date_gmt":"2023-12-15T03:47:36","guid":{"rendered":"http:\/\/stone-phoenix.com\/product\/silver-wave-marble-slab"},"modified":"2024-04-14T12:06:57","modified_gmt":"2024-04-14T04:06:57","slug":"silver-wave-marble-slab","status":"publish","type":"product","link":"https:\/\/stone-phoenix.com\/fr\/produit\/silver-wave-marble-slab","title":{"rendered":"Plaque de marbre Silver Wave"},"content":{"rendered":"<div id=\"tab-description\" class=\"woocommerce-Tabs-panel woocommerce-Tabs-panel--description panel entry-content wc-tab\" role=\"tabpanel\" aria-labelledby=\"tab-title-description\">\n<div class=\"rll-youtube-player\" data-src=\"https:\/\/www.youtube.com\/embed\/TLYV01zqDio\" data-id=\"TLYV01zqDio\" data-query=\"si=eAs4GJe3pLrTHdf2\"><\/div>\n<h3><strong><img loading=\"lazy\" decoding=\"async\" class=\"alignnone  wp-image-27995\" src=\"http:\/\/stone-phoenix.com\/wp-content\/uploads\/2023\/12\/Silver-Wave-Marble-Slab-9.jpg\" alt=\"\" width=\"943\" height=\"1175\" srcset=\"https:\/\/stone-phoenix.com\/wp-content\/uploads\/2023\/12\/Silver-Wave-Marble-Slab-9.jpg 699w, https:\/\/stone-phoenix.com\/wp-content\/uploads\/2023\/12\/Silver-Wave-Marble-Slab-9-241x300.jpg 241w, https:\/\/stone-phoenix.com\/wp-content\/uploads\/2023\/12\/Silver-Wave-Marble-Slab-9-10x12.jpg 10w, https:\/\/stone-phoenix.com\/wp-content\/uploads\/2023\/12\/Silver-Wave-Marble-Slab-9-600x748.jpg 600w, https:\/\/stone-phoenix.com\/wp-content\/uploads\/2023\/12\/Silver-Wave-Marble-Slab-9-150x187.jpg 150w\" sizes=\"(max-width: 943px) 100vw, 943px\" \/><\/strong><\/h3>\n<h3><strong>D\u00e9couvrez l'\u00e9l\u00e9gance avec la dalle de marbre Silver Wave<\/strong><\/h3>\n<p>Chez phonenix power stone, nous sommes fiers de vous offrir la meilleure s\u00e9lection de produits en pierre naturelle, et notre plaque de marbre Silver Wave ne fait pas exception. Si vous cherchez \u00e0 ajouter une touche d'\u00e9l\u00e9gance intemporelle et de luxe \u00e0 votre espace int\u00e9rieur, la dalle de marbre Silver Wave est le choix id\u00e9al.<\/p>\n<h3><strong>R\u00e9v\u00e9ler la beaut\u00e9 du marbre Silver Wave<\/strong><\/h3>\n<p>Le marbre Silver Wave est r\u00e9put\u00e9 pour son aspect saisissant, caract\u00e9ris\u00e9 par des motifs de veinage uniques et un m\u00e9lange \u00e9tonnant de tons argent\u00e9s, gris et blancs. Cette pierre naturelle exquise transforme instantan\u00e9ment tout espace en \u0153uvre d'art. Que vous planifiez une r\u00e9novation r\u00e9sidentielle, un projet commercial ou que vous souhaitiez simplement am\u00e9liorer vos comptoirs de cuisine, la dalle de marbre Silver Wave ne manquera pas d'impressionner.<\/p>\n<h3><strong>Polyvalent et durable<\/strong><\/h3>\n<p>L'une des principales caract\u00e9ristiques du marbre Silver Wave est sa polyvalence. Cette dalle de marbre est un excellent choix pour une large gamme d'applications, y compris :<\/p>\n<ol>\n<li><strong>Comptoirs de cuisine<\/strong>: Cr\u00e9ez un environnement culinaire luxueux avec les plans de travail en marbre Silver Wave qui ajoutent une touche de sophistication \u00e0 votre cuisine.<\/li>\n<li><strong>Vanit\u00e9s de salle de bains<\/strong>: Rehaussez l'esth\u00e9tique de votre salle de bain avec les meubles-lavabos en marbre Silver Wave qui exsudent l'opulence et la classe.<\/li>\n<li><strong>Rev\u00eatements de sol<\/strong>: Apportez la beaut\u00e9 intemporelle du marbre Silver Wave \u00e0 vos sols, pour laisser une impression durable \u00e0 tous ceux qui y p\u00e9n\u00e8trent.<\/li>\n<li><strong>Rev\u00eatement mural<\/strong>: Accentuez vos murs avec les motifs uniques du marbre Silver Wave, en les transformant en un chef-d'\u0153uvre visuel.<\/li>\n<li><strong>Entourages de chemin\u00e9e<\/strong>: Faites de votre chemin\u00e9e un point de mire gr\u00e2ce \u00e0 l'\u00e9l\u00e9gance distinctive du marbre Silver Wave.<\/li>\n<li><strong>Projets sur mesure<\/strong>: Pour les architectes et les designers, le marbre Silver Wave offre des possibilit\u00e9s de conception infinies, ce qui permet \u00e0 vos projets de se d\u00e9marquer.<\/li>\n<\/ol>\n<p>Le marbre Silver Wave n'est pas seulement beau, il est aussi tr\u00e8s durable, ce qui le rend adapt\u00e9 aux espaces r\u00e9sidentiels et commerciaux. Avec un entretien ad\u00e9quat, cette dalle de marbre conservera son aspect \u00e9blouissant pendant des g\u00e9n\u00e9rations.<\/p>\n<h3><strong>Pourquoi choisir le marbre Silver Wave de phonenix power stone ?<\/strong><\/h3>\n<p>En choisissant la dalle de marbre Silver Wave de phonenix power stone, vous investissez non seulement dans un produit de qualit\u00e9 sup\u00e9rieure, mais vous b\u00e9n\u00e9ficiez \u00e9galement de nombreux avantages :<\/p>\n<ol>\n<li><strong>Grand choix<\/strong>: Nous proposons une large gamme de dalles de marbre Silver Wave pour r\u00e9pondre \u00e0 vos pr\u00e9f\u00e9rences en mati\u00e8re de design et aux exigences de votre projet. Des veines subtiles aux motifs plus prononc\u00e9s, vous trouverez la dalle parfaite pour vos besoins.<\/li>\n<li><strong>Assurance qualit\u00e9<\/strong>: Chez phonenix power stone, nous nous engageons \u00e0 fournir des produits de la plus haute qualit\u00e9. Notre marbre Silver Wave provient de carri\u00e8res de confiance, ce qui garantit que chaque dalle r\u00e9pond \u00e0 des normes de qualit\u00e9 strictes.<\/li>\n<li><strong>Personnalisation<\/strong>: Nous savons que chaque projet est unique. Notre \u00e9quipe est pr\u00eate \u00e0 travailler en \u00e9troite collaboration avec vous pour vous fournir des dalles de marbre Silver Wave personnalis\u00e9es, adapt\u00e9es \u00e0 vos sp\u00e9cifications.<\/li>\n<li><strong>Prix comp\u00e9titifs<\/strong>: Nous pensons que le luxe doit \u00eatre accessible. Nos prix comp\u00e9titifs vous permettent de profiter de la beaut\u00e9 du marbre Silver Wave sans vous ruiner.<\/li>\n<li><strong>Exp\u00e9dition mondiale<\/strong>: phonenix power stone est fier de servir des clients dans le monde entier. Quelle que soit la localisation de votre projet, nous pouvons organiser un transport s\u00fbr et efficace jusqu'\u00e0 votre destination.<\/li>\n<\/ol>\n<h3><strong>Am\u00e9liorez votre espace avec le marbre Silver Wave<\/strong><\/h3>\n<p>La dalle de marbre Silver Wave est plus qu'un simple mat\u00e9riau de construction, c'est une \u0153uvre d'art qui apporte une touche de sophistication et d'\u00e9l\u00e9gance \u00e0 n'importe quel espace. Qu'il s'agisse d'une cuisine contemporaine, d'une salle de bains classique ou d'un salon moderne, le marbre Silver Wave ajoute un charme intemporel qui ne se d\u00e9mode jamais.<\/p>\n<h3><strong>Entretien et maintenance<\/strong><\/h3>\n<p>Pour que votre dalle de marbre Silver Wave conserve tout son \u00e9clat, voici quelques conseils d'entretien et de maintenance :<\/p>\n<ol>\n<li><strong>Scellement<\/strong>: Nous recommandons de sceller r\u00e9guli\u00e8rement votre marbre Silver Wave pour le prot\u00e9ger des taches et des gravures. Notre \u00e9quipe peut vous fournir le produit d'\u00e9tanch\u00e9it\u00e9 adapt\u00e9 \u00e0 votre dalle.<\/li>\n<li><strong>Nettoyage<\/strong>: Utilisez un nettoyant doux au pH \u00e9quilibr\u00e9 et un chiffon doux pour nettoyer vos surfaces en marbre. \u00c9vitez les nettoyants abrasifs ou acides qui peuvent endommager la pierre.<\/li>\n<li><strong>\u00c9viter la chaleur<\/strong>: Bien que le marbre Silver Wave soit r\u00e9sistant \u00e0 la chaleur, il est conseill\u00e9 d'utiliser des dessous-de-plat ou des tampons chauffants sous les ustensiles de cuisine chauds afin d'\u00e9viter tout dommage potentiel.<\/li>\n<li><strong>Essuyer rapidement les liquides renvers\u00e9s<\/strong>: Le marbre est susceptible d'\u00eatre tach\u00e9 par des substances acides comme le vin, les agrumes et le caf\u00e9. Veillez \u00e0 essuyer les taches d\u00e8s qu'elles se produisent.<\/li>\n<\/ol>\n<p>Avec un entretien ad\u00e9quat, votre dalle de marbre Silver Wave continuera \u00e0 montrer sa beaut\u00e9 pendant des ann\u00e9es.<\/p>\n<h3><strong>Transformez votre espace d\u00e8s aujourd'hui<\/strong><\/h3>\n<p>Pr\u00eat \u00e0 impr\u00e9gner votre espace de la beaut\u00e9 intemporelle du marbre Silver Wave ? Contactez phonenix power stone, votre fournisseur de granit et de marbre de confiance en Chine, et d\u00e9couvrez les magnifiques dalles de marbre Silver Wave que nous proposons. Que vous soyez propri\u00e9taire, designer ou architecte, nous sommes l\u00e0 pour vous aider \u00e0 r\u00e9aliser vos r\u00eaves de design. Rehaussez votre espace avec l'\u00e9l\u00e9gance du marbre Silver Wave - un choix qui laissera une impression durable.<\/p>\n<\/div>","protected":false},"excerpt":{"rendered":"<p>Discover Elegance with Silver Wave Marble Slab At phonenix power stone, we take pride in offering you the finest selection<\/p>","protected":false},"featured_media":27984,"template":"","meta":[],"product_cat":[113],"product_tag":[],"_links":{"self":[{"href":"https:\/\/stone-phoenix.com\/fr\/wp-json\/wp\/v2\/product\/19988"}],"collection":[{"href":"https:\/\/stone-phoenix.com\/fr\/wp-json\/wp\/v2\/product"}],"about":[{"href":"https:\/\/stone-phoenix.com\/fr\/wp-json\/wp\/v2\/types\/product"}],"wp:featuredmedia":[{"embeddable":true,"href":"https:\/\/stone-phoenix.com\/fr\/wp-json\/wp\/v2\/media\/27984"}],"wp:attachment":[{"href":"https:\/\/stone-phoenix.com\/fr\/wp-json\/wp\/v2\/media?parent=19988"}],"wp:term":[{"taxonomy":"product_cat","embeddable":true,"href":"https:\/\/stone-phoenix.com\/fr\/wp-json\/wp\/v2\/product_cat?post=19988"},{"taxonomy":"product_tag","embeddable":true,"href":"https:\/\/stone-phoenix.com\/fr\/wp-json\/wp\/v2\/product_tag?post=19988"}],"curies":[{"name":"wp","href":"https:\/\/api.w.org\/{rel}","templated":true}]}}