{"id":19990,"date":"2023-12-15T11:47:41","date_gmt":"2023-12-15T03:47:41","guid":{"rendered":"http:\/\/stone-phoenix.com\/product\/small-panda-white-marble-slab"},"modified":"2024-04-14T11:27:35","modified_gmt":"2024-04-14T03:27:35","slug":"small-panda-white-marble-slab","status":"publish","type":"product","link":"https:\/\/stone-phoenix.com\/fr\/produit\/small-panda-white-marble-slab","title":{"rendered":"Plaque de marbre blanc petit panda"},"content":{"rendered":"<div id=\"tab-description\" class=\"woocommerce-Tabs-panel woocommerce-Tabs-panel--description panel entry-content wc-tab\" role=\"tabpanel\" aria-labelledby=\"tab-title-description\">\n<h3><strong>\u00c9levez votre espace avec la petite plaque de marbre blanc Panda<\/strong><\/h3>\n<p>Lorsqu'il s'agit d'ajouter une \u00e9l\u00e9gance et une sophistication intemporelles \u00e0 votre d\u00e9coration int\u00e9rieure, la dalle de marbre blanc petit panda est un choix exceptionnel. Chez phonenix power stone, nous sommes fiers d'offrir des dalles de marbre blanc Small Panda de la plus haute qualit\u00e9, m\u00e9ticuleusement trait\u00e9es pour r\u00e9pondre \u00e0 vos sp\u00e9cifications exactes. Cette pierre naturelle exquise est un hommage \u00e0 l'art de la nature, pr\u00e9sentant une combinaison \u00e9tonnante de veines blanches et grises, garantissant une finition intemporelle et luxueuse pour vos projets.<\/p>\n<h3><strong>Plaque de marbre blanc Small Panda Sp\u00e9cifications<\/strong><\/h3>\n<p>Nos petites dalles de marbre blanc Panda sont disponibles en diff\u00e9rentes tailles, ce qui vous permet de personnaliser vos projets avec pr\u00e9cision. Que vous ayez besoin d'une dalle de taille standard ou de dimensions personnalis\u00e9es, nous pouvons r\u00e9pondre \u00e0 vos besoins. Les veines naturelles de la dalle de marbre blanc Small Panda font qu'il n'y a pas deux pi\u00e8ces identiques, ce qui fait de chaque installation une \u0153uvre d'art unique.<\/p>\n<h3><strong>Petite plaque de marbre blanc Panda Applications<\/strong><\/h3>\n<p>Les dalles de marbre blanc Small Panda constituent un choix polyvalent pour un grand nombre d'applications. Voici quelques-unes des fa\u00e7ons dont vous pouvez int\u00e9grer ce marbre exquis dans votre espace :<\/p>\n<ol>\n<li><strong>Comptoirs de cuisine<\/strong>: Transformez votre cuisine en un chef-d'\u0153uvre culinaire avec les plans de travail en marbre blanc Small Panda. La beaut\u00e9 naturelle et la durabilit\u00e9 de ce marbre en font un choix id\u00e9al pour le c\u0153ur de votre maison.<\/li>\n<li><strong>Vanit\u00e9s de salle de bains<\/strong>: Cr\u00e9ez une atmosph\u00e8re de spa dans votre salle de bain en utilisant le marbre blanc Small Panda pour vos plans de travail. La palette de couleurs douces et les veines uniques ajoutent une touche de luxe \u00e0 votre quotidien.<\/li>\n<li><strong>Rev\u00eatements de sol<\/strong>: Am\u00e9liorez l'attrait esth\u00e9tique de votre espace de vie avec le rev\u00eatement de sol en marbre blanc Small Panda. Sa surface lisse et ses teintes subtiles conf\u00e8rent un sentiment d'\u00e9l\u00e9gance et d'ouverture \u00e0 n'importe quelle pi\u00e8ce.<\/li>\n<li><strong>Rev\u00eatement mural<\/strong>: Am\u00e9liorez l'ambiance de votre salon ou de votre mur d'accent en utilisant les dalles de marbre blanc Small Panda comme rev\u00eatement mural. Les motifs et les couleurs frappants laisseront \u00e0 coup s\u00fbr une impression durable.<\/li>\n<li><strong>Entourages de chemin\u00e9e<\/strong>: Ajoutez une touche de sophistication \u00e0 votre salon avec une chemin\u00e9e en marbre blanc Small Panda. Il devient le point central de la pi\u00e8ce, d\u00e9gageant chaleur et luxe.<\/li>\n<\/ol>\n<h3><strong>Petit panda en marbre blanc Caract\u00e9ristiques<\/strong><\/h3>\n<ul>\n<li><strong>Veinage unique<\/strong>: Le veinage pro\u00e9minent de la dalle de marbre blanc Small Panda ajoute du caract\u00e8re et de l'individualit\u00e9 \u00e0 chaque pi\u00e8ce, ce qui permet \u00e0 votre projet de se d\u00e9marquer.<\/li>\n<li><strong>Durabilit\u00e9<\/strong>: Le marbre blanc Small Panda n'est pas seulement esth\u00e9tique, il est aussi tr\u00e8s durable, ce qui en fait un excellent investissement \u00e0 long terme pour votre maison ou votre espace commercial.<\/li>\n<li><strong>Entretien facile<\/strong>: Ce marbre est relativement facile \u00e0 nettoyer et \u00e0 entretenir, ce qui en fait un choix pratique pour les zones tr\u00e8s fr\u00e9quent\u00e9es.<\/li>\n<li><strong>L'\u00e9l\u00e9gance intemporelle<\/strong>: La beaut\u00e9 intemporelle du marbre blanc Small Panda lui permet de rester en vogue pendant des ann\u00e9es et de pr\u00e9server le charme de votre espace.<\/li>\n<\/ul>\n<h3><strong>Pourquoi choisir phonenix power stone ?<\/strong><\/h3>\n<p>Chez phonenix power stone, nous nous engageons \u00e0 fournir \u00e0 nos clients des produits en marbre de qualit\u00e9 sup\u00e9rieure. Nos dalles de marbre blanc Small Panda proviennent des meilleures carri\u00e8res et nos artisans qualifi\u00e9s les travaillent avec pr\u00e9cision. En nous choisissant, vous pouvez vous attendre \u00e0<\/p>\n<ul>\n<li><strong>Personnalisation<\/strong>: Nous savons que chaque projet est unique. C'est pourquoi nous proposons des dalles de marbre blanc Panda de petite taille personnalis\u00e9es pour r\u00e9pondre \u00e0 vos besoins exacts.<\/li>\n<li><strong>Conseils d'experts<\/strong>: Notre \u00e9quipe d'experts est toujours pr\u00eate \u00e0 vous aider dans la s\u00e9lection des produits, les id\u00e9es de conception et les conseils techniques.<\/li>\n<li><strong>Assurance qualit\u00e9<\/strong>: Nous appliquons des normes strictes de contr\u00f4le de la qualit\u00e9 afin de garantir que chaque plaque de marbre blanc Small Panda r\u00e9ponde \u00e0 nos crit\u00e8res de qualit\u00e9.<\/li>\n<li><strong>Prix comp\u00e9titifs<\/strong>: Nous proposons des prix comp\u00e9titifs sans compromettre la qualit\u00e9 de nos produits.<\/li>\n<\/ul>\n<h3><strong>Conclusion<\/strong><\/h3>\n<p>Les dalles de marbre blanc Small Panda de phonenix power stone sont l'incarnation du luxe et de l'\u00e9l\u00e9gance. Avec leur veinage distinctif, leur durabilit\u00e9 et leur attrait intemporel, elles constituent un choix parfait pour une grande vari\u00e9t\u00e9 d'applications. Transformez votre espace avec la beaut\u00e9 intemporelle des dalles de marbre blanc Small Panda et faites une d\u00e9claration qui durera pendant des g\u00e9n\u00e9rations. Pour toute demande de renseignements ou pour passer une commande, contactez-nous \u00e0 phonenix power stone. D\u00e9couvrez l'attrait des dalles de marbre blanc Small Panda et \u00e9levez votre espace \u00e0 de nouveaux sommets.<\/p>\n<\/div>","protected":false},"excerpt":{"rendered":"<p>Elevate Your Space with Small Panda White Marble Slab When it comes to adding timeless elegance and sophistication to your<\/p>","protected":false},"featured_media":27975,"template":"","meta":[],"product_cat":[113],"product_tag":[],"_links":{"self":[{"href":"https:\/\/stone-phoenix.com\/fr\/wp-json\/wp\/v2\/product\/19990"}],"collection":[{"href":"https:\/\/stone-phoenix.com\/fr\/wp-json\/wp\/v2\/product"}],"about":[{"href":"https:\/\/stone-phoenix.com\/fr\/wp-json\/wp\/v2\/types\/product"}],"wp:featuredmedia":[{"embeddable":true,"href":"https:\/\/stone-phoenix.com\/fr\/wp-json\/wp\/v2\/media\/27975"}],"wp:attachment":[{"href":"https:\/\/stone-phoenix.com\/fr\/wp-json\/wp\/v2\/media?parent=19990"}],"wp:term":[{"taxonomy":"product_cat","embeddable":true,"href":"https:\/\/stone-phoenix.com\/fr\/wp-json\/wp\/v2\/product_cat?post=19990"},{"taxonomy":"product_tag","embeddable":true,"href":"https:\/\/stone-phoenix.com\/fr\/wp-json\/wp\/v2\/product_tag?post=19990"}],"curies":[{"name":"wp","href":"https:\/\/api.w.org\/{rel}","templated":true}]}}